{"id":992405,"date":"2021-06-10T13:26:43","date_gmt":"2021-06-10T11:26:43","guid":{"rendered":"https:\/\/carelabdivas.com\/sk\/my-account\/"},"modified":"2025-05-07T09:48:40","modified_gmt":"2025-05-07T07:48:40","slug":"my-account","status":"publish","type":"page","link":"https:\/\/carelabdivas.com\/sk\/de\/my-account\/","title":{"rendered":"My Account"},"content":{"rendered":"\t\t<div data-elementor-type=\"wp-page\" data-elementor-id=\"992405\" class=\"elementor elementor-992405 elementor-14\" data-elementor-post-type=\"page\">\n\t\t\t\t<div class=\"elementor-element elementor-element-fb35db3 e-flex e-con-boxed e-con e-parent\" data-id=\"fb35db3\" data-element_type=\"container\">\n\t\t\t\t\t<div class=\"e-con-inner\">\n\t\t\t\t<div class=\"elementor-element elementor-element-c561a73 e-my-account-tabs-horizontal elementor-widget elementor-widget-woocommerce-my-account\" data-id=\"c561a73\" data-element_type=\"widget\" data-widget_type=\"woocommerce-my-account.default\">\n\t\t\t\t<div class=\"elementor-widget-container\">\n\t\t\t<div class=\"e-my-account-tab e-my-account-tab__ \">\t\t\t<div class=\"woocommerce\"><div class=\"woocommerce-notices-wrapper\"><\/div>\n\n<div class=\"u-columns col2-set\" id=\"customer_login\">\n\n\t<div class=\"u-column1 col-1\">\n\n\n\t\t<h2>Anmelden<\/h2>\n\n\t\t<form class=\"woocommerce-form woocommerce-form-login login\" method=\"post\">\n\n\t\t\t\n\t\t\t<p class=\"woocommerce-form-row woocommerce-form-row--wide form-row form-row-wide\">\n\t\t\t\t<label for=\"username\">Benutzername oder E-Mail-Adresse&nbsp;<span class=\"required\">*<\/span><\/label>\n\t\t\t\t<input type=\"text\" class=\"woocommerce-Input woocommerce-Input--text input-text\" name=\"username\" id=\"username\" autocomplete=\"username\" value=\"\" \/>\t\t\t<\/p>\n\t\t\t<p class=\"woocommerce-form-row woocommerce-form-row--wide form-row form-row-wide\">\n\t\t\t\t<label for=\"password\">Passwort&nbsp;<span class=\"required\">*<\/span><\/label>\n\t\t\t\t<input class=\"woocommerce-Input woocommerce-Input--text input-text\" type=\"password\" name=\"password\" id=\"password\" autocomplete=\"current-password\" \/>\n\t\t\t<\/p>\n\n\t\t\t\n\t\t\t<p class=\"form-row\">\n\t\t\t\t<label class=\"woocommerce-form__label woocommerce-form__label-for-checkbox woocommerce-form-login__rememberme\">\n\t\t\t\t\t<input class=\"woocommerce-form__input woocommerce-form__input-checkbox\" name=\"rememberme\" type=\"checkbox\" id=\"rememberme\" value=\"forever\" \/> <span>Angemeldet bleiben<\/span>\n\t\t\t\t<\/label>\n\t\t\t\t<input type=\"hidden\" id=\"woocommerce-login-nonce\" name=\"woocommerce-login-nonce\" value=\"e1714afbf3\" \/><input type=\"hidden\" name=\"_wp_http_referer\" value=\"\/sk\/de\/wp-json\/wp\/v2\/pages\/992405\" \/>\t\t\t\t<button type=\"submit\" class=\"woocommerce-button button woocommerce-form-login__submit\" name=\"login\" value=\"Anmelden\">Anmelden<\/button>\n\t\t\t<\/p>\n\t\t\t<p class=\"woocommerce-LostPassword lost_password\">\n\t\t\t\t<a href=\"https:\/\/carelabdivas.com\/sk\/de\/my-account\/zabudnute-heslo\/\">Passwort vergessen?<\/a>\n\t\t\t<\/p>\n\n\t\t\t\n\t\t<\/form>\n\n\n\t<\/div>\n\n\t<div class=\"u-column2 col-2\">\n\n\t\t<h2>Registrieren<\/h2>\n\n\t\t<form method=\"post\" class=\"woocommerce-form woocommerce-form-register register\"  >\n\n\t\t\t\n\t\t\t\n\t\t\t<p class=\"woocommerce-form-row woocommerce-form-row--wide form-row form-row-wide\">\n\t\t\t\t<label for=\"reg_email\">E-Mail-Adresse&nbsp;<span class=\"required\">*<\/span><\/label>\n\t\t\t\t<input type=\"email\" class=\"woocommerce-Input woocommerce-Input--text input-text\" name=\"email\" id=\"reg_email\" autocomplete=\"email\" value=\"\" \/>\t\t\t<\/p>\n\n\t\t\t\n\t\t\t\t<p>Ein Link zum Erstellen eines neuen Passwort wird an deine E-Mail-Adresse gesendet.<\/p>\n\n\t\t\t\n\t\t\t<wc-order-attribution-inputs><\/wc-order-attribution-inputs><div class=\"woocommerce-privacy-policy-text\"><p>Va\u0161e osobn\u00e9 \u00fadaje bud\u00fa pou\u017eit\u00e9 na podporu v\u00e1\u0161ho z\u00e1\u017eitku na tejto webovej lokalite, na spravovanie pr\u00ed\u00adstupu k v\u00e1\u0161mu \u00fa\u010dtu a na in\u00e9 \u00fa\u010dely op\u00ed\u00adsan\u00e9 v na\u0161ich <a href=\"https:\/\/carelabdivas.com\/sk\/ochrana-sukromia\/\" class=\"woocommerce-privacy-policy-link\" target=\"_blank\">Datenschutzerkl\u00e4rung<\/a>.<\/p>\n<\/div>\n\t\t\t<p class=\"woocommerce-form-row form-row\">\n\t\t\t\t<input type=\"hidden\" id=\"woocommerce-register-nonce\" name=\"woocommerce-register-nonce\" value=\"faf1e68395\" \/><input type=\"hidden\" name=\"_wp_http_referer\" value=\"\/sk\/de\/wp-json\/wp\/v2\/pages\/992405\" \/>\t\t\t\t<button type=\"submit\" class=\"woocommerce-Button woocommerce-button button woocommerce-form-register__submit\" name=\"register\" value=\"Registrieren\">Registrieren<\/button>\n\t\t\t<\/p>\n\n\t\t\t\n\t\t<\/form>\n\n\t<\/div>\n\n<\/div>\n\n<\/div>\t\t<\/div>\n\t\t\t\t<\/div>\n\t\t\t\t<\/div>\n\t\t\t\t\t<\/div>\n\t\t\t\t<\/div>\n\t\t\t\t<\/div>\n\t\t","protected":false},"excerpt":{"rendered":"<p>Anmelden Benutzername oder E-Mail-Adresse&nbsp;* Passwort&nbsp;* Angemeldet bleiben Anmelden Passwort vergessen? Registrieren E-Mail-Adresse&nbsp;* Ein Link zum Erstellen eines neuen Passwort wird an deine E-Mail-Adresse gesendet. Va\u0161e osobn\u00e9 \u00fadaje bud\u00fa pou\u017eit\u00e9 na podporu v\u00e1\u0161ho z\u00e1\u017eitku na tejto webovej lokalite, na spravovanie pr\u00ed\u00adstupu k v\u00e1\u0161mu \u00fa\u010dtu a na in\u00e9 \u00fa\u010dely op\u00ed\u00adsan\u00e9 v na\u0161ich Datenschutzerkl\u00e4rung. Registrieren N\u00e1stenka Objedn\u00e1vky Na [&hellip;]<\/p>\n","protected":false},"author":1,"featured_media":0,"parent":0,"menu_order":0,"comment_status":"closed","ping_status":"closed","template":"","meta":{"_acf_changed":false,"_seopress_robots_primary_cat":"","_seopress_titles_title":"","_seopress_titles_desc":"","_seopress_robots_index":"","footnotes":""},"class_list":["post-992405","page","type-page","status-publish","hentry"],"acf":[],"_links":{"self":[{"href":"https:\/\/carelabdivas.com\/sk\/de\/wp-json\/wp\/v2\/pages\/992405"}],"collection":[{"href":"https:\/\/carelabdivas.com\/sk\/de\/wp-json\/wp\/v2\/pages"}],"about":[{"href":"https:\/\/carelabdivas.com\/sk\/de\/wp-json\/wp\/v2\/types\/page"}],"author":[{"embeddable":true,"href":"https:\/\/carelabdivas.com\/sk\/de\/wp-json\/wp\/v2\/users\/1"}],"replies":[{"embeddable":true,"href":"https:\/\/carelabdivas.com\/sk\/de\/wp-json\/wp\/v2\/comments?post=992405"}],"version-history":[{"count":0,"href":"https:\/\/carelabdivas.com\/sk\/de\/wp-json\/wp\/v2\/pages\/992405\/revisions"}],"wp:attachment":[{"href":"https:\/\/carelabdivas.com\/sk\/de\/wp-json\/wp\/v2\/media?parent=992405"}],"curies":[{"name":"wp","href":"https:\/\/api.w.org\/{rel}","templated":true}]}}