{"id":992412,"date":"2023-05-19T13:24:45","date_gmt":"2023-05-19T11:24:45","guid":{"rendered":"https:\/\/carelabdivas.com\/sk\/immunitaet\/"},"modified":"2025-05-08T08:05:13","modified_gmt":"2025-05-08T06:05:13","slug":"immunitaet","status":"publish","type":"page","link":"https:\/\/carelabdivas.com\/sk\/de\/immunitaet\/","title":{"rendered":"Immunit\u00e4t"},"content":{"rendered":"\t\t<div data-elementor-type=\"wp-page\" data-elementor-id=\"992412\" class=\"elementor elementor-992412 elementor-988197\" data-elementor-post-type=\"page\">\n\t\t\t\t<div class=\"elementor-element elementor-element-e1c47d1 e-flex e-con-boxed e-con e-parent\" data-id=\"e1c47d1\" data-element_type=\"container\">\n\t\t\t\t\t<div class=\"e-con-inner\">\n\t\t<div class=\"elementor-element elementor-element-6d9b05e e-flex e-con-boxed e-con e-parent\" data-id=\"6d9b05e\" data-element_type=\"container\" data-settings=\"{&quot;background_background&quot;:&quot;classic&quot;}\">\n\t\t\t\t\t<div class=\"e-con-inner\">\n\t\t<div class=\"elementor-element elementor-element-8c26420 e-con-full e-flex e-con e-parent\" data-id=\"8c26420\" data-element_type=\"container\" data-settings=\"{&quot;motion_fx_motion_fx_scrolling&quot;:&quot;yes&quot;,&quot;motion_fx_translateY_effect&quot;:&quot;yes&quot;,&quot;motion_fx_translateY_speed&quot;:{&quot;unit&quot;:&quot;px&quot;,&quot;size&quot;:2,&quot;sizes&quot;:[]},&quot;motion_fx_translateY_affectedRange&quot;:{&quot;unit&quot;:&quot;%&quot;,&quot;size&quot;:&quot;&quot;,&quot;sizes&quot;:{&quot;start&quot;:0,&quot;end&quot;:100}},&quot;motion_fx_devices&quot;:[&quot;desktop&quot;,&quot;tablet&quot;,&quot;mobile&quot;]}\">\n\t\t\t\t<div class=\"elementor-element elementor-element-abfae49 animated-fast elementor-invisible elementor-widget elementor-widget-heading\" data-id=\"abfae49\" data-element_type=\"widget\" data-settings=\"{&quot;_animation&quot;:&quot;fadeInDown&quot;,&quot;_animation_delay&quot;:100}\" data-widget_type=\"heading.default\">\n\t\t\t\t<div class=\"elementor-widget-container\">\n\t\t\t<h1 class=\"elementor-heading-title elementor-size-default\">Machen Sie sich auf den Weg zu Ihrem<\/h1>\t\t<\/div>\n\t\t\t\t<\/div>\n\t\t\t\t<div class=\"elementor-element elementor-element-7843d2b animated-fast elementor-invisible elementor-widget elementor-widget-heading\" data-id=\"7843d2b\" data-element_type=\"widget\" data-settings=\"{&quot;_animation&quot;:&quot;fadeIn&quot;,&quot;_animation_delay&quot;:1100}\" data-widget_type=\"heading.default\">\n\t\t\t\t<div class=\"elementor-widget-container\">\n\t\t\t<h1 class=\"elementor-heading-title elementor-size-default\">zu einem ges\u00fcnderen Selbst. Unterst\u00fctzen Sie<\/h1>\t\t<\/div>\n\t\t\t\t<\/div>\n\t\t\t\t<div class=\"elementor-element elementor-element-1becab9 animated-fast elementor-invisible elementor-widget elementor-widget-heading\" data-id=\"1becab9\" data-element_type=\"widget\" data-settings=\"{&quot;_animation&quot;:&quot;fadeInUp&quot;,&quot;_animation_delay&quot;:600}\" data-widget_type=\"heading.default\">\n\t\t\t\t<div class=\"elementor-widget-container\">\n\t\t\t<h1 class=\"elementor-heading-title elementor-size-default\">Immunit\u00e4t auf gesunde und schmackhafte Weise<\/h1>\t\t<\/div>\n\t\t\t\t<\/div>\n\t\t\t\t<div class=\"elementor-element elementor-element-b7afb1a elementor-align-justify elementor-widget__width-initial elementor-mobile-align-left elementor-widget-mobile__width-initial elementor-widget-tablet__width-initial elementor-invisible elementor-widget elementor-widget-global elementor-global-992506 elementor-global-988046 elementor-widget-button\" data-id=\"b7afb1a\" data-element_type=\"widget\" data-settings=\"{&quot;_animation&quot;:&quot;fadeIn&quot;,&quot;_animation_delay&quot;:350}\" data-widget_type=\"button.default\">\n\t\t\t\t<div class=\"elementor-widget-container\">\n\t\t\t\t\t<div class=\"elementor-button-wrapper\">\n\t\t\t<a class=\"elementor-button elementor-button-link elementor-size-sm\" href=\"\/sk\/produkty\">\n\t\t\t\t\t\t<span class=\"elementor-button-content-wrapper\">\n\t\t\t\t\t\t\t\t\t<span class=\"elementor-button-text\">Alle Produkte<\/span>\n\t\t\t\t\t<\/span>\n\t\t\t\t\t<\/a>\n\t\t<\/div>\n\t\t\t\t<\/div>\n\t\t\t\t<\/div>\n\t\t\t\t<\/div>\n\t\t<div class=\"elementor-element elementor-element-a7fa3a1 e-flex e-con-boxed e-con e-parent\" data-id=\"a7fa3a1\" data-element_type=\"container\">\n\t\t\t\t\t<div class=\"e-con-inner\">\n\t\t\t\t<div class=\"elementor-element elementor-element-5c22249 elementor-hidden-mobile elementor-invisible elementor-widget elementor-widget-image\" data-id=\"5c22249\" data-element_type=\"widget\" data-settings=\"{&quot;_animation&quot;:&quot;fadeIn&quot;,&quot;_animation_delay&quot;:1000}\" data-widget_type=\"image.default\">\n\t\t\t\t<div class=\"elementor-widget-container\">\n\t\t\t\t\t\t\t\t\t\t\t\t\t<img loading=\"lazy\" decoding=\"async\" width=\"1080\" height=\"1081\" src=\"https:\/\/carelabdivas.com\/sk\/wp-content\/uploads\/2023\/05\/divas-logo-pecat-text-rgb-1200px@300ppi.webp\" class=\"attachment-large size-large wp-image-992085\" alt=\"\" srcset=\"https:\/\/carelabdivas.com\/sk\/wp-content\/uploads\/2023\/05\/divas-logo-pecat-text-rgb-1200px@300ppi.webp 1080w, https:\/\/carelabdivas.com\/sk\/wp-content\/uploads\/2023\/05\/divas-logo-pecat-text-rgb-1200px@300ppi-300x300.webp 300w, https:\/\/carelabdivas.com\/sk\/wp-content\/uploads\/2023\/05\/divas-logo-pecat-text-rgb-1200px@300ppi-100x100.webp 100w, https:\/\/carelabdivas.com\/sk\/wp-content\/uploads\/2023\/05\/divas-logo-pecat-text-rgb-1200px@300ppi-600x601.webp 600w, https:\/\/carelabdivas.com\/sk\/wp-content\/uploads\/2023\/05\/divas-logo-pecat-text-rgb-1200px@300ppi-768x769.webp 768w, https:\/\/carelabdivas.com\/sk\/wp-content\/uploads\/2023\/05\/divas-logo-pecat-text-rgb-1200px@300ppi-630x630.webp 630w\" sizes=\"(max-width: 1080px) 100vw, 1080px\" \/>\t\t\t\t\t\t\t\t\t\t\t\t\t<\/div>\n\t\t\t\t<\/div>\n\t\t\t\t<div class=\"elementor-element elementor-element-1f0debc elementor-invisible elementor-widget elementor-widget-image\" data-id=\"1f0debc\" data-element_type=\"widget\" data-settings=\"{&quot;_animation&quot;:&quot;fadeInRight&quot;,&quot;_animation_delay&quot;:200}\" data-widget_type=\"image.default\">\n\t\t\t\t<div class=\"elementor-widget-container\">\n\t\t\t\t\t\t\t\t\t\t\t\t\t<img decoding=\"async\" src=\"https:\/\/carelabdivas.com\/sk\/wp-content\/uploads\/elementor\/thumbs\/care_lab_divas_imunita-qios05yqhpeyyqodqfv7ztwos6qqw2p4w9prfpl6ko.webp\" title=\"care lab divas imunita\" alt=\"care lab divas imunita\" loading=\"lazy\" \/>\t\t\t\t\t\t\t\t\t\t\t\t\t<\/div>\n\t\t\t\t<\/div>\n\t\t\t\t\t<\/div>\n\t\t\t\t<\/div>\n\t\t\t\t\t<\/div>\n\t\t\t\t<\/div>\n\t\t\t\t\t<\/div>\n\t\t\t\t<\/div>\n\t\t<div class=\"elementor-element elementor-element-d91a343 e-flex e-con-boxed e-con e-parent\" data-id=\"d91a343\" data-element_type=\"container\">\n\t\t\t\t\t<div class=\"e-con-inner\">\n\t\t<div class=\"elementor-element elementor-element-6ac9978 e-con-full e-flex e-con e-parent\" data-id=\"6ac9978\" data-element_type=\"container\" data-settings=\"{&quot;background_background&quot;:&quot;classic&quot;}\">\n\t\t\t\t<div class=\"elementor-element elementor-element-08150f7 elementor-invisible elementor-widget elementor-widget-heading\" data-id=\"08150f7\" data-element_type=\"widget\" data-settings=\"{&quot;_animation&quot;:&quot;fadeInUp&quot;}\" data-widget_type=\"heading.default\">\n\t\t\t\t<div class=\"elementor-widget-container\">\n\t\t\t<h3 class=\"elementor-heading-title elementor-size-default\"><a href=\"https:\/\/carelabdivas.com\/sk\/produkty\/care-water-defense\/\">Pflege-Wasser-Verteidigung<\/a><\/h3>\t\t<\/div>\n\t\t\t\t<\/div>\n\t\t\t\t<div class=\"elementor-element elementor-element-56d83fb elementor-invisible elementor-widget elementor-widget-text-editor\" data-id=\"56d83fb\" data-element_type=\"widget\" data-settings=\"{&quot;_animation&quot;:&quot;fadeIn&quot;,&quot;_animation_delay&quot;:200}\" data-widget_type=\"text-editor.default\">\n\t\t\t\t<div class=\"elementor-widget-container\">\n\t\t\t\t\t\t\t<p>Care Water DEFENSE unges\u00e4ttigtes Funktionsgetr\u00e4nk bietet umfassende Unterst\u00fctzung f\u00fcr Ihr Immunsystem und Ihre allgemeine Gesundheit. Mit pr\u00e4biotischen Ballaststoffen, Zink, Selen, Vitamin D3 und einer Mischung aus 6 weiteren essentiellen Vitaminen wird dieses funktionelle Getr\u00e4nk ohne Kohlens\u00e4ure Sie effektiv auf den Weg zu einem ges\u00fcnderen Leben bringen.<\/p><p>Die Ballaststoffe tragen zu einer gesunden Verdauung bei, w\u00e4hrend das hochwirksame Trio aus Zink, Selen und Vitamin D3 sowohl die adaptive als auch die angeborene Immunit\u00e4t positiv beeinflusst. Unser Premium-Getr\u00e4nk mit Granatapfel- und Hibiskus-Aromen ist ein gro\u00dfartiger Partner, um Sie k\u00fchl und gesund zu halten.<\/p>\t\t\t\t\t\t<\/div>\n\t\t\t\t<\/div>\n\t\t\t\t<div class=\"elementor-element elementor-element-97a60da elementor-align-justify elementor-widget__width-initial elementor-invisible elementor-widget elementor-widget-button\" data-id=\"97a60da\" data-element_type=\"widget\" data-settings=\"{&quot;_animation&quot;:&quot;fadeIn&quot;,&quot;_animation_delay&quot;:350}\" data-widget_type=\"button.default\">\n\t\t\t\t<div class=\"elementor-widget-container\">\n\t\t\t\t\t<div class=\"elementor-button-wrapper\">\n\t\t\t<a class=\"elementor-button elementor-button-link elementor-size-sm\" href=\"\/?p=988340\">\n\t\t\t\t\t\t<span class=\"elementor-button-content-wrapper\">\n\t\t\t\t\t\t<span class=\"elementor-button-icon\">\n\t\t\t\t<i aria-hidden=\"true\" class=\"fas fa-long-arrow-alt-right\"><\/i>\t\t\t<\/span>\n\t\t\t\t\t\t\t\t\t<span class=\"elementor-button-text\">Kaufen  <\/span>\n\t\t\t\t\t<\/span>\n\t\t\t\t\t<\/a>\n\t\t<\/div>\n\t\t\t\t<\/div>\n\t\t\t\t<\/div>\n\t\t\t\t<\/div>\n\t\t<div class=\"elementor-element elementor-element-b3fb24a e-con-full e-flex e-con e-parent\" data-id=\"b3fb24a\" data-element_type=\"container\">\n\t\t\t\t<div class=\"elementor-element elementor-element-dcd7738 elementor-invisible elementor-widget elementor-widget-image\" data-id=\"dcd7738\" data-element_type=\"widget\" data-settings=\"{&quot;_animation&quot;:&quot;fadeInRight&quot;}\" data-widget_type=\"image.default\">\n\t\t\t\t<div class=\"elementor-widget-container\">\n\t\t\t\t\t\t\t\t\t\t\t\t\t\t<a href=\"\/sk\/produkty\/care-water-defense\/\">\n\t\t\t\t\t\t\t<img decoding=\"async\" src=\"https:\/\/carelabdivas.com\/sk\/wp-content\/uploads\/elementor\/thumbs\/care_lab_divas_waters_waters_defense-qios0dhgmb4m9t4we4wqo13ktmpwhb37q67wejklak.webp\" title=\"care lab divas waters waters defense\" alt=\"care lab divas waters waters defense\" loading=\"lazy\" \/>\t\t\t\t\t\t\t\t<\/a>\n\t\t\t\t\t\t\t\t\t\t\t\t\t<\/div>\n\t\t\t\t<\/div>\n\t\t\t\t<\/div>\n\t\t\t\t\t<\/div>\n\t\t\t\t<\/div>\n\t\t<div class=\"elementor-element elementor-element-5a178a6 e-flex e-con-boxed e-con e-parent\" data-id=\"5a178a6\" data-element_type=\"container\">\n\t\t\t\t\t<div class=\"e-con-inner\">\n\t\t<div class=\"elementor-element elementor-element-f17a824 e-con-full e-flex e-con e-parent\" data-id=\"f17a824\" data-element_type=\"container\">\n\t\t\t\t<div class=\"elementor-element elementor-element-2c91e82 elementor-invisible elementor-widget elementor-widget-image\" data-id=\"2c91e82\" data-element_type=\"widget\" data-settings=\"{&quot;_animation&quot;:&quot;fadeInLeft&quot;}\" data-widget_type=\"image.default\">\n\t\t\t\t<div class=\"elementor-widget-container\">\n\t\t\t\t\t\t\t\t\t\t\t\t\t<img decoding=\"async\" src=\"https:\/\/carelabdivas.com\/sk\/wp-content\/uploads\/elementor\/thumbs\/care-shot-immuno-qf03o7k1qj1xj9fswlgo6ju1k1c4hsslprwu1ctvbg.png\" title=\"care shot immuno\" alt=\"care shot immuno\" loading=\"lazy\" \/>\t\t\t\t\t\t\t\t\t\t\t\t\t<\/div>\n\t\t\t\t<\/div>\n\t\t\t\t<\/div>\n\t\t<div class=\"elementor-element elementor-element-57494c0 e-con-full e-flex e-con e-parent\" data-id=\"57494c0\" data-element_type=\"container\" data-settings=\"{&quot;background_background&quot;:&quot;classic&quot;}\">\n\t\t\t\t<div class=\"elementor-element elementor-element-3512b87 elementor-invisible elementor-widget elementor-widget-heading\" data-id=\"3512b87\" data-element_type=\"widget\" data-settings=\"{&quot;_animation&quot;:&quot;fadeInUp&quot;}\" data-widget_type=\"heading.default\">\n\t\t\t\t<div class=\"elementor-widget-container\">\n\t\t\t<h3 class=\"elementor-heading-title elementor-size-default\"><a href=\"https:\/\/carelabdivas.com\/sk\/produkty\/wellness-soda-grapefruit-a-ibistek\/\">Pflegespritze Immuno<\/a><\/h3>\t\t<\/div>\n\t\t\t\t<\/div>\n\t\t\t\t<div class=\"elementor-element elementor-element-1bfbdaf elementor-invisible elementor-widget elementor-widget-text-editor\" data-id=\"1bfbdaf\" data-element_type=\"widget\" data-settings=\"{&quot;_animation&quot;:&quot;fadeIn&quot;,&quot;_animation_delay&quot;:200}\" data-widget_type=\"text-editor.default\">\n\t\t\t\t<div class=\"elementor-widget-container\">\n\t\t\t\t\t\t\t<p>Es gibt mehrere M\u00f6glichkeiten, die Immunit\u00e4t zu st\u00e4rken, aber keine davon ist so fesselnd wie Care Shot IMMUNO. Das Premium-Funktionsgetr\u00e4nk gibt Ihnen die M\u00f6glichkeit, in den k\u00f6stlichen Geschmack von Fruchtp\u00fcree einzutauchen, das harmonisch mit sieben wissenschaftlich erprobten Inhaltsstoffen zur Unterst\u00fctzung der allgemeinen Gesundheit und der Immunit\u00e4t zusammenarbeitet.<\/p><p>Postbiotisches IMMUSE\u00ae, Haferfaser Betaglucan, MCT-\u00d6l, Vitamin D3, K2, Zink und Selen sind die Seele von Care Shot IMMUNO, w\u00e4hrend seine luxuri\u00f6se, samtige Konsistenz und sein delikater, fruchtiger Geschmack sein Herzst\u00fcck bilden. Der Weg zu einer st\u00e4rkeren Immunit\u00e4t muss nicht aus einer Menge von Pillen bestehen. Im Gegenteil, er kann mit angenehmen Momenten ges\u00e4umt sein, in denen Sie einfach Zeit mit sich selbst verbringen und unser Premium-Getr\u00e4nk genie\u00dfen. Care Shot IMMUNO ist in den Geschmacksrichtungen Himbeere &amp; Brombeere &amp; Jasmin oder Mango &amp; Mandarine &amp; Ingwer erh\u00e4ltlich.<\/p>\t\t\t\t\t\t<\/div>\n\t\t\t\t<\/div>\n\t\t\t\t<div class=\"elementor-element elementor-element-cdac95c elementor-align-justify elementor-widget__width-initial elementor-invisible elementor-widget elementor-widget-button\" data-id=\"cdac95c\" data-element_type=\"widget\" data-settings=\"{&quot;_animation&quot;:&quot;fadeIn&quot;,&quot;_animation_delay&quot;:350}\" data-widget_type=\"button.default\">\n\t\t\t\t<div class=\"elementor-widget-container\">\n\t\t\t\t\t<div class=\"elementor-button-wrapper\">\n\t\t\t<a class=\"elementor-button elementor-size-sm\" role=\"button\">\n\t\t\t\t\t\t<span class=\"elementor-button-content-wrapper\">\n\t\t\t\t\t\t<span class=\"elementor-button-icon\">\n\t\t\t\t<i aria-hidden=\"true\" class=\"fas fa-long-arrow-alt-right\"><\/i>\t\t\t<\/span>\n\t\t\t\t\t\t\t\t\t<span class=\"elementor-button-text\">demn\u00e4chst<\/span>\n\t\t\t\t\t<\/span>\n\t\t\t\t\t<\/a>\n\t\t<\/div>\n\t\t\t\t<\/div>\n\t\t\t\t<\/div>\n\t\t\t\t<\/div>\n\t\t\t\t\t<\/div>\n\t\t\t\t<\/div>\n\t\t<div class=\"elementor-element elementor-element-aeb802e e-flex e-con-boxed e-con e-parent\" data-id=\"aeb802e\" data-element_type=\"container\">\n\t\t\t\t\t<div class=\"e-con-inner\">\n\t\t<div class=\"elementor-element elementor-element-ec50107 e-con-full e-flex e-con e-parent\" data-id=\"ec50107\" data-element_type=\"container\" data-settings=\"{&quot;background_background&quot;:&quot;classic&quot;}\">\n\t\t\t\t<div class=\"elementor-element elementor-element-eb76c11 elementor-invisible elementor-widget elementor-widget-heading\" data-id=\"eb76c11\" data-element_type=\"widget\" data-settings=\"{&quot;_animation&quot;:&quot;fadeInUp&quot;}\" data-widget_type=\"heading.default\">\n\t\t\t\t<div class=\"elementor-widget-container\">\n\t\t\t<h3 class=\"elementor-heading-title elementor-size-default\"><a href=\"https:\/\/carelabdivas.com\/sk\/produkty\/wellness-soda-visna-a-ruza\/\">Pflege Bar Immunit\u00e4t<\/a><\/h3>\t\t<\/div>\n\t\t\t\t<\/div>\n\t\t\t\t<div class=\"elementor-element elementor-element-a5d3af4 elementor-invisible elementor-widget elementor-widget-text-editor\" data-id=\"a5d3af4\" data-element_type=\"widget\" data-settings=\"{&quot;_animation&quot;:&quot;fadeIn&quot;,&quot;_animation_delay&quot;:200}\" data-widget_type=\"text-editor.default\">\n\t\t\t\t<div class=\"elementor-widget-container\">\n\t\t\t\t\t\t\t<p>Eine gesunde Verdauung und ein starkes Immunsystem sind die beiden S\u00e4ulen eines gesunden und gl\u00fccklichen Lebens. Wenn einer von ihnen nicht so funktioniert, wie er sollte, sind die anderen Bereiche in der Regel auch gest\u00f6rt. St\u00e4rken Sie Ihre Immunit\u00e4t mit einer k\u00f6stlichen Leckerei, die auch ein Tor zu einem ausgewogenen Mikrobiom ist. Dank seiner einzigartigen Formel mit Probiotika, Zink, Selen, Vitamin D2 und dem innovativen postbiotischen IMMUSE\u00ae ist Care Bar IMMUNITY beispiellos im Bereich der funktionellen Riegel.<\/p>\n<p>Die angenehme Kombination aus Aprikosenmarmelade, Holunderbl\u00fcten, Schokolade und knackigen Mandeln wird f\u00fcr Ihre Verdauung so etwas sein wie die beruhigende Umarmung eines geliebten Menschen f\u00fcr Ihre Seele. Die t\u00e4gliche Routine, sich um sich selbst zu k\u00fcmmern, sollte ein Moment sein, auf den Sie sich freuen und den Sie genie\u00dfen. Probieren Sie es mit Care Bar IMMUNITY und Sie werden sehen, dass man auch Routinen lieben kann.<\/p>\t\t\t\t\t\t<\/div>\n\t\t\t\t<\/div>\n\t\t\t\t<div class=\"elementor-element elementor-element-e15e082 elementor-align-justify elementor-widget__width-initial elementor-invisible elementor-widget elementor-widget-button\" data-id=\"e15e082\" data-element_type=\"widget\" data-settings=\"{&quot;_animation&quot;:&quot;fadeIn&quot;,&quot;_animation_delay&quot;:350}\" data-widget_type=\"button.default\">\n\t\t\t\t<div class=\"elementor-widget-container\">\n\t\t\t\t\t<div class=\"elementor-button-wrapper\">\n\t\t\t<a class=\"elementor-button elementor-size-sm\" role=\"button\">\n\t\t\t\t\t\t<span class=\"elementor-button-content-wrapper\">\n\t\t\t\t\t\t<span class=\"elementor-button-icon\">\n\t\t\t\t<i aria-hidden=\"true\" class=\"fas fa-long-arrow-alt-right\"><\/i>\t\t\t<\/span>\n\t\t\t\t\t\t\t\t\t<span class=\"elementor-button-text\">demn\u00e4chst<\/span>\n\t\t\t\t\t<\/span>\n\t\t\t\t\t<\/a>\n\t\t<\/div>\n\t\t\t\t<\/div>\n\t\t\t\t<\/div>\n\t\t\t\t<\/div>\n\t\t<div class=\"elementor-element elementor-element-5ac0cd5 e-con-full e-flex e-con e-parent\" data-id=\"5ac0cd5\" data-element_type=\"container\">\n\t\t\t\t<div class=\"elementor-element elementor-element-8fee38f elementor-invisible elementor-widget elementor-widget-image\" data-id=\"8fee38f\" data-element_type=\"widget\" data-settings=\"{&quot;_animation&quot;:&quot;fadeInRight&quot;}\" data-widget_type=\"image.default\">\n\t\t\t\t<div class=\"elementor-widget-container\">\n\t\t\t\t\t\t\t\t\t\t\t\t\t<img decoding=\"async\" src=\"https:\/\/carelabdivas.com\/sk\/wp-content\/uploads\/elementor\/thumbs\/care-bar-immunity-1-qe53x5nkr5dwtaboa5zy2kem23mlbodn9blqh0x3gs.png\" title=\"care bar immunity\" alt=\"care bar immunity\" loading=\"lazy\" \/>\t\t\t\t\t\t\t\t\t\t\t\t\t<\/div>\n\t\t\t\t<\/div>\n\t\t\t\t<\/div>\n\t\t\t\t\t<\/div>\n\t\t\t\t<\/div>\n\t\t<div class=\"elementor-element elementor-element-3341abc e-flex e-con-boxed e-con e-parent\" data-id=\"3341abc\" data-element_type=\"container\">\n\t\t\t\t\t<div class=\"e-con-inner\">\n\t\t\t\t<div class=\"elementor-element elementor-element-e92bf15 elementor-invisible elementor-widget elementor-widget-heading\" data-id=\"e92bf15\" data-element_type=\"widget\" data-settings=\"{&quot;_animation&quot;:&quot;fadeInUp&quot;,&quot;motion_fx_motion_fx_scrolling&quot;:&quot;yes&quot;,&quot;motion_fx_translateY_effect&quot;:&quot;yes&quot;,&quot;motion_fx_translateY_speed&quot;:{&quot;unit&quot;:&quot;px&quot;,&quot;size&quot;:1,&quot;sizes&quot;:[]},&quot;motion_fx_translateY_affectedRange&quot;:{&quot;unit&quot;:&quot;%&quot;,&quot;size&quot;:&quot;&quot;,&quot;sizes&quot;:{&quot;start&quot;:0,&quot;end&quot;:100}},&quot;motion_fx_devices&quot;:[&quot;desktop&quot;,&quot;tablet&quot;,&quot;mobile&quot;]}\" data-widget_type=\"heading.default\">\n\t\t\t\t<div class=\"elementor-widget-container\">\n\t\t\t<h2 class=\"elementor-heading-title elementor-size-default\">Mehr Produkte entdecken<\/h2>\t\t<\/div>\n\t\t\t\t<\/div>\n\t\t<div class=\"elementor-element elementor-element-5e29458 e-flex e-con-boxed e-con e-parent\" data-id=\"5e29458\" data-element_type=\"container\">\n\t\t\t\t\t<div class=\"e-con-inner\">\n\t\t<div class=\"elementor-element elementor-element-636457a e-flex e-con-boxed e-con e-parent\" data-id=\"636457a\" data-element_type=\"container\">\n\t\t\t\t\t<div class=\"e-con-inner\">\n\t\t\t\t<div class=\"elementor-element elementor-element-f961358 elementor-widget-mobile__width-inherit elementor-invisible elementor-widget elementor-widget-image\" data-id=\"f961358\" data-element_type=\"widget\" data-settings=\"{&quot;_animation&quot;:&quot;fadeIn&quot;}\" data-widget_type=\"image.default\">\n\t\t\t\t<div class=\"elementor-widget-container\">\n\t\t\t\t\t\t\t\t\t\t\t\t\t<img decoding=\"async\" src=\"https:\/\/carelabdivas.com\/sk\/wp-content\/uploads\/elementor\/thumbs\/care_lab_divas_waters_restore_c-qios0blsukgjnvyn2lvaumwucgb30qh7ajyfj65h6c.webp\" title=\"care lab divas waters restore c\" alt=\"care lab divas waters restore c\" loading=\"lazy\" \/>\t\t\t\t\t\t\t\t\t\t\t\t\t<\/div>\n\t\t\t\t<\/div>\n\t\t\t\t\t<\/div>\n\t\t\t\t<\/div>\n\t\t<div class=\"elementor-element elementor-element-80a6a17 e-flex e-con-boxed e-con e-parent\" data-id=\"80a6a17\" data-element_type=\"container\">\n\t\t\t\t\t<div class=\"e-con-inner\">\n\t\t\t\t<div class=\"elementor-element elementor-element-7ca49df elementor-widget__width-auto animated-slow elementor-invisible elementor-widget elementor-widget-global elementor-global-992554 elementor-global-989598 elementor-widget-button\" data-id=\"7ca49df\" data-element_type=\"widget\" data-settings=\"{&quot;_animation&quot;:&quot;fadeIn&quot;,&quot;_animation_delay&quot;:600,&quot;_animation_tablet&quot;:&quot;none&quot;,&quot;_animation_mobile&quot;:&quot;none&quot;}\" data-widget_type=\"button.default\">\n\t\t\t\t<div class=\"elementor-widget-container\">\n\t\t\t\t\t<div class=\"elementor-button-wrapper\">\n\t\t\t<a class=\"elementor-button elementor-button-link elementor-size-sm\" href=\"\/sk\/produkty\">\n\t\t\t\t\t\t<span class=\"elementor-button-content-wrapper\">\n\t\t\t\t\t\t\t\t\t<span class=\"elementor-button-text\">Alle Produkte<\/span>\n\t\t\t\t\t<\/span>\n\t\t\t\t\t<\/a>\n\t\t<\/div>\n\t\t\t\t<\/div>\n\t\t\t\t<\/div>\n\t\t\t\t<div class=\"elementor-element elementor-element-3c4986c elementor-widget-mobile__width-inherit elementor-invisible elementor-widget elementor-widget-image\" data-id=\"3c4986c\" data-element_type=\"widget\" data-settings=\"{&quot;_animation&quot;:&quot;fadeIn&quot;,&quot;_animation_delay&quot;:200}\" data-widget_type=\"image.default\">\n\t\t\t\t<div class=\"elementor-widget-container\">\n\t\t\t\t\t\t\t\t\t\t\t\t\t\t<a href=\"https:\/\/carelabdivas.com\/sk\/produkty\/care-water-balance\/\">\n\t\t\t\t\t\t\t<img decoding=\"async\" src=\"https:\/\/carelabdivas.com\/sk\/wp-content\/uploads\/elementor\/thumbs\/care_lab_divas_waters_balance_c-qios08saa2cop22qj2nf55mgkaozdn60a5zz3c9np0.webp\" title=\"care lab divas waters balance c\" alt=\"care lab divas waters balance c\" loading=\"lazy\" \/>\t\t\t\t\t\t\t\t<\/a>\n\t\t\t\t\t\t\t\t\t\t\t\t\t<\/div>\n\t\t\t\t<\/div>\n\t\t\t\t\t<\/div>\n\t\t\t\t<\/div>\n\t\t<div class=\"elementor-element elementor-element-6f62188 e-flex e-con-boxed e-con e-parent\" data-id=\"6f62188\" data-element_type=\"container\">\n\t\t\t\t\t<div class=\"e-con-inner\">\n\t\t\t\t<div class=\"elementor-element elementor-element-2c52d2f elementor-widget-mobile__width-inherit elementor-invisible elementor-widget elementor-widget-image\" data-id=\"2c52d2f\" data-element_type=\"widget\" data-settings=\"{&quot;_animation&quot;:&quot;fadeIn&quot;,&quot;_animation_delay&quot;:400}\" data-widget_type=\"image.default\">\n\t\t\t\t<div class=\"elementor-widget-container\">\n\t\t\t\t\t\t\t\t\t\t\t\t\t\t<a href=\"https:\/\/carelabdivas.com\/sk\/produkty\/care-water-brain\/\">\n\t\t\t\t\t\t\t<img decoding=\"async\" src=\"https:\/\/carelabdivas.com\/sk\/wp-content\/uploads\/elementor\/thumbs\/care_lab_divas_waters_brain_c-qios08saa2cop22qj2nf55mgkaozdn60a5zz3c9np0.webp\" title=\"care lab divas waters brain c\" alt=\"care lab divas waters brain c\" loading=\"lazy\" \/>\t\t\t\t\t\t\t\t<\/a>\n\t\t\t\t\t\t\t\t\t\t\t\t\t<\/div>\n\t\t\t\t<\/div>\n\t\t\t\t\t<\/div>\n\t\t\t\t<\/div>\n\t\t\t\t\t<\/div>\n\t\t\t\t<\/div>\n\t\t\t\t\t<\/div>\n\t\t\t\t<\/div>\n\t\t\t\t<\/div>\n\t\t","protected":false},"excerpt":{"rendered":"<p>Machen Sie sich auf den Weg zu Ihrem zu einem ges\u00fcnderen Selbst. Unterst\u00fctzen Sie Immunit\u00e4t auf gesunde und schmackhafte Weise V\u0161etky produkty Pflege-Wasser-Verteidigung Care Water DEFENSE unges\u00e4ttigtes Funktionsgetr\u00e4nk bietet umfassende Unterst\u00fctzung f\u00fcr Ihr Immunsystem und Ihre allgemeine Gesundheit. Mit pr\u00e4biotischen Ballaststoffen, Zink, Selen, Vitamin D3 und einer Mischung aus 6 weiteren essentiellen Vitaminen wird dieses [&hellip;]<\/p>\n","protected":false},"author":1,"featured_media":992118,"parent":0,"menu_order":0,"comment_status":"closed","ping_status":"closed","template":"","meta":{"_acf_changed":false,"_seopress_robots_primary_cat":"","_seopress_titles_title":"St\u00e4rkung der Immunit\u00e4t und Immunit\u00e4t %%sep%% %%sitetitle%%","_seopress_titles_desc":"St\u00e4rken Sie die Abwehrkr\u00e4fte Ihres K\u00f6rpers und bringen Sie Ihre Immunit\u00e4t nicht nur effektiv, sondern auch k\u00f6stlich in Schwung - dank eines neuen gesunden Rituals.  ","_seopress_robots_index":"","footnotes":""},"class_list":["post-992412","page","type-page","status-publish","has-post-thumbnail","hentry"],"acf":[],"_links":{"self":[{"href":"https:\/\/carelabdivas.com\/sk\/de\/wp-json\/wp\/v2\/pages\/992412"}],"collection":[{"href":"https:\/\/carelabdivas.com\/sk\/de\/wp-json\/wp\/v2\/pages"}],"about":[{"href":"https:\/\/carelabdivas.com\/sk\/de\/wp-json\/wp\/v2\/types\/page"}],"author":[{"embeddable":true,"href":"https:\/\/carelabdivas.com\/sk\/de\/wp-json\/wp\/v2\/users\/1"}],"replies":[{"embeddable":true,"href":"https:\/\/carelabdivas.com\/sk\/de\/wp-json\/wp\/v2\/comments?post=992412"}],"version-history":[{"count":1,"href":"https:\/\/carelabdivas.com\/sk\/de\/wp-json\/wp\/v2\/pages\/992412\/revisions"}],"predecessor-version":[{"id":992416,"href":"https:\/\/carelabdivas.com\/sk\/de\/wp-json\/wp\/v2\/pages\/992412\/revisions\/992416"}],"wp:featuredmedia":[{"embeddable":true,"href":"https:\/\/carelabdivas.com\/sk\/de\/wp-json\/wp\/v2\/media\/992118"}],"wp:attachment":[{"href":"https:\/\/carelabdivas.com\/sk\/de\/wp-json\/wp\/v2\/media?parent=992412"}],"curies":[{"name":"wp","href":"https:\/\/api.w.org\/{rel}","templated":true}]}}