{"id":992414,"date":"2023-05-19T13:49:10","date_gmt":"2023-05-19T11:49:10","guid":{"rendered":"https:\/\/carelabdivas.com\/sk\/balance\/"},"modified":"2025-05-08T08:05:13","modified_gmt":"2025-05-08T06:05:13","slug":"balance","status":"publish","type":"page","link":"https:\/\/carelabdivas.com\/sk\/de\/balance\/","title":{"rendered":"Balance"},"content":{"rendered":"\t\t<div data-elementor-type=\"wp-page\" data-elementor-id=\"992414\" class=\"elementor elementor-992414 elementor-988257\" data-elementor-post-type=\"page\">\n\t\t\t\t<div class=\"elementor-element elementor-element-961e2c2 e-flex e-con-boxed e-con e-parent\" data-id=\"961e2c2\" data-element_type=\"container\">\n\t\t\t\t\t<div class=\"e-con-inner\">\n\t\t<div class=\"elementor-element elementor-element-1ed0028 e-flex e-con-boxed e-con e-parent\" data-id=\"1ed0028\" data-element_type=\"container\" data-settings=\"{&quot;background_background&quot;:&quot;classic&quot;}\">\n\t\t\t\t\t<div class=\"e-con-inner\">\n\t\t<div class=\"elementor-element elementor-element-b5b6427 e-con-full e-flex e-con e-parent\" data-id=\"b5b6427\" data-element_type=\"container\" data-settings=\"{&quot;motion_fx_motion_fx_scrolling&quot;:&quot;yes&quot;,&quot;motion_fx_translateY_effect&quot;:&quot;yes&quot;,&quot;motion_fx_translateY_speed&quot;:{&quot;unit&quot;:&quot;px&quot;,&quot;size&quot;:2,&quot;sizes&quot;:[]},&quot;motion_fx_translateY_affectedRange&quot;:{&quot;unit&quot;:&quot;%&quot;,&quot;size&quot;:&quot;&quot;,&quot;sizes&quot;:{&quot;start&quot;:0,&quot;end&quot;:100}},&quot;motion_fx_devices&quot;:[&quot;desktop&quot;,&quot;tablet&quot;,&quot;mobile&quot;]}\">\n\t\t\t\t<div class=\"elementor-element elementor-element-a9c4140 animated-fast elementor-invisible elementor-widget elementor-widget-heading\" data-id=\"a9c4140\" data-element_type=\"widget\" data-settings=\"{&quot;_animation&quot;:&quot;fadeInDown&quot;,&quot;_animation_delay&quot;:100}\" data-widget_type=\"heading.default\">\n\t\t\t\t<div class=\"elementor-widget-container\">\n\t\t\t<h1 class=\"elementor-heading-title elementor-size-default\">Ein gesundes Ritual<\/h1>\t\t<\/div>\n\t\t\t\t<\/div>\n\t\t\t\t<div class=\"elementor-element elementor-element-1ab0280 animated-fast elementor-invisible elementor-widget elementor-widget-heading\" data-id=\"1ab0280\" data-element_type=\"widget\" data-settings=\"{&quot;_animation&quot;:&quot;fadeIn&quot;,&quot;_animation_delay&quot;:1100}\" data-widget_type=\"heading.default\">\n\t\t\t\t<div class=\"elementor-widget-container\">\n\t\t\t<h1 class=\"elementor-heading-title elementor-size-default\">zu innerem Wohlbefinden. Finden Sie<\/h1>\t\t<\/div>\n\t\t\t\t<\/div>\n\t\t\t\t<div class=\"elementor-element elementor-element-e140bca animated-fast elementor-invisible elementor-widget elementor-widget-heading\" data-id=\"e140bca\" data-element_type=\"widget\" data-settings=\"{&quot;_animation&quot;:&quot;fadeInUp&quot;,&quot;_animation_delay&quot;:600}\" data-widget_type=\"heading.default\">\n\t\t\t\t<div class=\"elementor-widget-container\">\n\t\t\t<h1 class=\"elementor-heading-title elementor-size-default\">Ihr verlorenes Gleichgewicht<\/h1>\t\t<\/div>\n\t\t\t\t<\/div>\n\t\t\t\t<div class=\"elementor-element elementor-element-04c68df elementor-align-justify elementor-widget__width-initial elementor-mobile-align-left elementor-widget-mobile__width-initial elementor-widget-tablet__width-initial elementor-invisible elementor-widget elementor-widget-global elementor-global-992506 elementor-global-988046 elementor-widget-button\" data-id=\"04c68df\" data-element_type=\"widget\" data-settings=\"{&quot;_animation&quot;:&quot;fadeIn&quot;,&quot;_animation_delay&quot;:350}\" data-widget_type=\"button.default\">\n\t\t\t\t<div class=\"elementor-widget-container\">\n\t\t\t\t\t<div class=\"elementor-button-wrapper\">\n\t\t\t<a class=\"elementor-button elementor-button-link elementor-size-sm\" href=\"\/sk\/produkty\">\n\t\t\t\t\t\t<span class=\"elementor-button-content-wrapper\">\n\t\t\t\t\t\t\t\t\t<span class=\"elementor-button-text\">Alle Produkte<\/span>\n\t\t\t\t\t<\/span>\n\t\t\t\t\t<\/a>\n\t\t<\/div>\n\t\t\t\t<\/div>\n\t\t\t\t<\/div>\n\t\t\t\t<\/div>\n\t\t<div class=\"elementor-element elementor-element-3701c9a e-flex e-con-boxed e-con e-parent\" data-id=\"3701c9a\" data-element_type=\"container\">\n\t\t\t\t\t<div class=\"e-con-inner\">\n\t\t\t\t<div class=\"elementor-element elementor-element-87e0276 elementor-hidden-mobile elementor-invisible elementor-widget elementor-widget-image\" data-id=\"87e0276\" data-element_type=\"widget\" data-settings=\"{&quot;_animation&quot;:&quot;fadeIn&quot;,&quot;_animation_delay&quot;:1000}\" data-widget_type=\"image.default\">\n\t\t\t\t<div class=\"elementor-widget-container\">\n\t\t\t\t\t\t\t\t\t\t\t\t\t<img loading=\"lazy\" decoding=\"async\" width=\"1080\" height=\"1081\" src=\"https:\/\/carelabdivas.com\/sk\/wp-content\/uploads\/2023\/05\/divas-logo-pecat-text-rgb-1200px@300ppi.webp\" class=\"attachment-large size-large wp-image-992085\" alt=\"\" srcset=\"https:\/\/carelabdivas.com\/sk\/wp-content\/uploads\/2023\/05\/divas-logo-pecat-text-rgb-1200px@300ppi.webp 1080w, https:\/\/carelabdivas.com\/sk\/wp-content\/uploads\/2023\/05\/divas-logo-pecat-text-rgb-1200px@300ppi-300x300.webp 300w, https:\/\/carelabdivas.com\/sk\/wp-content\/uploads\/2023\/05\/divas-logo-pecat-text-rgb-1200px@300ppi-100x100.webp 100w, https:\/\/carelabdivas.com\/sk\/wp-content\/uploads\/2023\/05\/divas-logo-pecat-text-rgb-1200px@300ppi-600x601.webp 600w, https:\/\/carelabdivas.com\/sk\/wp-content\/uploads\/2023\/05\/divas-logo-pecat-text-rgb-1200px@300ppi-768x769.webp 768w, https:\/\/carelabdivas.com\/sk\/wp-content\/uploads\/2023\/05\/divas-logo-pecat-text-rgb-1200px@300ppi-630x630.webp 630w\" sizes=\"(max-width: 1080px) 100vw, 1080px\" \/>\t\t\t\t\t\t\t\t\t\t\t\t\t<\/div>\n\t\t\t\t<\/div>\n\t\t\t\t<div class=\"elementor-element elementor-element-742c258 elementor-invisible elementor-widget elementor-widget-image\" data-id=\"742c258\" data-element_type=\"widget\" data-settings=\"{&quot;_animation&quot;:&quot;fadeInRight&quot;,&quot;_animation_delay&quot;:200}\" data-widget_type=\"image.default\">\n\t\t\t\t<div class=\"elementor-widget-container\">\n\t\t\t\t\t\t\t\t\t\t\t\t\t<img decoding=\"async\" src=\"https:\/\/carelabdivas.com\/sk\/wp-content\/uploads\/elementor\/thumbs\/care_lab_divas_rovnovaha-qios08s927itxkka9z33pb72kccuj60bwno7vjh020.webp\" title=\"care lab divas rovnovaha\" alt=\"care lab divas rovnovaha\" loading=\"lazy\" \/>\t\t\t\t\t\t\t\t\t\t\t\t\t<\/div>\n\t\t\t\t<\/div>\n\t\t\t\t\t<\/div>\n\t\t\t\t<\/div>\n\t\t\t\t\t<\/div>\n\t\t\t\t<\/div>\n\t\t\t\t\t<\/div>\n\t\t\t\t<\/div>\n\t\t<div class=\"elementor-element elementor-element-8485d6d e-flex e-con-boxed e-con e-parent\" data-id=\"8485d6d\" data-element_type=\"container\">\n\t\t\t\t\t<div class=\"e-con-inner\">\n\t\t<div class=\"elementor-element elementor-element-29279ff e-con-full e-flex e-con e-parent\" data-id=\"29279ff\" data-element_type=\"container\" data-settings=\"{&quot;background_background&quot;:&quot;classic&quot;}\">\n\t\t\t\t<div class=\"elementor-element elementor-element-ee387d7 elementor-invisible elementor-widget elementor-widget-heading\" data-id=\"ee387d7\" data-element_type=\"widget\" data-settings=\"{&quot;_animation&quot;:&quot;fadeInUp&quot;}\" data-widget_type=\"heading.default\">\n\t\t\t\t<div class=\"elementor-widget-container\">\n\t\t\t<h3 class=\"elementor-heading-title elementor-size-default\">Pflege Wasserhaushalt<\/h3>\t\t<\/div>\n\t\t\t\t<\/div>\n\t\t\t\t<div class=\"elementor-element elementor-element-7691bb6 elementor-invisible elementor-widget elementor-widget-text-editor\" data-id=\"7691bb6\" data-element_type=\"widget\" data-settings=\"{&quot;_animation&quot;:&quot;fadeIn&quot;,&quot;_animation_delay&quot;:200}\" data-widget_type=\"text-editor.default\">\n\t\t\t\t<div class=\"elementor-widget-container\">\n\t\t\t\t\t\t\t<p>Das fesselnde kohlens\u00e4urefreie Funktionsgetr\u00e4nk Care Water BALANCE ist der perfekte Ausgleich f\u00fcr Ihre gesch\u00e4ftigen und stressigen Tage. Magnesium aus dem Meer, Eisen, Vitamin E und eine Mischung aus sechs weiteren Vitaminen helfen Ihnen, Stress zu bek\u00e4mpfen, das innere Gleichgewicht wiederherzustellen, \u00fcberm\u00e4\u00dfige M\u00fcdigkeit zu bek\u00e4mpfen und Ihr Nervensystem nat\u00fcrlich zu unterst\u00fctzen.<\/p><p>Dank klinisch erprobter Inhaltsstoffe ist Care Water BALANCE ein gro\u00dfartiger Begleiter f\u00fcr ruhige Entspannung nach einem anstrengenden Tag.<\/p>\t\t\t\t\t\t<\/div>\n\t\t\t\t<\/div>\n\t\t\t\t<div class=\"elementor-element elementor-element-1862347 elementor-add-to-cart--layout-stacked elementor-invisible elementor-widget elementor-widget-wc-add-to-cart\" data-id=\"1862347\" data-element_type=\"widget\" data-settings=\"{&quot;_animation&quot;:&quot;fadeInUp&quot;}\" data-widget_type=\"wc-add-to-cart.default\">\n\t\t\t\t<div class=\"elementor-widget-container\">\n\t\t\t\t\t<div class=\"elementor-button-wrapper\">\n\t\t\t<a rel=\"nofollow\" href=\"?add-to-cart=992579\" data-quantity=\"1\" data-product_id=\"992579\" class=\"product_type_simple add_to_cart_button ajax_add_to_cart elementor-button elementor-size-sm\" role=\"button\">\n\t\t\t\t\t\t<span class=\"elementor-button-content-wrapper\">\n\t\t\t\t\t\t<span class=\"elementor-button-icon\">\n\t\t\t\t<i aria-hidden=\"true\" class=\"fas fa-long-arrow-alt-right\"><\/i>\t\t\t<\/span>\n\t\t\t\t\t\t\t\t\t<span class=\"elementor-button-text\">Zum Warenkorb hinzuf\u00fcgen<\/span>\n\t\t\t\t\t<\/span>\n\t\t\t\t\t<\/a>\n\t\t<\/div>\n\t\t\t\t<\/div>\n\t\t\t\t<\/div>\n\t\t\t\t<\/div>\n\t\t<div class=\"elementor-element elementor-element-af6c060 e-con-full e-flex e-con e-parent\" data-id=\"af6c060\" data-element_type=\"container\">\n\t\t\t\t<div class=\"elementor-element elementor-element-7fd544a elementor-invisible elementor-widget elementor-widget-image\" data-id=\"7fd544a\" data-element_type=\"widget\" data-settings=\"{&quot;_animation&quot;:&quot;fadeInRight&quot;}\" data-widget_type=\"image.default\">\n\t\t\t\t<div class=\"elementor-widget-container\">\n\t\t\t\t\t\t\t\t\t\t\t\t\t\t<a href=\"\/sk\/produkty\/care-water-balance\/\">\n\t\t\t\t\t\t\t<img decoding=\"async\" src=\"https:\/\/carelabdivas.com\/sk\/wp-content\/uploads\/elementor\/thumbs\/care_lab_divas_waters_balance_c-qios08s9o4y6nrbq5kvltka9upd2etkk1iyh05rk5o.webp\" title=\"care lab divas waters balance c\" alt=\"care lab divas waters balance c\" loading=\"lazy\" \/>\t\t\t\t\t\t\t\t<\/a>\n\t\t\t\t\t\t\t\t\t\t\t\t\t<\/div>\n\t\t\t\t<\/div>\n\t\t\t\t<\/div>\n\t\t\t\t\t<\/div>\n\t\t\t\t<\/div>\n\t\t<div class=\"elementor-element elementor-element-1d220fc e-flex e-con-boxed e-con e-parent\" data-id=\"1d220fc\" data-element_type=\"container\">\n\t\t\t\t\t<div class=\"e-con-inner\">\n\t\t<div class=\"elementor-element elementor-element-414690e e-con-full e-flex e-con e-parent\" data-id=\"414690e\" data-element_type=\"container\">\n\t\t\t\t<div class=\"elementor-element elementor-element-f2a3975 elementor-invisible elementor-widget elementor-widget-image\" data-id=\"f2a3975\" data-element_type=\"widget\" data-settings=\"{&quot;_animation&quot;:&quot;fadeInLeft&quot;}\" data-widget_type=\"image.default\">\n\t\t\t\t<div class=\"elementor-widget-container\">\n\t\t\t\t\t\t\t\t\t\t\t\t\t<img decoding=\"async\" src=\"https:\/\/carelabdivas.com\/sk\/wp-content\/uploads\/elementor\/thumbs\/care-shot-calm-1-qe1k0hu8wpy9pyuo9ry5ejc45nf1ug6wud3jqwaor0.png\" title=\"care shot calm\" alt=\"care shot calm\" loading=\"lazy\" \/>\t\t\t\t\t\t\t\t\t\t\t\t\t<\/div>\n\t\t\t\t<\/div>\n\t\t\t\t<\/div>\n\t\t<div class=\"elementor-element elementor-element-af166c3 e-con-full e-flex e-con e-parent\" data-id=\"af166c3\" data-element_type=\"container\" data-settings=\"{&quot;background_background&quot;:&quot;classic&quot;}\">\n\t\t\t\t<div class=\"elementor-element elementor-element-0c6a5ec elementor-invisible elementor-widget elementor-widget-heading\" data-id=\"0c6a5ec\" data-element_type=\"widget\" data-settings=\"{&quot;_animation&quot;:&quot;fadeInUp&quot;}\" data-widget_type=\"heading.default\">\n\t\t\t\t<div class=\"elementor-widget-container\">\n\t\t\t<h3 class=\"elementor-heading-title elementor-size-default\">Pflegespritze Calm<\/h3>\t\t<\/div>\n\t\t\t\t<\/div>\n\t\t\t\t<div class=\"elementor-element elementor-element-dd1a30e elementor-invisible elementor-widget elementor-widget-text-editor\" data-id=\"dd1a30e\" data-element_type=\"widget\" data-settings=\"{&quot;_animation&quot;:&quot;fadeIn&quot;,&quot;_animation_delay&quot;:200}\" data-widget_type=\"text-editor.default\">\n\t\t\t\t<div class=\"elementor-widget-container\">\n\t\t\t\t\t\t\t<p>Nehmen Sie sich jeden Tag ein paar Minuten Zeit f\u00fcr sich selbst. Care Shot CALM bietet Ihnen die perfekte Gelegenheit, genau das zu tun. Eine sorgf\u00e4ltig ausgew\u00e4hlte Mischung aus klinisch erprobten Inhaltsstoffen wie Cognizin\u00ae Citicolin, Magnesium L-Threonat, Rhodiola und GABA machen es zum idealen Partner f\u00fcr Stressabbau und friedliche Entspannung.<\/p><p>Die aktiven Inhaltsstoffe helfen dem Gehirn, zur Ruhe zu kommen, w\u00e4hrend Cognizin\u00ae Citicoline auch unsere kognitiven F\u00e4higkeiten verbessern kann. Die Vorteile der aktiven Inhaltsstoffe vermischen sich mit der beruhigenden Wirkung des Fruchtp\u00fcrees und Care Shot CALM wird zu einem k\u00f6stlichen Getr\u00e4nk, das Ihre Geschmacks- und Geruchssinne ebenso erfreut wie Ihre geistige Gesundheit und Ihr Wohlbefinden. Genie\u00dfen Sie ihn in zwei Geschmacksrichtungen: Kakao-Frucht &amp; Ananas &amp; Safran oder Heidelbeere &amp; Schwarze Johannisbeere &amp; Lavendel.<\/p>\t\t\t\t\t\t<\/div>\n\t\t\t\t<\/div>\n\t\t\t\t<div class=\"elementor-element elementor-element-d5f1400 elementor-add-to-cart--layout-auto elementor-invisible elementor-widget elementor-widget-wc-add-to-cart\" data-id=\"d5f1400\" data-element_type=\"widget\" data-settings=\"{&quot;_animation&quot;:&quot;fadeInUp&quot;}\" data-widget_type=\"wc-add-to-cart.default\">\n\t\t\t\t<div class=\"elementor-widget-container\">\n\t\t\t\t\t<div class=\"elementor-button-wrapper\">\n\t\t\t<a class=\"elementor-button elementor-size-sm\" role=\"button\">\n\t\t\t\t\t\t<span class=\"elementor-button-content-wrapper\">\n\t\t\t\t\t\t<span class=\"elementor-button-icon\">\n\t\t\t\t<i aria-hidden=\"true\" class=\"fas fa-long-arrow-alt-right\"><\/i>\t\t\t<\/span>\n\t\t\t\t\t\t\t\t\t<span class=\"elementor-button-text\">demn\u00e4chst<\/span>\n\t\t\t\t\t<\/span>\n\t\t\t\t\t<\/a>\n\t\t<\/div>\n\t\t\t\t<\/div>\n\t\t\t\t<\/div>\n\t\t\t\t<\/div>\n\t\t\t\t\t<\/div>\n\t\t\t\t<\/div>\n\t\t<div class=\"elementor-element elementor-element-f2586a8 e-flex e-con-boxed e-con e-parent\" data-id=\"f2586a8\" data-element_type=\"container\">\n\t\t\t\t\t<div class=\"e-con-inner\">\n\t\t\t\t<div class=\"elementor-element elementor-element-a7f0309 elementor-invisible elementor-widget elementor-widget-heading\" data-id=\"a7f0309\" data-element_type=\"widget\" data-settings=\"{&quot;_animation&quot;:&quot;fadeInUp&quot;,&quot;motion_fx_motion_fx_scrolling&quot;:&quot;yes&quot;,&quot;motion_fx_translateY_effect&quot;:&quot;yes&quot;,&quot;motion_fx_translateY_speed&quot;:{&quot;unit&quot;:&quot;px&quot;,&quot;size&quot;:1,&quot;sizes&quot;:[]},&quot;motion_fx_translateY_affectedRange&quot;:{&quot;unit&quot;:&quot;%&quot;,&quot;size&quot;:&quot;&quot;,&quot;sizes&quot;:{&quot;start&quot;:0,&quot;end&quot;:100}},&quot;motion_fx_devices&quot;:[&quot;desktop&quot;,&quot;tablet&quot;,&quot;mobile&quot;]}\" data-widget_type=\"heading.default\">\n\t\t\t\t<div class=\"elementor-widget-container\">\n\t\t\t<h2 class=\"elementor-heading-title elementor-size-default\">Mehr Produkte entdecken<\/h2>\t\t<\/div>\n\t\t\t\t<\/div>\n\t\t<div class=\"elementor-element elementor-element-fb5e635 e-flex e-con-boxed e-con e-parent\" data-id=\"fb5e635\" data-element_type=\"container\">\n\t\t\t\t\t<div class=\"e-con-inner\">\n\t\t<div class=\"elementor-element elementor-element-d65a031 e-flex e-con-boxed e-con e-parent\" data-id=\"d65a031\" data-element_type=\"container\">\n\t\t\t\t\t<div class=\"e-con-inner\">\n\t\t\t\t<div class=\"elementor-element elementor-element-1599e47 elementor-widget-mobile__width-inherit elementor-invisible elementor-widget elementor-widget-image\" data-id=\"1599e47\" data-element_type=\"widget\" data-settings=\"{&quot;_animation&quot;:&quot;fadeIn&quot;}\" data-widget_type=\"image.default\">\n\t\t\t\t<div class=\"elementor-widget-container\">\n\t\t\t\t\t\t\t\t\t\t\t\t\t\t<a href=\"\/sk\/produkty\/care-water-defense\/\">\n\t\t\t\t\t\t\t<img decoding=\"async\" src=\"https:\/\/carelabdivas.com\/sk\/wp-content\/uploads\/elementor\/thumbs\/care_lab_divas_waters_waters_defense-qios0dhh88j4b3vwrmojzmfrj81tg4onyt9ehq2otw.webp\" title=\"care lab divas waters waters defense\" alt=\"care lab divas waters waters defense\" loading=\"lazy\" \/>\t\t\t\t\t\t\t\t<\/a>\n\t\t\t\t\t\t\t\t\t\t\t\t\t<\/div>\n\t\t\t\t<\/div>\n\t\t\t\t\t<\/div>\n\t\t\t\t<\/div>\n\t\t<div class=\"elementor-element elementor-element-d2d2b62 e-flex e-con-boxed e-con e-parent\" data-id=\"d2d2b62\" data-element_type=\"container\">\n\t\t\t\t\t<div class=\"e-con-inner\">\n\t\t\t\t<div class=\"elementor-element elementor-element-ccf9a2e elementor-widget__width-auto animated-slow elementor-invisible elementor-widget elementor-widget-global elementor-global-992554 elementor-global-989598 elementor-widget-button\" data-id=\"ccf9a2e\" data-element_type=\"widget\" data-settings=\"{&quot;_animation&quot;:&quot;fadeIn&quot;,&quot;_animation_delay&quot;:600,&quot;_animation_tablet&quot;:&quot;none&quot;,&quot;_animation_mobile&quot;:&quot;none&quot;}\" data-widget_type=\"button.default\">\n\t\t\t\t<div class=\"elementor-widget-container\">\n\t\t\t\t\t<div class=\"elementor-button-wrapper\">\n\t\t\t<a class=\"elementor-button elementor-button-link elementor-size-sm\" href=\"\/sk\/produkty\">\n\t\t\t\t\t\t<span class=\"elementor-button-content-wrapper\">\n\t\t\t\t\t\t\t\t\t<span class=\"elementor-button-text\">Alle Produkte<\/span>\n\t\t\t\t\t<\/span>\n\t\t\t\t\t<\/a>\n\t\t<\/div>\n\t\t\t\t<\/div>\n\t\t\t\t<\/div>\n\t\t\t\t<div class=\"elementor-element elementor-element-ad6ecee elementor-widget-mobile__width-inherit elementor-invisible elementor-widget elementor-widget-image\" data-id=\"ad6ecee\" data-element_type=\"widget\" data-settings=\"{&quot;_animation&quot;:&quot;fadeIn&quot;,&quot;_animation_delay&quot;:200}\" data-widget_type=\"image.default\">\n\t\t\t\t<div class=\"elementor-widget-container\">\n\t\t\t\t\t\t\t\t\t\t\t\t\t\t<a href=\"\/sk\/produkty\/care-bubbles-visna-a-ruza\/\">\n\t\t\t\t\t\t\t<img decoding=\"async\" src=\"https:\/\/carelabdivas.com\/sk\/wp-content\/uploads\/elementor\/thumbs\/care_lab_divas_bubbles_waters_sour_cherry_c-qios0433bw69309kaimaaot5ldc5b5ncliqjoygmk4.webp\" title=\"care lab divas bubbles waters sour cherry c\" alt=\"care lab divas bubbles waters sour cherry c\" loading=\"lazy\" \/>\t\t\t\t\t\t\t\t<\/a>\n\t\t\t\t\t\t\t\t\t\t\t\t\t<\/div>\n\t\t\t\t<\/div>\n\t\t\t\t\t<\/div>\n\t\t\t\t<\/div>\n\t\t<div class=\"elementor-element elementor-element-d97e605 e-flex e-con-boxed e-con e-parent\" data-id=\"d97e605\" data-element_type=\"container\">\n\t\t\t\t\t<div class=\"e-con-inner\">\n\t\t\t\t<div class=\"elementor-element elementor-element-7fa34e1 elementor-widget-mobile__width-inherit elementor-invisible elementor-widget elementor-widget-image\" data-id=\"7fa34e1\" data-element_type=\"widget\" data-settings=\"{&quot;_animation&quot;:&quot;fadeIn&quot;,&quot;_animation_delay&quot;:400}\" data-widget_type=\"image.default\">\n\t\t\t\t<div class=\"elementor-widget-container\">\n\t\t\t\t\t\t\t\t\t\t\t\t\t\t<a href=\"\/sk\/produkty\/care-water-brain\/\">\n\t\t\t\t\t\t\t<img decoding=\"async\" src=\"https:\/\/carelabdivas.com\/sk\/wp-content\/uploads\/elementor\/thumbs\/care_lab_divas_waters_brain_c-qios08saa2cop22qj2nf55mgkaozdn60a5zz3c9np0.webp\" title=\"care lab divas waters brain c\" alt=\"care lab divas waters brain c\" loading=\"lazy\" \/>\t\t\t\t\t\t\t\t<\/a>\n\t\t\t\t\t\t\t\t\t\t\t\t\t<\/div>\n\t\t\t\t<\/div>\n\t\t\t\t\t<\/div>\n\t\t\t\t<\/div>\n\t\t\t\t\t<\/div>\n\t\t\t\t<\/div>\n\t\t\t\t\t<\/div>\n\t\t\t\t<\/div>\n\t\t\t\t<\/div>\n\t\t","protected":false},"excerpt":{"rendered":"<p>Ein gesundes Ritual zu innerem Wohlbefinden. Finden Sie Ihr verlorenes Gleichgewicht V\u0161etky produkty Pflege Wasserhaushalt Das fesselnde kohlens\u00e4urefreie Funktionsgetr\u00e4nk Care Water BALANCE ist der perfekte Ausgleich f\u00fcr Ihre gesch\u00e4ftigen und stressigen Tage. Magnesium aus dem Meer, Eisen, Vitamin E und eine Mischung aus sechs weiteren Vitaminen helfen Ihnen, Stress zu bek\u00e4mpfen, das innere Gleichgewicht wiederherzustellen, [&hellip;]<\/p>\n","protected":false},"author":1,"featured_media":992121,"parent":0,"menu_order":0,"comment_status":"closed","ping_status":"closed","template":"","meta":{"_acf_changed":false,"_seopress_robots_primary_cat":"","_seopress_titles_title":"Ein gesundes Ritual f\u00fcr inneres Gleichgewicht %%sep%% %%sitetitle%%","_seopress_titles_desc":"Meeresmagnesium, Eisen, Vitamin E und eine Mischung aus sechs weiteren Vitaminen helfen Ihnen, Stress zu bek\u00e4mpfen.  ","_seopress_robots_index":"","footnotes":""},"class_list":["post-992414","page","type-page","status-publish","has-post-thumbnail","hentry"],"acf":[],"_links":{"self":[{"href":"https:\/\/carelabdivas.com\/sk\/de\/wp-json\/wp\/v2\/pages\/992414"}],"collection":[{"href":"https:\/\/carelabdivas.com\/sk\/de\/wp-json\/wp\/v2\/pages"}],"about":[{"href":"https:\/\/carelabdivas.com\/sk\/de\/wp-json\/wp\/v2\/types\/page"}],"author":[{"embeddable":true,"href":"https:\/\/carelabdivas.com\/sk\/de\/wp-json\/wp\/v2\/users\/1"}],"replies":[{"embeddable":true,"href":"https:\/\/carelabdivas.com\/sk\/de\/wp-json\/wp\/v2\/comments?post=992414"}],"version-history":[{"count":1,"href":"https:\/\/carelabdivas.com\/sk\/de\/wp-json\/wp\/v2\/pages\/992414\/revisions"}],"predecessor-version":[{"id":992417,"href":"https:\/\/carelabdivas.com\/sk\/de\/wp-json\/wp\/v2\/pages\/992414\/revisions\/992417"}],"wp:featuredmedia":[{"embeddable":true,"href":"https:\/\/carelabdivas.com\/sk\/de\/wp-json\/wp\/v2\/media\/992121"}],"wp:attachment":[{"href":"https:\/\/carelabdivas.com\/sk\/de\/wp-json\/wp\/v2\/media?parent=992414"}],"curies":[{"name":"wp","href":"https:\/\/api.w.org\/{rel}","templated":true}]}}