{"id":992418,"date":"2023-05-23T15:21:51","date_gmt":"2023-05-23T13:21:51","guid":{"rendered":"https:\/\/carelabdivas.com\/sk\/pflege-wasser\/"},"modified":"2025-06-23T08:17:40","modified_gmt":"2025-06-23T06:17:40","slug":"pflege-wasser","status":"publish","type":"page","link":"https:\/\/carelabdivas.com\/sk\/de\/pflege-wasser\/","title":{"rendered":"Pflege-Wasser"},"content":{"rendered":"\t\t<div data-elementor-type=\"wp-page\" data-elementor-id=\"992418\" class=\"elementor elementor-992418 elementor-988659\" data-elementor-post-type=\"page\">\n\t\t\t\t<div class=\"elementor-element elementor-element-8387615 e-con-full e-flex e-con e-parent\" data-id=\"8387615\" data-element_type=\"container\" data-settings=\"{&quot;background_background&quot;:&quot;classic&quot;,&quot;background_motion_fx_motion_fx_scrolling&quot;:&quot;yes&quot;,&quot;background_motion_fx_scale_effect&quot;:&quot;yes&quot;,&quot;background_motion_fx_scale_direction&quot;:&quot;out-in&quot;,&quot;background_motion_fx_scale_speed&quot;:{&quot;unit&quot;:&quot;px&quot;,&quot;size&quot;:4,&quot;sizes&quot;:[]},&quot;background_motion_fx_scale_range&quot;:{&quot;unit&quot;:&quot;%&quot;,&quot;size&quot;:&quot;&quot;,&quot;sizes&quot;:{&quot;start&quot;:20,&quot;end&quot;:80}},&quot;background_motion_fx_devices&quot;:[&quot;desktop&quot;,&quot;tablet&quot;,&quot;mobile&quot;]}\">\n\t\t\t\t<\/div>\n\t\t<div class=\"elementor-element elementor-element-30ef651 e-flex e-con-boxed e-con e-parent\" data-id=\"30ef651\" data-element_type=\"container\">\n\t\t\t\t\t<div class=\"e-con-inner\">\n\t\t<div class=\"elementor-element elementor-element-981b958 e-flex e-con-boxed e-con e-child\" data-id=\"981b958\" data-element_type=\"container\">\n\t\t\t\t\t<div class=\"e-con-inner\">\n\t\t\t\t<div class=\"elementor-element elementor-element-20563d1 elementor-widget__width-initial elementor-widget-mobile__width-initial elementor-invisible elementor-widget elementor-widget-heading\" data-id=\"20563d1\" data-element_type=\"widget\" data-settings=\"{&quot;_animation&quot;:&quot;fadeInUp&quot;}\" data-widget_type=\"heading.default\">\n\t\t\t\t<div class=\"elementor-widget-container\">\n\t\t\t<h2 class=\"elementor-heading-title elementor-size-default\">Premium-Getr\u00e4nkepflege f\u00fcr Ihren K\u00f6rper und Geist<\/h2>\t\t<\/div>\n\t\t\t\t<\/div>\n\t\t\t\t\t<\/div>\n\t\t\t\t<\/div>\n\t\t<div class=\"elementor-element elementor-element-e60a28b e-flex e-con-boxed e-con e-child\" data-id=\"e60a28b\" data-element_type=\"container\">\n\t\t\t\t\t<div class=\"e-con-inner\">\n\t\t\t\t<div class=\"elementor-element elementor-element-b4dd18e elementor-invisible elementor-widget elementor-widget-text-editor\" data-id=\"b4dd18e\" data-element_type=\"widget\" data-settings=\"{&quot;_animation&quot;:&quot;fadeIn&quot;,&quot;_animation_delay&quot;:200}\" data-widget_type=\"text-editor.default\">\n\t\t\t\t<div class=\"elementor-widget-container\">\n\t\t\t\t\t\t\t<p>Sich um Sie und Ihre Gesundheit zu k\u00fcmmern, hat f\u00fcr uns oberste Priorit\u00e4t. Unsere Care Water unges\u00e4ttigten Funktionsgetr\u00e4nke enthalten klinisch oder wissenschaftlich gepr\u00fcfte Inhaltsstoffe, die Ihnen helfen, langfristige M\u00fcdigkeit, geschw\u00e4chte Immunit\u00e4t, Stress zu bek\u00e4mpfen oder die k\u00f6rperliche Erholung Ihres K\u00f6rpers zu unterst\u00fctzen. <\/p><p>Entdecken Sie unser Premium-Sortiment an kalorienarmen Getr\u00e4nken, die auf nat\u00fcrliche und gesunde Weise ges\u00fc\u00dft sind, nur mit Fr\u00fcchten.<\/p>\t\t\t\t\t\t<\/div>\n\t\t\t\t<\/div>\n\t\t\t\t\t<\/div>\n\t\t\t\t<\/div>\n\t\t\t\t\t<\/div>\n\t\t\t\t<\/div>\n\t\t<div class=\"elementor-element elementor-element-10d2c30 e-flex e-con-boxed e-con e-parent\" data-id=\"10d2c30\" data-element_type=\"container\">\n\t\t\t\t\t<div class=\"e-con-inner\">\n\t\t<div class=\"elementor-element elementor-element-c28e4bf e-con-full e-flex e-con e-child\" data-id=\"c28e4bf\" data-element_type=\"container\" data-settings=\"{&quot;background_background&quot;:&quot;classic&quot;}\">\n\t\t\t\t<div class=\"elementor-element elementor-element-8397d1d elementor-invisible elementor-widget elementor-widget-heading\" data-id=\"8397d1d\" data-element_type=\"widget\" data-settings=\"{&quot;_animation&quot;:&quot;fadeInUp&quot;}\" data-widget_type=\"heading.default\">\n\t\t\t\t<div class=\"elementor-widget-container\">\n\t\t\t<h3 class=\"elementor-heading-title elementor-size-default\"><a href=\"https:\/\/carelabdivas.com\/sk\/produkty\/care-water-balance\/\">Pflege Wasserhaushalt<\/a><\/h3>\t\t<\/div>\n\t\t\t\t<\/div>\n\t\t\t\t<div class=\"elementor-element elementor-element-4756ba0 elementor-invisible elementor-widget elementor-widget-text-editor\" data-id=\"4756ba0\" data-element_type=\"widget\" data-settings=\"{&quot;_animation&quot;:&quot;fadeIn&quot;,&quot;_animation_delay&quot;:200}\" data-widget_type=\"text-editor.default\">\n\t\t\t\t<div class=\"elementor-widget-container\">\n\t\t\t\t\t\t\t<p>Das fesselnde, kohlens\u00e4urefreie Funktionsgetr\u00e4nk Care Water BALANCE sorgt f\u00fcr einen perfekten Ausgleich zu Ihren gesch\u00e4ftigen und stressigen Tagen. Meeresmagnesium, Eisen, Vitamin E und eine Mischung aus sechs weiteren Vitaminen helfen Ihnen, Stress zu bek\u00e4mpfen, Ihr inneres Gleichgewicht wiederherzustellen, \u00fcberm\u00e4\u00dfige M\u00fcdigkeit zu bek\u00e4mpfen und Ihr Nervensystem auf nat\u00fcrliche Weise zu unterst\u00fctzen. <\/p><p>Dank klinisch erprobter Inhaltsstoffe ist Care Water BALANCE ein gro\u00dfartiger Begleiter f\u00fcr ruhige Entspannung nach einem anstrengenden Tag.<\/p>\t\t\t\t\t\t<\/div>\n\t\t\t\t<\/div>\n\t\t\t\t<div class=\"elementor-element elementor-element-be9951a elementor-widget elementor-widget-button\" data-id=\"be9951a\" data-element_type=\"widget\" data-widget_type=\"button.default\">\n\t\t\t\t<div class=\"elementor-widget-container\">\n\t\t\t\t\t<div class=\"elementor-button-wrapper\">\n\t\t\t<a class=\"elementor-button elementor-button-link elementor-size-sm\" href=\"https:\/\/carelabdivas.com\/sk\/de\/produkty\/pflege-wasser-balance\/\">\n\t\t\t\t\t\t<span class=\"elementor-button-content-wrapper\">\n\t\t\t\t\t\t\t\t\t<span class=\"elementor-button-text\">Finden Sie mehr heraus<\/span>\n\t\t\t\t\t<\/span>\n\t\t\t\t\t<\/a>\n\t\t<\/div>\n\t\t\t\t<\/div>\n\t\t\t\t<\/div>\n\t\t\t\t<\/div>\n\t\t<div class=\"elementor-element elementor-element-960ae0f e-con-full e-flex e-con e-child\" data-id=\"960ae0f\" data-element_type=\"container\">\n\t\t\t\t<div class=\"elementor-element elementor-element-acf1185 elementor-invisible elementor-widget elementor-widget-image\" data-id=\"acf1185\" data-element_type=\"widget\" data-settings=\"{&quot;_animation&quot;:&quot;fadeInRight&quot;}\" data-widget_type=\"image.default\">\n\t\t\t\t<div class=\"elementor-widget-container\">\n\t\t\t\t\t\t\t\t\t\t\t\t\t\t<a href=\"\/?p=987745\">\n\t\t\t\t\t\t\t<img decoding=\"async\" src=\"https:\/\/carelabdivas.com\/sk\/wp-content\/uploads\/elementor\/thumbs\/care_lab_divas_waters_balance_c-qios08s9o4y6nrbq5kvltka9upd2etkk1iyh05rk5o.webp\" title=\"care lab divas waters balance c\" alt=\"care lab divas waters balance c\" loading=\"lazy\" \/>\t\t\t\t\t\t\t\t<\/a>\n\t\t\t\t\t\t\t\t\t\t\t\t\t<\/div>\n\t\t\t\t<\/div>\n\t\t\t\t<\/div>\n\t\t\t\t\t<\/div>\n\t\t\t\t<\/div>\n\t\t<div class=\"elementor-element elementor-element-7c2b599 e-flex e-con-boxed e-con e-parent\" data-id=\"7c2b599\" data-element_type=\"container\">\n\t\t\t\t\t<div class=\"e-con-inner\">\n\t\t<div class=\"elementor-element elementor-element-9ccc76e e-con-full e-flex e-con e-child\" data-id=\"9ccc76e\" data-element_type=\"container\">\n\t\t\t\t<div class=\"elementor-element elementor-element-af564ee elementor-invisible elementor-widget elementor-widget-image\" data-id=\"af564ee\" data-element_type=\"widget\" data-settings=\"{&quot;_animation&quot;:&quot;fadeInLeft&quot;}\" data-widget_type=\"image.default\">\n\t\t\t\t<div class=\"elementor-widget-container\">\n\t\t\t\t\t\t\t\t\t\t\t\t\t\t<a href=\"\/?p=988520\">\n\t\t\t\t\t\t\t<img decoding=\"async\" src=\"https:\/\/carelabdivas.com\/sk\/wp-content\/uploads\/elementor\/thumbs\/care_lab_divas_waters_brain_c-qios08s9o4y6nrbq5kvltka9upd2etkk1iyh05rk5o.webp\" title=\"care lab divas waters brain c\" alt=\"care lab divas waters brain c\" loading=\"lazy\" \/>\t\t\t\t\t\t\t\t<\/a>\n\t\t\t\t\t\t\t\t\t\t\t\t\t<\/div>\n\t\t\t\t<\/div>\n\t\t\t\t<\/div>\n\t\t<div class=\"elementor-element elementor-element-a80145b e-con-full e-flex e-con e-child\" data-id=\"a80145b\" data-element_type=\"container\" data-settings=\"{&quot;background_background&quot;:&quot;classic&quot;}\">\n\t\t\t\t<div class=\"elementor-element elementor-element-a5ddf4e elementor-invisible elementor-widget elementor-widget-heading\" data-id=\"a5ddf4e\" data-element_type=\"widget\" data-settings=\"{&quot;_animation&quot;:&quot;fadeInUp&quot;}\" data-widget_type=\"heading.default\">\n\t\t\t\t<div class=\"elementor-widget-container\">\n\t\t\t<h3 class=\"elementor-heading-title elementor-size-default\"><a href=\"\/?p=988520\">Pflege Wasser Gehirn<\/a><\/h3>\t\t<\/div>\n\t\t\t\t<\/div>\n\t\t\t\t<div class=\"elementor-element elementor-element-ac62874 elementor-invisible elementor-widget elementor-widget-text-editor\" data-id=\"ac62874\" data-element_type=\"widget\" data-settings=\"{&quot;_animation&quot;:&quot;fadeIn&quot;,&quot;_animation_delay&quot;:200}\" data-widget_type=\"text-editor.default\">\n\t\t\t\t<div class=\"elementor-widget-container\">\n\t\t\t\t\t\t\t<p>Care Water BRAIN ist ein erfrischendes, kohlens\u00e4urefreies Funktionsgetr\u00e4nk mit den Geschmacksrichtungen Pomelo und gr\u00fcne Zitrone, das Sie auch an anstrengenden Arbeitstagen wach h\u00e4lt. Die wissenschaftlich nachgewiesenen Inhaltsstoffe von Care Water BRAIN unterst\u00fctzen und stimulieren die kognitive Aktivit\u00e4t, das Lernen und die allgemeine Konzentration bei anspruchsvollen Aufgaben. <\/p><p>Zu den darin enthaltenen Wirkstoffen geh\u00f6ren Alpha GPC oder Acetyl L-Carnitin. Ohne Konservierungsstoffe oder k\u00fcnstliche Substanzen ist Care Water BRAIN die richtige Wahl, um Ihnen auch an den h\u00e4rtesten Tagen zu H\u00f6chstleistungen zu verhelfen. <\/p>\t\t\t\t\t\t<\/div>\n\t\t\t\t<\/div>\n\t\t\t\t<div class=\"elementor-element elementor-element-da7ae5c elementor-widget elementor-widget-button\" data-id=\"da7ae5c\" data-element_type=\"widget\" data-widget_type=\"button.default\">\n\t\t\t\t<div class=\"elementor-widget-container\">\n\t\t\t\t\t<div class=\"elementor-button-wrapper\">\n\t\t\t<a class=\"elementor-button elementor-button-link elementor-size-sm\" href=\"https:\/\/carelabdivas.com\/sk\/de\/produkty\/pflege-wasser-brain\/\">\n\t\t\t\t\t\t<span class=\"elementor-button-content-wrapper\">\n\t\t\t\t\t\t\t\t\t<span class=\"elementor-button-text\">Finden Sie mehr heraus<\/span>\n\t\t\t\t\t<\/span>\n\t\t\t\t\t<\/a>\n\t\t<\/div>\n\t\t\t\t<\/div>\n\t\t\t\t<\/div>\n\t\t\t\t<\/div>\n\t\t\t\t\t<\/div>\n\t\t\t\t<\/div>\n\t\t<div class=\"elementor-element elementor-element-c30e8b9 elementor-hidden-desktop elementor-hidden-tablet elementor-hidden-mobile e-flex e-con-boxed e-con e-parent\" data-id=\"c30e8b9\" data-element_type=\"container\">\n\t\t\t\t\t<div class=\"e-con-inner\">\n\t\t<div class=\"elementor-element elementor-element-4daa92b e-con-full e-flex e-con e-child\" data-id=\"4daa92b\" data-element_type=\"container\" data-settings=\"{&quot;background_background&quot;:&quot;classic&quot;}\">\n\t\t\t\t<div class=\"elementor-element elementor-element-a79e485 elementor-invisible elementor-widget elementor-widget-heading\" data-id=\"a79e485\" data-element_type=\"widget\" data-settings=\"{&quot;_animation&quot;:&quot;fadeInUp&quot;}\" data-widget_type=\"heading.default\">\n\t\t\t\t<div class=\"elementor-widget-container\">\n\t\t\t<h3 class=\"elementor-heading-title elementor-size-default\">Pflege Wasserauff\u00fcllung<\/h3>\t\t<\/div>\n\t\t\t\t<\/div>\n\t\t\t\t<div class=\"elementor-element elementor-element-e2d4561 elementor-invisible elementor-widget elementor-widget-text-editor\" data-id=\"e2d4561\" data-element_type=\"widget\" data-settings=\"{&quot;_animation&quot;:&quot;fadeIn&quot;,&quot;_animation_delay&quot;:200}\" data-widget_type=\"text-editor.default\">\n\t\t\t\t<div class=\"elementor-widget-container\">\n\t\t\t\t\t\t\t<p>Eine einzigartige Mischung aus Koffein, Coenzym Q10, Riboflavin und Vitaminen macht Care Water RECHARGE zu einem kohlens\u00e4urefreien Getr\u00e4nk, das Ihnen Energie gibt, wann immer Sie sie brauchen.<\/p><p>Wenn Sie unter lang anhaltender Ersch\u00f6pfung, chronischer M\u00fcdigkeit oder Schw\u00e4che leiden, wird Care Water RECHARGE mit dem fruchtigen Geschmack von Mandarine und Guave Ihnen dank seiner klinisch erprobten Inhaltsstoffe neue Energie verleihen.<\/p>\t\t\t\t\t\t<\/div>\n\t\t\t\t<\/div>\n\t\t\t\t<div class=\"elementor-element elementor-element-807e581 elementor-widget elementor-widget-button\" data-id=\"807e581\" data-element_type=\"widget\" data-widget_type=\"button.default\">\n\t\t\t\t<div class=\"elementor-widget-container\">\n\t\t\t\t\t<div class=\"elementor-button-wrapper\">\n\t\t\t<a class=\"elementor-button elementor-size-sm\" role=\"button\">\n\t\t\t\t\t\t<span class=\"elementor-button-content-wrapper\">\n\t\t\t\t\t\t<span class=\"elementor-button-icon\">\n\t\t\t\t<i aria-hidden=\"true\" class=\"fas fa-long-arrow-alt-right\"><\/i>\t\t\t<\/span>\n\t\t\t\t\t\t\t\t\t<span class=\"elementor-button-text\">Finden Sie mehr heraus<\/span>\n\t\t\t\t\t<\/span>\n\t\t\t\t\t<\/a>\n\t\t<\/div>\n\t\t\t\t<\/div>\n\t\t\t\t<\/div>\n\t\t\t\t<\/div>\n\t\t<div class=\"elementor-element elementor-element-8a0e8e3 e-con-full e-flex e-con e-child\" data-id=\"8a0e8e3\" data-element_type=\"container\">\n\t\t\t\t<div class=\"elementor-element elementor-element-f3e23c1 elementor-invisible elementor-widget elementor-widget-image\" data-id=\"f3e23c1\" data-element_type=\"widget\" data-settings=\"{&quot;_animation&quot;:&quot;fadeInRight&quot;}\" data-widget_type=\"image.default\">\n\t\t\t\t<div class=\"elementor-widget-container\">\n\t\t\t\t\t\t\t\t\t\t\t\t\t\t<a href=\"\/sk\/produkty\/care-water-recharge\/\">\n\t\t\t\t\t\t\t<img decoding=\"async\" src=\"https:\/\/carelabdivas.com\/sk\/wp-content\/uploads\/elementor\/thumbs\/care_lab_divas_waters_recharche_c-qios0any1t0raz8zulouyjt71h3su7s0ps9fyport8.webp\" title=\"care lab divas waters recharche c\" alt=\"care lab divas waters recharche c\" loading=\"lazy\" \/>\t\t\t\t\t\t\t\t<\/a>\n\t\t\t\t\t\t\t\t\t\t\t\t\t<\/div>\n\t\t\t\t<\/div>\n\t\t\t\t<\/div>\n\t\t\t\t\t<\/div>\n\t\t\t\t<\/div>\n\t\t<div class=\"elementor-element elementor-element-d7659d3 e-flex e-con-boxed e-con e-parent\" data-id=\"d7659d3\" data-element_type=\"container\">\n\t\t\t\t\t<div class=\"e-con-inner\">\n\t\t<div class=\"elementor-element elementor-element-c4045bf e-con-full e-flex e-con e-child\" data-id=\"c4045bf\" data-element_type=\"container\" data-settings=\"{&quot;background_background&quot;:&quot;classic&quot;}\">\n\t\t\t\t<div class=\"elementor-element elementor-element-ac22f17 elementor-invisible elementor-widget elementor-widget-heading\" data-id=\"ac22f17\" data-element_type=\"widget\" data-settings=\"{&quot;_animation&quot;:&quot;fadeInUp&quot;}\" data-widget_type=\"heading.default\">\n\t\t\t\t<div class=\"elementor-widget-container\">\n\t\t\t<h3 class=\"elementor-heading-title elementor-size-default\"><a href=\"\/?p=988340\">Pflege-Wasser-Verteidigung<\/a><\/h3>\t\t<\/div>\n\t\t\t\t<\/div>\n\t\t\t\t<div class=\"elementor-element elementor-element-b666fdb elementor-invisible elementor-widget elementor-widget-text-editor\" data-id=\"b666fdb\" data-element_type=\"widget\" data-settings=\"{&quot;_animation&quot;:&quot;fadeIn&quot;,&quot;_animation_delay&quot;:200}\" data-widget_type=\"text-editor.default\">\n\t\t\t\t<div class=\"elementor-widget-container\">\n\t\t\t\t\t\t\t<p>Care Water DEFENSE unges\u00e4ttigtes Funktionsgetr\u00e4nk bietet umfassende Unterst\u00fctzung f\u00fcr Ihr Immunsystem und Ihre allgemeine Gesundheit. Mit pr\u00e4biotischen Ballaststoffen, Zink, Selen, Vitamin D3 und einer Mischung aus 6 weiteren essentiellen Vitaminen wird dieses unges\u00e4ttigte Funktionsgetr\u00e4nk Sie effektiv auf den Weg zu einem ges\u00fcnderen Ich bringen. <\/p><p>Die Ballaststoffe tragen zu einer gesunden Verdauung bei, w\u00e4hrend das hochwirksame Trio aus Zink, Selen und Vitamin D3 sowohl die adaptive als auch die angeborene Immunit\u00e4t positiv beeinflusst. Unser Premiumgetr\u00e4nk mit Granatapfel- und Hibiskusgeschmack ist ein gro\u00dfartiger Partner, um Sie gesund und fit zu halten. <\/p>\t\t\t\t\t\t<\/div>\n\t\t\t\t<\/div>\n\t\t\t\t<div class=\"elementor-element elementor-element-b284787 elementor-widget elementor-widget-button\" data-id=\"b284787\" data-element_type=\"widget\" data-widget_type=\"button.default\">\n\t\t\t\t<div class=\"elementor-widget-container\">\n\t\t\t\t\t<div class=\"elementor-button-wrapper\">\n\t\t\t<a class=\"elementor-button elementor-button-link elementor-size-sm\" href=\"https:\/\/carelabdivas.com\/sk\/de\/produkty\/pflege-wasser-defense\/\">\n\t\t\t\t\t\t<span class=\"elementor-button-content-wrapper\">\n\t\t\t\t\t\t\t\t\t<span class=\"elementor-button-text\">Finden Sie mehr heraus<\/span>\n\t\t\t\t\t<\/span>\n\t\t\t\t\t<\/a>\n\t\t<\/div>\n\t\t\t\t<\/div>\n\t\t\t\t<\/div>\n\t\t\t\t<\/div>\n\t\t<div class=\"elementor-element elementor-element-cf8dcee e-con-full e-flex e-con e-child\" data-id=\"cf8dcee\" data-element_type=\"container\">\n\t\t\t\t<div class=\"elementor-element elementor-element-6f17675 elementor-invisible elementor-widget elementor-widget-image\" data-id=\"6f17675\" data-element_type=\"widget\" data-settings=\"{&quot;_animation&quot;:&quot;fadeInRight&quot;}\" data-widget_type=\"image.default\">\n\t\t\t\t<div class=\"elementor-widget-container\">\n\t\t\t\t\t\t\t\t\t\t\t\t\t\t<a href=\"\/?p=988340\">\n\t\t\t\t\t\t\t<img decoding=\"async\" src=\"https:\/\/carelabdivas.com\/sk\/wp-content\/uploads\/elementor\/thumbs\/care_lab_divas_waters_waters_defense-qios0dhgmb4m9t4we4wqo13ktmpwhb37q67wejklak.webp\" title=\"care lab divas waters waters defense\" alt=\"care lab divas waters waters defense\" loading=\"lazy\" \/>\t\t\t\t\t\t\t\t<\/a>\n\t\t\t\t\t\t\t\t\t\t\t\t\t<\/div>\n\t\t\t\t<\/div>\n\t\t\t\t<\/div>\n\t\t\t\t\t<\/div>\n\t\t\t\t<\/div>\n\t\t<div class=\"elementor-element elementor-element-77f9edc e-flex e-con-boxed e-con e-parent\" data-id=\"77f9edc\" data-element_type=\"container\">\n\t\t\t\t\t<div class=\"e-con-inner\">\n\t\t\t\t<div class=\"elementor-element elementor-element-e49a36e elementor-invisible elementor-widget elementor-widget-heading\" data-id=\"e49a36e\" data-element_type=\"widget\" data-settings=\"{&quot;_animation&quot;:&quot;fadeInUp&quot;,&quot;motion_fx_motion_fx_scrolling&quot;:&quot;yes&quot;,&quot;motion_fx_translateY_effect&quot;:&quot;yes&quot;,&quot;motion_fx_translateY_speed&quot;:{&quot;unit&quot;:&quot;px&quot;,&quot;size&quot;:1,&quot;sizes&quot;:[]},&quot;motion_fx_translateY_affectedRange&quot;:{&quot;unit&quot;:&quot;%&quot;,&quot;size&quot;:&quot;&quot;,&quot;sizes&quot;:{&quot;start&quot;:0,&quot;end&quot;:100}},&quot;motion_fx_devices&quot;:[&quot;desktop&quot;,&quot;tablet&quot;,&quot;mobile&quot;]}\" data-widget_type=\"heading.default\">\n\t\t\t\t<div class=\"elementor-widget-container\">\n\t\t\t<h2 class=\"elementor-heading-title elementor-size-default\">Mehr Produkte entdecken<\/h2>\t\t<\/div>\n\t\t\t\t<\/div>\n\t\t<div class=\"elementor-element elementor-element-da43de9 e-flex e-con-boxed e-con e-child\" data-id=\"da43de9\" data-element_type=\"container\">\n\t\t\t\t\t<div class=\"e-con-inner\">\n\t\t<div class=\"elementor-element elementor-element-8c9cdf6 e-flex e-con-boxed e-con e-child\" data-id=\"8c9cdf6\" data-element_type=\"container\">\n\t\t\t\t\t<div class=\"e-con-inner\">\n\t\t\t\t<div class=\"elementor-element elementor-element-8e3f3bb elementor-widget-mobile__width-inherit elementor-invisible elementor-widget elementor-widget-image\" data-id=\"8e3f3bb\" data-element_type=\"widget\" data-settings=\"{&quot;_animation&quot;:&quot;fadeIn&quot;}\" data-widget_type=\"image.default\">\n\t\t\t\t<div class=\"elementor-widget-container\">\n\t\t\t\t\t\t\t\t\t\t\t\t\t\t<a href=\"\/?p=988544\">\n\t\t\t\t\t\t\t<img decoding=\"async\" src=\"https:\/\/carelabdivas.com\/sk\/wp-content\/uploads\/elementor\/thumbs\/care_lab_divas_bubbles_waters_sour_cherry_c-qios0433bw69309kaimaaot5ldc5b5ncliqjoygmk4.webp\" title=\"care lab divas bubbles waters sour cherry c\" alt=\"care lab divas bubbles waters sour cherry c\" loading=\"lazy\" \/>\t\t\t\t\t\t\t\t<\/a>\n\t\t\t\t\t\t\t\t\t\t\t\t\t<\/div>\n\t\t\t\t<\/div>\n\t\t\t\t\t<\/div>\n\t\t\t\t<\/div>\n\t\t<div class=\"elementor-element elementor-element-29ac125 e-flex e-con-boxed e-con e-child\" data-id=\"29ac125\" data-element_type=\"container\">\n\t\t\t\t\t<div class=\"e-con-inner\">\n\t\t\t\t<div class=\"elementor-element elementor-element-9172282 elementor-widget__width-auto animated-slow elementor-invisible elementor-widget elementor-widget-global elementor-global-992554 elementor-global-989598 elementor-widget-button\" data-id=\"9172282\" data-element_type=\"widget\" data-settings=\"{&quot;_animation&quot;:&quot;fadeIn&quot;,&quot;_animation_delay&quot;:600,&quot;_animation_tablet&quot;:&quot;none&quot;,&quot;_animation_mobile&quot;:&quot;none&quot;}\" data-widget_type=\"button.default\">\n\t\t\t\t<div class=\"elementor-widget-container\">\n\t\t\t\t\t<div class=\"elementor-button-wrapper\">\n\t\t\t<a class=\"elementor-button elementor-button-link elementor-size-sm\" href=\"\/sk\/produkty\">\n\t\t\t\t\t\t<span class=\"elementor-button-content-wrapper\">\n\t\t\t\t\t\t\t\t\t<span class=\"elementor-button-text\">Alle Produkte<\/span>\n\t\t\t\t\t<\/span>\n\t\t\t\t\t<\/a>\n\t\t<\/div>\n\t\t\t\t<\/div>\n\t\t\t\t<\/div>\n\t\t\t\t<div class=\"elementor-element elementor-element-4a370c1 elementor-widget-mobile__width-inherit elementor-invisible elementor-widget elementor-widget-image\" data-id=\"4a370c1\" data-element_type=\"widget\" data-settings=\"{&quot;_animation&quot;:&quot;fadeIn&quot;,&quot;_animation_delay&quot;:200}\" data-widget_type=\"image.default\">\n\t\t\t\t<div class=\"elementor-widget-container\">\n\t\t\t\t\t\t\t\t\t\t\t\t\t\t<a href=\"\/?p=988539\">\n\t\t\t\t\t\t\t<img decoding=\"async\" src=\"https:\/\/carelabdivas.com\/sk\/wp-content\/uploads\/elementor\/thumbs\/care_lab_divas_bubbles_grapefruit_hibiscus_c-qios0359524yreaxg07nq71ozzgs3gjm9e327oi0qc.webp\" title=\"care lab divas bubbles grapefruit hibiscus c\" alt=\"care lab divas bubbles grapefruit hibiscus c\" loading=\"lazy\" \/>\t\t\t\t\t\t\t\t<\/a>\n\t\t\t\t\t\t\t\t\t\t\t\t\t<\/div>\n\t\t\t\t<\/div>\n\t\t\t\t\t<\/div>\n\t\t\t\t<\/div>\n\t\t<div class=\"elementor-element elementor-element-8474df4 e-flex e-con-boxed e-con e-child\" data-id=\"8474df4\" data-element_type=\"container\">\n\t\t\t\t\t<div class=\"e-con-inner\">\n\t\t\t\t<div class=\"elementor-element elementor-element-6c202b4 elementor-widget-mobile__width-inherit elementor-invisible elementor-widget elementor-widget-image\" data-id=\"6c202b4\" data-element_type=\"widget\" data-settings=\"{&quot;_animation&quot;:&quot;fadeIn&quot;,&quot;_animation_delay&quot;:400}\" data-widget_type=\"image.default\">\n\t\t\t\t<div class=\"elementor-widget-container\">\n\t\t\t\t\t\t\t\t\t\t\t\t\t\t<a href=\"\/?p=991496\">\n\t\t\t\t\t\t\t<img decoding=\"async\" src=\"https:\/\/carelabdivas.com\/sk\/wp-content\/uploads\/elementor\/thumbs\/bergamot_care-bubbles-scaled-qqi7bg3se8ebhtgotwwd50lvyaqdy7vra7qn0xlwdw.webp\" title=\"care bubbles jasm\u00ed\u00adn\" alt=\"care bubbles jasm\u00ed\u00adn\" loading=\"lazy\" \/>\t\t\t\t\t\t\t\t<\/a>\n\t\t\t\t\t\t\t\t\t\t\t\t\t<\/div>\n\t\t\t\t<\/div>\n\t\t\t\t\t<\/div>\n\t\t\t\t<\/div>\n\t\t\t\t\t<\/div>\n\t\t\t\t<\/div>\n\t\t\t\t\t<\/div>\n\t\t\t\t<\/div>\n\t\t\t\t<\/div>\n\t\t","protected":false},"excerpt":{"rendered":"<p>Premium-Getr\u00e4nkepflege f\u00fcr Ihren K\u00f6rper und Geist Sich um Sie und Ihre Gesundheit zu k\u00fcmmern, hat f\u00fcr uns oberste Priorit\u00e4t. Unsere Care Water unges\u00e4ttigten Funktionsgetr\u00e4nke enthalten klinisch oder wissenschaftlich gepr\u00fcfte Inhaltsstoffe, die Ihnen helfen, langfristige M\u00fcdigkeit, geschw\u00e4chte Immunit\u00e4t, Stress zu bek\u00e4mpfen oder die k\u00f6rperliche Erholung Ihres K\u00f6rpers zu unterst\u00fctzen. Entdecken Sie unser Premium-Sortiment an kalorienarmen Getr\u00e4nken, [&hellip;]<\/p>\n","protected":false},"author":1,"featured_media":992132,"parent":0,"menu_order":0,"comment_status":"closed","ping_status":"closed","template":"","meta":{"_acf_changed":false,"_seopress_robots_primary_cat":"","_seopress_titles_title":"Care Water - ein t\u00e4gliches gesundes Ritual %%sep%% %%sitetitle%%","_seopress_titles_desc":"Unges\u00e4ttigte Funktionsgetr\u00e4nke mit klinisch erprobten Substanzen bek\u00e4mpfen langfristige M\u00fcdigkeit, geschw\u00e4chte Immunit\u00e4t, Stress oder unterst\u00fctzen die k\u00f6rperliche Erholung des K\u00f6rpers.","_seopress_robots_index":"","footnotes":""},"class_list":["post-992418","page","type-page","status-publish","has-post-thumbnail","hentry"],"acf":[],"_links":{"self":[{"href":"https:\/\/carelabdivas.com\/sk\/de\/wp-json\/wp\/v2\/pages\/992418"}],"collection":[{"href":"https:\/\/carelabdivas.com\/sk\/de\/wp-json\/wp\/v2\/pages"}],"about":[{"href":"https:\/\/carelabdivas.com\/sk\/de\/wp-json\/wp\/v2\/types\/page"}],"author":[{"embeddable":true,"href":"https:\/\/carelabdivas.com\/sk\/de\/wp-json\/wp\/v2\/users\/1"}],"replies":[{"embeddable":true,"href":"https:\/\/carelabdivas.com\/sk\/de\/wp-json\/wp\/v2\/comments?post=992418"}],"version-history":[{"count":4,"href":"https:\/\/carelabdivas.com\/sk\/de\/wp-json\/wp\/v2\/pages\/992418\/revisions"}],"predecessor-version":[{"id":992984,"href":"https:\/\/carelabdivas.com\/sk\/de\/wp-json\/wp\/v2\/pages\/992418\/revisions\/992984"}],"wp:featuredmedia":[{"embeddable":true,"href":"https:\/\/carelabdivas.com\/sk\/de\/wp-json\/wp\/v2\/media\/992132"}],"wp:attachment":[{"href":"https:\/\/carelabdivas.com\/sk\/de\/wp-json\/wp\/v2\/media?parent=992418"}],"curies":[{"name":"wp","href":"https:\/\/api.w.org\/{rel}","templated":true}]}}