{"id":992420,"date":"2023-05-19T13:37:39","date_gmt":"2023-05-19T11:37:39","guid":{"rendered":"https:\/\/carelabdivas.com\/sk\/energie\/"},"modified":"2025-05-08T08:05:15","modified_gmt":"2025-05-08T06:05:15","slug":"energie","status":"publish","type":"page","link":"https:\/\/carelabdivas.com\/sk\/de\/energie\/","title":{"rendered":"Energie"},"content":{"rendered":"\t\t<div data-elementor-type=\"wp-page\" data-elementor-id=\"992420\" class=\"elementor elementor-992420 elementor-988238\" data-elementor-post-type=\"page\">\n\t\t\t\t<div class=\"elementor-element elementor-element-c4e3a22 e-flex e-con-boxed e-con e-parent\" data-id=\"c4e3a22\" data-element_type=\"container\">\n\t\t\t\t\t<div class=\"e-con-inner\">\n\t\t<div class=\"elementor-element elementor-element-efe57e6 e-flex e-con-boxed e-con e-child\" data-id=\"efe57e6\" data-element_type=\"container\" data-settings=\"{&quot;background_background&quot;:&quot;classic&quot;}\">\n\t\t\t\t\t<div class=\"e-con-inner\">\n\t\t<div class=\"elementor-element elementor-element-d71401f e-con-full e-flex e-con e-child\" data-id=\"d71401f\" data-element_type=\"container\" data-settings=\"{&quot;motion_fx_motion_fx_scrolling&quot;:&quot;yes&quot;,&quot;motion_fx_translateY_effect&quot;:&quot;yes&quot;,&quot;motion_fx_translateY_speed&quot;:{&quot;unit&quot;:&quot;px&quot;,&quot;size&quot;:2,&quot;sizes&quot;:[]},&quot;motion_fx_translateY_affectedRange&quot;:{&quot;unit&quot;:&quot;%&quot;,&quot;size&quot;:&quot;&quot;,&quot;sizes&quot;:{&quot;start&quot;:0,&quot;end&quot;:100}},&quot;motion_fx_devices&quot;:[&quot;desktop&quot;,&quot;tablet&quot;,&quot;mobile&quot;]}\">\n\t\t\t\t<div class=\"elementor-element elementor-element-f0c1759 animated-fast elementor-invisible elementor-widget elementor-widget-heading\" data-id=\"f0c1759\" data-element_type=\"widget\" data-settings=\"{&quot;_animation&quot;:&quot;fadeInDown&quot;,&quot;_animation_delay&quot;:100}\" data-widget_type=\"heading.default\">\n\t\t\t\t<div class=\"elementor-widget-container\">\n\t\t\t<h1 class=\"elementor-heading-title elementor-size-default\">Leben Sie voll und ganz und mit Energie.  <\/h1>\t\t<\/div>\n\t\t\t\t<\/div>\n\t\t\t\t<div class=\"elementor-element elementor-element-59a438f animated-fast elementor-invisible elementor-widget elementor-widget-heading\" data-id=\"59a438f\" data-element_type=\"widget\" data-settings=\"{&quot;_animation&quot;:&quot;fadeIn&quot;,&quot;_animation_delay&quot;:1100}\" data-widget_type=\"heading.default\">\n\t\t\t\t<div class=\"elementor-widget-container\">\n\t\t\t<h1 class=\"elementor-heading-title elementor-size-default\">Verabschieden Sie sich von chronischen  <\/h1>\t\t<\/div>\n\t\t\t\t<\/div>\n\t\t\t\t<div class=\"elementor-element elementor-element-4d2de5c animated-fast elementor-invisible elementor-widget elementor-widget-heading\" data-id=\"4d2de5c\" data-element_type=\"widget\" data-settings=\"{&quot;_animation&quot;:&quot;fadeInUp&quot;,&quot;_animation_delay&quot;:600}\" data-widget_type=\"heading.default\">\n\t\t\t\t<div class=\"elementor-widget-container\">\n\t\t\t<h1 class=\"elementor-heading-title elementor-size-default\">M\u00fcdigkeit und Ersch\u00f6pfung<\/h1>\t\t<\/div>\n\t\t\t\t<\/div>\n\t\t\t\t<div class=\"elementor-element elementor-element-22f1d06 elementor-align-justify elementor-widget__width-initial elementor-mobile-align-left elementor-widget-mobile__width-initial elementor-widget-tablet__width-initial elementor-invisible elementor-widget elementor-widget-global elementor-global-992506 elementor-global-988046 elementor-widget-button\" data-id=\"22f1d06\" data-element_type=\"widget\" data-settings=\"{&quot;_animation&quot;:&quot;fadeIn&quot;,&quot;_animation_delay&quot;:350}\" data-widget_type=\"button.default\">\n\t\t\t\t<div class=\"elementor-widget-container\">\n\t\t\t\t\t<div class=\"elementor-button-wrapper\">\n\t\t\t<a class=\"elementor-button elementor-button-link elementor-size-sm\" href=\"\/sk\/produkty\">\n\t\t\t\t\t\t<span class=\"elementor-button-content-wrapper\">\n\t\t\t\t\t\t\t\t\t<span class=\"elementor-button-text\">Alle Produkte<\/span>\n\t\t\t\t\t<\/span>\n\t\t\t\t\t<\/a>\n\t\t<\/div>\n\t\t\t\t<\/div>\n\t\t\t\t<\/div>\n\t\t\t\t<\/div>\n\t\t<div class=\"elementor-element elementor-element-940393f e-flex e-con-boxed e-con e-child\" data-id=\"940393f\" data-element_type=\"container\">\n\t\t\t\t\t<div class=\"e-con-inner\">\n\t\t\t\t<div class=\"elementor-element elementor-element-5f7d4dd elementor-hidden-mobile elementor-invisible elementor-widget elementor-widget-image\" data-id=\"5f7d4dd\" data-element_type=\"widget\" data-settings=\"{&quot;_animation&quot;:&quot;fadeIn&quot;,&quot;_animation_delay&quot;:1000}\" data-widget_type=\"image.default\">\n\t\t\t\t<div class=\"elementor-widget-container\">\n\t\t\t\t\t\t\t\t\t\t\t\t\t<img loading=\"lazy\" decoding=\"async\" width=\"1080\" height=\"1081\" src=\"https:\/\/carelabdivas.com\/sk\/wp-content\/uploads\/2023\/05\/divas-logo-pecat-text-rgb-1200px@300ppi.webp\" class=\"attachment-large size-large wp-image-992085\" alt=\"\" srcset=\"https:\/\/carelabdivas.com\/sk\/wp-content\/uploads\/2023\/05\/divas-logo-pecat-text-rgb-1200px@300ppi.webp 1080w, https:\/\/carelabdivas.com\/sk\/wp-content\/uploads\/2023\/05\/divas-logo-pecat-text-rgb-1200px@300ppi-300x300.webp 300w, https:\/\/carelabdivas.com\/sk\/wp-content\/uploads\/2023\/05\/divas-logo-pecat-text-rgb-1200px@300ppi-100x100.webp 100w, https:\/\/carelabdivas.com\/sk\/wp-content\/uploads\/2023\/05\/divas-logo-pecat-text-rgb-1200px@300ppi-600x601.webp 600w, https:\/\/carelabdivas.com\/sk\/wp-content\/uploads\/2023\/05\/divas-logo-pecat-text-rgb-1200px@300ppi-768x769.webp 768w, https:\/\/carelabdivas.com\/sk\/wp-content\/uploads\/2023\/05\/divas-logo-pecat-text-rgb-1200px@300ppi-630x630.webp 630w\" sizes=\"(max-width: 1080px) 100vw, 1080px\" \/>\t\t\t\t\t\t\t\t\t\t\t\t\t<\/div>\n\t\t\t\t<\/div>\n\t\t\t\t<div class=\"elementor-element elementor-element-04a2359 elementor-invisible elementor-widget elementor-widget-image\" data-id=\"04a2359\" data-element_type=\"widget\" data-settings=\"{&quot;_animation&quot;:&quot;fadeInRight&quot;,&quot;_animation_delay&quot;:200}\" data-widget_type=\"image.default\">\n\t\t\t\t<div class=\"elementor-widget-container\">\n\t\t\t\t\t\t\t\t\t\t\t\t\t<img decoding=\"async\" src=\"https:\/\/carelabdivas.com\/sk\/wp-content\/uploads\/elementor\/thumbs\/care_lab_divas_energia-qios050wavdon4pqvxglfc586svdodlek529yfmkqw.webp\" title=\"care lab divas energia\" alt=\"care lab divas energia\" loading=\"lazy\" \/>\t\t\t\t\t\t\t\t\t\t\t\t\t<\/div>\n\t\t\t\t<\/div>\n\t\t\t\t\t<\/div>\n\t\t\t\t<\/div>\n\t\t\t\t\t<\/div>\n\t\t\t\t<\/div>\n\t\t\t\t\t<\/div>\n\t\t\t\t<\/div>\n\t\t<div class=\"elementor-element elementor-element-d542862 elementor-hidden-desktop elementor-hidden-tablet elementor-hidden-mobile e-flex e-con-boxed e-con e-parent\" data-id=\"d542862\" data-element_type=\"container\">\n\t\t\t\t\t<div class=\"e-con-inner\">\n\t\t<div class=\"elementor-element elementor-element-421dcec e-con-full e-flex e-con e-child\" data-id=\"421dcec\" data-element_type=\"container\" data-settings=\"{&quot;background_background&quot;:&quot;classic&quot;}\">\n\t\t\t\t<div class=\"elementor-element elementor-element-ed3906f elementor-invisible elementor-widget elementor-widget-heading\" data-id=\"ed3906f\" data-element_type=\"widget\" data-settings=\"{&quot;_animation&quot;:&quot;fadeInUp&quot;}\" data-widget_type=\"heading.default\">\n\t\t\t\t<div class=\"elementor-widget-container\">\n\t\t\t<h3 class=\"elementor-heading-title elementor-size-default\">Pflege Wasserauff\u00fcllung<\/h3>\t\t<\/div>\n\t\t\t\t<\/div>\n\t\t\t\t<div class=\"elementor-element elementor-element-fae0daa elementor-invisible elementor-widget elementor-widget-text-editor\" data-id=\"fae0daa\" data-element_type=\"widget\" data-settings=\"{&quot;_animation&quot;:&quot;fadeIn&quot;,&quot;_animation_delay&quot;:200}\" data-widget_type=\"text-editor.default\">\n\t\t\t\t<div class=\"elementor-widget-container\">\n\t\t\t\t\t\t\t<p>Eine einzigartige Mischung aus Koffein, Coenzym Q10, Riboflavin und Vitaminen macht Care Water RECHARGE zu einem kohlens\u00e4urefreien Getr\u00e4nk, das Ihnen Energie gibt, wann immer Sie sie brauchen.<\/p><p>Wenn Sie unter lang anhaltender Ersch\u00f6pfung, chronischer M\u00fcdigkeit oder Schw\u00e4che leiden, wird Care Water RECHARGE mit dem fruchtigen Geschmack von Mandarine und Guave Ihnen dank seiner klinisch erprobten Inhaltsstoffe neue Energie verleihen.<\/p>\t\t\t\t\t\t<\/div>\n\t\t\t\t<\/div>\n\t\t\t\t<div class=\"elementor-element elementor-element-1c3f23b elementor-add-to-cart--layout-stacked elementor-invisible elementor-widget elementor-widget-wc-add-to-cart\" data-id=\"1c3f23b\" data-element_type=\"widget\" data-settings=\"{&quot;_animation&quot;:&quot;fadeInUp&quot;}\" data-widget_type=\"wc-add-to-cart.default\">\n\t\t\t\t<div class=\"elementor-widget-container\">\n\t\t\t\t\t<div class=\"elementor-button-wrapper\">\n\t\t\t<a class=\"elementor-button elementor-size-sm\" role=\"button\">\n\t\t\t\t\t\t<span class=\"elementor-button-content-wrapper\">\n\t\t\t\t\t\t<span class=\"elementor-button-icon\">\n\t\t\t\t<i aria-hidden=\"true\" class=\"fas fa-long-arrow-alt-right\"><\/i>\t\t\t<\/span>\n\t\t\t\t\t\t\t\t\t<span class=\"elementor-button-text\">Zum Warenkorb hinzuf\u00fcgen<\/span>\n\t\t\t\t\t<\/span>\n\t\t\t\t\t<\/a>\n\t\t<\/div>\n\t\t\t\t<\/div>\n\t\t\t\t<\/div>\n\t\t\t\t<\/div>\n\t\t<div class=\"elementor-element elementor-element-6a87f60 e-con-full e-flex e-con e-child\" data-id=\"6a87f60\" data-element_type=\"container\">\n\t\t\t\t<div class=\"elementor-element elementor-element-115d43d elementor-invisible elementor-widget elementor-widget-image\" data-id=\"115d43d\" data-element_type=\"widget\" data-settings=\"{&quot;_animation&quot;:&quot;fadeInRight&quot;}\" data-widget_type=\"image.default\">\n\t\t\t\t<div class=\"elementor-widget-container\">\n\t\t\t\t\t\t\t\t\t\t\t\t\t\t<a href=\"\/sk\/produkty\/care-water-recharge\/\">\n\t\t\t\t\t\t\t<img decoding=\"async\" src=\"https:\/\/carelabdivas.com\/sk\/wp-content\/uploads\/elementor\/thumbs\/care_lab_divas_waters_recharche_c-qios0any1t0raz8zulouyjt71h3su7s0ps9fyport8.webp\" title=\"care lab divas waters recharche c\" alt=\"care lab divas waters recharche c\" loading=\"lazy\" \/>\t\t\t\t\t\t\t\t<\/a>\n\t\t\t\t\t\t\t\t\t\t\t\t\t<\/div>\n\t\t\t\t<\/div>\n\t\t\t\t<\/div>\n\t\t\t\t\t<\/div>\n\t\t\t\t<\/div>\n\t\t<div class=\"elementor-element elementor-element-17280f2 e-flex e-con-boxed e-con e-parent\" data-id=\"17280f2\" data-element_type=\"container\">\n\t\t\t\t\t<div class=\"e-con-inner\">\n\t\t<div class=\"elementor-element elementor-element-88475a6 e-con-full e-flex e-con e-child\" data-id=\"88475a6\" data-element_type=\"container\">\n\t\t\t\t<div class=\"elementor-element elementor-element-4b207fa elementor-invisible elementor-widget elementor-widget-image\" data-id=\"4b207fa\" data-element_type=\"widget\" data-settings=\"{&quot;_animation&quot;:&quot;fadeInLeft&quot;}\" data-widget_type=\"image.default\">\n\t\t\t\t<div class=\"elementor-widget-container\">\n\t\t\t\t\t\t\t\t\t\t\t\t\t\t<a href=\"\/sk\/produkty\/care-water-balance\/\">\n\t\t\t\t\t\t\t<img decoding=\"async\" src=\"https:\/\/carelabdivas.com\/sk\/wp-content\/uploads\/elementor\/thumbs\/care_lab_divas_waters_balance_c-qios08s9o4y6nrbq5kvltka9upd2etkk1iyh05rk5o.webp\" title=\"care lab divas waters balance c\" alt=\"care lab divas waters balance c\" loading=\"lazy\" \/>\t\t\t\t\t\t\t\t<\/a>\n\t\t\t\t\t\t\t\t\t\t\t\t\t<\/div>\n\t\t\t\t<\/div>\n\t\t\t\t<\/div>\n\t\t<div class=\"elementor-element elementor-element-ac0266d e-con-full e-flex e-con e-child\" data-id=\"ac0266d\" data-element_type=\"container\" data-settings=\"{&quot;background_background&quot;:&quot;classic&quot;}\">\n\t\t\t\t<div class=\"elementor-element elementor-element-63b8170 elementor-invisible elementor-widget elementor-widget-heading\" data-id=\"63b8170\" data-element_type=\"widget\" data-settings=\"{&quot;_animation&quot;:&quot;fadeInUp&quot;}\" data-widget_type=\"heading.default\">\n\t\t\t\t<div class=\"elementor-widget-container\">\n\t\t\t<h3 class=\"elementor-heading-title elementor-size-default\">Pflege Wasserhaushalt<\/h3>\t\t<\/div>\n\t\t\t\t<\/div>\n\t\t\t\t<div class=\"elementor-element elementor-element-977d6b1 elementor-invisible elementor-widget elementor-widget-text-editor\" data-id=\"977d6b1\" data-element_type=\"widget\" data-settings=\"{&quot;_animation&quot;:&quot;fadeIn&quot;,&quot;_animation_delay&quot;:200}\" data-widget_type=\"text-editor.default\">\n\t\t\t\t<div class=\"elementor-widget-container\">\n\t\t\t\t\t\t\t<p>Das fesselnde, kohlens\u00e4urefreie Funktionsgetr\u00e4nk Care Water BALANCE sorgt f\u00fcr einen perfekten Ausgleich zu Ihren gesch\u00e4ftigen und stressigen Tagen. Meeresmagnesium, Eisen, Vitamin E und eine Mischung aus sechs weiteren Vitaminen helfen Ihnen, Stress zu bek\u00e4mpfen, Ihr inneres Gleichgewicht wiederherzustellen, \u00fcberm\u00e4\u00dfige M\u00fcdigkeit zu bek\u00e4mpfen und Ihr Nervensystem auf nat\u00fcrliche Weise zu unterst\u00fctzen. <\/p><p>Dank klinisch erprobter Inhaltsstoffe ist Care Water BALANCE ein gro\u00dfartiger Begleiter f\u00fcr ruhige Entspannung nach einem anstrengenden Tag.<\/p>\t\t\t\t\t\t<\/div>\n\t\t\t\t<\/div>\n\t\t\t\t<div class=\"elementor-element elementor-element-a5cbf23 elementor-add-to-cart--layout-auto elementor-invisible elementor-widget elementor-widget-wc-add-to-cart\" data-id=\"a5cbf23\" data-element_type=\"widget\" data-settings=\"{&quot;_animation&quot;:&quot;fadeInUp&quot;}\" data-widget_type=\"wc-add-to-cart.default\">\n\t\t\t\t<div class=\"elementor-widget-container\">\n\t\t\t\t\t<div class=\"elementor-button-wrapper\">\n\t\t\t<a rel=\"nofollow\" href=\"?add-to-cart=992579\" data-quantity=\"1\" data-product_id=\"992579\" class=\"product_type_simple add_to_cart_button ajax_add_to_cart elementor-button elementor-size-sm\" role=\"button\">\n\t\t\t\t\t\t<span class=\"elementor-button-content-wrapper\">\n\t\t\t\t\t\t<span class=\"elementor-button-icon\">\n\t\t\t\t<i aria-hidden=\"true\" class=\"fas fa-long-arrow-alt-right\"><\/i>\t\t\t<\/span>\n\t\t\t\t\t\t\t\t\t<span class=\"elementor-button-text\">Zum Warenkorb hinzuf\u00fcgen<\/span>\n\t\t\t\t\t<\/span>\n\t\t\t\t\t<\/a>\n\t\t<\/div>\n\t\t\t\t<\/div>\n\t\t\t\t<\/div>\n\t\t\t\t<\/div>\n\t\t\t\t\t<\/div>\n\t\t\t\t<\/div>\n\t\t<div class=\"elementor-element elementor-element-e8a399f e-flex e-con-boxed e-con e-parent\" data-id=\"e8a399f\" data-element_type=\"container\">\n\t\t\t\t\t<div class=\"e-con-inner\">\n\t\t\t\t<div class=\"elementor-element elementor-element-598456e elementor-invisible elementor-widget elementor-widget-heading\" data-id=\"598456e\" data-element_type=\"widget\" data-settings=\"{&quot;_animation&quot;:&quot;fadeInUp&quot;,&quot;motion_fx_motion_fx_scrolling&quot;:&quot;yes&quot;,&quot;motion_fx_translateY_effect&quot;:&quot;yes&quot;,&quot;motion_fx_translateY_speed&quot;:{&quot;unit&quot;:&quot;px&quot;,&quot;size&quot;:1,&quot;sizes&quot;:[]},&quot;motion_fx_translateY_affectedRange&quot;:{&quot;unit&quot;:&quot;%&quot;,&quot;size&quot;:&quot;&quot;,&quot;sizes&quot;:{&quot;start&quot;:0,&quot;end&quot;:100}},&quot;motion_fx_devices&quot;:[&quot;desktop&quot;,&quot;tablet&quot;,&quot;mobile&quot;]}\" data-widget_type=\"heading.default\">\n\t\t\t\t<div class=\"elementor-widget-container\">\n\t\t\t<h2 class=\"elementor-heading-title elementor-size-default\">Mehr Produkte entdecken<\/h2>\t\t<\/div>\n\t\t\t\t<\/div>\n\t\t<div class=\"elementor-element elementor-element-d58fe0c e-flex e-con-boxed e-con e-child\" data-id=\"d58fe0c\" data-element_type=\"container\">\n\t\t\t\t\t<div class=\"e-con-inner\">\n\t\t<div class=\"elementor-element elementor-element-c7f9769 e-flex e-con-boxed e-con e-child\" data-id=\"c7f9769\" data-element_type=\"container\">\n\t\t\t\t\t<div class=\"e-con-inner\">\n\t\t\t\t<div class=\"elementor-element elementor-element-bfa4555 elementor-widget-mobile__width-inherit elementor-invisible elementor-widget elementor-widget-image\" data-id=\"bfa4555\" data-element_type=\"widget\" data-settings=\"{&quot;_animation&quot;:&quot;fadeIn&quot;}\" data-widget_type=\"image.default\">\n\t\t\t\t<div class=\"elementor-widget-container\">\n\t\t\t\t\t\t\t\t\t\t\t\t\t\t<a href=\"\/sk\/produkty\/care-water-defense\/\">\n\t\t\t\t\t\t\t<img decoding=\"async\" src=\"https:\/\/carelabdivas.com\/sk\/wp-content\/uploads\/elementor\/thumbs\/care_lab_divas_waters_waters_defense-qios0dhh88j4b3vwrmojzmfrj81tg4onyt9ehq2otw.webp\" title=\"care lab divas waters waters defense\" alt=\"care lab divas waters waters defense\" loading=\"lazy\" \/>\t\t\t\t\t\t\t\t<\/a>\n\t\t\t\t\t\t\t\t\t\t\t\t\t<\/div>\n\t\t\t\t<\/div>\n\t\t\t\t\t<\/div>\n\t\t\t\t<\/div>\n\t\t<div class=\"elementor-element elementor-element-2fc7aaa e-flex e-con-boxed e-con e-child\" data-id=\"2fc7aaa\" data-element_type=\"container\">\n\t\t\t\t\t<div class=\"e-con-inner\">\n\t\t\t\t<div class=\"elementor-element elementor-element-879100c elementor-widget__width-auto animated-slow elementor-invisible elementor-widget elementor-widget-global elementor-global-992554 elementor-global-989598 elementor-widget-button\" data-id=\"879100c\" data-element_type=\"widget\" data-settings=\"{&quot;_animation&quot;:&quot;fadeIn&quot;,&quot;_animation_delay&quot;:600,&quot;_animation_tablet&quot;:&quot;none&quot;,&quot;_animation_mobile&quot;:&quot;none&quot;}\" data-widget_type=\"button.default\">\n\t\t\t\t<div class=\"elementor-widget-container\">\n\t\t\t\t\t<div class=\"elementor-button-wrapper\">\n\t\t\t<a class=\"elementor-button elementor-button-link elementor-size-sm\" href=\"\/sk\/produkty\">\n\t\t\t\t\t\t<span class=\"elementor-button-content-wrapper\">\n\t\t\t\t\t\t\t\t\t<span class=\"elementor-button-text\">Alle Produkte<\/span>\n\t\t\t\t\t<\/span>\n\t\t\t\t\t<\/a>\n\t\t<\/div>\n\t\t\t\t<\/div>\n\t\t\t\t<\/div>\n\t\t\t\t<div class=\"elementor-element elementor-element-5b72b79 elementor-widget-mobile__width-inherit elementor-invisible elementor-widget elementor-widget-image\" data-id=\"5b72b79\" data-element_type=\"widget\" data-settings=\"{&quot;_animation&quot;:&quot;fadeIn&quot;,&quot;_animation_delay&quot;:200}\" data-widget_type=\"image.default\">\n\t\t\t\t<div class=\"elementor-widget-container\">\n\t\t\t\t\t\t\t\t\t\t\t\t\t\t<a href=\"\/sk\/produkty\/care-bubbles-grapefruit-a-ibistek\/\">\n\t\t\t\t\t\t\t<img decoding=\"async\" src=\"https:\/\/carelabdivas.com\/sk\/wp-content\/uploads\/elementor\/thumbs\/care_bubbles_grapefruit_hibiscus_c-1-qios0359524yreaxg07nq71ozzgs3gjm9e327oi0qc.png\" title=\"care bubbles grapefruit a ibi\u0161tek\" alt=\"care bubbles grapefruit a ibi\u0161tek\" loading=\"lazy\" \/>\t\t\t\t\t\t\t\t<\/a>\n\t\t\t\t\t\t\t\t\t\t\t\t\t<\/div>\n\t\t\t\t<\/div>\n\t\t\t\t\t<\/div>\n\t\t\t\t<\/div>\n\t\t<div class=\"elementor-element elementor-element-59eeef7 e-flex e-con-boxed e-con e-child\" data-id=\"59eeef7\" data-element_type=\"container\">\n\t\t\t\t\t<div class=\"e-con-inner\">\n\t\t\t\t<div class=\"elementor-element elementor-element-771556e elementor-widget-mobile__width-inherit elementor-invisible elementor-widget elementor-widget-image\" data-id=\"771556e\" data-element_type=\"widget\" data-settings=\"{&quot;_animation&quot;:&quot;fadeIn&quot;,&quot;_animation_delay&quot;:400}\" data-widget_type=\"image.default\">\n\t\t\t\t<div class=\"elementor-widget-container\">\n\t\t\t\t\t\t\t\t\t\t\t\t\t\t<a href=\"\/sk\/produkty\/care-water-brain\/\">\n\t\t\t\t\t\t\t<img decoding=\"async\" src=\"https:\/\/carelabdivas.com\/sk\/wp-content\/uploads\/elementor\/thumbs\/care_lab_divas_waters_brain_c-qios08saa2cop22qj2nf55mgkaozdn60a5zz3c9np0.webp\" title=\"care lab divas waters brain c\" alt=\"care lab divas waters brain c\" loading=\"lazy\" \/>\t\t\t\t\t\t\t\t<\/a>\n\t\t\t\t\t\t\t\t\t\t\t\t\t<\/div>\n\t\t\t\t<\/div>\n\t\t\t\t\t<\/div>\n\t\t\t\t<\/div>\n\t\t\t\t\t<\/div>\n\t\t\t\t<\/div>\n\t\t\t\t\t<\/div>\n\t\t\t\t<\/div>\n\t\t\t\t<\/div>\n\t\t","protected":false},"excerpt":{"rendered":"<p>Leben Sie voll und ganz und mit Energie. Verabschieden Sie sich von chronischen M\u00fcdigkeit und Ersch\u00f6pfung V\u0161etky produkty Pflege Wasserauff\u00fcllung Eine einzigartige Mischung aus Koffein, Coenzym Q10, Riboflavin und Vitaminen macht Care Water RECHARGE zu einem kohlens\u00e4urefreien Getr\u00e4nk, das Ihnen Energie gibt, wann immer Sie sie brauchen. Wenn Sie unter lang anhaltender Ersch\u00f6pfung, chronischer M\u00fcdigkeit [&hellip;]<\/p>\n","protected":false},"author":1,"featured_media":992117,"parent":0,"menu_order":0,"comment_status":"closed","ping_status":"closed","template":"","meta":{"_acf_changed":false,"_seopress_robots_primary_cat":"","_seopress_titles_title":"  Tanken Sie auf gesunde und schmackhafte Weise neue Energie %%sep%% %%sitetitle%%","_seopress_titles_desc":"Die Mischung aus Koffein, Coenzym Q10, Riboflavin und Vitaminen in Care Water RECHARGE wird Ihre Batterien auch bei anhaltender M\u00fcdigkeit wieder aufladen.  ","_seopress_robots_index":"","footnotes":""},"class_list":["post-992420","page","type-page","status-publish","has-post-thumbnail","hentry"],"acf":[],"_links":{"self":[{"href":"https:\/\/carelabdivas.com\/sk\/de\/wp-json\/wp\/v2\/pages\/992420"}],"collection":[{"href":"https:\/\/carelabdivas.com\/sk\/de\/wp-json\/wp\/v2\/pages"}],"about":[{"href":"https:\/\/carelabdivas.com\/sk\/de\/wp-json\/wp\/v2\/types\/page"}],"author":[{"embeddable":true,"href":"https:\/\/carelabdivas.com\/sk\/de\/wp-json\/wp\/v2\/users\/1"}],"replies":[{"embeddable":true,"href":"https:\/\/carelabdivas.com\/sk\/de\/wp-json\/wp\/v2\/comments?post=992420"}],"version-history":[{"count":1,"href":"https:\/\/carelabdivas.com\/sk\/de\/wp-json\/wp\/v2\/pages\/992420\/revisions"}],"predecessor-version":[{"id":992423,"href":"https:\/\/carelabdivas.com\/sk\/de\/wp-json\/wp\/v2\/pages\/992420\/revisions\/992423"}],"wp:featuredmedia":[{"embeddable":true,"href":"https:\/\/carelabdivas.com\/sk\/de\/wp-json\/wp\/v2\/media\/992117"}],"wp:attachment":[{"href":"https:\/\/carelabdivas.com\/sk\/de\/wp-json\/wp\/v2\/media?parent=992420"}],"curies":[{"name":"wp","href":"https:\/\/api.w.org\/{rel}","templated":true}]}}