{"id":992425,"date":"2023-05-19T13:54:45","date_gmt":"2023-05-19T11:54:45","guid":{"rendered":"https:\/\/carelabdivas.com\/sk\/geist\/"},"modified":"2025-05-08T08:05:17","modified_gmt":"2025-05-08T06:05:17","slug":"geist","status":"publish","type":"page","link":"https:\/\/carelabdivas.com\/sk\/de\/geist\/","title":{"rendered":"Geist"},"content":{"rendered":"\t\t<div data-elementor-type=\"wp-page\" data-elementor-id=\"992425\" class=\"elementor elementor-992425 elementor-988262\" data-elementor-post-type=\"page\">\n\t\t\t\t<div class=\"elementor-element elementor-element-4c55908 e-flex e-con-boxed e-con e-parent\" data-id=\"4c55908\" data-element_type=\"container\">\n\t\t\t\t\t<div class=\"e-con-inner\">\n\t\t<div class=\"elementor-element elementor-element-379dc96 e-flex e-con-boxed e-con e-child\" data-id=\"379dc96\" data-element_type=\"container\" data-settings=\"{&quot;background_background&quot;:&quot;classic&quot;}\">\n\t\t\t\t\t<div class=\"e-con-inner\">\n\t\t<div class=\"elementor-element elementor-element-0842d0e e-con-full e-flex e-con e-child\" data-id=\"0842d0e\" data-element_type=\"container\" data-settings=\"{&quot;motion_fx_motion_fx_scrolling&quot;:&quot;yes&quot;,&quot;motion_fx_translateY_effect&quot;:&quot;yes&quot;,&quot;motion_fx_translateY_speed&quot;:{&quot;unit&quot;:&quot;px&quot;,&quot;size&quot;:2,&quot;sizes&quot;:[]},&quot;motion_fx_translateY_affectedRange&quot;:{&quot;unit&quot;:&quot;%&quot;,&quot;size&quot;:&quot;&quot;,&quot;sizes&quot;:{&quot;start&quot;:0,&quot;end&quot;:100}},&quot;motion_fx_devices&quot;:[&quot;desktop&quot;,&quot;tablet&quot;,&quot;mobile&quot;]}\">\n\t\t\t\t<div class=\"elementor-element elementor-element-4856d2e animated-fast elementor-invisible elementor-widget elementor-widget-heading\" data-id=\"4856d2e\" data-element_type=\"widget\" data-settings=\"{&quot;_animation&quot;:&quot;fadeInDown&quot;,&quot;_animation_delay&quot;:100}\" data-widget_type=\"heading.default\">\n\t\t\t\t<div class=\"elementor-widget-container\">\n\t\t\t<h1 class=\"elementor-heading-title elementor-size-default\">Entdecken Sie Ihr volles Potenzial.<\/h1>\t\t<\/div>\n\t\t\t\t<\/div>\n\t\t\t\t<div class=\"elementor-element elementor-element-56131c2 animated-fast elementor-invisible elementor-widget elementor-widget-heading\" data-id=\"56131c2\" data-element_type=\"widget\" data-settings=\"{&quot;_animation&quot;:&quot;fadeIn&quot;,&quot;_animation_delay&quot;:1100}\" data-widget_type=\"heading.default\">\n\t\t\t\t<div class=\"elementor-widget-container\">\n\t\t\t<h1 class=\"elementor-heading-title elementor-size-default\">Bleiben Sie aufmerksam, auch w\u00e4hrend<\/h1>\t\t<\/div>\n\t\t\t\t<\/div>\n\t\t\t\t<div class=\"elementor-element elementor-element-f434b5d animated-fast elementor-invisible elementor-widget elementor-widget-heading\" data-id=\"f434b5d\" data-element_type=\"widget\" data-settings=\"{&quot;_animation&quot;:&quot;fadeInUp&quot;,&quot;_animation_delay&quot;:600}\" data-widget_type=\"heading.default\">\n\t\t\t\t<div class=\"elementor-widget-container\">\n\t\t\t<h1 class=\"elementor-heading-title elementor-size-default\">arbeitsreiche Tage<\/h1>\t\t<\/div>\n\t\t\t\t<\/div>\n\t\t\t\t<div class=\"elementor-element elementor-element-dfd7cce elementor-align-justify elementor-widget__width-initial elementor-mobile-align-left elementor-widget-mobile__width-initial elementor-widget-tablet__width-initial elementor-invisible elementor-widget elementor-widget-global elementor-global-992506 elementor-global-988046 elementor-widget-button\" data-id=\"dfd7cce\" data-element_type=\"widget\" data-settings=\"{&quot;_animation&quot;:&quot;fadeIn&quot;,&quot;_animation_delay&quot;:350}\" data-widget_type=\"button.default\">\n\t\t\t\t<div class=\"elementor-widget-container\">\n\t\t\t\t\t<div class=\"elementor-button-wrapper\">\n\t\t\t<a class=\"elementor-button elementor-button-link elementor-size-sm\" href=\"\/sk\/produkty\">\n\t\t\t\t\t\t<span class=\"elementor-button-content-wrapper\">\n\t\t\t\t\t\t\t\t\t<span class=\"elementor-button-text\">Alle Produkte<\/span>\n\t\t\t\t\t<\/span>\n\t\t\t\t\t<\/a>\n\t\t<\/div>\n\t\t\t\t<\/div>\n\t\t\t\t<\/div>\n\t\t\t\t<\/div>\n\t\t<div class=\"elementor-element elementor-element-40b9b18 e-flex e-con-boxed e-con e-child\" data-id=\"40b9b18\" data-element_type=\"container\">\n\t\t\t\t\t<div class=\"e-con-inner\">\n\t\t\t\t<div class=\"elementor-element elementor-element-e19826f elementor-hidden-mobile elementor-invisible elementor-widget elementor-widget-image\" data-id=\"e19826f\" data-element_type=\"widget\" data-settings=\"{&quot;_animation&quot;:&quot;fadeIn&quot;,&quot;_animation_delay&quot;:1000}\" data-widget_type=\"image.default\">\n\t\t\t\t<div class=\"elementor-widget-container\">\n\t\t\t\t\t\t\t\t\t\t\t\t\t<img loading=\"lazy\" decoding=\"async\" width=\"1080\" height=\"1081\" src=\"https:\/\/carelabdivas.com\/sk\/wp-content\/uploads\/2023\/05\/divas-logo-pecat-text-rgb-1200px@300ppi.webp\" class=\"attachment-large size-large wp-image-992085\" alt=\"\" srcset=\"https:\/\/carelabdivas.com\/sk\/wp-content\/uploads\/2023\/05\/divas-logo-pecat-text-rgb-1200px@300ppi.webp 1080w, https:\/\/carelabdivas.com\/sk\/wp-content\/uploads\/2023\/05\/divas-logo-pecat-text-rgb-1200px@300ppi-300x300.webp 300w, https:\/\/carelabdivas.com\/sk\/wp-content\/uploads\/2023\/05\/divas-logo-pecat-text-rgb-1200px@300ppi-100x100.webp 100w, https:\/\/carelabdivas.com\/sk\/wp-content\/uploads\/2023\/05\/divas-logo-pecat-text-rgb-1200px@300ppi-600x601.webp 600w, https:\/\/carelabdivas.com\/sk\/wp-content\/uploads\/2023\/05\/divas-logo-pecat-text-rgb-1200px@300ppi-768x769.webp 768w, https:\/\/carelabdivas.com\/sk\/wp-content\/uploads\/2023\/05\/divas-logo-pecat-text-rgb-1200px@300ppi-630x630.webp 630w\" sizes=\"(max-width: 1080px) 100vw, 1080px\" \/>\t\t\t\t\t\t\t\t\t\t\t\t\t<\/div>\n\t\t\t\t<\/div>\n\t\t\t\t<div class=\"elementor-element elementor-element-ecc08e9 elementor-invisible elementor-widget elementor-widget-image\" data-id=\"ecc08e9\" data-element_type=\"widget\" data-settings=\"{&quot;_animation&quot;:&quot;fadeInRight&quot;,&quot;_animation_delay&quot;:200}\" data-widget_type=\"image.default\">\n\t\t\t\t<div class=\"elementor-widget-container\">\n\t\t\t\t\t\t\t\t\t\t\t\t\t<img decoding=\"async\" src=\"https:\/\/carelabdivas.com\/sk\/wp-content\/uploads\/elementor\/thumbs\/care_lab_divas_kondicia-qios05yqhpeyyqodqfv7ztwos6qqw2p4w9prfpl6ko.webp\" title=\"care lab divas kondicia\" alt=\"care lab divas kondicia\" loading=\"lazy\" \/>\t\t\t\t\t\t\t\t\t\t\t\t\t<\/div>\n\t\t\t\t<\/div>\n\t\t\t\t\t<\/div>\n\t\t\t\t<\/div>\n\t\t\t\t\t<\/div>\n\t\t\t\t<\/div>\n\t\t\t\t\t<\/div>\n\t\t\t\t<\/div>\n\t\t<div class=\"elementor-element elementor-element-f87c2b8 e-flex e-con-boxed e-con e-parent\" data-id=\"f87c2b8\" data-element_type=\"container\">\n\t\t\t\t\t<div class=\"e-con-inner\">\n\t\t<div class=\"elementor-element elementor-element-23ae35a e-con-full e-flex e-con e-child\" data-id=\"23ae35a\" data-element_type=\"container\" data-settings=\"{&quot;background_background&quot;:&quot;classic&quot;}\">\n\t\t\t\t<div class=\"elementor-element elementor-element-7926174 elementor-invisible elementor-widget elementor-widget-heading\" data-id=\"7926174\" data-element_type=\"widget\" data-settings=\"{&quot;_animation&quot;:&quot;fadeInUp&quot;}\" data-widget_type=\"heading.default\">\n\t\t\t\t<div class=\"elementor-widget-container\">\n\t\t\t<h3 class=\"elementor-heading-title elementor-size-default\"><a href=\"https:\/\/carelabdivas.com\/sk\/produkty\/care-water-brain\/\">Pflege Wasser Gehirn<\/a><\/h3>\t\t<\/div>\n\t\t\t\t<\/div>\n\t\t\t\t<div class=\"elementor-element elementor-element-3fc5e4c elementor-invisible elementor-widget elementor-widget-text-editor\" data-id=\"3fc5e4c\" data-element_type=\"widget\" data-settings=\"{&quot;_animation&quot;:&quot;fadeIn&quot;,&quot;_animation_delay&quot;:200}\" data-widget_type=\"text-editor.default\">\n\t\t\t\t<div class=\"elementor-widget-container\">\n\t\t\t\t\t\t\t<p>Care Water BRAIN ist ein erfrischendes, kohlens\u00e4urefreies Funktionsgetr\u00e4nk mit den Geschmacksrichtungen Pomelo und gr\u00fcne Zitrone, das Sie auch an anstrengenden Arbeitstagen wach h\u00e4lt. Die wissenschaftlich nachgewiesenen Inhaltsstoffe von Care Water BRAIN unterst\u00fctzen und stimulieren die kognitive Aktivit\u00e4t, das Lernen und die allgemeine Konzentration bei anspruchsvollen Aufgaben. <\/p><p>Zu den darin enthaltenen Wirkstoffen geh\u00f6ren Alpha GPC oder Acetyl L-Carnitin. Ohne Konservierungsstoffe oder k\u00fcnstliche Substanzen ist Care Water BRAIN die richtige Wahl, um Ihnen auch an den h\u00e4rtesten Tagen zu H\u00f6chstleistungen zu verhelfen. <\/p>\t\t\t\t\t\t<\/div>\n\t\t\t\t<\/div>\n\t\t\t\t<div class=\"elementor-element elementor-element-e11499d elementor-add-to-cart--layout-stacked elementor-invisible elementor-widget elementor-widget-wc-add-to-cart\" data-id=\"e11499d\" data-element_type=\"widget\" data-settings=\"{&quot;_animation&quot;:&quot;fadeInUp&quot;}\" data-widget_type=\"wc-add-to-cart.default\">\n\t\t\t\t<div class=\"elementor-widget-container\">\n\t\t\t\t\t<div class=\"elementor-button-wrapper\">\n\t\t\t<a rel=\"nofollow\" href=\"https:\/\/carelabdivas.com\/sk\/de\/produkty\/pflege-wasser-brain\/\" data-quantity=\"1\" data-product_id=\"992569\" class=\"product_type_simple ajax_add_to_cart elementor-button elementor-size-sm\" role=\"button\">\n\t\t\t\t\t\t<span class=\"elementor-button-content-wrapper\">\n\t\t\t\t\t\t<span class=\"elementor-button-icon\">\n\t\t\t\t<i aria-hidden=\"true\" class=\"fas fa-long-arrow-alt-right\"><\/i>\t\t\t<\/span>\n\t\t\t\t\t\t\t\t\t<span class=\"elementor-button-text\">Zum Warenkorb hinzuf\u00fcgen<\/span>\n\t\t\t\t\t<\/span>\n\t\t\t\t\t<\/a>\n\t\t<\/div>\n\t\t\t\t<\/div>\n\t\t\t\t<\/div>\n\t\t\t\t<\/div>\n\t\t<div class=\"elementor-element elementor-element-4c3ed7a e-con-full e-flex e-con e-child\" data-id=\"4c3ed7a\" data-element_type=\"container\">\n\t\t\t\t<div class=\"elementor-element elementor-element-ba0516a elementor-invisible elementor-widget elementor-widget-image\" data-id=\"ba0516a\" data-element_type=\"widget\" data-settings=\"{&quot;_animation&quot;:&quot;fadeInRight&quot;}\" data-widget_type=\"image.default\">\n\t\t\t\t<div class=\"elementor-widget-container\">\n\t\t\t\t\t\t\t\t\t\t\t\t\t\t<a href=\"https:\/\/carelabdivas.com\/sk\/produkty\/care-water-brain\/\">\n\t\t\t\t\t\t\t<img loading=\"lazy\" decoding=\"async\" width=\"2219\" height=\"2560\" src=\"https:\/\/carelabdivas.com\/sk\/wp-content\/uploads\/2023\/07\/care-water-brain-scaled.webp\" class=\"attachment-full size-full wp-image-992234\" alt=\"\" srcset=\"https:\/\/carelabdivas.com\/sk\/wp-content\/uploads\/2023\/07\/care-water-brain-scaled.webp 2219w, https:\/\/carelabdivas.com\/sk\/wp-content\/uploads\/2023\/07\/care-water-brain-scaled-300x346.webp 300w, https:\/\/carelabdivas.com\/sk\/wp-content\/uploads\/2023\/07\/care-water-brain-scaled-600x692.webp 600w, https:\/\/carelabdivas.com\/sk\/wp-content\/uploads\/2023\/07\/care-water-brain-768x886.webp 768w, https:\/\/carelabdivas.com\/sk\/wp-content\/uploads\/2023\/07\/care-water-brain-1331x1536.webp 1331w, https:\/\/carelabdivas.com\/sk\/wp-content\/uploads\/2023\/07\/care-water-brain-1775x2048.webp 1775w, https:\/\/carelabdivas.com\/sk\/wp-content\/uploads\/2023\/07\/elementor\/thumbs\/care-water-brain-scaled-q9l44s8yqb45ej9hf5evadolhgcrc7po7y5lmaptjg.webp 650w\" sizes=\"(max-width: 2219px) 100vw, 2219px\" \/>\t\t\t\t\t\t\t\t<\/a>\n\t\t\t\t\t\t\t\t\t\t\t\t\t<\/div>\n\t\t\t\t<\/div>\n\t\t\t\t<\/div>\n\t\t\t\t\t<\/div>\n\t\t\t\t<\/div>\n\t\t<div class=\"elementor-element elementor-element-1594cb1 e-flex e-con-boxed e-con e-parent\" data-id=\"1594cb1\" data-element_type=\"container\">\n\t\t\t\t\t<div class=\"e-con-inner\">\n\t\t<div class=\"elementor-element elementor-element-e6876ca e-con-full e-flex e-con e-child\" data-id=\"e6876ca\" data-element_type=\"container\">\n\t\t\t\t<div class=\"elementor-element elementor-element-f810bc1 elementor-invisible elementor-widget elementor-widget-image\" data-id=\"f810bc1\" data-element_type=\"widget\" data-settings=\"{&quot;_animation&quot;:&quot;fadeInLeft&quot;}\" data-widget_type=\"image.default\">\n\t\t\t\t<div class=\"elementor-widget-container\">\n\t\t\t\t\t\t\t\t\t\t\t\t\t<img decoding=\"async\" src=\"https:\/\/carelabdivas.com\/sk\/wp-content\/uploads\/elementor\/thumbs\/care-shot-calm-1-qe1k0hu8wpy9pyuo9ry5ejc45nf1ug6wud3jqwaor0.png\" title=\"care shot calm\" alt=\"care shot calm\" loading=\"lazy\" \/>\t\t\t\t\t\t\t\t\t\t\t\t\t<\/div>\n\t\t\t\t<\/div>\n\t\t\t\t<\/div>\n\t\t<div class=\"elementor-element elementor-element-fa72f1c e-con-full e-flex e-con e-child\" data-id=\"fa72f1c\" data-element_type=\"container\" data-settings=\"{&quot;background_background&quot;:&quot;classic&quot;}\">\n\t\t\t\t<div class=\"elementor-element elementor-element-7132eae elementor-invisible elementor-widget elementor-widget-heading\" data-id=\"7132eae\" data-element_type=\"widget\" data-settings=\"{&quot;_animation&quot;:&quot;fadeInUp&quot;}\" data-widget_type=\"heading.default\">\n\t\t\t\t<div class=\"elementor-widget-container\">\n\t\t\t<h3 class=\"elementor-heading-title elementor-size-default\">Pflegespritze Calm<\/h3>\t\t<\/div>\n\t\t\t\t<\/div>\n\t\t\t\t<div class=\"elementor-element elementor-element-171a6f3 elementor-invisible elementor-widget elementor-widget-text-editor\" data-id=\"171a6f3\" data-element_type=\"widget\" data-settings=\"{&quot;_animation&quot;:&quot;fadeIn&quot;,&quot;_animation_delay&quot;:200}\" data-widget_type=\"text-editor.default\">\n\t\t\t\t<div class=\"elementor-widget-container\">\n\t\t\t\t\t\t\t<p>Nehmen Sie sich jeden Tag ein paar Minuten Zeit f\u00fcr sich selbst. Care Shot CALM bietet Ihnen die perfekte Gelegenheit dazu. Eine sorgf\u00e4ltig ausgew\u00e4hlte Mischung aus klinisch erprobten Inhaltsstoffen wie Cognizin\u00ae Citicolin, Magnesium L-Threonat, Rhodiola und GABA machen ihn zum idealen Partner f\u00fcr Stressabbau und friedliche Entspannung.  <\/p><p>Die aktiven Inhaltsstoffe helfen dem Gehirn, zur Ruhe zu kommen, w\u00e4hrend Cognizin\u00ae Citicolin auch unsere kognitiven F\u00e4higkeiten verbessern kann. Die Vorteile der aktiven Inhaltsstoffe vermischen sich mit der beruhigenden Wirkung des Fruchtp\u00fcrees und machen Care Shot CALM zu einem k\u00f6stlichen Getr\u00e4nk, das Ihre Geschmacks- und Geruchssinne ebenso erfreut wie Ihre geistige Gesundheit und Ihr Wohlbefinden. Genie\u00dfen Sie ihn in zwei Geschmacksrichtungen: Kakao-Frucht &amp; Ananas &amp; Safran oder Heidelbeere &amp; Schwarze Johannisbeere &amp; Lavendel.  <\/p>\t\t\t\t\t\t<\/div>\n\t\t\t\t<\/div>\n\t\t\t\t<div class=\"elementor-element elementor-element-cdc81f5 elementor-add-to-cart--layout-auto elementor-invisible elementor-widget elementor-widget-wc-add-to-cart\" data-id=\"cdc81f5\" data-element_type=\"widget\" data-settings=\"{&quot;_animation&quot;:&quot;fadeInUp&quot;}\" data-widget_type=\"wc-add-to-cart.default\">\n\t\t\t\t<div class=\"elementor-widget-container\">\n\t\t\t\t\t<div class=\"elementor-button-wrapper\">\n\t\t\t<a class=\"elementor-button elementor-size-sm\" role=\"button\">\n\t\t\t\t\t\t<span class=\"elementor-button-content-wrapper\">\n\t\t\t\t\t\t<span class=\"elementor-button-icon\">\n\t\t\t\t<i aria-hidden=\"true\" class=\"fas fa-long-arrow-alt-right\"><\/i>\t\t\t<\/span>\n\t\t\t\t\t\t\t\t\t<span class=\"elementor-button-text\">demn\u00e4chst<\/span>\n\t\t\t\t\t<\/span>\n\t\t\t\t\t<\/a>\n\t\t<\/div>\n\t\t\t\t<\/div>\n\t\t\t\t<\/div>\n\t\t\t\t<\/div>\n\t\t\t\t\t<\/div>\n\t\t\t\t<\/div>\n\t\t<div class=\"elementor-element elementor-element-1f33a31 e-flex e-con-boxed e-con e-parent\" data-id=\"1f33a31\" data-element_type=\"container\">\n\t\t\t\t\t<div class=\"e-con-inner\">\n\t\t<div class=\"elementor-element elementor-element-a27eb1a e-con-full e-flex e-con e-child\" data-id=\"a27eb1a\" data-element_type=\"container\" data-settings=\"{&quot;background_background&quot;:&quot;classic&quot;}\">\n\t\t\t\t<div class=\"elementor-element elementor-element-07df2d7 elementor-invisible elementor-widget elementor-widget-heading\" data-id=\"07df2d7\" data-element_type=\"widget\" data-settings=\"{&quot;_animation&quot;:&quot;fadeInUp&quot;}\" data-widget_type=\"heading.default\">\n\t\t\t\t<div class=\"elementor-widget-container\">\n\t\t\t<h3 class=\"elementor-heading-title elementor-size-default\">Pflegeleiste Kognitiv<\/h3>\t\t<\/div>\n\t\t\t\t<\/div>\n\t\t\t\t<div class=\"elementor-element elementor-element-9e6f087 elementor-invisible elementor-widget elementor-widget-text-editor\" data-id=\"9e6f087\" data-element_type=\"widget\" data-settings=\"{&quot;_animation&quot;:&quot;fadeIn&quot;,&quot;_animation_delay&quot;:200}\" data-widget_type=\"text-editor.default\">\n\t\t\t\t<div class=\"elementor-widget-container\">\n\t\t\t\t\t\t\t<p>Der Care Bar COGNITIVE Funktionsriegel enth\u00e4lt eine einzigartige Mischung von Wirkstoffen, die nachweislich die kognitiven F\u00e4higkeiten oder das Ged\u00e4chtnis verbessern. Die au\u00dfergew\u00f6hnlichen Inhaltsstoffe kommen nicht nur der allgemeinen Gehirnleistung zugute, sondern k\u00f6nnen sogar helfen, Ged\u00e4chtnisverlust und Vergesslichkeit, die mit zunehmendem Alter einhergehen, zu lindern. <\/p>\n<p>Der k\u00f6stliche Riegel enth\u00e4lt aktive Inhaltsstoffe wie Cognizin\u00ae Citicolin, L-Theanin, Magnesium L-Threonat und MCT-\u00d6l. Care Bar COGNITIVE ist ein k\u00f6stlicher Genuss, der die t\u00e4gliche Pflege in ein gesundes Vergn\u00fcgen verwandelt. Die au\u00dfergew\u00f6hnliche Kombination aus schwarzer Johannisbeermarmelade, Lavendel, Premium-Schokolade und knusprigem Karamell ist ein Erlebnis, das Ihr Gaumen gerne wiederholen wird.  <\/p>\t\t\t\t\t\t<\/div>\n\t\t\t\t<\/div>\n\t\t\t\t<div class=\"elementor-element elementor-element-d822508 elementor-add-to-cart--layout-stacked elementor-invisible elementor-widget elementor-widget-wc-add-to-cart\" data-id=\"d822508\" data-element_type=\"widget\" data-settings=\"{&quot;_animation&quot;:&quot;fadeInUp&quot;}\" data-widget_type=\"wc-add-to-cart.default\">\n\t\t\t\t<div class=\"elementor-widget-container\">\n\t\t\t\t\t<div class=\"elementor-button-wrapper\">\n\t\t\t<a class=\"elementor-button elementor-size-sm\" role=\"button\">\n\t\t\t\t\t\t<span class=\"elementor-button-content-wrapper\">\n\t\t\t\t\t\t<span class=\"elementor-button-icon\">\n\t\t\t\t<i aria-hidden=\"true\" class=\"fas fa-long-arrow-alt-right\"><\/i>\t\t\t<\/span>\n\t\t\t\t\t\t\t\t\t<span class=\"elementor-button-text\">demn\u00e4chst<\/span>\n\t\t\t\t\t<\/span>\n\t\t\t\t\t<\/a>\n\t\t<\/div>\n\t\t\t\t<\/div>\n\t\t\t\t<\/div>\n\t\t\t\t<\/div>\n\t\t<div class=\"elementor-element elementor-element-bcbe77f e-con-full e-flex e-con e-child\" data-id=\"bcbe77f\" data-element_type=\"container\">\n\t\t\t\t<div class=\"elementor-element elementor-element-db322b7 elementor-invisible elementor-widget elementor-widget-image\" data-id=\"db322b7\" data-element_type=\"widget\" data-settings=\"{&quot;_animation&quot;:&quot;fadeInRight&quot;}\" data-widget_type=\"image.default\">\n\t\t\t\t<div class=\"elementor-widget-container\">\n\t\t\t\t\t\t\t\t\t\t\t\t\t<img loading=\"lazy\" decoding=\"async\" width=\"650\" height=\"750\" src=\"https:\/\/carelabdivas.com\/sk\/wp-content\/uploads\/2023\/10\/care-bar-cognitive-2.png\" class=\"attachment-full size-full wp-image-992269\" alt=\"\" srcset=\"https:\/\/carelabdivas.com\/sk\/wp-content\/uploads\/2023\/10\/care-bar-cognitive-2.png 650w, https:\/\/carelabdivas.com\/sk\/wp-content\/uploads\/2023\/10\/care-bar-cognitive-2-300x346.png 300w, https:\/\/carelabdivas.com\/sk\/wp-content\/uploads\/2023\/10\/care-bar-cognitive-2-600x692.png 600w\" sizes=\"(max-width: 650px) 100vw, 650px\" \/>\t\t\t\t\t\t\t\t\t\t\t\t\t<\/div>\n\t\t\t\t<\/div>\n\t\t\t\t<\/div>\n\t\t\t\t\t<\/div>\n\t\t\t\t<\/div>\n\t\t<div class=\"elementor-element elementor-element-1231048 e-flex e-con-boxed e-con e-parent\" data-id=\"1231048\" data-element_type=\"container\">\n\t\t\t\t\t<div class=\"e-con-inner\">\n\t\t\t\t<div class=\"elementor-element elementor-element-1f1eeab elementor-invisible elementor-widget elementor-widget-heading\" data-id=\"1f1eeab\" data-element_type=\"widget\" data-settings=\"{&quot;_animation&quot;:&quot;fadeInUp&quot;,&quot;motion_fx_motion_fx_scrolling&quot;:&quot;yes&quot;,&quot;motion_fx_translateY_effect&quot;:&quot;yes&quot;,&quot;motion_fx_translateY_speed&quot;:{&quot;unit&quot;:&quot;px&quot;,&quot;size&quot;:1,&quot;sizes&quot;:[]},&quot;motion_fx_translateY_affectedRange&quot;:{&quot;unit&quot;:&quot;%&quot;,&quot;size&quot;:&quot;&quot;,&quot;sizes&quot;:{&quot;start&quot;:0,&quot;end&quot;:100}},&quot;motion_fx_devices&quot;:[&quot;desktop&quot;,&quot;tablet&quot;,&quot;mobile&quot;]}\" data-widget_type=\"heading.default\">\n\t\t\t\t<div class=\"elementor-widget-container\">\n\t\t\t<h2 class=\"elementor-heading-title elementor-size-default\">Mehr Produkte entdecken<\/h2>\t\t<\/div>\n\t\t\t\t<\/div>\n\t\t<div class=\"elementor-element elementor-element-9b62952 e-flex e-con-boxed e-con e-child\" data-id=\"9b62952\" data-element_type=\"container\">\n\t\t\t\t\t<div class=\"e-con-inner\">\n\t\t<div class=\"elementor-element elementor-element-1d7af73 e-flex e-con-boxed e-con e-child\" data-id=\"1d7af73\" data-element_type=\"container\">\n\t\t\t\t\t<div class=\"e-con-inner\">\n\t\t\t\t<div class=\"elementor-element elementor-element-5869cdb elementor-widget-mobile__width-inherit elementor-invisible elementor-widget elementor-widget-image\" data-id=\"5869cdb\" data-element_type=\"widget\" data-settings=\"{&quot;_animation&quot;:&quot;fadeIn&quot;}\" data-widget_type=\"image.default\">\n\t\t\t\t<div class=\"elementor-widget-container\">\n\t\t\t\t\t\t\t\t\t\t\t\t\t\t<a href=\"\/sk\/produkty\/care-water-defense\/\">\n\t\t\t\t\t\t\t<img decoding=\"async\" src=\"https:\/\/carelabdivas.com\/sk\/wp-content\/uploads\/elementor\/thumbs\/care_lab_divas_waters_waters_defense-qios0dhh88j4b3vwrmojzmfrj81tg4onyt9ehq2otw.webp\" title=\"care lab divas waters waters defense\" alt=\"care lab divas waters waters defense\" loading=\"lazy\" \/>\t\t\t\t\t\t\t\t<\/a>\n\t\t\t\t\t\t\t\t\t\t\t\t\t<\/div>\n\t\t\t\t<\/div>\n\t\t\t\t\t<\/div>\n\t\t\t\t<\/div>\n\t\t<div class=\"elementor-element elementor-element-b5cb43e e-flex e-con-boxed e-con e-child\" data-id=\"b5cb43e\" data-element_type=\"container\">\n\t\t\t\t\t<div class=\"e-con-inner\">\n\t\t\t\t<div class=\"elementor-element elementor-element-8ffe1b1 elementor-widget__width-auto animated-slow elementor-invisible elementor-widget elementor-widget-global elementor-global-992554 elementor-global-989598 elementor-widget-button\" data-id=\"8ffe1b1\" data-element_type=\"widget\" data-settings=\"{&quot;_animation&quot;:&quot;fadeIn&quot;,&quot;_animation_delay&quot;:600,&quot;_animation_tablet&quot;:&quot;none&quot;,&quot;_animation_mobile&quot;:&quot;none&quot;}\" data-widget_type=\"button.default\">\n\t\t\t\t<div class=\"elementor-widget-container\">\n\t\t\t\t\t<div class=\"elementor-button-wrapper\">\n\t\t\t<a class=\"elementor-button elementor-button-link elementor-size-sm\" href=\"\/sk\/produkty\">\n\t\t\t\t\t\t<span class=\"elementor-button-content-wrapper\">\n\t\t\t\t\t\t\t\t\t<span class=\"elementor-button-text\">Alle Produkte<\/span>\n\t\t\t\t\t<\/span>\n\t\t\t\t\t<\/a>\n\t\t<\/div>\n\t\t\t\t<\/div>\n\t\t\t\t<\/div>\n\t\t\t\t<div class=\"elementor-element elementor-element-9781fe4 elementor-widget-mobile__width-inherit elementor-invisible elementor-widget elementor-widget-image\" data-id=\"9781fe4\" data-element_type=\"widget\" data-settings=\"{&quot;_animation&quot;:&quot;fadeIn&quot;,&quot;_animation_delay&quot;:200}\" data-widget_type=\"image.default\">\n\t\t\t\t<div class=\"elementor-widget-container\">\n\t\t\t\t\t\t\t\t\t\t\t\t\t\t<a href=\"\/sk\/produkty\/care-bubbles-visna-a-ruza\/\">\n\t\t\t\t\t\t\t<img decoding=\"async\" src=\"https:\/\/carelabdivas.com\/sk\/wp-content\/uploads\/elementor\/thumbs\/care_lab_divas_bubbles_waters_sour_cherry_c-qios0433bw69309kaimaaot5ldc5b5ncliqjoygmk4.webp\" title=\"care lab divas bubbles waters sour cherry c\" alt=\"care lab divas bubbles waters sour cherry c\" loading=\"lazy\" \/>\t\t\t\t\t\t\t\t<\/a>\n\t\t\t\t\t\t\t\t\t\t\t\t\t<\/div>\n\t\t\t\t<\/div>\n\t\t\t\t\t<\/div>\n\t\t\t\t<\/div>\n\t\t<div class=\"elementor-element elementor-element-dfca0e9 e-flex e-con-boxed e-con e-child\" data-id=\"dfca0e9\" data-element_type=\"container\">\n\t\t\t\t\t<div class=\"e-con-inner\">\n\t\t\t\t<div class=\"elementor-element elementor-element-3a94f6e elementor-widget-mobile__width-inherit elementor-invisible elementor-widget elementor-widget-image\" data-id=\"3a94f6e\" data-element_type=\"widget\" data-settings=\"{&quot;_animation&quot;:&quot;fadeIn&quot;,&quot;_animation_delay&quot;:400}\" data-widget_type=\"image.default\">\n\t\t\t\t<div class=\"elementor-widget-container\">\n\t\t\t\t\t\t\t\t\t\t\t\t\t\t<a href=\"\/sk\/produkty\/care-water-recharge\/\">\n\t\t\t\t\t\t\t<img decoding=\"async\" src=\"https:\/\/carelabdivas.com\/sk\/wp-content\/uploads\/elementor\/thumbs\/care_lab_divas_waters_recharche_c-qios0anynqf9ca0083goa55dr2fpt1dgyfay1w6vck.webp\" title=\"care lab divas waters recharche c\" alt=\"care lab divas waters recharche c\" loading=\"lazy\" \/>\t\t\t\t\t\t\t\t<\/a>\n\t\t\t\t\t\t\t\t\t\t\t\t\t<\/div>\n\t\t\t\t<\/div>\n\t\t\t\t\t<\/div>\n\t\t\t\t<\/div>\n\t\t\t\t\t<\/div>\n\t\t\t\t<\/div>\n\t\t\t\t\t<\/div>\n\t\t\t\t<\/div>\n\t\t\t\t<\/div>\n\t\t","protected":false},"excerpt":{"rendered":"<p>Entdecken Sie Ihr volles Potenzial. Bleiben Sie aufmerksam, auch w\u00e4hrend arbeitsreiche Tage V\u0161etky produkty Pflege Wasser Gehirn Care Water BRAIN ist ein erfrischendes, kohlens\u00e4urefreies Funktionsgetr\u00e4nk mit den Geschmacksrichtungen Pomelo und gr\u00fcne Zitrone, das Sie auch an anstrengenden Arbeitstagen wach h\u00e4lt. Die wissenschaftlich nachgewiesenen Inhaltsstoffe von Care Water BRAIN unterst\u00fctzen und stimulieren die kognitive Aktivit\u00e4t, das [&hellip;]<\/p>\n","protected":false},"author":1,"featured_media":992119,"parent":0,"menu_order":0,"comment_status":"closed","ping_status":"closed","template":"","meta":{"_acf_changed":false,"_seopress_robots_primary_cat":"","_seopress_titles_title":"Verbessern Sie Ihre geistige Fitness %%sep%% %%sitetitle%%","_seopress_titles_desc":"Bleiben Sie auch an anstrengenden Tagen aufmerksam. Probieren Sie k\u00f6stliche Produkte mit aktiven Inhaltsstoffen zur Unterst\u00fctzung der geistigen Leistungsf\u00e4higkeit und kognitiven Gesundheit.   ","_seopress_robots_index":"","footnotes":""},"class_list":["post-992425","page","type-page","status-publish","has-post-thumbnail","hentry"],"acf":[],"_links":{"self":[{"href":"https:\/\/carelabdivas.com\/sk\/de\/wp-json\/wp\/v2\/pages\/992425"}],"collection":[{"href":"https:\/\/carelabdivas.com\/sk\/de\/wp-json\/wp\/v2\/pages"}],"about":[{"href":"https:\/\/carelabdivas.com\/sk\/de\/wp-json\/wp\/v2\/types\/page"}],"author":[{"embeddable":true,"href":"https:\/\/carelabdivas.com\/sk\/de\/wp-json\/wp\/v2\/users\/1"}],"replies":[{"embeddable":true,"href":"https:\/\/carelabdivas.com\/sk\/de\/wp-json\/wp\/v2\/comments?post=992425"}],"version-history":[{"count":1,"href":"https:\/\/carelabdivas.com\/sk\/de\/wp-json\/wp\/v2\/pages\/992425\/revisions"}],"predecessor-version":[{"id":992427,"href":"https:\/\/carelabdivas.com\/sk\/de\/wp-json\/wp\/v2\/pages\/992425\/revisions\/992427"}],"wp:featuredmedia":[{"embeddable":true,"href":"https:\/\/carelabdivas.com\/sk\/de\/wp-json\/wp\/v2\/media\/992119"}],"wp:attachment":[{"href":"https:\/\/carelabdivas.com\/sk\/de\/wp-json\/wp\/v2\/media?parent=992425"}],"curies":[{"name":"wp","href":"https:\/\/api.w.org\/{rel}","templated":true}]}}