{"id":992435,"date":"2023-10-02T12:04:38","date_gmt":"2023-10-02T10:04:38","guid":{"rendered":"https:\/\/carelabdivas.com\/sk\/pflege-bar\/"},"modified":"2025-10-02T09:00:45","modified_gmt":"2025-10-02T07:00:45","slug":"pflege-bar","status":"publish","type":"page","link":"https:\/\/carelabdivas.com\/sk\/de\/pflege-bar\/","title":{"rendered":"Pflege-Bar"},"content":{"rendered":"\t\t<div data-elementor-type=\"wp-page\" data-elementor-id=\"992435\" class=\"elementor elementor-992435 elementor-990478\" data-elementor-post-type=\"page\">\n\t\t\t\t<div class=\"elementor-element elementor-element-5b6c169 e-con-full e-flex e-con e-parent\" data-id=\"5b6c169\" data-element_type=\"container\" data-settings=\"{&quot;background_background&quot;:&quot;classic&quot;,&quot;background_motion_fx_motion_fx_scrolling&quot;:&quot;yes&quot;,&quot;background_motion_fx_scale_effect&quot;:&quot;yes&quot;,&quot;background_motion_fx_scale_direction&quot;:&quot;out-in&quot;,&quot;background_motion_fx_scale_speed&quot;:{&quot;unit&quot;:&quot;px&quot;,&quot;size&quot;:4,&quot;sizes&quot;:[]},&quot;background_motion_fx_scale_range&quot;:{&quot;unit&quot;:&quot;%&quot;,&quot;size&quot;:&quot;&quot;,&quot;sizes&quot;:{&quot;start&quot;:20,&quot;end&quot;:80}},&quot;background_motion_fx_devices&quot;:[&quot;desktop&quot;,&quot;tablet&quot;,&quot;mobile&quot;]}\">\n\t\t\t\t<\/div>\n\t\t<div class=\"elementor-element elementor-element-405ba00 e-flex e-con-boxed e-con e-parent\" data-id=\"405ba00\" data-element_type=\"container\">\n\t\t\t\t\t<div class=\"e-con-inner\">\n\t\t<div class=\"elementor-element elementor-element-83cd8bb e-flex e-con-boxed e-con e-child\" data-id=\"83cd8bb\" data-element_type=\"container\">\n\t\t\t\t\t<div class=\"e-con-inner\">\n\t\t\t\t<div class=\"elementor-element elementor-element-5275bd2 elementor-widget__width-initial elementor-widget-mobile__width-initial elementor-invisible elementor-widget elementor-widget-heading\" data-id=\"5275bd2\" data-element_type=\"widget\" data-settings=\"{&quot;_animation&quot;:&quot;fadeInUp&quot;}\" data-widget_type=\"heading.default\">\n\t\t\t\t<div class=\"elementor-widget-container\">\n\t\t\t<h2 class=\"elementor-heading-title elementor-size-default\">Ein k\u00f6stliches Pflegeprogramm f\u00fcr K\u00f6rper und Geist, das Sie lieben werden<\/h2>\t\t<\/div>\n\t\t\t\t<\/div>\n\t\t\t\t\t<\/div>\n\t\t\t\t<\/div>\n\t\t<div class=\"elementor-element elementor-element-ad1f68f e-flex e-con-boxed e-con e-child\" data-id=\"ad1f68f\" data-element_type=\"container\">\n\t\t\t\t\t<div class=\"e-con-inner\">\n\t\t\t\t<div class=\"elementor-element elementor-element-2d7417a elementor-invisible elementor-widget elementor-widget-text-editor\" data-id=\"2d7417a\" data-element_type=\"widget\" data-settings=\"{&quot;_animation&quot;:&quot;fadeIn&quot;,&quot;_animation_delay&quot;:200}\" data-widget_type=\"text-editor.default\">\n\t\t\t\t<div class=\"elementor-widget-container\">\n\t\t\t\t\t\t\t<p>Die t\u00e4gliche Routine der Pflege von K\u00f6rper und Geist muss nicht langweilig oder eint\u00f6nig sein. Die Functional Care Bars machen sie zu einem k\u00f6stlichen t\u00e4glichen Vergn\u00fcgen. Au\u00dfergew\u00f6hnliche Zutaten, Vorteile f\u00fcr Ihren K\u00f6rper und Geist und der delikate Geschmack von Marmelade, N\u00fcssen und Schokolade stellen eine Innovation dar, die es auf dem Markt f\u00fcr Ern\u00e4hrungsriegel noch nie gegeben hat.  <\/p><p>Wenn Sie sich um die Erhaltung der kognitiven Gesundheit k\u00fcmmern, Ihre Immunit\u00e4t verbessern, die Verdauung unterst\u00fctzen oder Ihren K\u00f6rper insgesamt erholen m\u00f6chten, bieten Ihnen die funktionellen Riegel von Care Bar dank ihrer wissenschaftlich gepr\u00fcften Inhaltsstoffe das Beste, verpackt in einem au\u00dfergew\u00f6hnlichen gesunden Genuss. Lernen Sie, dass auch Routine geliebt werden kann. <\/p><p><b>Bald verf\u00fcgbar.<\/b><\/p>\t\t\t\t\t\t<\/div>\n\t\t\t\t<\/div>\n\t\t\t\t\t<\/div>\n\t\t\t\t<\/div>\n\t\t\t\t\t<\/div>\n\t\t\t\t<\/div>\n\t\t<div class=\"elementor-element elementor-element-d1a06ac e-flex e-con-boxed e-con e-parent\" data-id=\"d1a06ac\" data-element_type=\"container\">\n\t\t\t\t\t<div class=\"e-con-inner\">\n\t\t<div class=\"elementor-element elementor-element-6e4bc04 e-con-full e-flex e-con e-child\" data-id=\"6e4bc04\" data-element_type=\"container\" data-settings=\"{&quot;background_background&quot;:&quot;classic&quot;}\">\n\t\t\t\t<div class=\"elementor-element elementor-element-c1a8bef elementor-invisible elementor-widget elementor-widget-heading\" data-id=\"c1a8bef\" data-element_type=\"widget\" data-settings=\"{&quot;_animation&quot;:&quot;fadeInUp&quot;}\" data-widget_type=\"heading.default\">\n\t\t\t\t<div class=\"elementor-widget-container\">\n\t\t\t<h3 class=\"elementor-heading-title elementor-size-default\">Care Bar NEURIQ<\/h3>\t\t<\/div>\n\t\t\t\t<\/div>\n\t\t\t\t<div class=\"elementor-element elementor-element-4fa409c elementor-invisible elementor-widget elementor-widget-text-editor\" data-id=\"4fa409c\" data-element_type=\"widget\" data-settings=\"{&quot;_animation&quot;:&quot;fadeIn&quot;,&quot;_animation_delay&quot;:200}\" data-widget_type=\"text-editor.default\">\n\t\t\t\t<div class=\"elementor-widget-container\">\n\t\t\t\t\t\t\t<p>NEURIQ Functional Care Bar enth\u00e4lt eine einzigartige Mischung von Wirkstoffen, die nachweislich die kognitiven F\u00e4higkeiten und das Ged\u00e4chtnis verbessern. Die au\u00dfergew\u00f6hnlichen Inhaltsstoffe wirken sich nicht nur positiv auf die Gesamtleistung des Gehirns aus, sondern k\u00f6nnen sogar dazu beitragen, Ged\u00e4chtnisverlust und Vergesslichkeit, die mit zunehmendem Alter naturgem\u00e4\u00df einhergehen, zu lindern. <\/p><p>Der von unserem Expertenteam sorgf\u00e4ltig entwickelte Riegel enth\u00e4lt Wirkstoffe wie Cognizin\u00ae Citicolin, L-Theanin, Magnesium-L-Threonat und MCT-\u00d6l. Care Bar NEURIQ wirkt sich positiv auf die kognitive Gesundheit aus, ist aber auch ein angenehmer Genuss, der die t\u00e4gliche Pflege zu einem gesunden Vergn\u00fcgen macht. Die au\u00dfergew\u00f6hnliche Verbindung von schwarzer Johannisbeermarmelade, Lavendel, hochwertiger Schokolade und knusprigem Karamell ist ein Erlebnis, das Ihr Gaumen gerne wiederholen wird.  <\/p>\t\t\t\t\t\t<\/div>\n\t\t\t\t<\/div>\n\t\t\t\t<\/div>\n\t\t<div class=\"elementor-element elementor-element-91b292f e-con-full e-flex e-con e-child\" data-id=\"91b292f\" data-element_type=\"container\">\n\t\t\t\t<div class=\"elementor-element elementor-element-05d3e46 elementor-invisible elementor-widget elementor-widget-image\" data-id=\"05d3e46\" data-element_type=\"widget\" data-settings=\"{&quot;_animation&quot;:&quot;fadeInRight&quot;}\" data-widget_type=\"image.default\">\n\t\t\t\t<div class=\"elementor-widget-container\">\n\t\t\t\t\t\t\t\t\t\t\t\t\t<img decoding=\"async\" src=\"https:\/\/carelabdivas.com\/sk\/wp-content\/uploads\/elementor\/thumbs\/care-lab-bar-neuriq-r7koufag26avfhmixdvmsh0g1si6ayqs3qs13zzky4.webp\" title=\"CARE LAB Bar NEURIQ\" alt=\"CARE LAB Bar NEURIQ\" loading=\"lazy\" \/>\t\t\t\t\t\t\t\t\t\t\t\t\t<\/div>\n\t\t\t\t<\/div>\n\t\t\t\t<\/div>\n\t\t\t\t\t<\/div>\n\t\t\t\t<\/div>\n\t\t<div class=\"elementor-element elementor-element-c6c7e56 e-flex e-con-boxed e-con e-parent\" data-id=\"c6c7e56\" data-element_type=\"container\">\n\t\t\t\t\t<div class=\"e-con-inner\">\n\t\t<div class=\"elementor-element elementor-element-b0da980 e-con-full e-flex e-con e-child\" data-id=\"b0da980\" data-element_type=\"container\">\n\t\t\t\t<div class=\"elementor-element elementor-element-24a19aa elementor-invisible elementor-widget elementor-widget-image\" data-id=\"24a19aa\" data-element_type=\"widget\" data-settings=\"{&quot;_animation&quot;:&quot;fadeInLeft&quot;}\" data-widget_type=\"image.default\">\n\t\t\t\t<div class=\"elementor-widget-container\">\n\t\t\t\t\t\t\t\t\t\t\t\t\t<img decoding=\"async\" src=\"https:\/\/carelabdivas.com\/sk\/wp-content\/uploads\/elementor\/thumbs\/care-lab-bar-regeneriq-r7kovb8yijime8c3qroy58y48w4nko9nk4yjfeo72k.webp\" title=\"CARE LAB Bar REGENERIQ\" alt=\"CARE LAB Bar REGENERIQ\" loading=\"lazy\" \/>\t\t\t\t\t\t\t\t\t\t\t\t\t<\/div>\n\t\t\t\t<\/div>\n\t\t\t\t<\/div>\n\t\t<div class=\"elementor-element elementor-element-47904da e-con-full e-flex e-con e-child\" data-id=\"47904da\" data-element_type=\"container\" data-settings=\"{&quot;background_background&quot;:&quot;classic&quot;}\">\n\t\t\t\t<div class=\"elementor-element elementor-element-6436940 elementor-invisible elementor-widget elementor-widget-heading\" data-id=\"6436940\" data-element_type=\"widget\" data-settings=\"{&quot;_animation&quot;:&quot;fadeInUp&quot;}\" data-widget_type=\"heading.default\">\n\t\t\t\t<div class=\"elementor-widget-container\">\n\t\t\t<h3 class=\"elementor-heading-title elementor-size-default\">Care Bar REGENERIQ<\/h3>\t\t<\/div>\n\t\t\t\t<\/div>\n\t\t\t\t<div class=\"elementor-element elementor-element-ff2f35b elementor-invisible elementor-widget elementor-widget-text-editor\" data-id=\"ff2f35b\" data-element_type=\"widget\" data-settings=\"{&quot;_animation&quot;:&quot;fadeIn&quot;,&quot;_animation_delay&quot;:200}\" data-widget_type=\"text-editor.default\">\n\t\t\t\t<div class=\"elementor-widget-container\">\n\t\t\t\t\t\t\t<p>Helfen Sie Ihrer Haut, Ihren Haaren, Ihren Gelenken oder Ihren N\u00e4geln in der leckersten Form. Ist es \u00fcberhaupt m\u00f6glich, seinen K\u00f6rper zu regenerieren und sich dabei gesund zu ern\u00e4hren? Der funktionelle Pflegeriegel REGENERIQ beweist, dass es m\u00f6glich ist. Seine au\u00dfergew\u00f6hnliche Formel enth\u00e4lt die weltweit erste wissenschaftlich und klinisch erprobte vegane Kollagenalternative &#8211; Vecollal\u00ae. Die vegane Kollagenalternative, die aus 19 Aminos\u00e4uren besteht, ist nicht nur au\u00dfergew\u00f6hnlich, weil sie tierversuchsfrei hergestellt wird, sondern auch, weil sie sich in Studien als wirksamer erwiesen hat als \u201enormale\u201c Kollagene tierischen Ursprungs.    <\/p><p>74 kalzium- und magnesiumreiche Meeresmineralien, Vitamin K2 und MCT-\u00d6l vereinen sich mit einer veganen Alternative zu Kollagen zu einer beeindruckenden Formel, die nicht nur die Knochen und Gelenke st\u00e4rkt und die allgemeine Erholung f\u00f6rdert, sondern auch fantastisch schmeckt. Die fesselnde Symphonie aus Himbeermarmelade, Schokolade, Kirschbl\u00fcten und knackigen Cashewkernen wird Sie ebenso berauschen wie die Vorteile, die dieser Genuss bietet. <\/p>\t\t\t\t\t\t<\/div>\n\t\t\t\t<\/div>\n\t\t\t\t<\/div>\n\t\t\t\t\t<\/div>\n\t\t\t\t<\/div>\n\t\t<div class=\"elementor-element elementor-element-c540768 e-flex e-con-boxed e-con e-parent\" data-id=\"c540768\" data-element_type=\"container\">\n\t\t\t\t\t<div class=\"e-con-inner\">\n\t\t<div class=\"elementor-element elementor-element-8669d47 e-con-full e-flex e-con e-child\" data-id=\"8669d47\" data-element_type=\"container\" data-settings=\"{&quot;background_background&quot;:&quot;classic&quot;}\">\n\t\t\t\t<div class=\"elementor-element elementor-element-4877e22 elementor-invisible elementor-widget elementor-widget-heading\" data-id=\"4877e22\" data-element_type=\"widget\" data-settings=\"{&quot;_animation&quot;:&quot;fadeInUp&quot;}\" data-widget_type=\"heading.default\">\n\t\t\t\t<div class=\"elementor-widget-container\">\n\t\t\t<h3 class=\"elementor-heading-title elementor-size-default\">Care Bar IMMUNIQ<\/h3>\t\t<\/div>\n\t\t\t\t<\/div>\n\t\t\t\t<div class=\"elementor-element elementor-element-a9a25cc elementor-invisible elementor-widget elementor-widget-text-editor\" data-id=\"a9a25cc\" data-element_type=\"widget\" data-settings=\"{&quot;_animation&quot;:&quot;fadeIn&quot;,&quot;_animation_delay&quot;:200}\" data-widget_type=\"text-editor.default\">\n\t\t\t\t<div class=\"elementor-widget-container\">\n\t\t\t\t\t\t\t<p>Eine gesunde Verdauung und ein starkes Immunsystem sind die beiden S\u00e4ulen eines gesunden und gl\u00fccklichen Lebens. Wenn einer dieser beiden Bereiche nicht richtig funktioniert, geraten in der Regel auch die anderen in Schieflage. St\u00e4rken Sie Ihre Immunit\u00e4t mit einem k\u00f6stlichen Leckerbissen, der auch ein Tor zu einem ausgewogenen Mikrobiom ist. Mit seiner einzigartigen Formel, die Probiotika, Zink, Selen, Vitamin D2 und das innovative Postbiotikum IMMUSE\u00ae enth\u00e4lt, ist Care Bar IMMUNIQ ein Novum auf dem Gebiet der funktionellen Riegel.   <\/p><p>Die angenehme Kombination aus Aprikosenmarmelade, Holunderbl\u00fcten, Schokolade und knackigen Mandeln ist f\u00fcr Ihre Verdauung so etwas wie die beruhigende Umarmung eines geliebten Menschen f\u00fcr Ihre Seele. Ihre t\u00e4gliche Selbstf\u00fcrsorge sollte ein Moment sein, auf den Sie sich freuen und den Sie wirklich genie\u00dfen. Probieren Sie es mit dem Care Bar IMMUNIQ und Sie werden sehen, dass auch Routinen liebenswert sein k\u00f6nnen.  <\/p>\t\t\t\t\t\t<\/div>\n\t\t\t\t<\/div>\n\t\t\t\t<\/div>\n\t\t<div class=\"elementor-element elementor-element-187963e e-con-full e-flex e-con e-child\" data-id=\"187963e\" data-element_type=\"container\">\n\t\t\t\t<div class=\"elementor-element elementor-element-1399fc9 elementor-invisible elementor-widget elementor-widget-image\" data-id=\"1399fc9\" data-element_type=\"widget\" data-settings=\"{&quot;_animation&quot;:&quot;fadeInRight&quot;}\" data-widget_type=\"image.default\">\n\t\t\t\t<div class=\"elementor-widget-container\">\n\t\t\t\t\t\t\t\t\t\t\t\t\t<img decoding=\"async\" src=\"https:\/\/carelabdivas.com\/sk\/wp-content\/uploads\/elementor\/thumbs\/care-lab-bar-immuniq-r7koux5do0zbk2wl13ljlui7c425d7poi7698993nw.webp\" title=\"CARE LAB Bar IMMUNIQ\" alt=\"CARE LAB Bar IMMUNIQ\" loading=\"lazy\" \/>\t\t\t\t\t\t\t\t\t\t\t\t\t<\/div>\n\t\t\t\t<\/div>\n\t\t\t\t<\/div>\n\t\t\t\t\t<\/div>\n\t\t\t\t<\/div>\n\t\t<div class=\"elementor-element elementor-element-b3bb1cd e-flex e-con-boxed e-con e-parent\" data-id=\"b3bb1cd\" data-element_type=\"container\">\n\t\t\t\t\t<div class=\"e-con-inner\">\n\t\t\t\t<div class=\"elementor-element elementor-element-39f1d08 elementor-invisible elementor-widget elementor-widget-heading\" data-id=\"39f1d08\" data-element_type=\"widget\" data-settings=\"{&quot;_animation&quot;:&quot;fadeInUp&quot;,&quot;motion_fx_motion_fx_scrolling&quot;:&quot;yes&quot;,&quot;motion_fx_translateY_effect&quot;:&quot;yes&quot;,&quot;motion_fx_translateY_speed&quot;:{&quot;unit&quot;:&quot;px&quot;,&quot;size&quot;:1,&quot;sizes&quot;:[]},&quot;motion_fx_translateY_affectedRange&quot;:{&quot;unit&quot;:&quot;%&quot;,&quot;size&quot;:&quot;&quot;,&quot;sizes&quot;:{&quot;start&quot;:0,&quot;end&quot;:100}},&quot;motion_fx_devices&quot;:[&quot;desktop&quot;,&quot;tablet&quot;,&quot;mobile&quot;]}\" data-widget_type=\"heading.default\">\n\t\t\t\t<div class=\"elementor-widget-container\">\n\t\t\t<h2 class=\"elementor-heading-title elementor-size-default\">Mehr Produkte entdecken<\/h2>\t\t<\/div>\n\t\t\t\t<\/div>\n\t\t<div class=\"elementor-element elementor-element-ce61d08 e-flex e-con-boxed e-con e-child\" data-id=\"ce61d08\" data-element_type=\"container\">\n\t\t\t\t\t<div class=\"e-con-inner\">\n\t\t<div class=\"elementor-element elementor-element-029529e e-flex e-con-boxed e-con e-child\" data-id=\"029529e\" data-element_type=\"container\">\n\t\t\t\t\t<div class=\"e-con-inner\">\n\t\t\t\t<div class=\"elementor-element elementor-element-3d35f7e elementor-widget-mobile__width-inherit elementor-invisible elementor-widget elementor-widget-image\" data-id=\"3d35f7e\" data-element_type=\"widget\" data-settings=\"{&quot;_animation&quot;:&quot;fadeIn&quot;}\" data-widget_type=\"image.default\">\n\t\t\t\t<div class=\"elementor-widget-container\">\n\t\t\t\t\t\t\t\t\t\t\t\t\t\t<a href=\"\/?p=988544\">\n\t\t\t\t\t\t\t<img decoding=\"async\" src=\"https:\/\/carelabdivas.com\/sk\/wp-content\/uploads\/elementor\/thumbs\/care_lab_divas_bubbles_waters_sour_cherry_c-qios0433bw69309kaimaaot5ldc5b5ncliqjoygmk4.webp\" title=\"care lab divas bubbles waters sour cherry c\" alt=\"care lab divas bubbles waters sour cherry c\" loading=\"lazy\" \/>\t\t\t\t\t\t\t\t<\/a>\n\t\t\t\t\t\t\t\t\t\t\t\t\t<\/div>\n\t\t\t\t<\/div>\n\t\t\t\t\t<\/div>\n\t\t\t\t<\/div>\n\t\t<div class=\"elementor-element elementor-element-0dd3b06 e-flex e-con-boxed e-con e-child\" data-id=\"0dd3b06\" data-element_type=\"container\">\n\t\t\t\t\t<div class=\"e-con-inner\">\n\t\t\t\t<div class=\"elementor-element elementor-element-8e688d7 elementor-widget__width-auto animated-slow elementor-invisible elementor-widget elementor-widget-global elementor-global-992554 elementor-global-989598 elementor-widget-button\" data-id=\"8e688d7\" data-element_type=\"widget\" data-settings=\"{&quot;_animation&quot;:&quot;fadeIn&quot;,&quot;_animation_delay&quot;:600,&quot;_animation_tablet&quot;:&quot;none&quot;,&quot;_animation_mobile&quot;:&quot;none&quot;}\" data-widget_type=\"button.default\">\n\t\t\t\t<div class=\"elementor-widget-container\">\n\t\t\t\t\t<div class=\"elementor-button-wrapper\">\n\t\t\t<a class=\"elementor-button elementor-button-link elementor-size-sm\" href=\"\/sk\/produkty\">\n\t\t\t\t\t\t<span class=\"elementor-button-content-wrapper\">\n\t\t\t\t\t\t\t\t\t<span class=\"elementor-button-text\">Alle Produkte<\/span>\n\t\t\t\t\t<\/span>\n\t\t\t\t\t<\/a>\n\t\t<\/div>\n\t\t\t\t<\/div>\n\t\t\t\t<\/div>\n\t\t\t\t<div class=\"elementor-element elementor-element-4057378 elementor-widget-mobile__width-inherit elementor-invisible elementor-widget elementor-widget-image\" data-id=\"4057378\" data-element_type=\"widget\" data-settings=\"{&quot;_animation&quot;:&quot;fadeIn&quot;,&quot;_animation_delay&quot;:200}\" data-widget_type=\"image.default\">\n\t\t\t\t<div class=\"elementor-widget-container\">\n\t\t\t\t\t\t\t\t\t\t\t\t\t\t<a href=\"\/?p=988539\">\n\t\t\t\t\t\t\t<img decoding=\"async\" src=\"https:\/\/carelabdivas.com\/sk\/wp-content\/uploads\/elementor\/thumbs\/care_lab_divas_bubbles_grapefruit_hibiscus_c-qios0359524yreaxg07nq71ozzgs3gjm9e327oi0qc.webp\" title=\"care lab divas bubbles grapefruit hibiscus c\" alt=\"care lab divas bubbles grapefruit hibiscus c\" loading=\"lazy\" \/>\t\t\t\t\t\t\t\t<\/a>\n\t\t\t\t\t\t\t\t\t\t\t\t\t<\/div>\n\t\t\t\t<\/div>\n\t\t\t\t\t<\/div>\n\t\t\t\t<\/div>\n\t\t<div class=\"elementor-element elementor-element-1e0f5fa e-flex e-con-boxed e-con e-child\" data-id=\"1e0f5fa\" data-element_type=\"container\">\n\t\t\t\t\t<div class=\"e-con-inner\">\n\t\t\t\t<div class=\"elementor-element elementor-element-3bc6a6c elementor-widget-mobile__width-inherit elementor-invisible elementor-widget elementor-widget-image\" data-id=\"3bc6a6c\" data-element_type=\"widget\" data-settings=\"{&quot;_animation&quot;:&quot;fadeIn&quot;,&quot;_animation_delay&quot;:400}\" data-widget_type=\"image.default\">\n\t\t\t\t<div class=\"elementor-widget-container\">\n\t\t\t\t\t\t\t\t\t\t\t\t\t\t<a href=\"\/?p=991496\">\n\t\t\t\t\t\t\t<img decoding=\"async\" src=\"https:\/\/carelabdivas.com\/sk\/wp-content\/uploads\/elementor\/thumbs\/bergamot_care-bubbles-scaled-qqi7bg3se8ebhtgotwwd50lvyaqdy7vra7qn0xlwdw.webp\" title=\"care bubbles jasm\u00ed\u00adn\" alt=\"care bubbles jasm\u00ed\u00adn\" loading=\"lazy\" \/>\t\t\t\t\t\t\t\t<\/a>\n\t\t\t\t\t\t\t\t\t\t\t\t\t<\/div>\n\t\t\t\t<\/div>\n\t\t\t\t\t<\/div>\n\t\t\t\t<\/div>\n\t\t\t\t\t<\/div>\n\t\t\t\t<\/div>\n\t\t\t\t\t<\/div>\n\t\t\t\t<\/div>\n\t\t\t\t<\/div>\n\t\t","protected":false},"excerpt":{"rendered":"<p>Ein k\u00f6stliches Pflegeprogramm f\u00fcr K\u00f6rper und Geist, das Sie lieben werden Die t\u00e4gliche Routine der Pflege von K\u00f6rper und Geist muss nicht langweilig oder eint\u00f6nig sein. Die Functional Care Bars machen sie zu einem k\u00f6stlichen t\u00e4glichen Vergn\u00fcgen. Au\u00dfergew\u00f6hnliche Zutaten, Vorteile f\u00fcr Ihren K\u00f6rper und Geist und der delikate Geschmack von Marmelade, N\u00fcssen und Schokolade stellen [&hellip;]<\/p>\n","protected":false},"author":1,"featured_media":0,"parent":0,"menu_order":0,"comment_status":"closed","ping_status":"closed","template":"","meta":{"_acf_changed":false,"_seopress_robots_primary_cat":"","_seopress_titles_title":"Care Bar - k\u00f6stliche Riegel f\u00fcr die t\u00e4gliche Pflege %%sep%% %%sitetitle%%","_seopress_titles_desc":"Probieren Sie einen au\u00dfergew\u00f6hnlich gesunden Snack, der sich positiv auf die Verdauung, das Immunsystem, die geistige Gesundheit und die Regeneration des K\u00f6rpers auswirkt.","_seopress_robots_index":"","footnotes":""},"class_list":["post-992435","page","type-page","status-publish","hentry"],"acf":[],"_links":{"self":[{"href":"https:\/\/carelabdivas.com\/sk\/de\/wp-json\/wp\/v2\/pages\/992435"}],"collection":[{"href":"https:\/\/carelabdivas.com\/sk\/de\/wp-json\/wp\/v2\/pages"}],"about":[{"href":"https:\/\/carelabdivas.com\/sk\/de\/wp-json\/wp\/v2\/types\/page"}],"author":[{"embeddable":true,"href":"https:\/\/carelabdivas.com\/sk\/de\/wp-json\/wp\/v2\/users\/1"}],"replies":[{"embeddable":true,"href":"https:\/\/carelabdivas.com\/sk\/de\/wp-json\/wp\/v2\/comments?post=992435"}],"version-history":[{"count":7,"href":"https:\/\/carelabdivas.com\/sk\/de\/wp-json\/wp\/v2\/pages\/992435\/revisions"}],"predecessor-version":[{"id":993236,"href":"https:\/\/carelabdivas.com\/sk\/de\/wp-json\/wp\/v2\/pages\/992435\/revisions\/993236"}],"wp:attachment":[{"href":"https:\/\/carelabdivas.com\/sk\/de\/wp-json\/wp\/v2\/media?parent=992435"}],"curies":[{"name":"wp","href":"https:\/\/api.w.org\/{rel}","templated":true}]}}