{"id":992437,"date":"2023-10-02T12:01:07","date_gmt":"2023-10-02T10:01:07","guid":{"rendered":"https:\/\/carelabdivas.com\/sk\/care-shot\/"},"modified":"2025-06-20T08:12:29","modified_gmt":"2025-06-20T06:12:29","slug":"care-shot","status":"publish","type":"page","link":"https:\/\/carelabdivas.com\/sk\/de\/care-shot\/","title":{"rendered":"Care Shot"},"content":{"rendered":"\t\t<div data-elementor-type=\"wp-page\" data-elementor-id=\"992437\" class=\"elementor elementor-992437 elementor-990470\" data-elementor-post-type=\"page\">\n\t\t\t\t<div class=\"elementor-element elementor-element-88ac3d7 e-con-full e-flex e-con e-parent\" data-id=\"88ac3d7\" data-element_type=\"container\" data-settings=\"{&quot;background_background&quot;:&quot;classic&quot;,&quot;background_motion_fx_motion_fx_scrolling&quot;:&quot;yes&quot;,&quot;background_motion_fx_scale_effect&quot;:&quot;yes&quot;,&quot;background_motion_fx_scale_direction&quot;:&quot;out-in&quot;,&quot;background_motion_fx_scale_speed&quot;:{&quot;unit&quot;:&quot;px&quot;,&quot;size&quot;:4,&quot;sizes&quot;:[]},&quot;background_motion_fx_scale_range&quot;:{&quot;unit&quot;:&quot;%&quot;,&quot;size&quot;:&quot;&quot;,&quot;sizes&quot;:{&quot;start&quot;:20,&quot;end&quot;:80}},&quot;background_motion_fx_devices&quot;:[&quot;desktop&quot;,&quot;tablet&quot;,&quot;mobile&quot;]}\">\n\t\t\t\t<\/div>\n\t\t<div class=\"elementor-element elementor-element-61df7f4 e-flex e-con-boxed e-con e-parent\" data-id=\"61df7f4\" data-element_type=\"container\">\n\t\t\t\t\t<div class=\"e-con-inner\">\n\t\t<div class=\"elementor-element elementor-element-9252a77 e-flex e-con-boxed e-con e-child\" data-id=\"9252a77\" data-element_type=\"container\">\n\t\t\t\t\t<div class=\"e-con-inner\">\n\t\t\t\t<div class=\"elementor-element elementor-element-c692ee6 elementor-widget__width-initial elementor-widget-mobile__width-initial elementor-invisible elementor-widget elementor-widget-heading\" data-id=\"c692ee6\" data-element_type=\"widget\" data-settings=\"{&quot;_animation&quot;:&quot;fadeInUp&quot;}\" data-widget_type=\"heading.default\">\n\t\t\t\t<div class=\"elementor-widget-container\">\n\t\t\t<h2 class=\"elementor-heading-title elementor-size-default\">Systematische Pflege, die die Sinne verw\u00f6hnt<\/h2>\t\t<\/div>\n\t\t\t\t<\/div>\n\t\t\t\t\t<\/div>\n\t\t\t\t<\/div>\n\t\t<div class=\"elementor-element elementor-element-fe02775 e-flex e-con-boxed e-con e-child\" data-id=\"fe02775\" data-element_type=\"container\">\n\t\t\t\t\t<div class=\"e-con-inner\">\n\t\t\t\t<div class=\"elementor-element elementor-element-30cfc21 elementor-invisible elementor-widget elementor-widget-text-editor\" data-id=\"30cfc21\" data-element_type=\"widget\" data-settings=\"{&quot;_animation&quot;:&quot;fadeIn&quot;,&quot;_animation_delay&quot;:200}\" data-widget_type=\"text-editor.default\">\n\t\t\t\t<div class=\"elementor-widget-container\">\n\t\t\t\t\t\t\t<p>Care Shot \u00fcberrascht die Sinne gleich dreifach. Wenn Sie eine Dose aus der Produktlinie zur systematischen Nahrungserg\u00e4nzung \u00f6ffnen, werden Sie zun\u00e4chst von der samtigen Konsistenz des Fruchtp\u00fcrees verzaubert. Wenn Sie daran riechen, werden Ihre Geruchssinne von einem au\u00dfergew\u00f6hnlichen fruchtigen Aroma mit einem Hauch von Gew\u00fcrzen, Kr\u00e4utern oder Blumen umschmeichelt. Und das Beste kommt zum Schluss. Der reichhaltige Fruchtgeschmack mit verf\u00fchrerischen Holunderbl\u00fcten, Safran, Jasmin oder Lavendel ist ein au\u00dfergew\u00f6hnliches Erlebnis f\u00fcr den Gaumen, auf das Sie immer wieder zur\u00fcckkommen werden.    &nbsp;<\/p>\n<p>Care Shot ist eine perfekte Symphonie f\u00fcr die Sinne, angereichert mit Wirkstoffen, die das Immunsystem, die geistige Gesundheit oder die Regeneration der Haut unterst\u00fctzen. G\u00f6nnen Sie sich eine Dose pro Tag und lassen Sie sich von den Ergebnissen \u00fcberraschen. Care Shot ist ein gesundes t\u00e4gliches Ritual, das man einfach lieben muss.  &nbsp;<\/p>\n<p><b>Bald verf\u00fcgbar.&nbsp;<\/b><\/p>\t\t\t\t\t\t<\/div>\n\t\t\t\t<\/div>\n\t\t\t\t\t<\/div>\n\t\t\t\t<\/div>\n\t\t\t\t\t<\/div>\n\t\t\t\t<\/div>\n\t\t<div class=\"elementor-element elementor-element-3305af4 e-flex e-con-boxed e-con e-parent\" data-id=\"3305af4\" data-element_type=\"container\">\n\t\t\t\t\t<div class=\"e-con-inner\">\n\t\t<div class=\"elementor-element elementor-element-3271c54 e-con-full e-flex e-con e-child\" data-id=\"3271c54\" data-element_type=\"container\" data-settings=\"{&quot;background_background&quot;:&quot;classic&quot;}\">\n\t\t\t\t<div class=\"elementor-element elementor-element-3f70387 elementor-invisible elementor-widget elementor-widget-heading\" data-id=\"3f70387\" data-element_type=\"widget\" data-settings=\"{&quot;_animation&quot;:&quot;fadeInUp&quot;}\" data-widget_type=\"heading.default\">\n\t\t\t\t<div class=\"elementor-widget-container\">\n\t\t\t<h3 class=\"elementor-heading-title elementor-size-default\">Pflegeschuss Haut<\/h3>\t\t<\/div>\n\t\t\t\t<\/div>\n\t\t\t\t<div class=\"elementor-element elementor-element-a683535 elementor-invisible elementor-widget elementor-widget-text-editor\" data-id=\"a683535\" data-element_type=\"widget\" data-settings=\"{&quot;_animation&quot;:&quot;fadeIn&quot;,&quot;_animation_delay&quot;:200}\" data-widget_type=\"text-editor.default\">\n\t\t\t\t<div class=\"elementor-widget-container\">\n\t\t\t\t\t\t\t<p>Wahre Sch\u00f6nheit kommt von innen. Wenn Sie dieser Meinung sind, wurde Care Shot SKIN genau f\u00fcr Sie entwickelt. Unser Expertenteam hat die Inhaltsstoffe sorgf\u00e4ltig ausgew\u00e4hlt, damit Care Shot SKIN Ihnen zu einer strahlenden und vitalen Haut verhilft, die sowohl ihre Textur als auch ihre sch\u00fctzenden Eigenschaften verbessert. Deshalb finden Sie in der Formel einige der renommiertesten Namen in der Sch\u00f6nheits- und Hautpflege, wie Kollagen, Elastin, Hyalurons\u00e4ure und Vitamin C.   <\/p><p>Nutzen Sie die Kraft wissenschaftlich erprobter Inhaltsstoffe in Kombination mit den nat\u00fcrlichen Vorteilen von Fr\u00fcchten, um die Haut zu bekommen, nach der Sie sich sehnen. Care Shot SKIN wird Sie nicht nur mit seiner positiven Wirkung \u00fcberzeugen, sondern auch mit seinem herrlich fruchtigen Geschmack und seinem unwiderstehlichen blumigen Duft. Sie haben die Wahl zwischen zwei verf\u00fchrerischen Varianten, n\u00e4mlich Cherry &amp; Pink Guava &amp; Cherry Blossom oder Apricot &amp; Passion Fruit &amp; Elderflower.  <\/p>\t\t\t\t\t\t<\/div>\n\t\t\t\t<\/div>\n\t\t\t\t<\/div>\n\t\t<div class=\"elementor-element elementor-element-dc5572b e-con-full e-flex e-con e-child\" data-id=\"dc5572b\" data-element_type=\"container\">\n\t\t\t\t<div class=\"elementor-element elementor-element-1d5c47c elementor-invisible elementor-widget elementor-widget-image\" data-id=\"1d5c47c\" data-element_type=\"widget\" data-settings=\"{&quot;_animation&quot;:&quot;fadeInRight&quot;}\" data-widget_type=\"image.default\">\n\t\t\t\t<div class=\"elementor-widget-container\">\n\t\t\t\t\t\t\t\t\t\t\t\t\t<img decoding=\"async\" src=\"https:\/\/carelabdivas.com\/sk\/wp-content\/uploads\/elementor\/thumbs\/care-shot-skin-1-qe1k0c77rpqjsb2v6pidzkrclc6uk9kitl6mv8j1sc.png\" title=\"care shot skin\" alt=\"care shot skin\" loading=\"lazy\" \/>\t\t\t\t\t\t\t\t\t\t\t\t\t<\/div>\n\t\t\t\t<\/div>\n\t\t\t\t<\/div>\n\t\t\t\t\t<\/div>\n\t\t\t\t<\/div>\n\t\t<div class=\"elementor-element elementor-element-3df8761 e-flex e-con-boxed e-con e-parent\" data-id=\"3df8761\" data-element_type=\"container\">\n\t\t\t\t\t<div class=\"e-con-inner\">\n\t\t<div class=\"elementor-element elementor-element-d462a98 e-con-full e-flex e-con e-child\" data-id=\"d462a98\" data-element_type=\"container\">\n\t\t\t\t<div class=\"elementor-element elementor-element-8e71dac elementor-invisible elementor-widget elementor-widget-image\" data-id=\"8e71dac\" data-element_type=\"widget\" data-settings=\"{&quot;_animation&quot;:&quot;fadeInLeft&quot;}\" data-widget_type=\"image.default\">\n\t\t\t\t<div class=\"elementor-widget-container\">\n\t\t\t\t\t\t\t\t\t\t\t\t\t<img decoding=\"async\" src=\"https:\/\/carelabdivas.com\/sk\/wp-content\/uploads\/elementor\/thumbs\/care-shot-calm-1-qe1k0hu8wpy9pyuo9ry5ejc45nf1ug6wud3jqwaor0.png\" title=\"care shot calm\" alt=\"care shot calm\" loading=\"lazy\" \/>\t\t\t\t\t\t\t\t\t\t\t\t\t<\/div>\n\t\t\t\t<\/div>\n\t\t\t\t<\/div>\n\t\t<div class=\"elementor-element elementor-element-94e3919 e-con-full e-flex e-con e-child\" data-id=\"94e3919\" data-element_type=\"container\" data-settings=\"{&quot;background_background&quot;:&quot;classic&quot;}\">\n\t\t\t\t<div class=\"elementor-element elementor-element-f3a685d elementor-invisible elementor-widget elementor-widget-heading\" data-id=\"f3a685d\" data-element_type=\"widget\" data-settings=\"{&quot;_animation&quot;:&quot;fadeInUp&quot;}\" data-widget_type=\"heading.default\">\n\t\t\t\t<div class=\"elementor-widget-container\">\n\t\t\t<h3 class=\"elementor-heading-title elementor-size-default\">Pflegespritze Calm<\/h3>\t\t<\/div>\n\t\t\t\t<\/div>\n\t\t\t\t<div class=\"elementor-element elementor-element-e26d4f0 elementor-invisible elementor-widget elementor-widget-text-editor\" data-id=\"e26d4f0\" data-element_type=\"widget\" data-settings=\"{&quot;_animation&quot;:&quot;fadeIn&quot;,&quot;_animation_delay&quot;:200}\" data-widget_type=\"text-editor.default\">\n\t\t\t\t<div class=\"elementor-widget-container\">\n\t\t\t\t\t\t\t<p>In unserem hektischen und oft stressigen Leben d\u00fcrfen wir die kurzen Momente, in denen wir Zeit f\u00fcr uns haben, nicht untersch\u00e4tzen. Finden Sie jeden Tag ein paar Minuten, in denen Sie sich auf niemanden au\u00dfer sich selbst konzentrieren m\u00fcssen.  Care Shot CALM bietet Ihnen die perfekte Gelegenheit, genau das zu tun. Eine sorgf\u00e4ltig ausgew\u00e4hlte Mischung aus klinisch erprobten Inhaltsstoffen wie Cognizin\u00ae Citicolin, L-Tryptophan, Rhodiola Rosea-Extrakt und GABA machen es zum idealen Partner f\u00fcr Stressabbau und ruhige Entspannung.<\/p><p>Die Wirkstoffe helfen dem Gehirn, die Ruhe zu finden, die es braucht, w\u00e4hrend Cognizin\u00ae Citicolin auch unsere kognitiven F\u00e4higkeiten verbessern kann. Die Vorteile der Wirkstoffe vermischen sich auf nat\u00fcrliche Weise mit der beruhigenden Wirkung des Fruchtp\u00fcrees. So wird Care Shot CALM zu einem k\u00f6stlichen Getr\u00e4nk, das nicht nur Ihre Geschmacks- und Geruchssinne erfreut, sondern auch Ihre geistige Gesundheit und Ihr Wohlbefinden. Genie\u00dfen Sie ihn in zwei fesselnden Geschmacksrichtungen: Kakao-Frucht &amp; Ananas &amp; Safran oder Heidelbeere &amp; Schwarze Johannisbeere &amp; Lavendel.  <\/p>\t\t\t\t\t\t<\/div>\n\t\t\t\t<\/div>\n\t\t\t\t<\/div>\n\t\t\t\t\t<\/div>\n\t\t\t\t<\/div>\n\t\t<div class=\"elementor-element elementor-element-3d22fc0 e-flex e-con-boxed e-con e-parent\" data-id=\"3d22fc0\" data-element_type=\"container\">\n\t\t\t\t\t<div class=\"e-con-inner\">\n\t\t<div class=\"elementor-element elementor-element-5de65c6 e-con-full e-flex e-con e-child\" data-id=\"5de65c6\" data-element_type=\"container\" data-settings=\"{&quot;background_background&quot;:&quot;classic&quot;}\">\n\t\t\t\t<div class=\"elementor-element elementor-element-cfd55a3 elementor-invisible elementor-widget elementor-widget-heading\" data-id=\"cfd55a3\" data-element_type=\"widget\" data-settings=\"{&quot;_animation&quot;:&quot;fadeInUp&quot;}\" data-widget_type=\"heading.default\">\n\t\t\t\t<div class=\"elementor-widget-container\">\n\t\t\t<h3 class=\"elementor-heading-title elementor-size-default\">Pflegespritze Immuno<\/h3>\t\t<\/div>\n\t\t\t\t<\/div>\n\t\t\t\t<div class=\"elementor-element elementor-element-ff7436d elementor-invisible elementor-widget elementor-widget-text-editor\" data-id=\"ff7436d\" data-element_type=\"widget\" data-settings=\"{&quot;_animation&quot;:&quot;fadeIn&quot;,&quot;_animation_delay&quot;:200}\" data-widget_type=\"text-editor.default\">\n\t\t\t\t<div class=\"elementor-widget-container\">\n\t\t\t\t\t\t\t<p>Es gibt mehrere M\u00f6glichkeiten, Ihre Immunit\u00e4t zu st\u00e4rken, aber wir garantieren Ihnen, dass keine davon so k\u00f6stlich und genussvoll ist wie Care Shot IMMUNO. Das Premium-Funktionsgetr\u00e4nk gibt Ihnen die M\u00f6glichkeit, in den k\u00f6stlichen Geschmack von Fruchtp\u00fcree einzutauchen, das harmonisch mit sieben wissenschaftlich erprobten Inhaltsstoffen zusammenarbeitet, um Ihre allgemeine Gesundheit und Immunit\u00e4t zu unterst\u00fctzen. <\/p>\n<p>Postbiotisches IMMUSE\u00ae, die Haferfaser Betaglucan, die Vitamine C, D3, K2, Zink und Selen sind die Seele von Care Shot IMMUNO, w\u00e4hrend sein Herz aus einer luxuri\u00f6sen, samtigen Konsistenz und einem verf\u00fchrerischen Fruchtgeschmack besteht, dem Sie nicht widerstehen k\u00f6nnen. Der Weg zu einer st\u00e4rkeren Immunit\u00e4t muss nicht aus vielen Pillen bestehen. Er kann auch in Form eines k\u00f6stlichen Getr\u00e4nks aussehen, auf das Sie sich freuen werden. Care Shot IMMUNO ist in den Geschmacksrichtungen Himbeere &amp; Brombeere &amp; Jasmin oder Mango &amp; Mandarine &amp; Ingwer erh\u00e4ltlich.   <\/p>\t\t\t\t\t\t<\/div>\n\t\t\t\t<\/div>\n\t\t\t\t<\/div>\n\t\t<div class=\"elementor-element elementor-element-63c2af8 e-con-full e-flex e-con e-child\" data-id=\"63c2af8\" data-element_type=\"container\">\n\t\t\t\t<div class=\"elementor-element elementor-element-23333e3 elementor-invisible elementor-widget elementor-widget-image\" data-id=\"23333e3\" data-element_type=\"widget\" data-settings=\"{&quot;_animation&quot;:&quot;fadeInRight&quot;}\" data-widget_type=\"image.default\">\n\t\t\t\t<div class=\"elementor-widget-container\">\n\t\t\t\t\t\t\t\t\t\t\t\t\t<img decoding=\"async\" src=\"https:\/\/carelabdivas.com\/sk\/wp-content\/uploads\/elementor\/thumbs\/care-shot-immuno-qf03o7k1qj1xj9fswlgo6ju1k1c4hsslprwu1ctvbg.png\" title=\"care shot immuno\" alt=\"care shot immuno\" loading=\"lazy\" \/>\t\t\t\t\t\t\t\t\t\t\t\t\t<\/div>\n\t\t\t\t<\/div>\n\t\t\t\t<\/div>\n\t\t\t\t\t<\/div>\n\t\t\t\t<\/div>\n\t\t<div class=\"elementor-element elementor-element-79ffb2a e-flex e-con-boxed e-con e-parent\" data-id=\"79ffb2a\" data-element_type=\"container\">\n\t\t\t\t\t<div class=\"e-con-inner\">\n\t\t\t\t<div class=\"elementor-element elementor-element-8074a7e elementor-invisible elementor-widget elementor-widget-heading\" data-id=\"8074a7e\" data-element_type=\"widget\" data-settings=\"{&quot;_animation&quot;:&quot;fadeInUp&quot;,&quot;motion_fx_motion_fx_scrolling&quot;:&quot;yes&quot;,&quot;motion_fx_translateY_effect&quot;:&quot;yes&quot;,&quot;motion_fx_translateY_speed&quot;:{&quot;unit&quot;:&quot;px&quot;,&quot;size&quot;:1,&quot;sizes&quot;:[]},&quot;motion_fx_translateY_affectedRange&quot;:{&quot;unit&quot;:&quot;%&quot;,&quot;size&quot;:&quot;&quot;,&quot;sizes&quot;:{&quot;start&quot;:0,&quot;end&quot;:100}},&quot;motion_fx_devices&quot;:[&quot;desktop&quot;,&quot;tablet&quot;,&quot;mobile&quot;]}\" data-widget_type=\"heading.default\">\n\t\t\t\t<div class=\"elementor-widget-container\">\n\t\t\t<h2 class=\"elementor-heading-title elementor-size-default\">Mehr Produkte entdecken<\/h2>\t\t<\/div>\n\t\t\t\t<\/div>\n\t\t<div class=\"elementor-element elementor-element-651b213 e-flex e-con-boxed e-con e-child\" data-id=\"651b213\" data-element_type=\"container\">\n\t\t\t\t\t<div class=\"e-con-inner\">\n\t\t<div class=\"elementor-element elementor-element-8b97cad e-flex e-con-boxed e-con e-child\" data-id=\"8b97cad\" data-element_type=\"container\">\n\t\t\t\t\t<div class=\"e-con-inner\">\n\t\t\t\t<div class=\"elementor-element elementor-element-169d73f elementor-widget-mobile__width-inherit elementor-invisible elementor-widget elementor-widget-image\" data-id=\"169d73f\" data-element_type=\"widget\" data-settings=\"{&quot;_animation&quot;:&quot;fadeIn&quot;}\" data-widget_type=\"image.default\">\n\t\t\t\t<div class=\"elementor-widget-container\">\n\t\t\t\t\t\t\t\t\t\t\t\t\t\t<a href=\"\/?p=988544\">\n\t\t\t\t\t\t\t<img decoding=\"async\" src=\"https:\/\/carelabdivas.com\/sk\/wp-content\/uploads\/elementor\/thumbs\/care_lab_divas_bubbles_waters_sour_cherry_c-qios0433bw69309kaimaaot5ldc5b5ncliqjoygmk4.webp\" title=\"care lab divas bubbles waters sour cherry c\" alt=\"care lab divas bubbles waters sour cherry c\" loading=\"lazy\" \/>\t\t\t\t\t\t\t\t<\/a>\n\t\t\t\t\t\t\t\t\t\t\t\t\t<\/div>\n\t\t\t\t<\/div>\n\t\t\t\t\t<\/div>\n\t\t\t\t<\/div>\n\t\t<div class=\"elementor-element elementor-element-3adda34 e-flex e-con-boxed e-con e-child\" data-id=\"3adda34\" data-element_type=\"container\">\n\t\t\t\t\t<div class=\"e-con-inner\">\n\t\t\t\t<div class=\"elementor-element elementor-element-b240ed3 elementor-widget__width-auto animated-slow elementor-invisible elementor-widget elementor-widget-global elementor-global-992554 elementor-global-989598 elementor-widget-button\" data-id=\"b240ed3\" data-element_type=\"widget\" data-settings=\"{&quot;_animation&quot;:&quot;fadeIn&quot;,&quot;_animation_delay&quot;:600,&quot;_animation_tablet&quot;:&quot;none&quot;,&quot;_animation_mobile&quot;:&quot;none&quot;}\" data-widget_type=\"button.default\">\n\t\t\t\t<div class=\"elementor-widget-container\">\n\t\t\t\t\t<div class=\"elementor-button-wrapper\">\n\t\t\t<a class=\"elementor-button elementor-button-link elementor-size-sm\" href=\"\/sk\/produkty\">\n\t\t\t\t\t\t<span class=\"elementor-button-content-wrapper\">\n\t\t\t\t\t\t\t\t\t<span class=\"elementor-button-text\">Alle Produkte<\/span>\n\t\t\t\t\t<\/span>\n\t\t\t\t\t<\/a>\n\t\t<\/div>\n\t\t\t\t<\/div>\n\t\t\t\t<\/div>\n\t\t\t\t<div class=\"elementor-element elementor-element-c3052c9 elementor-widget-mobile__width-inherit elementor-invisible elementor-widget elementor-widget-image\" data-id=\"c3052c9\" data-element_type=\"widget\" data-settings=\"{&quot;_animation&quot;:&quot;fadeIn&quot;,&quot;_animation_delay&quot;:200}\" data-widget_type=\"image.default\">\n\t\t\t\t<div class=\"elementor-widget-container\">\n\t\t\t\t\t\t\t\t\t\t\t\t\t\t<a href=\"\/?p=988539\">\n\t\t\t\t\t\t\t<img decoding=\"async\" src=\"https:\/\/carelabdivas.com\/sk\/wp-content\/uploads\/elementor\/thumbs\/care_lab_divas_bubbles_grapefruit_hibiscus_c-qios0359524yreaxg07nq71ozzgs3gjm9e327oi0qc.webp\" title=\"care lab divas bubbles grapefruit hibiscus c\" alt=\"care lab divas bubbles grapefruit hibiscus c\" loading=\"lazy\" \/>\t\t\t\t\t\t\t\t<\/a>\n\t\t\t\t\t\t\t\t\t\t\t\t\t<\/div>\n\t\t\t\t<\/div>\n\t\t\t\t\t<\/div>\n\t\t\t\t<\/div>\n\t\t<div class=\"elementor-element elementor-element-90e0dfc e-flex e-con-boxed e-con e-child\" data-id=\"90e0dfc\" data-element_type=\"container\">\n\t\t\t\t\t<div class=\"e-con-inner\">\n\t\t\t\t<div class=\"elementor-element elementor-element-850e21a elementor-widget-mobile__width-inherit elementor-invisible elementor-widget elementor-widget-image\" data-id=\"850e21a\" data-element_type=\"widget\" data-settings=\"{&quot;_animation&quot;:&quot;fadeIn&quot;,&quot;_animation_delay&quot;:400}\" data-widget_type=\"image.default\">\n\t\t\t\t<div class=\"elementor-widget-container\">\n\t\t\t\t\t\t\t\t\t\t\t\t\t\t<a href=\"\/?p=991496\">\n\t\t\t\t\t\t\t<img decoding=\"async\" src=\"https:\/\/carelabdivas.com\/sk\/wp-content\/uploads\/elementor\/thumbs\/bergamot_care-bubbles-scaled-qqi7bg3se8ebhtgotwwd50lvyaqdy7vra7qn0xlwdw.webp\" title=\"care bubbles jasm\u00ed\u00adn\" alt=\"care bubbles jasm\u00ed\u00adn\" loading=\"lazy\" \/>\t\t\t\t\t\t\t\t<\/a>\n\t\t\t\t\t\t\t\t\t\t\t\t\t<\/div>\n\t\t\t\t<\/div>\n\t\t\t\t\t<\/div>\n\t\t\t\t<\/div>\n\t\t\t\t\t<\/div>\n\t\t\t\t<\/div>\n\t\t\t\t\t<\/div>\n\t\t\t\t<\/div>\n\t\t\t\t<\/div>\n\t\t","protected":false},"excerpt":{"rendered":"<p>Systematische Pflege, die die Sinne verw\u00f6hnt Care Shot \u00fcberrascht die Sinne gleich dreifach. Wenn Sie eine Dose aus der Produktlinie zur systematischen Nahrungserg\u00e4nzung \u00f6ffnen, werden Sie zun\u00e4chst von der samtigen Konsistenz des Fruchtp\u00fcrees verzaubert. Wenn Sie daran riechen, werden Ihre Geruchssinne von einem au\u00dfergew\u00f6hnlichen fruchtigen Aroma mit einem Hauch von Gew\u00fcrzen, Kr\u00e4utern oder Blumen umschmeichelt. [&hellip;]<\/p>\n","protected":false},"author":1,"featured_media":0,"parent":0,"menu_order":0,"comment_status":"closed","ping_status":"closed","template":"","meta":{"_acf_changed":false,"_seopress_robots_primary_cat":"","_seopress_titles_title":"Pflegeschuss - Systematische Pflege %%sep%% %%sitetitle%%","_seopress_titles_desc":"St\u00e4rken Sie Ihr Immunsystem, f\u00f6rdern Sie Ihr geistiges Wohlbefinden oder regenerieren Sie Ihre Haut. Kosten Sie die Kraft der fesselnden funktionellen Getr\u00e4nke - Care Shot. ","_seopress_robots_index":"","footnotes":""},"class_list":["post-992437","page","type-page","status-publish","hentry"],"acf":[],"_links":{"self":[{"href":"https:\/\/carelabdivas.com\/sk\/de\/wp-json\/wp\/v2\/pages\/992437"}],"collection":[{"href":"https:\/\/carelabdivas.com\/sk\/de\/wp-json\/wp\/v2\/pages"}],"about":[{"href":"https:\/\/carelabdivas.com\/sk\/de\/wp-json\/wp\/v2\/types\/page"}],"author":[{"embeddable":true,"href":"https:\/\/carelabdivas.com\/sk\/de\/wp-json\/wp\/v2\/users\/1"}],"replies":[{"embeddable":true,"href":"https:\/\/carelabdivas.com\/sk\/de\/wp-json\/wp\/v2\/comments?post=992437"}],"version-history":[{"count":3,"href":"https:\/\/carelabdivas.com\/sk\/de\/wp-json\/wp\/v2\/pages\/992437\/revisions"}],"predecessor-version":[{"id":992944,"href":"https:\/\/carelabdivas.com\/sk\/de\/wp-json\/wp\/v2\/pages\/992437\/revisions\/992944"}],"wp:attachment":[{"href":"https:\/\/carelabdivas.com\/sk\/de\/wp-json\/wp\/v2\/media?parent=992437"}],"curies":[{"name":"wp","href":"https:\/\/api.w.org\/{rel}","templated":true}]}}