{"id":992566,"date":"2023-05-21T12:22:28","date_gmt":"2023-05-21T10:22:28","guid":{"rendered":"https:\/\/carelabdivas.com\/sk\/produkty\/pflege-wasser-defense\/"},"modified":"2025-05-08T12:56:33","modified_gmt":"2025-05-08T10:56:33","slug":"pflege-wasser-defense","status":"publish","type":"product","link":"https:\/\/carelabdivas.com\/sk\/de\/produkty\/pflege-wasser-defense\/","title":{"rendered":"Pflege Wasser DEFENSE"},"content":{"rendered":"\t\t<div data-elementor-type=\"product-post\" data-elementor-id=\"992566\" class=\"elementor elementor-992566 elementor-988340\" data-elementor-post-type=\"product\">\n\t\t\t\t\t\t<section class=\"elementor-section elementor-top-section elementor-element elementor-element-3b20f617 elementor-section-boxed elementor-section-height-default elementor-section-height-default\" data-id=\"3b20f617\" data-element_type=\"section\">\n\t\t\t\t\t\t<div class=\"elementor-container elementor-column-gap-default\">\n\t\t\t\t\t<div class=\"elementor-column elementor-col-100 elementor-top-column elementor-element elementor-element-69cacf68\" data-id=\"69cacf68\" data-element_type=\"column\">\n\t\t\t<div class=\"elementor-widget-wrap elementor-element-populated\">\n\t\t\t\t\t\t<div class=\"elementor-element elementor-element-4d0ebb1 elementor-widget elementor-widget-toggle\" data-id=\"4d0ebb1\" data-element_type=\"widget\" data-widget_type=\"toggle.default\">\n\t\t\t\t<div class=\"elementor-widget-container\">\n\t\t\t\t\t<div class=\"elementor-toggle\">\n\t\t\t\t\t\t\t<div class=\"elementor-toggle-item\">\n\t\t\t\t\t<div id=\"elementor-tab-title-8081\" class=\"elementor-tab-title\" data-tab=\"1\" role=\"button\" aria-controls=\"elementor-tab-content-8081\" aria-expanded=\"false\">\n\t\t\t\t\t\t\t\t\t\t\t\t<span class=\"elementor-toggle-icon elementor-toggle-icon-right\" aria-hidden=\"true\">\n\t\t\t\t\t\t\t\t\t\t\t\t\t\t\t<span class=\"elementor-toggle-icon-closed\"><i class=\"fas fa-plus\"><\/i><\/span>\n\t\t\t\t\t\t\t\t<span class=\"elementor-toggle-icon-opened\"><i class=\"elementor-toggle-icon-opened fas fa-minus\"><\/i><\/span>\n\t\t\t\t\t\t\t\t\t\t\t\t\t<\/span>\n\t\t\t\t\t\t\t\t\t\t\t\t<a class=\"elementor-toggle-title\" tabindex=\"0\">Details<\/a>\n\t\t\t\t\t<\/div>\n\n\t\t\t\t\t<div id=\"elementor-tab-content-8081\" class=\"elementor-tab-content elementor-clearfix\" data-tab=\"1\" role=\"region\" aria-labelledby=\"elementor-tab-title-8081\"><p><span style=\"font-weight: 400;\">Wenn Ihnen Ihre allgemeine Gesundheit, Ihr Wohlbefinden, <strong>eine reibungslose Verdauung und ein starkes Immunsystem<\/strong> wirklich am Herzen liegen, ist Care Water DEFENSE die richtige Wahl f\u00fcr Sie.<\/span><\/p>\n<p><span style=\"font-weight: 400;\">Die einzigartige Care Water DEFENSE Formel enth\u00e4lt:  <\/span><\/p>\n<ul>\n<li style=\"font-weight: 400;\" aria-level=\"1\"><span style=\"font-weight: 400;\"><strong>Pr\u00e4biotische Ballaststoffmischung<\/strong> &#8211; n\u00e4hrt effektiv die gesunden Probiotika im Darm und wirkt sich positiv auf die Verdauung aus, die f\u00fcr das effiziente Funktionieren des Immunsystems unerl\u00e4sslich ist.<\/span><\/li>\n<li style=\"font-weight: 400;\" aria-level=\"1\"><span style=\"font-weight: 400;\"><strong>Eine Kombination aus Zink, Selen und Vitamin D3<\/strong> &#8211; ein <span style=\"font-family: var( --e-global-typography-vamtam_primary_font-font-family ), Playfair Display; font-size: var( --e-global-typography-vamtam_primary_font-font-size ); font-style: var( --e-global-typography-vamtam_primary_font-font-style ); text-transform: var( --e-global-typography-vamtam_primary_font-text-transform ); background-color: var( --e-global-color-vamtam_accent_3 ); color: var( --e-global-color-vamtam_accent_2 );\">hochwirksames Trio, das nachweislich sowohl die adaptive als auch die angeborene Immunit\u00e4t moduliert.<\/span><\/span><\/li>\n<li style=\"font-weight: 400;\" aria-level=\"1\"><span style=\"font-weight: 400;\"><strong>einzigartige CARE LAB-Vitaminmischung<\/strong> (Vitamine C, B3, B5, B6, B9 und B12) &#8211; <span style=\"font-family: var( --e-global-typography-vamtam_primary_font-font-family ), Playfair Display; font-size: var( --e-global-typography-vamtam_primary_font-font-size ); font-style: var( --e-global-typography-vamtam_primary_font-font-style ); text-transform: var( --e-global-typography-vamtam_primary_font-text-transform ); background-color: var( --e-global-color-vamtam_accent_3 ); color: var( --e-global-color-vamtam_accent_2 );\">spielt eine wichtige Rolle bei der St\u00e4rkung des Immunsystems und der Unterst\u00fctzung von Stoffwechsel- und Regulationsprozessen.\n<p><\/span> <\/span><\/li>\n<\/ul>\n<p><span style=\"font-weight: 400;\">Unser Ziel ist es, wirksame Getr\u00e4nke herzustellen, die einen echten Nutzen f\u00fcr Ihre Gesundheit haben und Ihr System nicht belasten. Deshalb ist das Care Water DEFENSE Getr\u00e4nk ohne Kohlens\u00e4ure   <\/span><b>enth\u00e4lt keine k\u00fcnstlichen Konservierungsstoffe und ist nat\u00fcrlich nur mit Fr\u00fcchten ges\u00fc\u00dft<\/b><span style=\"font-weight: 400;\">. <\/span> <\/p>\n<p><span style=\"font-weight: 400;\">Genie\u00dfen Sie den feinen Geschmack von Granatapfel und Hibiskus, w\u00e4hrend Sie die Abwehrkr\u00e4fte Ihres K\u00f6rpers effektiv st\u00e4rken. Es ist ganz einfach und mit unserem Care Water auch noch \u00e4u\u00dferst schmackhaft! <\/span><\/p>\n<\/div>\n\t\t\t\t<\/div>\n\t\t\t\t\t\t\t<div class=\"elementor-toggle-item\">\n\t\t\t\t\t<div id=\"elementor-tab-title-8082\" class=\"elementor-tab-title\" data-tab=\"2\" role=\"button\" aria-controls=\"elementor-tab-content-8082\" aria-expanded=\"false\">\n\t\t\t\t\t\t\t\t\t\t\t\t<span class=\"elementor-toggle-icon elementor-toggle-icon-right\" aria-hidden=\"true\">\n\t\t\t\t\t\t\t\t\t\t\t\t\t\t\t<span class=\"elementor-toggle-icon-closed\"><i class=\"fas fa-plus\"><\/i><\/span>\n\t\t\t\t\t\t\t\t<span class=\"elementor-toggle-icon-opened\"><i class=\"elementor-toggle-icon-opened fas fa-minus\"><\/i><\/span>\n\t\t\t\t\t\t\t\t\t\t\t\t\t<\/span>\n\t\t\t\t\t\t\t\t\t\t\t\t<a class=\"elementor-toggle-title\" tabindex=\"0\">Zutaten<\/a>\n\t\t\t\t\t<\/div>\n\n\t\t\t\t\t<div id=\"elementor-tab-content-8082\" class=\"elementor-tab-content elementor-clearfix\" data-tab=\"2\" role=\"region\" aria-labelledby=\"elementor-tab-title-8082\"><p><strong>Komposition:<\/strong> <span class=\"NormalTextRun SCXW247914912 BCX0\">Quelle <\/span><span class=\"NormalTextRun SCXW247914912 BCX0\">Wasser (95%), <\/span><span class=\"NormalTextRun SCXW247914912 BCX0\">Frucht<\/span><span class=\"NormalTextRun SCXW247914912 BCX0\"> extrakt (<\/span><span class=\"NormalTextRun SCXW247914912 BCX0\">Johannisbrot<\/span><span class=\"NormalTextRun SCXW247914912 BCX0\">, Apfel), <\/span><span class=\"NormalTextRun SCXW247914912 BCX0\">Zitronensaft<\/span><span class=\"NormalTextRun SCXW247914912 BCX0\">ava<\/span><span class=\"NormalTextRun SCXW247914912 BCX0\"> z <\/span><span class=\"NormalTextRun SCXW247914912 BCX0\">Konzentrat<\/span><span class=\"NormalTextRun SCXW247914912 BCX0\"> (2%), Antioxidationsmittel: S\u00e4ure <\/span><span class=\"NormalTextRun SCXW247914912 BCX0\">Ascorbins\u00e4ure,<\/span><span class=\"NormalTextRun SCXW247914912 BCX0\"> <\/span><span class=\"NormalTextRun SCXW247914912 BCX0\">Inulin<\/span><span class=\"NormalTextRun SCXW247914912 BCX0\"> aus keinem<\/span><span class=\"NormalTextRun SCXW247914912 BCX0\">akanky<\/span><span class=\"NormalTextRun SCXW247914912 BCX0\">, eine Mischung aus <\/span><span class=\"NormalTextRun SCXW247914912 BCX0\">Vitaminen<\/span><span class=\"NormalTextRun SCXW247914912 BCX0\"> (<\/span><span class=\"NormalTextRun SCXW247914912 BCX0\">Vitamin<\/span><span class=\"NormalTextRun SCXW247914912 BCX0\"> C, <\/span><span class=\"NormalTextRun SCXW247914912 BCX0\">Niacin<\/span><span class=\"NormalTextRun SCXW247914912 BCX0\">, S\u00e4ure <\/span><span class=\"NormalTextRun SCXW247914912 BCX0\">Pantothens\u00e4ure,<\/span><span class=\"NormalTextRun SCXW247914912 BCX0\"> <\/span><span class=\"NormalTextRun SCXW247914912 BCX0\">Vitamin<\/span><span class=\"NormalTextRun SCXW247914912 BCX0\"> B6, S\u00e4ure <\/span><span class=\"NormalTextRun SCXW247914912 BCX0\">Fols\u00e4ure<\/span><span class=\"NormalTextRun SCXW247914912 BCX0\">, <\/span><span class=\"NormalTextRun SCXW247914912 BCX0\">Vitamin<\/span><span class=\"NormalTextRun SCXW247914912 BCX0\"> B12), <\/span><span class=\"NormalTextRun SCXW247914912 BCX0\">Vitamin<\/span><span class=\"NormalTextRun SCXW247914912 BCX0\"> D3, Zink, <\/span><span class=\"NormalTextRun SCXW247914912 BCX0\">Selen<\/span><span class=\"NormalTextRun SCXW247914912 BCX0\">, <\/span><span class=\"NormalTextRun SCXW247914912 BCX0\">Nat\u00fcrlich<\/span><span class=\"NormalTextRun SCXW247914912 BCX0\"> <\/span><span class=\"NormalTextRun SCXW247914912 BCX0\">Aromen<\/span><span class=\"NormalTextRun SCXW247914912 BCX0\">. <\/span> <\/p>\n<\/div>\n\t\t\t\t<\/div>\n\t\t\t\t\t\t\t\t<\/div>\n\t\t\t\t<\/div>\n\t\t\t\t<\/div>\n\t\t\t\t\t<\/div>\n\t\t<\/div>\n\t\t\t\t\t<\/div>\n\t\t<\/section>\n\t\t\t\t<\/div>\n\t\t","protected":false},"excerpt":{"rendered":"<p><span style=\"font-weight: 400;\">Care Water DEFENSE unges\u00e4ttigtes Funktionsgetr\u00e4nk bietet <\/span><b>umfassende Unterst\u00fctzung f\u00fcr Ihr Immunsystem, Ihre Verdauung und Ihre allgemeine Gesundheit<\/b><span style=\"font-weight: 400;\">. Mit pr\u00e4biotischen Ballaststoffen, Zink, Selen, Vitamin D3 und einer Mischung aus 6 weiteren essentiellen Vitaminen wird dieses funktionelle Getr\u00e4nk ohne Kohlens\u00e4ure Sie effektiv auf den Weg zu einem ges\u00fcnderen Leben bringen.<\/span><\/p>\n<p><span style=\"font-weight: 400;\">Die Ballaststoffe tragen zu einer gesunden Verdauung bei, w\u00e4hrend das hochwirksame Trio aus Zink, Selen und Vitamin D3 sowohl die adaptive als auch die angeborene Immunit\u00e4t positiv beeinflusst. Genie\u00dfen Sie ein gesundes, kalorienarmes Getr\u00e4nk mit dem k\u00f6stlichen Geschmack von Granatapfel und Hibiskus.<\/span><\/p>\n","protected":false},"featured_media":992245,"template":"","meta":{"_acf_changed":false,"_seopress_robots_primary_cat":"none","_seopress_titles_title":"Pflege Wasser DEFENSE %%sep%% %%sitetitle%%","_seopress_titles_desc":"Das Premium-Funktionsgetr\u00e4nk mit Granatapfel- und Hibiskusgeschmack ist eine gute Wahl, wenn Sie Ihr Immunsystem und Ihre gesunde Verdauung st\u00e4rken m\u00f6chten.","_seopress_robots_index":"","footnotes":""},"product_cat":[322],"product_tag":[],"class_list":{"0":"post-992566","1":"product","2":"type-product","3":"status-publish","4":"has-post-thumbnail","6":"product_cat-pflege-wasser","8":"first","9":"instock","10":"taxable","11":"shipping-taxable","12":"purchasable","13":"product-type-simple"},"acf":[],"_links":{"self":[{"href":"https:\/\/carelabdivas.com\/sk\/de\/wp-json\/wp\/v2\/product\/992566"}],"collection":[{"href":"https:\/\/carelabdivas.com\/sk\/de\/wp-json\/wp\/v2\/product"}],"about":[{"href":"https:\/\/carelabdivas.com\/sk\/de\/wp-json\/wp\/v2\/types\/product"}],"version-history":[{"count":1,"href":"https:\/\/carelabdivas.com\/sk\/de\/wp-json\/wp\/v2\/product\/992566\/revisions"}],"predecessor-version":[{"id":992567,"href":"https:\/\/carelabdivas.com\/sk\/de\/wp-json\/wp\/v2\/product\/992566\/revisions\/992567"}],"wp:featuredmedia":[{"embeddable":true,"href":"https:\/\/carelabdivas.com\/sk\/de\/wp-json\/wp\/v2\/media\/992245"}],"wp:attachment":[{"href":"https:\/\/carelabdivas.com\/sk\/de\/wp-json\/wp\/v2\/media?parent=992566"}],"wp:term":[{"taxonomy":"product_cat","embeddable":true,"href":"https:\/\/carelabdivas.com\/sk\/de\/wp-json\/wp\/v2\/product_cat?post=992566"},{"taxonomy":"product_tag","embeddable":true,"href":"https:\/\/carelabdivas.com\/sk\/de\/wp-json\/wp\/v2\/product_tag?post=992566"}],"curies":[{"name":"wp","href":"https:\/\/api.w.org\/{rel}","templated":true}]}}