{"id":992568,"date":"2023-05-23T12:19:08","date_gmt":"2023-05-23T10:19:08","guid":{"rendered":"https:\/\/carelabdivas.com\/sk\/produkty\/care-bubbles-grapefruit-und-hibiskus\/"},"modified":"2025-08-18T09:35:31","modified_gmt":"2025-08-18T07:35:31","slug":"care-bubbles-grapefruit-und-hibiskus","status":"publish","type":"product","link":"https:\/\/carelabdivas.com\/sk\/de\/produkty\/care-bubbles-grapefruit-und-hibiskus\/","title":{"rendered":"Wellness Soda &#8211; Grapefruit und Hibiskus"},"content":{"rendered":"\t\t<div data-elementor-type=\"product-post\" data-elementor-id=\"992568\" class=\"elementor elementor-992568 elementor-988539\" data-elementor-post-type=\"product\">\n\t\t\t\t\t\t<section class=\"elementor-section elementor-top-section elementor-element elementor-element-5d9cc147 elementor-section-boxed elementor-section-height-default elementor-section-height-default\" data-id=\"5d9cc147\" data-element_type=\"section\">\n\t\t\t\t\t\t<div class=\"elementor-container elementor-column-gap-default\">\n\t\t\t\t\t<div class=\"elementor-column elementor-col-100 elementor-top-column elementor-element elementor-element-483f7f49\" data-id=\"483f7f49\" data-element_type=\"column\">\n\t\t\t<div class=\"elementor-widget-wrap elementor-element-populated\">\n\t\t\t\t\t\t<div class=\"elementor-element elementor-element-137a99c4 elementor-widget elementor-widget-toggle\" data-id=\"137a99c4\" data-element_type=\"widget\" data-widget_type=\"toggle.default\">\n\t\t\t\t<div class=\"elementor-widget-container\">\n\t\t\t\t\t<div class=\"elementor-toggle\">\n\t\t\t\t\t\t\t<div class=\"elementor-toggle-item\">\n\t\t\t\t\t<div id=\"elementor-tab-title-3261\" class=\"elementor-tab-title\" data-tab=\"1\" role=\"button\" aria-controls=\"elementor-tab-content-3261\" aria-expanded=\"false\">\n\t\t\t\t\t\t\t\t\t\t\t\t<span class=\"elementor-toggle-icon elementor-toggle-icon-right\" aria-hidden=\"true\">\n\t\t\t\t\t\t\t\t\t\t\t\t\t\t\t<span class=\"elementor-toggle-icon-closed\"><i class=\"fas fa-plus\"><\/i><\/span>\n\t\t\t\t\t\t\t\t<span class=\"elementor-toggle-icon-opened\"><i class=\"elementor-toggle-icon-opened fas fa-minus\"><\/i><\/span>\n\t\t\t\t\t\t\t\t\t\t\t\t\t<\/span>\n\t\t\t\t\t\t\t\t\t\t\t\t<a class=\"elementor-toggle-title\" tabindex=\"0\">Details<\/a>\n\t\t\t\t\t<\/div>\n\n\t\t\t\t\t<div id=\"elementor-tab-content-3261\" class=\"elementor-tab-content elementor-clearfix\" data-tab=\"1\" role=\"region\" aria-labelledby=\"elementor-tab-title-3261\"><p><span style=\"font-weight: 400;\">Das Care Bubbles Funktionsgetr\u00e4nk bietet Ihnen eine kontinuierliche und \u00e4u\u00dferst effektive Pr\u00e4vention. Dank seiner einzigartigen Rezeptur mit wissenschaftlich und klinisch erprobten Inhaltsstoffen <\/span> <b> haben wir Care Bubbles zu einem der umfassendsten Regenerationsgetr\u00e4nke auf dem Markt gemacht<\/b><span style=\"font-weight: 400;\">. <\/span> <\/p>\n<p><span style=\"font-weight: 400;\">In der einzigartigen Wirkstoffmischung von Care Bubbles finden Sie alles, was Sie brauchen:  <\/span><\/p>\n<ul>\n<li style=\"font-weight: 400;\" aria-level=\"1\"><span style=\"font-weight: 400;\">die erste vegane Alternative zu einem Colleen,<\/span><\/li>\n<li style=\"font-weight: 400;\" aria-level=\"1\"><span style=\"font-weight: 400;\">Coenzym Q10,<\/span><\/li>\n<li style=\"font-weight: 400;\" aria-level=\"1\"><span style=\"font-weight: 400;\">74 Meeresmineralien,<\/span><\/li>\n<li style=\"font-weight: 400;\" aria-level=\"1\"><span style=\"font-weight: 400;\">einzigartige CARE LAB Vitaminmischung (Vitamine C, B3, B5, B6, B9 und B12).<\/span><\/li>\n<\/ul>\n<p><strong><br \/>Was ist das Besondere an den Inhaltsstoffen und welche Wirkung haben sie?<\/strong><\/p>\n<p>Heart Care Bubbles besteht aus der <span style=\"font-weight: bold;\">ersten veganen Alternative zu Kollagen<\/span>. Diese patentierte, pflanzliche Formel hat ein identisches 20-Aminos\u00e4uren-Profil wie das menschliche Typ-1-Kollagen. Da wir dem K\u00f6rper die Aufspaltung von herk\u00f6mmlichem Kollagen in Aminos\u00e4uren erspart haben, ist unsere pflanzliche Alternative f\u00fcr den K\u00f6rper leichter zu verwerten als jedes andere aus Tieren gewonnene Kollagen und zudem <b>wirksamer<\/b>.  <\/p>\n<p><span style=\"font-weight: bold;\">Coenzym Q10 <\/span>hat nicht nur eine antioxidative Wirkung, sondern bietet auch nachweislich Vorteile f\u00fcr das Herz-Kreislauf-System und die allgemeine Energie.<\/p>\n<p><span style=\"font-weight: 400;\">Care Bubbles enth\u00e4lt au\u00dferdem<\/span><b> 74 Meeresmineralien<\/b><span style=\"font-weight: 400;\">deren positive Auswirkungen auf die Gesundheit von Knochen, Gelenken und Darm in Dutzenden von klinischen und wissenschaftlichen Studien nachgewiesen wurden. Die Meeresmineralien stammen aus sorgf\u00e4ltig verarbeiteten kalkhaltigen Algen, die auf dem Grund des Atlantiks geerntet werden. <\/span><\/p>\n<p><span style=\"font-weight: 400;\">Unsere einzigartige CARE LAB <\/span><b>Vitaminmischung <\/b><span style=\"font-weight: 400;\">mit den Vitaminen C, B3, B5, B6, B9 und B12 ist der Schl\u00fcssel zu gesunden Lebensprozessen, Stoffwechsel, geistiger und k\u00f6rperlicher Leistungsf\u00e4higkeit und allgemeiner Vitalit\u00e4t.<\/span><\/p>\n<p><span style=\"font-family: var( --e-global-typography-vamtam_primary_font-font-family ), Playfair Display; font-size: var( --e-global-typography-vamtam_primary_font-font-size ); font-style: var( --e-global-typography-vamtam_primary_font-font-style ); text-transform: var( --e-global-typography-vamtam_primary_font-text-transform ); background-color: var( --e-global-color-vamtam_accent_3 ); color: var( --e-global-color-vamtam_accent_2 );\">\u00dcberzeugen Sie sich selbst davon<\/span><b style=\"font-family: var( --e-global-typography-vamtam_primary_font-font-family ), Playfair Display; font-size: var( --e-global-typography-vamtam_primary_font-font-size ); font-style: var( --e-global-typography-vamtam_primary_font-font-style ); text-transform: var( --e-global-typography-vamtam_primary_font-text-transform ); background-color: var( --e-global-color-vamtam_accent_3 ); color: var( --e-global-color-vamtam_accent_2 );\"> unsere Care Bubbles eine echte Revolution unter den funktionellen Getr\u00e4nken sind<\/b><span style=\"font-family: var( --e-global-typography-vamtam_primary_font-font-family ), Playfair Display; font-size: var( --e-global-typography-vamtam_primary_font-font-size ); font-style: var( --e-global-typography-vamtam_primary_font-font-style ); text-transform: var( --e-global-typography-vamtam_primary_font-text-transform ); background-color: var( --e-global-color-vamtam_accent_3 ); color: var( --e-global-color-vamtam_accent_2 );\">. Der regelm\u00e4\u00dfige Verzehr von Care Bubbles mit Aminos\u00e4uren, Mineralien, Vitaminen und Antioxidantien f\u00f6rdert die Regeneration des K\u00f6rpers und ein gesundes Altern.<\/span><\/p>\n<\/div>\n\t\t\t\t<\/div>\n\t\t\t\t\t\t\t<div class=\"elementor-toggle-item\">\n\t\t\t\t\t<div id=\"elementor-tab-title-3262\" class=\"elementor-tab-title\" data-tab=\"2\" role=\"button\" aria-controls=\"elementor-tab-content-3262\" aria-expanded=\"false\">\n\t\t\t\t\t\t\t\t\t\t\t\t<span class=\"elementor-toggle-icon elementor-toggle-icon-right\" aria-hidden=\"true\">\n\t\t\t\t\t\t\t\t\t\t\t\t\t\t\t<span class=\"elementor-toggle-icon-closed\"><i class=\"fas fa-plus\"><\/i><\/span>\n\t\t\t\t\t\t\t\t<span class=\"elementor-toggle-icon-opened\"><i class=\"elementor-toggle-icon-opened fas fa-minus\"><\/i><\/span>\n\t\t\t\t\t\t\t\t\t\t\t\t\t<\/span>\n\t\t\t\t\t\t\t\t\t\t\t\t<a class=\"elementor-toggle-title\" tabindex=\"0\">Zutaten<\/a>\n\t\t\t\t\t<\/div>\n\n\t\t\t\t\t<div id=\"elementor-tab-content-3262\" class=\"elementor-tab-content elementor-clearfix\" data-tab=\"2\" role=\"region\" aria-labelledby=\"elementor-tab-title-3262\"><p><strong>Zutaten: <\/strong>Wasser, Kohlendioxid, Fruchtextrakt (Johannisbrot, Apfel), Traubensaft aus Konzentrat min. 8 %, Zitronensaft aus Konzentrat min. 4 %, Antioxidationsmittel: Ascorbins\u00e4ure, VeCollal\u00ae<span lang=\"SK-SK\" data-contrast=\"auto\">(Mischung der Aminos\u00e4uren Glycin, L-Prolin, L-Alanin, Centella Asiatica, L-Asparagins\u00e4ure, L-Glutamins\u00e4ure, L-Arginin, L-Serin, L-Leucin, L-Valin, L-Threonin, L-Glutamin, L-Lysin, Ascorbins\u00e4ure, L-Isoleucin, L-Phenylalanin, L-Tyrosin, L-Methionin, L-Histidin, L-Cystein, Panax Ginseng, L-Tryptophan), Aquamin\u00ae<span class=\"TextRun SCXW192927192 BCX0\" lang=\"SK-SK\" data-contrast=\"auto\"><span class=\"NormalTextRun SCXW192927192 BCX0\">(nat\u00fcrlicher Multimineralkomplex), Vitaminmischung (Vitamin C, Niacin, Pantothens\u00e4ure, Vitamin B6, Fols\u00e4ure, Vitamin B12), Coenzym Q10 (0,012%), nat\u00fcrliche Aromen. <\/span><\/span><\/span> <\/p>\n<\/div>\n\t\t\t\t<\/div>\n\t\t\t\t\t\t\t\t<\/div>\n\t\t\t\t<\/div>\n\t\t\t\t<\/div>\n\t\t\t\t\t<\/div>\n\t\t<\/div>\n\t\t\t\t\t<\/div>\n\t\t<\/section>\n\t\t\t\t<\/div>\n\t\t","protected":false},"excerpt":{"rendered":"<p><span style=\"font-weight: 400;\">Die einzigartigen Care Bubbles mit Grapefruit- und Hibiskusgeschmack sind eine Revolution unter den regenerierenden Getr\u00e4nken.<\/span><b> Sie f\u00f6rdern das gesunde Altern, haben positive Auswirkungen auf Haut, Knochen, Gelenke, Darm, Herz-Kreislauf-System und Immunit\u00e4t<span style=\"font-weight: 400;\">.<\/span><\/b><span style=\"font-weight: 400;\"> Care Bubbles, die Sie aus einer Designerdose genie\u00dfen k\u00f6nnen, enthalten <\/span><b>die erste echte vegane Alternative zu Kollagen<\/b><span style=\"font-weight: 400;\">, 74 Meeresmineralien, Coenzym Q10 oder eine Mischung aus 6 Vitaminen. <\/span> <span style=\"font-weight: 400;\">Lassen Sie Care Bubbles zu Ihrem t\u00e4glichen Ritual werden, um Ihren K\u00f6rper mit den grundlegendsten und wichtigsten Substanzen zu versorgen. Schon eine Dose pro Tag wird Sie auf den Weg des gesunden Alterns und der Erhaltung Ihrer Vitalit\u00e4t bringen. <\/span><\/p>\n","protected":false},"featured_media":993082,"template":"","meta":{"_acf_changed":false,"_seopress_robots_primary_cat":"none","_seopress_titles_title":"Care Bubbles - Grapefruit und Hibiskus %%sep%% %%sitetitle%%","_seopress_titles_desc":"Ein funky Getr\u00e4nk zur Unterst\u00fctzung des gesunden Alterns, mit positiven Auswirkungen auf Haut, Knochen, Gelenke, Darm, Herz-Kreislauf-System und Immunit\u00e4t.","_seopress_robots_index":"","footnotes":""},"product_cat":[324],"product_tag":[],"class_list":{"0":"post-992568","1":"product","2":"type-product","3":"status-publish","4":"has-post-thumbnail","6":"product_cat-pflege-blasen","8":"first","9":"instock","10":"taxable","11":"shipping-taxable","12":"purchasable","13":"product-type-simple"},"acf":[],"_links":{"self":[{"href":"https:\/\/carelabdivas.com\/sk\/de\/wp-json\/wp\/v2\/product\/992568"}],"collection":[{"href":"https:\/\/carelabdivas.com\/sk\/de\/wp-json\/wp\/v2\/product"}],"about":[{"href":"https:\/\/carelabdivas.com\/sk\/de\/wp-json\/wp\/v2\/types\/product"}],"version-history":[{"count":2,"href":"https:\/\/carelabdivas.com\/sk\/de\/wp-json\/wp\/v2\/product\/992568\/revisions"}],"predecessor-version":[{"id":993095,"href":"https:\/\/carelabdivas.com\/sk\/de\/wp-json\/wp\/v2\/product\/992568\/revisions\/993095"}],"wp:featuredmedia":[{"embeddable":true,"href":"https:\/\/carelabdivas.com\/sk\/de\/wp-json\/wp\/v2\/media\/993082"}],"wp:attachment":[{"href":"https:\/\/carelabdivas.com\/sk\/de\/wp-json\/wp\/v2\/media?parent=992568"}],"wp:term":[{"taxonomy":"product_cat","embeddable":true,"href":"https:\/\/carelabdivas.com\/sk\/de\/wp-json\/wp\/v2\/product_cat?post=992568"},{"taxonomy":"product_tag","embeddable":true,"href":"https:\/\/carelabdivas.com\/sk\/de\/wp-json\/wp\/v2\/product_tag?post=992568"}],"curies":[{"name":"wp","href":"https:\/\/api.w.org\/{rel}","templated":true}]}}