{"id":992569,"date":"2023-05-22T11:43:48","date_gmt":"2023-05-22T09:43:48","guid":{"rendered":"https:\/\/carelabdivas.com\/sk\/produkty\/pflege-wasser-brain\/"},"modified":"2025-05-08T12:56:32","modified_gmt":"2025-05-08T10:56:32","slug":"pflege-wasser-brain","status":"publish","type":"product","link":"https:\/\/carelabdivas.com\/sk\/de\/produkty\/pflege-wasser-brain\/","title":{"rendered":"Pflege Wasser BRAIN"},"content":{"rendered":"\t\t<div data-elementor-type=\"product-post\" data-elementor-id=\"992569\" class=\"elementor elementor-992569 elementor-988520\" data-elementor-post-type=\"product\">\n\t\t\t\t\t\t<section class=\"elementor-section elementor-top-section elementor-element elementor-element-4b12a2a4 elementor-section-boxed elementor-section-height-default elementor-section-height-default\" data-id=\"4b12a2a4\" data-element_type=\"section\">\n\t\t\t\t\t\t<div class=\"elementor-container elementor-column-gap-default\">\n\t\t\t\t\t<div class=\"elementor-column elementor-col-100 elementor-top-column elementor-element elementor-element-2c2e4a69\" data-id=\"2c2e4a69\" data-element_type=\"column\">\n\t\t\t<div class=\"elementor-widget-wrap elementor-element-populated\">\n\t\t\t\t\t\t<div class=\"elementor-element elementor-element-51d34ea6 elementor-widget__width-initial elementor-widget elementor-widget-toggle\" data-id=\"51d34ea6\" data-element_type=\"widget\" data-widget_type=\"toggle.default\">\n\t\t\t\t<div class=\"elementor-widget-container\">\n\t\t\t\t\t<div class=\"elementor-toggle\">\n\t\t\t\t\t\t\t<div class=\"elementor-toggle-item\">\n\t\t\t\t\t<div id=\"elementor-tab-title-1371\" class=\"elementor-tab-title\" data-tab=\"1\" role=\"button\" aria-controls=\"elementor-tab-content-1371\" aria-expanded=\"false\">\n\t\t\t\t\t\t\t\t\t\t\t\t<span class=\"elementor-toggle-icon elementor-toggle-icon-right\" aria-hidden=\"true\">\n\t\t\t\t\t\t\t\t\t\t\t\t\t\t\t<span class=\"elementor-toggle-icon-closed\"><i class=\"fas fa-plus\"><\/i><\/span>\n\t\t\t\t\t\t\t\t<span class=\"elementor-toggle-icon-opened\"><i class=\"elementor-toggle-icon-opened fas fa-minus\"><\/i><\/span>\n\t\t\t\t\t\t\t\t\t\t\t\t\t<\/span>\n\t\t\t\t\t\t\t\t\t\t\t\t<a class=\"elementor-toggle-title\" tabindex=\"0\">Details<\/a>\n\t\t\t\t\t<\/div>\n\n\t\t\t\t\t<div id=\"elementor-tab-content-1371\" class=\"elementor-tab-content elementor-clearfix\" data-tab=\"1\" role=\"region\" aria-labelledby=\"elementor-tab-title-1371\"><p>Suchen Sie nach einer wirksamen Methode, um Ged\u00e4chtnis, Aufmerksamkeit, Lernf\u00e4higkeit und Konzentration zu verbessern? Care Water BRAIN ist die Antwort. In dem erfrischenden nootropischen Getr\u00e4nk finden Sie:  <\/p>\n<\/p>\n<ul>\n<li aria-level=\"1\"><b>Alpha GPC<\/b><span style=\"font-weight: 400;\">, eine Substanz, die <\/span>von Natur aus im Gehirn vorkommt, unterst\u00fctzt die Konzentration von Neurotransmittern, die f\u00fcr die Gehirnfunktion, das Lernen und das Ged\u00e4chtnis wichtig sind, und tr\u00e4gt dazu bei, die Gesundheit des Gehirns auch im Alter zu erhalten.<\/li>\n<li aria-level=\"1\"><b>Acetyl L-Carnitin<\/b> &#8211; unterst\u00fctzt den Energiestoffwechsel im Gehirn, erh\u00f6ht den Neurotransmitterspiegel und hilft, die Auswirkungen von Stress auf das Gehirn zu regulieren.<\/li>\n<li style=\"font-weight: 400;\" aria-level=\"1\"><span style=\"font-weight: 400;\"><strong>Vitamin E &#8211; ein <\/strong>wirksames Antioxidans, das f\u00fcr den Zellschutz notwendig ist.<\/span><\/li>\n<li style=\"font-weight: 400;\" aria-level=\"1\"><span style=\"font-weight: 400;\"><strong>einzigartige CARE LAB-Vitaminmischung<\/strong> (Vitamine C, B3, B5, B6, B9 und B12) &#8211; Vitamine spielen eine Schl\u00fcsselrolle f\u00fcr die Funktion des Nervensystems und des Gehirns. Die Vitamine B3, B6, B9 und B12 sind au\u00dferdem besonders wichtig f\u00fcr die Aufmerksamkeit, die Wahrnehmung, die Gesundheit und die allgemeine Entwicklung von Gehirn und Nerven. <\/span><\/li>\n<\/ul>\n<div>&nbsp;<\/div>\n<p>Diese einzigartige Kombination funktioneller Substanzen kann Ihren Geist und Ihr Gehirn auf mehr als eine Weise unterst\u00fctzen.&nbsp;&nbsp;<\/p>\n<p><b>Bei CARE LAB Divas stehen Sie und Ihre Gesundheit an erster Stelle.<\/b> Deshalb finden Sie in unseren Getr\u00e4nken nur gesundheitsf\u00f6rdernde Zutaten. Wie alle Produkte in unserem Portfolio wird auch Care Water BRAIN <b>nur mit Fr\u00fcchten ges\u00fc\u00dft und enth\u00e4lt keine k\u00fcnstlichen und konservierenden Substanzen und ist zudem kalorienarm.<\/b> &nbsp;<\/p>\n<\/div>\n\t\t\t\t<\/div>\n\t\t\t\t\t\t\t<div class=\"elementor-toggle-item\">\n\t\t\t\t\t<div id=\"elementor-tab-title-1372\" class=\"elementor-tab-title\" data-tab=\"2\" role=\"button\" aria-controls=\"elementor-tab-content-1372\" aria-expanded=\"false\">\n\t\t\t\t\t\t\t\t\t\t\t\t<span class=\"elementor-toggle-icon elementor-toggle-icon-right\" aria-hidden=\"true\">\n\t\t\t\t\t\t\t\t\t\t\t\t\t\t\t<span class=\"elementor-toggle-icon-closed\"><i class=\"fas fa-plus\"><\/i><\/span>\n\t\t\t\t\t\t\t\t<span class=\"elementor-toggle-icon-opened\"><i class=\"elementor-toggle-icon-opened fas fa-minus\"><\/i><\/span>\n\t\t\t\t\t\t\t\t\t\t\t\t\t<\/span>\n\t\t\t\t\t\t\t\t\t\t\t\t<a class=\"elementor-toggle-title\" tabindex=\"0\">Zutaten<\/a>\n\t\t\t\t\t<\/div>\n\n\t\t\t\t\t<div id=\"elementor-tab-content-1372\" class=\"elementor-tab-content elementor-clearfix\" data-tab=\"2\" role=\"region\" aria-labelledby=\"elementor-tab-title-1372\"><p><strong>Zusammensetzung:<\/strong> <span class=\"NormalTextRun SpellingErrorV2Themed SCXW42770921 BCX0\">Fr\u00fchling  <\/span><span class=\"NormalTextRun SCXW42770921 BCX0\">Wasser (94%),  <\/span><span class=\"NormalTextRun SpellingErrorV2Themed SCXW42770921 BCX0\">fruchtig  <\/span><span class=\"NormalTextRun SCXW42770921 BCX0\">Auszug (<\/span><span class=\"NormalTextRun SpellingErrorV2Themed SCXW42770921 BCX0\">Johannisbrot<\/span><span class=\"NormalTextRun SCXW42770921 BCX0\">, Apfel),  <\/span><span class=\"NormalTextRun SpellingErrorV2Themed SCXW42770921 BCX0\">Zitrone<\/span><span class=\"NormalTextRun SCXW42770921 BCX0\">  Saft<\/span><span class=\"NormalTextRun SpellingErrorV2Themed SCXW42770921 BCX0\">ava<\/span><span class=\"NormalTextRun SCXW42770921 BCX0\">  z  <\/span><span class=\"NormalTextRun SpellingErrorV2Themed SCXW42770921 BCX0\">Konzentrat<\/span><span class=\"NormalTextRun SCXW42770921 BCX0\">  (2%),  <\/span><span class=\"NormalTextRun SpellingErrorV2Themed SCXW42770921 BCX0\">Orangensaft<\/span><span class=\"NormalTextRun SpellingErrorV2Themed SCXW42770921 BCX0\">ava<\/span><span class=\"NormalTextRun SCXW42770921 BCX0\">  z  <\/span><span class=\"NormalTextRun SpellingErrorV2Themed SCXW42770921 BCX0\">Konzentrat<\/span><span class=\"NormalTextRun SCXW42770921 BCX0\">  (1%), Antioxidationsmittel: S\u00e4ure  <\/span><span class=\"NormalTextRun SpellingErrorV2Themed SCXW42770921 BCX0\">Ascorbins\u00e4ure,  <\/span><span class=\"NormalTextRun SpellingErrorV2Themed SCXW42770921 BCX0\">Alpha<\/span><span class=\"NormalTextRun SCXW42770921 BCX0\">  GPC,  <\/span><span class=\"NormalTextRun SpellingErrorV2Themed SCXW42770921 BCX0\">Acetyl<\/span> <span class=\"NormalTextRun SpellingErrorV2Themed SCXW42770921 BCX0\">L-Carnitin<\/span><span class=\"NormalTextRun SCXW42770921 BCX0\">, Mischung  <\/span><span class=\"NormalTextRun SpellingErrorV2Themed SCXW42770921 BCX0\">Vitamine<\/span><span class=\"NormalTextRun SCXW42770921 BCX0\">  (<\/span><span class=\"NormalTextRun SpellingErrorV2Themed SCXW42770921 BCX0\">Vitamin<\/span><span class=\"NormalTextRun SCXW42770921 BCX0\">  C,  <\/span><span class=\"NormalTextRun SpellingErrorV2Themed SCXW42770921 BCX0\">Niacin<\/span><span class=\"NormalTextRun SCXW42770921 BCX0\">, Acid  <\/span><span class=\"NormalTextRun SpellingErrorV2Themed SCXW42770921 BCX0\">Pantothens\u00e4ure<\/span><span class=\"NormalTextRun SCXW42770921 BCX0\">,  <\/span><span class=\"NormalTextRun SpellingErrorV2Themed SCXW42770921 BCX0\">Vitamin<\/span><span class=\"NormalTextRun SCXW42770921 BCX0\">  B6,  <\/span><span class=\"NormalTextRun SpellingErrorV2Themed SCXW42770921 BCX0\">Vitamin<\/span><span class=\"NormalTextRun SCXW42770921 BCX0\">  B12, S\u00e4ure  <\/span><span class=\"NormalTextRun SpellingErrorV2Themed SCXW42770921 BCX0\">Blatt<\/span><span class=\"NormalTextRun SCXW42770921 BCX0\">),  <\/span><span class=\"NormalTextRun SpellingErrorV2Themed SCXW42770921 BCX0\">Vitamin<\/span><span class=\"NormalTextRun SCXW42770921 BCX0\">  E,  <\/span><span class=\"NormalTextRun SpellingErrorV2Themed SCXW42770921 BCX0\">nat\u00fcrlich  <\/span><span class=\"NormalTextRun SpellingErrorV2Themed SCXW42770921 BCX0\">Aromen<\/span><span class=\"NormalTextRun SCXW42770921 BCX0\">.  <\/span><\/p>\n<\/div>\n\t\t\t\t<\/div>\n\t\t\t\t\t\t\t\t<\/div>\n\t\t\t\t<\/div>\n\t\t\t\t<\/div>\n\t\t\t\t\t<\/div>\n\t\t<\/div>\n\t\t\t\t\t<\/div>\n\t\t<\/section>\n\t\t\t\t<\/div>\n\t\t","protected":false},"excerpt":{"rendered":"<p><span style=\"font-weight: 400;\">Das erfrischende, kohlens\u00e4urefreie Funktionsgetr\u00e4nk Care Water BRAIN h\u00e4lt Sie auch an den hektischsten Tagen wach. Die darin enthaltenen Wirkstoffe umfassen <\/span> <b> Alpha GPC oder Acetyl L-Carnitin<\/b><span style=\"font-weight: 400;\">die f\u00f6rdern und <\/span><b>die kognitive Aktivit\u00e4t, das Lernen, das Ged\u00e4chtnis, die Aufmerksamkeit und die allgemeine Konzentration bei der Ausf\u00fchrung anspruchsvoller Aufgaben stimulieren<\/b><span style=\"font-weight: 400;\">.<\/span><\/p>\n<p><span style=\"font-weight: 400;\">Frei von Konservierungsstoffen und k\u00fcnstlichen Zus\u00e4tzen ist Care Water BRAIN mit dem Geschmack von Pomelo und gr\u00fcner Zitrone eine gro\u00dfartige kalorienarme Wahl f\u00fcr Ihre gesch\u00e4ftigen Arbeitstage, an denen Sie H\u00f6chstleistungen erbringen m\u00fcssen.<\/span><\/p>\n","protected":false},"featured_media":992239,"template":"","meta":{"_acf_changed":false,"_seopress_robots_primary_cat":"none","_seopress_titles_title":"Pflege Wasser BRAIN %%sep%% %%sitetitle%%","_seopress_titles_desc":"Care Water Brain wurde speziell entwickelt, um Ihre kognitive Aktivit\u00e4t, Ihr Lernen und Ihre allgemeine Konzentration w\u00e4hrend eines anstrengenden Arbeitstages zu unterst\u00fctzen.  ","_seopress_robots_index":"","footnotes":""},"product_cat":[322],"product_tag":[],"class_list":{"0":"post-992569","1":"product","2":"type-product","3":"status-publish","4":"has-post-thumbnail","6":"product_cat-pflege-wasser","8":"first","9":"outofstock","10":"taxable","11":"shipping-taxable","12":"purchasable","13":"product-type-simple"},"acf":[],"_links":{"self":[{"href":"https:\/\/carelabdivas.com\/sk\/de\/wp-json\/wp\/v2\/product\/992569"}],"collection":[{"href":"https:\/\/carelabdivas.com\/sk\/de\/wp-json\/wp\/v2\/product"}],"about":[{"href":"https:\/\/carelabdivas.com\/sk\/de\/wp-json\/wp\/v2\/types\/product"}],"version-history":[{"count":1,"href":"https:\/\/carelabdivas.com\/sk\/de\/wp-json\/wp\/v2\/product\/992569\/revisions"}],"predecessor-version":[{"id":992572,"href":"https:\/\/carelabdivas.com\/sk\/de\/wp-json\/wp\/v2\/product\/992569\/revisions\/992572"}],"wp:featuredmedia":[{"embeddable":true,"href":"https:\/\/carelabdivas.com\/sk\/de\/wp-json\/wp\/v2\/media\/992239"}],"wp:attachment":[{"href":"https:\/\/carelabdivas.com\/sk\/de\/wp-json\/wp\/v2\/media?parent=992569"}],"wp:term":[{"taxonomy":"product_cat","embeddable":true,"href":"https:\/\/carelabdivas.com\/sk\/de\/wp-json\/wp\/v2\/product_cat?post=992569"},{"taxonomy":"product_tag","embeddable":true,"href":"https:\/\/carelabdivas.com\/sk\/de\/wp-json\/wp\/v2\/product_tag?post=992569"}],"curies":[{"name":"wp","href":"https:\/\/api.w.org\/{rel}","templated":true}]}}