{"id":992573,"date":"2023-05-23T12:42:52","date_gmt":"2023-05-23T10:42:52","guid":{"rendered":"https:\/\/carelabdivas.com\/sk\/produkty\/care-bubbles-kirsche-und-rose\/"},"modified":"2025-08-18T09:33:59","modified_gmt":"2025-08-18T07:33:59","slug":"care-bubbles-kirsche-und-rose","status":"publish","type":"product","link":"https:\/\/carelabdivas.com\/sk\/de\/produkty\/care-bubbles-kirsche-und-rose\/","title":{"rendered":"Wellness Soda &#8211; Kirsche und Rose"},"content":{"rendered":"\t\t<div data-elementor-type=\"product-post\" data-elementor-id=\"992573\" class=\"elementor elementor-992573 elementor-988544\" data-elementor-post-type=\"product\">\n\t\t\t\t\t\t<section class=\"elementor-section elementor-top-section elementor-element elementor-element-38dc7665 elementor-section-boxed elementor-section-height-default elementor-section-height-default\" data-id=\"38dc7665\" data-element_type=\"section\">\n\t\t\t\t\t\t<div class=\"elementor-container elementor-column-gap-default\">\n\t\t\t\t\t<div class=\"elementor-column elementor-col-100 elementor-top-column elementor-element elementor-element-376344f4\" data-id=\"376344f4\" data-element_type=\"column\">\n\t\t\t<div class=\"elementor-widget-wrap elementor-element-populated\">\n\t\t\t\t\t\t<div class=\"elementor-element elementor-element-6145db9 elementor-widget elementor-widget-toggle\" data-id=\"6145db9\" data-element_type=\"widget\" data-widget_type=\"toggle.default\">\n\t\t\t\t<div class=\"elementor-widget-container\">\n\t\t\t\t\t<div class=\"elementor-toggle\">\n\t\t\t\t\t\t\t<div class=\"elementor-toggle-item\">\n\t\t\t\t\t<div id=\"elementor-tab-title-1011\" class=\"elementor-tab-title\" data-tab=\"1\" role=\"button\" aria-controls=\"elementor-tab-content-1011\" aria-expanded=\"false\">\n\t\t\t\t\t\t\t\t\t\t\t\t<span class=\"elementor-toggle-icon elementor-toggle-icon-right\" aria-hidden=\"true\">\n\t\t\t\t\t\t\t\t\t\t\t\t\t\t\t<span class=\"elementor-toggle-icon-closed\"><i class=\"fas fa-plus\"><\/i><\/span>\n\t\t\t\t\t\t\t\t<span class=\"elementor-toggle-icon-opened\"><i class=\"elementor-toggle-icon-opened fas fa-minus\"><\/i><\/span>\n\t\t\t\t\t\t\t\t\t\t\t\t\t<\/span>\n\t\t\t\t\t\t\t\t\t\t\t\t<a class=\"elementor-toggle-title\" tabindex=\"0\">Details<\/a>\n\t\t\t\t\t<\/div>\n\n\t\t\t\t\t<div id=\"elementor-tab-content-1011\" class=\"elementor-tab-content elementor-clearfix\" data-tab=\"1\" role=\"region\" aria-labelledby=\"elementor-tab-title-1011\"><p><span style=\"font-weight: 400;\">Care Bubbles Cherry and Rose ist ein sanft sprudelndes Getr\u00e4nk mit einer einzigartigen Rezeptur voller klinisch und wissenschaftlich erprobter Inhaltsstoffe. Es ist seine Zusammensetzung, die Care Bubbles   <\/span><b>eines der umfassendsten Erholungsgetr\u00e4nke \u00fcberhaupt.<\/b><\/p>\n<p><span style=\"font-weight: 400;\">In der einzigartigen Wirkstoffmischung von Care Bubbles finden Sie alles, was Sie brauchen:&nbsp;<\/span><\/p>\n<ul>\n<li style=\"font-weight: 400;\" aria-level=\"1\"><span style=\"font-weight: 400;\">die erste vegane Alternative zu einem Colleen,<\/span><\/li>\n<li style=\"font-weight: 400;\" aria-level=\"1\"><span style=\"font-weight: 400;\">Coenzym Q10,<\/span><\/li>\n<li style=\"font-weight: 400;\" aria-level=\"1\"><span style=\"font-weight: 400;\">74 Meeresmineralien,<\/span><\/li>\n<li style=\"font-weight: 400;\" aria-level=\"1\"><span style=\"font-weight: 400;\">einzigartige CARE LAB Vitaminmischung (Vitamine C, B3, B5, B6, B9 und B12).<\/span><\/li>\n<\/ul>\n<div><b>Was macht diese Inhaltsstoffe so besonders und welche Wirkung haben sie?<\/b><\/div>\n<div>&nbsp;<\/div>\n<div>\n<p>Das Herzst\u00fcck von Care Bubbles besteht aus&nbsp;<span style=\"font-weight: bold;\">die erste vegane Alternative zu Kollagen<\/span>. Im Gegensatz zu tierischem Kollagen hat diese patentierte, pflanzliche Formel ein identisches 20-Aminos\u00e4uren-Profil wie menschliches Typ-1-Kollagen. Da wir dem K\u00f6rper die Aufspaltung von herk\u00f6mmlichem Kollagen in Aminos\u00e4uren erspart haben, ist die <strong>vegane Alternative wirksamer<\/strong> und besser bioverf\u00fcgbar als jedes andere aus Tieren gewonnene Kollagen. Pflanzliches Kollagen ist gut f\u00fcr Ihre Knochen, Gelenke, N\u00e4gel, Haut und sogar Ihr Haar.   <\/p>\n<p><span style=\"font-weight: bold;\">Coenzym Q10<\/span>, ein weiterer aktiver Bestandteil von Care Bubbles, bietet neben seiner antioxidativen Wirkung nachweisliche Vorteile f\u00fcr das Herz-Kreislauf-System und die allgemeine Energie.<\/p>\n<p><span style=\"font-weight: 400;\">Care Bubbles enth\u00e4lt zus\u00e4tzlich <\/span><b>bis zu 74 Meeresmineralien<\/b><span style=\"font-weight: 400;\">deren positive Auswirkungen auf die Gesundheit von Knochen, Gelenken und Darm in Dutzenden von klinischen und wissenschaftlichen Studien dokumentiert wurden. Die Meeresmineralien stammen aus sorgf\u00e4ltig verarbeiteten kalkhaltigen Algen, die auf dem Grund des Atlantiks geerntet werden. <\/span><\/p>\n<p><span style=\"font-weight: 400;\">Einzigartige CARE LAB <\/span><b>Vitaminmischung<\/b><span style=\"font-weight: 400;\"> (C, B3, B5, B6, B9 und B12), die in allen unseren Produkten enthalten ist, ist entscheidend f\u00fcr gesunde Lebensprozesse, den Stoffwechsel, die geistige und k\u00f6rperliche Leistungsf\u00e4higkeit und die allgemeine Vitalit\u00e4t.<\/span><\/p>\n<\/div>\n<p>Der regelm\u00e4\u00dfige Verzehr von Care Bubbles <b>steigert die nat\u00fcrliche Kollagenproduktion des K\u00f6rpers und unterst\u00fctzt Sie auf dem Weg zu einem ges\u00fcnderen Altern und einer l\u00e4ngeren Lebensdauer<\/b>.<\/p>\n<\/div>\n\t\t\t\t<\/div>\n\t\t\t\t\t\t\t<div class=\"elementor-toggle-item\">\n\t\t\t\t\t<div id=\"elementor-tab-title-1012\" class=\"elementor-tab-title\" data-tab=\"2\" role=\"button\" aria-controls=\"elementor-tab-content-1012\" aria-expanded=\"false\">\n\t\t\t\t\t\t\t\t\t\t\t\t<span class=\"elementor-toggle-icon elementor-toggle-icon-right\" aria-hidden=\"true\">\n\t\t\t\t\t\t\t\t\t\t\t\t\t\t\t<span class=\"elementor-toggle-icon-closed\"><i class=\"fas fa-plus\"><\/i><\/span>\n\t\t\t\t\t\t\t\t<span class=\"elementor-toggle-icon-opened\"><i class=\"elementor-toggle-icon-opened fas fa-minus\"><\/i><\/span>\n\t\t\t\t\t\t\t\t\t\t\t\t\t<\/span>\n\t\t\t\t\t\t\t\t\t\t\t\t<a class=\"elementor-toggle-title\" tabindex=\"0\">Zutaten<\/a>\n\t\t\t\t\t<\/div>\n\n\t\t\t\t\t<div id=\"elementor-tab-content-1012\" class=\"elementor-tab-content elementor-clearfix\" data-tab=\"2\" role=\"region\" aria-labelledby=\"elementor-tab-title-1012\"><p><strong>Zutaten<\/strong>: Wasser, Kohlendioxid, Fruchtextrakt (Johannisbrot, Apfel), Kirschsaft aus Konzentrat min. 8%, Zitronensaft aus Konzentrat min. 2%, Apfelsaft aus Konzentrat min. 2%, Antioxidationsmittel: Ascorbins\u00e4ure, VeCollal<span class=\"TextRun SCXW187829205 BCX0\" lang=\"SK-SK\" data-contrast=\"auto\"><span class=\"NormalTextRun SCXW187829205 BCX0\">\u00ae (Mischung der Aminos\u00e4uren Glycin, L-Prolin, L-Alanin, Centella Asiatica, L-Asparagins\u00e4ure, L-Glutamins\u00e4ure, L-Arginin, L-Serin, L-Leucin, L-Valin, L-Threonin, L-Glutamin, L-Lysin, Ascorbins\u00e4ure, L-Isoleucin, L-Phenylalanin, L-Tyrosin, L-Methionin, L-Histidin, L-Cystein, Panax Ginseng, L-Tryptophan), Aquamin\u00ae (nat\u00fcrlicher Multimineralkomplex), Vitaminmischung (Vitamin C, Niacin, Pantothens\u00e4ure, Vitamin B6, Fols\u00e4ure, Vitamin B12), Coenzym Q10 (0,012%), nat\u00fcrliche Aromen.<\/span><\/span><\/p>\n<\/div>\n\t\t\t\t<\/div>\n\t\t\t\t\t\t\t\t<\/div>\n\t\t\t\t<\/div>\n\t\t\t\t<\/div>\n\t\t\t\t\t<\/div>\n\t\t<\/div>\n\t\t\t\t\t<\/div>\n\t\t<\/section>\n\t\t\t\t<\/div>\n\t\t","protected":false},"excerpt":{"rendered":"<p><span style=\"font-weight: 400;\">Care Bubbles, ein sanft prickelndes Getr\u00e4nk mit dem bezaubernden Geschmack von Kirsche und Rose <b>, unterst\u00fctzt die Immunit\u00e4t, das gesunde Altern, die Gesundheit von Knochen, Gelenken, Haut, Darm und Herz-Kreislauf<\/b>. Care Bubbles, die Sie aus den sch\u00f6n gestalteten Dosen genie\u00dfen k\u00f6nnen, enthalten die erste pflanzliche Kollagenalternative, Coenzym Q10, 74 Meeresmineralien und eine Mischung aus gesundheitsf\u00f6rdernden Vitaminen. <\/span><span style=\"font-weight: 400;\">Schaffen Sie Ihr neues t\u00e4gliches Ritual mit Care Bubbles. G\u00f6nnen Sie sich eine Dose pro Tag, ein effektiver Weg zu Vitalit\u00e4t und allgemeiner Gesundheit. <\/span><\/p>\n","protected":false},"featured_media":993080,"template":"","meta":{"_acf_changed":false,"_seopress_robots_primary_cat":"none","_seopress_titles_title":"Care Bubbles %%sep%% Kirsche und Rose %%sep%% %%sitetitle%%","_seopress_titles_desc":"Care Bubbles ist ein sanft prickelndes Getr\u00e4nk zur Unterst\u00fctzung der Immunit\u00e4t, des gesunden Alterns, der Knochen, der Gelenke, der Haut, des Darms und des Herz-Kreislauf-Systems.","_seopress_robots_index":"","footnotes":""},"product_cat":[324],"product_tag":[],"class_list":{"0":"post-992573","1":"product","2":"type-product","3":"status-publish","4":"has-post-thumbnail","6":"product_cat-pflege-blasen","8":"first","9":"outofstock","10":"taxable","11":"shipping-taxable","12":"purchasable","13":"product-type-simple"},"acf":[],"_links":{"self":[{"href":"https:\/\/carelabdivas.com\/sk\/de\/wp-json\/wp\/v2\/product\/992573"}],"collection":[{"href":"https:\/\/carelabdivas.com\/sk\/de\/wp-json\/wp\/v2\/product"}],"about":[{"href":"https:\/\/carelabdivas.com\/sk\/de\/wp-json\/wp\/v2\/types\/product"}],"version-history":[{"count":2,"href":"https:\/\/carelabdivas.com\/sk\/de\/wp-json\/wp\/v2\/product\/992573\/revisions"}],"predecessor-version":[{"id":993094,"href":"https:\/\/carelabdivas.com\/sk\/de\/wp-json\/wp\/v2\/product\/992573\/revisions\/993094"}],"wp:featuredmedia":[{"embeddable":true,"href":"https:\/\/carelabdivas.com\/sk\/de\/wp-json\/wp\/v2\/media\/993080"}],"wp:attachment":[{"href":"https:\/\/carelabdivas.com\/sk\/de\/wp-json\/wp\/v2\/media?parent=992573"}],"wp:term":[{"taxonomy":"product_cat","embeddable":true,"href":"https:\/\/carelabdivas.com\/sk\/de\/wp-json\/wp\/v2\/product_cat?post=992573"},{"taxonomy":"product_tag","embeddable":true,"href":"https:\/\/carelabdivas.com\/sk\/de\/wp-json\/wp\/v2\/product_tag?post=992573"}],"curies":[{"name":"wp","href":"https:\/\/api.w.org\/{rel}","templated":true}]}}