{"id":992576,"date":"2024-07-02T08:34:27","date_gmt":"2024-07-02T06:34:27","guid":{"rendered":"https:\/\/carelabdivas.com\/sk\/produkty\/care-bubbles-starter-pack\/"},"modified":"2025-08-18T09:30:51","modified_gmt":"2025-08-18T07:30:51","slug":"care-bubbles-starter-pack","status":"publish","type":"product","link":"https:\/\/carelabdivas.com\/sk\/de\/produkty\/care-bubbles-starter-pack\/","title":{"rendered":"Wellness Soda STARTER PACK"},"content":{"rendered":"\t\t<div data-elementor-type=\"product-post\" data-elementor-id=\"992576\" class=\"elementor elementor-992576 elementor-991530\" data-elementor-post-type=\"product\">\n\t\t\t\t\t\t<section class=\"elementor-section elementor-top-section elementor-element elementor-element-4b12a2a4 elementor-section-boxed elementor-section-height-default elementor-section-height-default\" data-id=\"4b12a2a4\" data-element_type=\"section\">\n\t\t\t\t\t\t<div class=\"elementor-container elementor-column-gap-default\">\n\t\t\t\t\t<div class=\"elementor-column elementor-col-100 elementor-top-column elementor-element elementor-element-2c2e4a69\" data-id=\"2c2e4a69\" data-element_type=\"column\">\n\t\t\t<div class=\"elementor-widget-wrap elementor-element-populated\">\n\t\t\t\t\t\t<div class=\"elementor-element elementor-element-51d34ea6 elementor-widget__width-initial elementor-widget elementor-widget-toggle\" data-id=\"51d34ea6\" data-element_type=\"widget\" data-widget_type=\"toggle.default\">\n\t\t\t\t<div class=\"elementor-widget-container\">\n\t\t\t\t\t<div class=\"elementor-toggle\">\n\t\t\t\t\t\t\t<div class=\"elementor-toggle-item\">\n\t\t\t\t\t<div id=\"elementor-tab-title-1371\" class=\"elementor-tab-title\" data-tab=\"1\" role=\"button\" aria-controls=\"elementor-tab-content-1371\" aria-expanded=\"false\">\n\t\t\t\t\t\t\t\t\t\t\t\t<span class=\"elementor-toggle-icon elementor-toggle-icon-right\" aria-hidden=\"true\">\n\t\t\t\t\t\t\t\t\t\t\t\t\t\t\t<span class=\"elementor-toggle-icon-closed\"><i class=\"fas fa-plus\"><\/i><\/span>\n\t\t\t\t\t\t\t\t<span class=\"elementor-toggle-icon-opened\"><i class=\"elementor-toggle-icon-opened fas fa-minus\"><\/i><\/span>\n\t\t\t\t\t\t\t\t\t\t\t\t\t<\/span>\n\t\t\t\t\t\t\t\t\t\t\t\t<a class=\"elementor-toggle-title\" tabindex=\"0\">Details<\/a>\n\t\t\t\t\t<\/div>\n\n\t\t\t\t\t<div id=\"elementor-tab-content-1371\" class=\"elementor-tab-content elementor-clearfix\" data-tab=\"1\" role=\"region\" aria-labelledby=\"elementor-tab-title-1371\"><p>In dem Care Bubbles STARTER PACK finden Sie:  <\/p>\n<ul>\n<li><a href=\"\/?p=988539\"><b>Care Bubbles &#8211; Grapefruit und Hibiskus<\/b><\/a> &#8211; Der erfrischende Geschmack von Grapefruit kombiniert mit leicht aromatischem Hibiskus wird alle Fans von Zitrusaromen begeistern.<\/li>\n<li><a href=\"\/?p=988544\"><b>Care Bubbles &#8211; Kirsche und Rose <\/b><\/a>&#8211; Die romantische Kombination aus Kirsche und Rose ergibt einen erstklassigen Geschmack, den Sie in keinem anderen Getr\u00e4nk auf unserem Markt finden werden.<\/li>\n<li><a href=\"\/?p=991496\"><b>Care Bubbles &#8211; Bergamotte und Jasmin <\/b><\/a>&#8211; Wussten Sie, dass Bergamotte eine der wesentlichen Zutaten des kultigen Parfums No. 5 von Chanel ist? Und zwar wegen ihres typischen Duftes. Aber wir m\u00f6chten Ihnen auch ihren au\u00dfergew\u00f6hnlichen Geschmack direkt aus dem Herzen Italiens verraten. Die Kombination aus Bergamotte und Jasmin ist weltweit einzigartig in einem alkoholfreien Getr\u00e4nk.    <\/li>\n<\/ul>\n<\/div>\n\t\t\t\t<\/div>\n\t\t\t\t\t\t\t<div class=\"elementor-toggle-item\">\n\t\t\t\t\t<div id=\"elementor-tab-title-1372\" class=\"elementor-tab-title\" data-tab=\"2\" role=\"button\" aria-controls=\"elementor-tab-content-1372\" aria-expanded=\"false\">\n\t\t\t\t\t\t\t\t\t\t\t\t<span class=\"elementor-toggle-icon elementor-toggle-icon-right\" aria-hidden=\"true\">\n\t\t\t\t\t\t\t\t\t\t\t\t\t\t\t<span class=\"elementor-toggle-icon-closed\"><i class=\"fas fa-plus\"><\/i><\/span>\n\t\t\t\t\t\t\t\t<span class=\"elementor-toggle-icon-opened\"><i class=\"elementor-toggle-icon-opened fas fa-minus\"><\/i><\/span>\n\t\t\t\t\t\t\t\t\t\t\t\t\t<\/span>\n\t\t\t\t\t\t\t\t\t\t\t\t<a class=\"elementor-toggle-title\" tabindex=\"0\">Zutaten<\/a>\n\t\t\t\t\t<\/div>\n\n\t\t\t\t\t<div id=\"elementor-tab-content-1372\" class=\"elementor-tab-content elementor-clearfix\" data-tab=\"2\" role=\"region\" aria-labelledby=\"elementor-tab-title-1372\"><p><b>Care Bubbles &#8211; Grapefruit und Hibiskus  <\/b><\/p>\n<p><b>Zusammensetzung:<\/b><span style=\"font-weight: 400;\"> Wasser, Kohlendioxid, Fruchtextrakt (Johannisbrot, Apfel), Traubensaft aus Konzentrat min.8%, Zitronensaft aus Konzentrat min.4%, Antioxidationsmittel: Ascorbins\u00e4ure, VeCollal\u00ae (Mischung der Aminos\u00e4uren Glycin, L-Prolin, L-Alanin, Centella Asiatica, L-Asparagins\u00e4ure, L-Glutamins\u00e4ure, L-Arginin, L-Serin, L-Leucin, L-Valin, L-Threonin, L-Glutamin, L-Lysin, Ascorbins\u00e4ure, L-Isoleucin, L-Phenylalanin, L-Tyrosin, L-Methionin, L-Histidin, L-Cystein, Panax Ginseng, L-Tryptophan), Aquamin\u00ae (nat\u00fcrlicher Multimineralkomplex), Vitaminmischung (Vitamin C, Niacin, Pantothens\u00e4ure, Vitamin B6, Fols\u00e4ure, Vitamin B12), Coenzym Q10 (0,012%), nat\u00fcrliche Aromen.<\/span><\/p>\n<p><b>Care Bubbles &#8211; Kirsche und Rose  <\/b><\/p>\n<p><b>Zusammensetzung:  <\/b><span style=\"font-weight: 400;\">Wasser, Kohlendioxid, Fruchtextrakt (Johannisbrot, Apfel), Kirschsaft aus Konzentrat min. 8%, Zitronensaft aus Konzentrat min.2%, Apfelsaft aus Konzentrat min.2%. Antioxidationsmittel: Ascorbins\u00e4ure, VeCollal\u00ae (Mischung der Aminos\u00e4uren Glycin, L-Prolin, L-Alanin, Centella Asiatica, L-Asparagins\u00e4ure, L-Glutamins\u00e4ure, L-Arginin, L-Serin, L-Leucin, L-Valin, L-Threonin, L-Glutamin, L-Lysin, Ascorbins\u00e4ure, L-Isoleucin, L-Phenylalanin, L-Tyrosin, L-Methionin, L-Histidin, L-Cystein, Panax Ginseng, L-Tryptophan), Aquamin\u00ae (nat\u00fcrlicher Multimineralkomplex), Vitaminmischung (Vitamin C, Niacin, Pantothens\u00e4ure, Vitamin B6, Fols\u00e4ure, Vitamin B12), Coenzym Q10 (0,012%), nat\u00fcrliche Aromen. <\/span><\/p>\n<p><b>Care Bubbles &#8211; Bergamotte und Jasmin  <\/b><\/p>\n<p><b>Zusammensetzung: <\/b><span style=\"font-weight: 400;\">Wasser, Kohlendioxid, Fruchtextrakt (Johannisbrot, Apfel), Traubensaft aus Konzentrat min.6%, Zitronensaft aus Konzentrat min.4%, Orangensaft aus Konzentrat min.3%, Antioxidationsmittel: Ascorbins\u00e4ure, VeCollal\u00ae (Mischung der Aminos\u00e4uren Glycin, L-Prolin, L-Alanin, Centella Asiatica, L-Asparagins\u00e4ure, L-Glutamins\u00e4ure, L-Arginin, L-Serin, L-Leucin, L-Valin, L-Threonin, L-Glutamin, L-Lysin, Ascorbins\u00e4ure, L-Isoleucin, L-Phenylalanin, L-Tyrosin, L-Methionin, L-Histidin, L-Cystein, Panax Ginseng, L-Tryptophan), Aquamin\u00ae (nat\u00fcrlicher Multimineralkomplex), Vitaminmischung (Vitamin C, Niacin, Pantothens\u00e4ure, Vitamin B6, Fols\u00e4ure, Vitamin B12), Coenzym Q10 (0,012%), nat\u00fcrliche Aromen.<\/span><\/p>\n<\/div>\n\t\t\t\t<\/div>\n\t\t\t\t\t\t\t\t<\/div>\n\t\t\t\t<\/div>\n\t\t\t\t<\/div>\n\t\t\t\t\t<\/div>\n\t\t<\/div>\n\t\t\t\t\t<\/div>\n\t\t<\/section>\n\t\t\t\t<\/div>\n\t\t","protected":false},"excerpt":{"rendered":"<p><span style=\"font-weight: 400;\">Care Bubbles sind Ihr gesundes Ritual, wenn Sie sich nach <\/span><b>Gesundes Altern und Vitalit\u00e4t im Alter<\/b><span style=\"font-weight: 400;\">. Die Dosen von Care Bubbles waren das erste Getr\u00e4nk der Welt, das einen<\/span> <b> vegane Alternative zu Kollagen<\/b><span style=\"font-weight: 400;\">was sie nicht nur zu einem globalen Unikat macht, sondern auch zu einem Trendsetter, dem Marken aus der ganzen Welt nachzueifern versuchen. <\/span><\/p>\n<p><span style=\"font-weight: 400;\">Genie\u00dfen Sie alle<\/span><b> drei fesselnden Geschmacksrichtungen<\/b><span style=\"font-weight: 400;\"> und die Vorteile einer einzigartigen Formel, die 74 marine Mineralien, Coenzym Q10 und 6 gesundheitsf\u00f6rdernde Vitamine sowie eine patentierte pflanzliche Kollagenalternative enth\u00e4lt. <\/span><\/p>\n","protected":false},"featured_media":993089,"template":"","meta":{"_acf_changed":false,"_seopress_robots_primary_cat":"none","_seopress_titles_title":"Care Bubbles STARTER PACK %%sep%% %%sitetitle%%","_seopress_titles_desc":"Genie\u00dfen Sie alle drei k\u00f6stlichen Geschmacksrichtungen des regenerierenden Getr\u00e4nks Care Bubbles, das das erste vegane Kollagen enth\u00e4lt.","_seopress_robots_index":"","footnotes":""},"product_cat":[324],"product_tag":[],"class_list":{"0":"post-992576","1":"product","2":"type-product","3":"status-publish","4":"has-post-thumbnail","6":"product_cat-pflege-blasen","8":"first","9":"outofstock","10":"taxable","11":"shipping-taxable","12":"purchasable","13":"product-type-simple"},"acf":[],"_links":{"self":[{"href":"https:\/\/carelabdivas.com\/sk\/de\/wp-json\/wp\/v2\/product\/992576"}],"collection":[{"href":"https:\/\/carelabdivas.com\/sk\/de\/wp-json\/wp\/v2\/product"}],"about":[{"href":"https:\/\/carelabdivas.com\/sk\/de\/wp-json\/wp\/v2\/types\/product"}],"version-history":[{"count":3,"href":"https:\/\/carelabdivas.com\/sk\/de\/wp-json\/wp\/v2\/product\/992576\/revisions"}],"predecessor-version":[{"id":993092,"href":"https:\/\/carelabdivas.com\/sk\/de\/wp-json\/wp\/v2\/product\/992576\/revisions\/993092"}],"wp:featuredmedia":[{"embeddable":true,"href":"https:\/\/carelabdivas.com\/sk\/de\/wp-json\/wp\/v2\/media\/993089"}],"wp:attachment":[{"href":"https:\/\/carelabdivas.com\/sk\/de\/wp-json\/wp\/v2\/media?parent=992576"}],"wp:term":[{"taxonomy":"product_cat","embeddable":true,"href":"https:\/\/carelabdivas.com\/sk\/de\/wp-json\/wp\/v2\/product_cat?post=992576"},{"taxonomy":"product_tag","embeddable":true,"href":"https:\/\/carelabdivas.com\/sk\/de\/wp-json\/wp\/v2\/product_tag?post=992576"}],"curies":[{"name":"wp","href":"https:\/\/api.w.org\/{rel}","templated":true}]}}