{"id":992578,"date":"2024-07-02T08:04:26","date_gmt":"2024-07-02T06:04:26","guid":{"rendered":"https:\/\/carelabdivas.com\/sk\/produkty\/care-bubbles-bergamotte-und-jasmin\/"},"modified":"2025-08-18T09:32:35","modified_gmt":"2025-08-18T07:32:35","slug":"care-bubbles-bergamotte-und-jasmin","status":"publish","type":"product","link":"https:\/\/carelabdivas.com\/sk\/de\/produkty\/care-bubbles-bergamotte-und-jasmin\/","title":{"rendered":"Wellness Soda &#8211; Bergamotte und Jasmin"},"content":{"rendered":"\t\t<div data-elementor-type=\"product-post\" data-elementor-id=\"992578\" class=\"elementor elementor-992578 elementor-991496\" data-elementor-post-type=\"product\">\n\t\t\t\t\t\t<section class=\"elementor-section elementor-top-section elementor-element elementor-element-38dc7665 elementor-section-boxed elementor-section-height-default elementor-section-height-default\" data-id=\"38dc7665\" data-element_type=\"section\">\n\t\t\t\t\t\t<div class=\"elementor-container elementor-column-gap-default\">\n\t\t\t\t\t<div class=\"elementor-column elementor-col-100 elementor-top-column elementor-element elementor-element-376344f4\" data-id=\"376344f4\" data-element_type=\"column\">\n\t\t\t<div class=\"elementor-widget-wrap elementor-element-populated\">\n\t\t\t\t\t\t<div class=\"elementor-element elementor-element-6145db9 elementor-widget elementor-widget-toggle\" data-id=\"6145db9\" data-element_type=\"widget\" data-widget_type=\"toggle.default\">\n\t\t\t\t<div class=\"elementor-widget-container\">\n\t\t\t\t\t<div class=\"elementor-toggle\">\n\t\t\t\t\t\t\t<div class=\"elementor-toggle-item\">\n\t\t\t\t\t<div id=\"elementor-tab-title-1011\" class=\"elementor-tab-title\" data-tab=\"1\" role=\"button\" aria-controls=\"elementor-tab-content-1011\" aria-expanded=\"false\">\n\t\t\t\t\t\t\t\t\t\t\t\t<span class=\"elementor-toggle-icon elementor-toggle-icon-right\" aria-hidden=\"true\">\n\t\t\t\t\t\t\t\t\t\t\t\t\t\t\t<span class=\"elementor-toggle-icon-closed\"><i class=\"fas fa-plus\"><\/i><\/span>\n\t\t\t\t\t\t\t\t<span class=\"elementor-toggle-icon-opened\"><i class=\"elementor-toggle-icon-opened fas fa-minus\"><\/i><\/span>\n\t\t\t\t\t\t\t\t\t\t\t\t\t<\/span>\n\t\t\t\t\t\t\t\t\t\t\t\t<a class=\"elementor-toggle-title\" tabindex=\"0\">Details<\/a>\n\t\t\t\t\t<\/div>\n\n\t\t\t\t\t<div id=\"elementor-tab-content-1011\" class=\"elementor-tab-content elementor-clearfix\" data-tab=\"1\" role=\"region\" aria-labelledby=\"elementor-tab-title-1011\"><p>Care Bubbles Funktionsgetr\u00e4nk ist ohne \u00dcbertreibung eines der umfassendsten Erholungsgetr\u00e4nke auf dem Markt.  <\/p>\n<p>Dank seiner einzigartigen Formel mit wissenschaftlich und klinisch erprobten Inhaltsstoffen <strong>unterst\u00fctzt<\/strong> es wirksam <strong>gesundes Altern, Vitalit\u00e4t<\/strong>, hat positive Auswirkungen auf die <strong>Gesundheit von Knochen, Gelenken, Haaren, Herz und Kreislauf, Verdauung und Immunit\u00e4t<\/strong>. Die Vorteile f\u00fcr sch\u00f6ne <strong>Haut, Teint und Haare<\/strong> sind ebenfalls ein willkommener Effekt, der sich bei regelm\u00e4\u00dfiger Einnahme einer Dose pro Tag einstellt.   <\/p>\n<p>Welche Inhaltsstoffe sind in Care Bubbles enthalten?  <\/p>\n<ul>\n<li><strong>Die erste vegane Alternative zu Kollagen<\/strong>,  <\/li>\n<li><strong>Coenzym Q10<\/strong>,<\/li>\n<li><strong>74 Morse-Mineralien<\/strong>,<\/li>\n<li><strong>einzigartige CARE LAB Vitaminmischung<\/strong> (Vitamine C, B3, B5, B6, B9 und B12).\n<\/li>\n<\/ul>\n<p>G\u00f6nnen Sie sich eine regelm\u00e4\u00dfige und k\u00f6stliche Pflege mit Aminos\u00e4uren, Mineralien, Vitaminen und Antioxidantien, die Sie effektiv zu gesundem Altern und Vitalit\u00e4t auch im hohen Alter f\u00fchren.  <\/p>\n<\/div>\n\t\t\t\t<\/div>\n\t\t\t\t\t\t\t<div class=\"elementor-toggle-item\">\n\t\t\t\t\t<div id=\"elementor-tab-title-1012\" class=\"elementor-tab-title\" data-tab=\"2\" role=\"button\" aria-controls=\"elementor-tab-content-1012\" aria-expanded=\"false\">\n\t\t\t\t\t\t\t\t\t\t\t\t<span class=\"elementor-toggle-icon elementor-toggle-icon-right\" aria-hidden=\"true\">\n\t\t\t\t\t\t\t\t\t\t\t\t\t\t\t<span class=\"elementor-toggle-icon-closed\"><i class=\"fas fa-plus\"><\/i><\/span>\n\t\t\t\t\t\t\t\t<span class=\"elementor-toggle-icon-opened\"><i class=\"elementor-toggle-icon-opened fas fa-minus\"><\/i><\/span>\n\t\t\t\t\t\t\t\t\t\t\t\t\t<\/span>\n\t\t\t\t\t\t\t\t\t\t\t\t<a class=\"elementor-toggle-title\" tabindex=\"0\">Zutaten<\/a>\n\t\t\t\t\t<\/div>\n\n\t\t\t\t\t<div id=\"elementor-tab-content-1012\" class=\"elementor-tab-content elementor-clearfix\" data-tab=\"2\" role=\"region\" aria-labelledby=\"elementor-tab-title-1012\"><p><b>Zusammensetzung: <\/b><span style=\"font-weight: 400;\">Wasser, Kohlendioxid, Fruchtextrakt (Johannisbrot, Apfel), Traubensaft aus Konzentrat min.6%, Zitronensaft aus Konzentrat min.4%, Orangensaft aus Konzentrat min.3%, Antioxidationsmittel: Ascorbins\u00e4ure, VeCollal\u00ae (Mischung der Aminos\u00e4uren Glycin, L-Prolin, L-Alanin, Centella Asiatica, L-Asparagins\u00e4ure, L-Glutamins\u00e4ure, L-Arginin, L-Serin, L-Leucin, L-Valin, L-Threonin, L-Glutamin, L-Lysin, Ascorbins\u00e4ure, L-Isoleucin, L-Phenylalanin, L-Tyrosin, L-Methionin, L-Histidin, L-Cystein, Panax Ginseng, L-Tryptophan), Aquamin\u00ae (nat\u00fcrlicher Multimineralkomplex), Vitaminmischung (Vitamin C, Niacin, Pantothens\u00e4ure, Vitamin B6, Fols\u00e4ure, Vitamin B12), Coenzym Q10 (0,012%), nat\u00fcrliche Aromen. <\/span> <\/p>\n<\/div>\n\t\t\t\t<\/div>\n\t\t\t\t\t\t\t\t<\/div>\n\t\t\t\t<\/div>\n\t\t\t\t<\/div>\n\t\t\t\t\t<\/div>\n\t\t<\/div>\n\t\t\t\t\t<\/div>\n\t\t<\/section>\n\t\t\t\t<\/div>\n\t\t","protected":false},"excerpt":{"rendered":"<p><span style=\"font-weight: 400;\">Das leicht prickelnde Care Bubbles Getr\u00e4nk &#8211; Bergamotte und Jasmin ist eine Revolution unter den Funktionsgetr\u00e4nken. Und das in mehr als nur einer Hinsicht. Das regenerierende Getr\u00e4nk Care Bubbles war das erste Getr\u00e4nk der Welt, das eine vegane Alternative zu Kollagen enthielt. <\/span><\/p>\n<p><span style=\"font-weight: 400;\">Au\u00dferdem ist der Geschmack von Bergamotte und Jasmin einzigartig <\/span><b>einzigartig auf der Welt<\/b><span style=\"font-weight: 400;\">. Wenn Sie sich nach erstklassiger Pflege und etwas wirklich Besonderem sehnen, ist eine Dose Care Bubbles die richtige Wahl. <\/span><\/p>\n","protected":false},"featured_media":993085,"template":"","meta":{"_acf_changed":false,"_seopress_robots_primary_cat":"none","_seopress_titles_title":"Care Bubbles %%sep%% Bergamotte und Jasmin %%sep%% %%sitetitle%%","_seopress_titles_desc":"Care Bubbles ist ein sanft prickelndes Getr\u00e4nk zur Unterst\u00fctzung der Immunit\u00e4t, des gesunden Alterns, der Knochen, der Gelenke, der Haut, des Darms und des Herz-Kreislauf-Systems.","_seopress_robots_index":"","footnotes":""},"product_cat":[324],"product_tag":[],"class_list":{"0":"post-992578","1":"product","2":"type-product","3":"status-publish","4":"has-post-thumbnail","6":"product_cat-pflege-blasen","8":"first","9":"outofstock","10":"taxable","11":"shipping-taxable","12":"purchasable","13":"product-type-simple"},"acf":[],"_links":{"self":[{"href":"https:\/\/carelabdivas.com\/sk\/de\/wp-json\/wp\/v2\/product\/992578"}],"collection":[{"href":"https:\/\/carelabdivas.com\/sk\/de\/wp-json\/wp\/v2\/product"}],"about":[{"href":"https:\/\/carelabdivas.com\/sk\/de\/wp-json\/wp\/v2\/types\/product"}],"version-history":[{"count":2,"href":"https:\/\/carelabdivas.com\/sk\/de\/wp-json\/wp\/v2\/product\/992578\/revisions"}],"predecessor-version":[{"id":993093,"href":"https:\/\/carelabdivas.com\/sk\/de\/wp-json\/wp\/v2\/product\/992578\/revisions\/993093"}],"wp:featuredmedia":[{"embeddable":true,"href":"https:\/\/carelabdivas.com\/sk\/de\/wp-json\/wp\/v2\/media\/993085"}],"wp:attachment":[{"href":"https:\/\/carelabdivas.com\/sk\/de\/wp-json\/wp\/v2\/media?parent=992578"}],"wp:term":[{"taxonomy":"product_cat","embeddable":true,"href":"https:\/\/carelabdivas.com\/sk\/de\/wp-json\/wp\/v2\/product_cat?post=992578"},{"taxonomy":"product_tag","embeddable":true,"href":"https:\/\/carelabdivas.com\/sk\/de\/wp-json\/wp\/v2\/product_tag?post=992578"}],"curies":[{"name":"wp","href":"https:\/\/api.w.org\/{rel}","templated":true}]}}