{"id":992579,"date":"2023-05-02T12:36:09","date_gmt":"2023-05-02T10:36:09","guid":{"rendered":"https:\/\/carelabdivas.com\/sk\/produkty\/pflege-wasser-balance\/"},"modified":"2025-05-08T12:56:33","modified_gmt":"2025-05-08T10:56:33","slug":"pflege-wasser-balance","status":"publish","type":"product","link":"https:\/\/carelabdivas.com\/sk\/de\/produkty\/pflege-wasser-balance\/","title":{"rendered":"Pflege Wasser BALANCE"},"content":{"rendered":"\t\t<div data-elementor-type=\"product-post\" data-elementor-id=\"992579\" class=\"elementor elementor-992579 elementor-987745\" data-elementor-post-type=\"product\">\n\t\t\t\t\t\t<section class=\"elementor-section elementor-top-section elementor-element elementor-element-3f083d7e elementor-section-boxed elementor-section-height-default elementor-section-height-default\" data-id=\"3f083d7e\" data-element_type=\"section\">\n\t\t\t\t\t\t<div class=\"elementor-container elementor-column-gap-default\">\n\t\t\t\t\t<div class=\"elementor-column elementor-col-100 elementor-top-column elementor-element elementor-element-13b6fbc\" data-id=\"13b6fbc\" data-element_type=\"column\">\n\t\t\t<div class=\"elementor-widget-wrap elementor-element-populated\">\n\t\t\t\t\t\t<div class=\"elementor-element elementor-element-28d28ff elementor-widget elementor-widget-toggle\" data-id=\"28d28ff\" data-element_type=\"widget\" data-widget_type=\"toggle.default\">\n\t\t\t\t<div class=\"elementor-widget-container\">\n\t\t\t\t\t<div class=\"elementor-toggle\">\n\t\t\t\t\t\t\t<div class=\"elementor-toggle-item\">\n\t\t\t\t\t<div id=\"elementor-tab-title-4281\" class=\"elementor-tab-title\" data-tab=\"1\" role=\"button\" aria-controls=\"elementor-tab-content-4281\" aria-expanded=\"false\">\n\t\t\t\t\t\t\t\t\t\t\t\t<span class=\"elementor-toggle-icon elementor-toggle-icon-right\" aria-hidden=\"true\">\n\t\t\t\t\t\t\t\t\t\t\t\t\t\t\t<span class=\"elementor-toggle-icon-closed\"><i class=\"fas fa-plus\"><\/i><\/span>\n\t\t\t\t\t\t\t\t<span class=\"elementor-toggle-icon-opened\"><i class=\"elementor-toggle-icon-opened fas fa-minus\"><\/i><\/span>\n\t\t\t\t\t\t\t\t\t\t\t\t\t<\/span>\n\t\t\t\t\t\t\t\t\t\t\t\t<a class=\"elementor-toggle-title\" tabindex=\"0\">Details<\/a>\n\t\t\t\t\t<\/div>\n\n\t\t\t\t\t<div id=\"elementor-tab-content-4281\" class=\"elementor-tab-content elementor-clearfix\" data-tab=\"1\" role=\"region\" aria-labelledby=\"elementor-tab-title-4281\"><p>Care Water BALANCE wird Ihnen helfen, <strong>Trost und inneres Gleichgewicht wiederzufinden<\/strong>.<br \/>Funktionelles Getr\u00e4nk mit Lavendel- und Orangengeschmack enth\u00e4lt:<\/p>\n<ul>\n<li><strong>eine einzigartige Mischung aus marinem Magnesium<\/strong> &#8211; zur <strong>Unterst\u00fctzung eines gesunden Stoffwechsels<\/strong>, zellul\u00e4rer Energie und einer guten Funktion des Nervensystems.<\/li>\n<li><strong>Eisen<\/strong> &#8211; wichtig f\u00fcr die Produktion von H\u00e4moglobin, das die Verteilung von Sauerstoff im K\u00f6rper unterst\u00fctzt und so <strong>M\u00fcdigkeit und Schw\u00e4che vorbeugt<\/strong>.<\/li>\n<li><strong>Vitamin E<\/strong> &#8211; ein <strong>starkes Antioxidans<\/strong>, das Ihren K\u00f6rper vor oxidativem Stress sch\u00fctzt, der ebenfalls mit Angstzust\u00e4nden oder Depressionen in Verbindung gebracht wird.<\/li>\n<li><strong>einzigartige CARE LAB-Vitaminmischung<\/strong> (Vitamine C, B3, B5, B6, B9 und B12) &#8211; unterst\u00fctzt das allgemeine Gleichgewicht und die Vitalit\u00e4t. Es hilft dem K\u00f6rper, Nahrung in Energie umzuwandeln, neue Blutzellen zu bilden und Haut- und Gehirnzellen gesund zu erhalten. <\/li>\n<\/ul>\n<p>Die klinisch und wissenschaftlich erprobten Inhaltsstoffe, die wir in Care Water BALANCE sorgf\u00e4ltig gemischt haben <strong>, haben eine positive Wirkung auf Ihren K\u00f6rper<\/strong>. Sie helfen Ihnen, M\u00fcdigkeit zu bek\u00e4mpfen, Stress abzubauen, Ihr Nervensystem und Ihr inneres Gleichgewicht zu unterst\u00fctzen. <\/p>\n<p>Wir von CARE LAB Divas bestehen darauf, nur gesunde Zutaten f\u00fcr unsere Produkte zu verwenden. Deshalb ist das k\u00f6stliche Getr\u00e4nk Care Water BALANCE <strong>nur mit Fr\u00fcchten ges\u00fc\u00dft und enth\u00e4lt keine k\u00fcnstlichen Zusatzstoffe oder Konservierungsmittel<\/strong>. Mit seiner einzigartigen Mischung aus Inhaltsstoffen und Lavendelgeschmack ist Care Water BALANCE das perfekte Getr\u00e4nk, um <strong>Ihnen zu helfen, Ihr verlorenes inneres Gleichgewicht wiederzufinden<\/strong>.  <\/p>\n<\/div>\n\t\t\t\t<\/div>\n\t\t\t\t\t\t\t<div class=\"elementor-toggle-item\">\n\t\t\t\t\t<div id=\"elementor-tab-title-4282\" class=\"elementor-tab-title\" data-tab=\"2\" role=\"button\" aria-controls=\"elementor-tab-content-4282\" aria-expanded=\"false\">\n\t\t\t\t\t\t\t\t\t\t\t\t<span class=\"elementor-toggle-icon elementor-toggle-icon-right\" aria-hidden=\"true\">\n\t\t\t\t\t\t\t\t\t\t\t\t\t\t\t<span class=\"elementor-toggle-icon-closed\"><i class=\"fas fa-plus\"><\/i><\/span>\n\t\t\t\t\t\t\t\t<span class=\"elementor-toggle-icon-opened\"><i class=\"elementor-toggle-icon-opened fas fa-minus\"><\/i><\/span>\n\t\t\t\t\t\t\t\t\t\t\t\t\t<\/span>\n\t\t\t\t\t\t\t\t\t\t\t\t<a class=\"elementor-toggle-title\" tabindex=\"0\">Zutaten<\/a>\n\t\t\t\t\t<\/div>\n\n\t\t\t\t\t<div id=\"elementor-tab-content-4282\" class=\"elementor-tab-content elementor-clearfix\" data-tab=\"2\" role=\"region\" aria-labelledby=\"elementor-tab-title-4282\"><p><strong>Zusammensetzung:  <\/strong><span class=\"NormalTextRun SpellingErrorV2Themed SCXW242227924 BCX0\">Fr\u00fchling  <\/span><span class=\"NormalTextRun SCXW242227924 BCX0\">Wasser (94%),  <\/span><span class=\"NormalTextRun SpellingErrorV2Themed SCXW242227924 BCX0\">fruchtig<\/span><span class=\"NormalTextRun SCXW242227924 BCX0\">  Auszug (<\/span><span class=\"NormalTextRun SpellingErrorV2Themed SCXW242227924 BCX0\">Johannisbrot<\/span><span class=\"NormalTextRun SCXW242227924 BCX0\">, Apfel),  <\/span><span class=\"NormalTextRun SpellingErrorV2Themed SCXW242227924 BCX0\">orangefarbener Schuh<\/span><span class=\"NormalTextRun SpellingErrorV2Themed SCXW242227924 BCX0\">Kamel<\/span><span class=\"NormalTextRun SCXW242227924 BCX0\">  z  <\/span><span class=\"NormalTextRun SpellingErrorV2Themed SCXW242227924 BCX0\">Konzentrat<\/span><span class=\"NormalTextRun SCXW242227924 BCX0\">  (3%),  <\/span><span class=\"NormalTextRun SpellingErrorV2Themed SCXW242227924 BCX0\">Zitronensaft<\/span><span class=\"NormalTextRun SpellingErrorV2Themed SCXW242227924 BCX0\">ava<\/span><span class=\"NormalTextRun SCXW242227924 BCX0\">  z  <\/span><span class=\"NormalTextRun SpellingErrorV2Themed SCXW242227924 BCX0\">Konzentrat<\/span><span class=\"NormalTextRun SCXW242227924 BCX0\">  (1%), Antioxidationsmittel: S\u00e4ure  <\/span><span class=\"NormalTextRun SpellingErrorV2Themed SCXW242227924 BCX0\">Ascorbins\u00e4ure,  <\/span><span class=\"NormalTextRun SCXW242227924 BCX0\">mischen  <\/span><span class=\"NormalTextRun SpellingErrorV2Themed SCXW242227924 BCX0\">Vitamine<\/span><span class=\"NormalTextRun SCXW242227924 BCX0\">  (<\/span><span class=\"NormalTextRun SpellingErrorV2Themed SCXW242227924 BCX0\">Vitamin<\/span><span class=\"NormalTextRun SCXW242227924 BCX0\">  C,  <\/span><span class=\"NormalTextRun SpellingErrorV2Themed SCXW242227924 BCX0\">Niacin<\/span><span class=\"NormalTextRun SCXW242227924 BCX0\">, Acid  <\/span><span class=\"NormalTextRun SpellingErrorV2Themed SCXW242227924 BCX0\">Pantothens\u00e4ure,  <\/span><span class=\"NormalTextRun SpellingErrorV2Themed SCXW242227924 BCX0\">Vitamin<\/span><span class=\"NormalTextRun SCXW242227924 BCX0\">  B6,  <\/span><span class=\"NormalTextRun SpellingErrorV2Themed SCXW242227924 BCX0\">Vitamin<\/span><span class=\"NormalTextRun SCXW242227924 BCX0\">  B12, S\u00e4ure  <\/span><span class=\"NormalTextRun SpellingErrorV2Themed SCXW242227924 BCX0\">Blatt<\/span><span class=\"NormalTextRun SCXW242227924 BCX0\">),  <\/span><span class=\"NormalTextRun SpellingErrorV2Themed SCXW242227924 BCX0\">Magnesium<\/span><span class=\"NormalTextRun SCXW242227924 BCX0\">  (<\/span><span class=\"NormalTextRun SpellingErrorV2Themed SCXW242227924 BCX0\">Zitrat<\/span> <span class=\"NormalTextRun SpellingErrorV2Themed SCXW242227924 BCX0\">Magnesium<\/span><span class=\"NormalTextRun SCXW242227924 BCX0\">),  <\/span><span class=\"NormalTextRun SpellingErrorV2Themed SCXW242227924 BCX0\">Vitamin<\/span><span class=\"NormalTextRun SCXW242227924 BCX0\">  E, f<\/span><span class=\"NormalTextRun SpellingErrorV2Themed SCXW242227924 BCX0\">elezo<\/span><span class=\"NormalTextRun SCXW242227924 BCX0\">,  <\/span><span class=\"NormalTextRun SpellingErrorV2Themed SCXW242227924 BCX0\">nat\u00fcrlich  <\/span><span class=\"NormalTextRun SpellingErrorV2Themed SCXW242227924 BCX0\">Aromen<\/span><span class=\"NormalTextRun SCXW242227924 BCX0\">.<\/span><\/p>\n<\/div>\n\t\t\t\t<\/div>\n\t\t\t\t\t\t\t\t<\/div>\n\t\t\t\t<\/div>\n\t\t\t\t<\/div>\n\t\t\t\t\t<\/div>\n\t\t<\/div>\n\t\t\t\t\t<\/div>\n\t\t<\/section>\n\t\t\t\t<\/div>\n\t\t","protected":false},"excerpt":{"rendered":"<p>Dank seiner <strong>klinisch erprobten Inhaltsstoffe<\/strong> ist das k\u00f6stliche, kohlens\u00e4urefreie Funktionsgetr\u00e4nk Care Water BALANCE ein gro\u00dfartiger Begleiter f\u00fcr ruhige Entspannung nach einem arbeitsreichen Tag. Meeresmagnesium, Eisen, Vitamin E und eine Mischung aus sechs weiteren Vitaminen<strong> bek\u00e4mpfen wirksam Stress, bek\u00e4mpfen M\u00fcdigkeit, stellen das innere Gleichgewicht wieder her und unterst\u00fctzen das Nervensystem.<\/strong> <\/p>\n<p>Unser Premium Care Water BALANCE Getr\u00e4nk wird gerne Ihr neues t\u00e4gliches Ritual werden, auf das Sie sich auch (und vielleicht besonders) an gesch\u00e4ftigen Tagen freuen.<\/p>\n","protected":false},"featured_media":992240,"template":"","meta":{"_acf_changed":false,"_seopress_robots_primary_cat":"none","_seopress_titles_title":"Pflege Wasser BALANCE %%sep%% %%sitetitle%%","_seopress_titles_desc":"Meeresmagnesium, Eisen, Vitamin E und eine Mischung aus sechs Vitaminen bek\u00e4mpfen wirksam Stress und M\u00fcdigkeit und stellen das innere Gleichgewicht wieder her.","_seopress_robots_index":"","footnotes":""},"product_cat":[322],"product_tag":[],"class_list":{"0":"post-992579","1":"product","2":"type-product","3":"status-publish","4":"has-post-thumbnail","6":"product_cat-pflege-wasser","7":"pa_problemy-balance","9":"first","10":"instock","11":"taxable","12":"shipping-taxable","13":"purchasable","14":"product-type-simple"},"acf":[],"_links":{"self":[{"href":"https:\/\/carelabdivas.com\/sk\/de\/wp-json\/wp\/v2\/product\/992579"}],"collection":[{"href":"https:\/\/carelabdivas.com\/sk\/de\/wp-json\/wp\/v2\/product"}],"about":[{"href":"https:\/\/carelabdivas.com\/sk\/de\/wp-json\/wp\/v2\/types\/product"}],"version-history":[{"count":1,"href":"https:\/\/carelabdivas.com\/sk\/de\/wp-json\/wp\/v2\/product\/992579\/revisions"}],"predecessor-version":[{"id":992581,"href":"https:\/\/carelabdivas.com\/sk\/de\/wp-json\/wp\/v2\/product\/992579\/revisions\/992581"}],"wp:featuredmedia":[{"embeddable":true,"href":"https:\/\/carelabdivas.com\/sk\/de\/wp-json\/wp\/v2\/media\/992240"}],"wp:attachment":[{"href":"https:\/\/carelabdivas.com\/sk\/de\/wp-json\/wp\/v2\/media?parent=992579"}],"wp:term":[{"taxonomy":"product_cat","embeddable":true,"href":"https:\/\/carelabdivas.com\/sk\/de\/wp-json\/wp\/v2\/product_cat?post=992579"},{"taxonomy":"product_tag","embeddable":true,"href":"https:\/\/carelabdivas.com\/sk\/de\/wp-json\/wp\/v2\/product_tag?post=992579"}],"curies":[{"name":"wp","href":"https:\/\/api.w.org\/{rel}","templated":true}]}}