{"id":988197,"date":"2023-05-19T13:24:45","date_gmt":"2023-05-19T11:24:45","guid":{"rendered":"https:\/\/carelabdivas.com\/sk\/?page_id=988197"},"modified":"2023-11-07T11:11:37","modified_gmt":"2023-11-07T10:11:37","slug":"imunita","status":"publish","type":"page","link":"https:\/\/carelabdivas.com\/sk\/imunita\/","title":{"rendered":"Imunita"},"content":{"rendered":"\t\t<div data-elementor-type=\"wp-page\" data-elementor-id=\"988197\" class=\"elementor elementor-988197\" data-elementor-post-type=\"page\">\n\t\t\t\t<div class=\"elementor-element elementor-element-e1c47d1 e-flex e-con-boxed e-con e-parent\" data-id=\"e1c47d1\" data-element_type=\"container\">\n\t\t\t\t\t<div class=\"e-con-inner\">\n\t\t<div class=\"elementor-element elementor-element-6d9b05e e-flex e-con-boxed e-con e-parent\" data-id=\"6d9b05e\" data-element_type=\"container\" data-settings=\"{&quot;background_background&quot;:&quot;classic&quot;}\">\n\t\t\t\t\t<div class=\"e-con-inner\">\n\t\t<div class=\"elementor-element elementor-element-8c26420 e-con-full e-flex e-con e-parent\" data-id=\"8c26420\" data-element_type=\"container\" data-settings=\"{&quot;motion_fx_motion_fx_scrolling&quot;:&quot;yes&quot;,&quot;motion_fx_translateY_effect&quot;:&quot;yes&quot;,&quot;motion_fx_translateY_speed&quot;:{&quot;unit&quot;:&quot;px&quot;,&quot;size&quot;:2,&quot;sizes&quot;:[]},&quot;motion_fx_translateY_affectedRange&quot;:{&quot;unit&quot;:&quot;%&quot;,&quot;size&quot;:&quot;&quot;,&quot;sizes&quot;:{&quot;start&quot;:0,&quot;end&quot;:100}},&quot;motion_fx_devices&quot;:[&quot;desktop&quot;,&quot;tablet&quot;,&quot;mobile&quot;]}\">\n\t\t\t\t<div class=\"elementor-element elementor-element-abfae49 animated-fast elementor-invisible elementor-widget elementor-widget-heading\" data-id=\"abfae49\" data-element_type=\"widget\" data-settings=\"{&quot;_animation&quot;:&quot;fadeInDown&quot;,&quot;_animation_delay&quot;:100}\" data-widget_type=\"heading.default\">\n\t\t\t\t<div class=\"elementor-widget-container\">\n\t\t\t<h1 class=\"elementor-heading-title elementor-size-default\">Vydaj sa na cestu  k svojmu<\/h1>\t\t<\/div>\n\t\t\t\t<\/div>\n\t\t\t\t<div class=\"elementor-element elementor-element-7843d2b animated-fast elementor-invisible elementor-widget elementor-widget-heading\" data-id=\"7843d2b\" data-element_type=\"widget\" data-settings=\"{&quot;_animation&quot;:&quot;fadeIn&quot;,&quot;_animation_delay&quot;:1100}\" data-widget_type=\"heading.default\">\n\t\t\t\t<div class=\"elementor-widget-container\">\n\t\t\t<h1 class=\"elementor-heading-title elementor-size-default\">zdrav\u0161iemu ja. Podpor<\/h1>\t\t<\/div>\n\t\t\t\t<\/div>\n\t\t\t\t<div class=\"elementor-element elementor-element-1becab9 animated-fast elementor-invisible elementor-widget elementor-widget-heading\" data-id=\"1becab9\" data-element_type=\"widget\" data-settings=\"{&quot;_animation&quot;:&quot;fadeInUp&quot;,&quot;_animation_delay&quot;:600}\" data-widget_type=\"heading.default\">\n\t\t\t\t<div class=\"elementor-widget-container\">\n\t\t\t<h1 class=\"elementor-heading-title elementor-size-default\">imunitu  zdravo a&nbsp;chutne<\/h1>\t\t<\/div>\n\t\t\t\t<\/div>\n\t\t\t\t<div class=\"elementor-element elementor-element-b7afb1a elementor-align-justify elementor-widget__width-initial elementor-mobile-align-left elementor-widget-mobile__width-initial elementor-widget-tablet__width-initial elementor-invisible elementor-widget elementor-widget-global elementor-global-988046 elementor-widget-button\" data-id=\"b7afb1a\" data-element_type=\"widget\" data-settings=\"{&quot;_animation&quot;:&quot;fadeIn&quot;,&quot;_animation_delay&quot;:350}\" data-widget_type=\"button.default\">\n\t\t\t\t<div class=\"elementor-widget-container\">\n\t\t\t\t\t<div class=\"elementor-button-wrapper\">\n\t\t\t<a class=\"elementor-button elementor-button-link elementor-size-sm\" href=\"\/sk\/produkty\">\n\t\t\t\t\t\t<span class=\"elementor-button-content-wrapper\">\n\t\t\t\t\t\t\t\t\t<span class=\"elementor-button-text\">V\u0161etky produkty<\/span>\n\t\t\t\t\t<\/span>\n\t\t\t\t\t<\/a>\n\t\t<\/div>\n\t\t\t\t<\/div>\n\t\t\t\t<\/div>\n\t\t\t\t<\/div>\n\t\t<div class=\"elementor-element elementor-element-a7fa3a1 e-flex e-con-boxed e-con e-parent\" data-id=\"a7fa3a1\" data-element_type=\"container\">\n\t\t\t\t\t<div class=\"e-con-inner\">\n\t\t\t\t<div class=\"elementor-element elementor-element-5c22249 elementor-hidden-mobile elementor-invisible elementor-widget elementor-widget-image\" data-id=\"5c22249\" data-element_type=\"widget\" data-settings=\"{&quot;_animation&quot;:&quot;fadeIn&quot;,&quot;_animation_delay&quot;:1000}\" data-widget_type=\"image.default\">\n\t\t\t\t<div class=\"elementor-widget-container\">\n\t\t\t\t\t\t\t\t\t\t\t\t\t<img loading=\"lazy\" decoding=\"async\" width=\"1080\" height=\"1081\" src=\"https:\/\/carelabdivas.com\/sk\/wp-content\/uploads\/2023\/05\/divas-logo-pecat-text-rgb-1200px@300ppi.webp\" class=\"attachment-large size-large wp-image-987742\" alt=\"divas logo pecat text rgb 1200px@300ppi\" srcset=\"https:\/\/carelabdivas.com\/sk\/wp-content\/uploads\/2023\/05\/divas-logo-pecat-text-rgb-1200px@300ppi.webp 1080w, https:\/\/carelabdivas.com\/sk\/wp-content\/uploads\/2023\/05\/divas-logo-pecat-text-rgb-1200px@300ppi-300x300.webp 300w, https:\/\/carelabdivas.com\/sk\/wp-content\/uploads\/2023\/05\/divas-logo-pecat-text-rgb-1200px@300ppi-100x100.webp 100w, https:\/\/carelabdivas.com\/sk\/wp-content\/uploads\/2023\/05\/divas-logo-pecat-text-rgb-1200px@300ppi-600x601.webp 600w, https:\/\/carelabdivas.com\/sk\/wp-content\/uploads\/2023\/05\/divas-logo-pecat-text-rgb-1200px@300ppi-768x769.webp 768w, https:\/\/carelabdivas.com\/sk\/wp-content\/uploads\/2023\/05\/divas-logo-pecat-text-rgb-1200px@300ppi-630x630.webp 630w\" sizes=\"(max-width: 1080px) 100vw, 1080px\" \/>\t\t\t\t\t\t\t\t\t\t\t\t\t<\/div>\n\t\t\t\t<\/div>\n\t\t\t\t<div class=\"elementor-element elementor-element-1f0debc elementor-invisible elementor-widget elementor-widget-image\" data-id=\"1f0debc\" data-element_type=\"widget\" data-settings=\"{&quot;_animation&quot;:&quot;fadeInRight&quot;,&quot;_animation_delay&quot;:200}\" data-widget_type=\"image.default\">\n\t\t\t\t<div class=\"elementor-widget-container\">\n\t\t\t\t\t\t\t\t\t\t\t\t\t<img decoding=\"async\" src=\"https:\/\/carelabdivas.com\/sk\/wp-content\/uploads\/elementor\/thumbs\/care_lab_divas_imunita-qios05yqhpeyyqodqfv7ztwos6qqw2p4w9prfpl6ko.webp\" title=\"care lab divas imunita\" alt=\"care lab divas imunita\" loading=\"lazy\" \/>\t\t\t\t\t\t\t\t\t\t\t\t\t<\/div>\n\t\t\t\t<\/div>\n\t\t\t\t\t<\/div>\n\t\t\t\t<\/div>\n\t\t\t\t\t<\/div>\n\t\t\t\t<\/div>\n\t\t\t\t\t<\/div>\n\t\t\t\t<\/div>\n\t\t<div class=\"elementor-element elementor-element-d91a343 e-flex e-con-boxed e-con e-parent\" data-id=\"d91a343\" data-element_type=\"container\">\n\t\t\t\t\t<div class=\"e-con-inner\">\n\t\t<div class=\"elementor-element elementor-element-6ac9978 e-con-full e-flex e-con e-parent\" data-id=\"6ac9978\" data-element_type=\"container\" data-settings=\"{&quot;background_background&quot;:&quot;classic&quot;}\">\n\t\t\t\t<div class=\"elementor-element elementor-element-08150f7 elementor-invisible elementor-widget elementor-widget-heading\" data-id=\"08150f7\" data-element_type=\"widget\" data-settings=\"{&quot;_animation&quot;:&quot;fadeInUp&quot;}\" data-widget_type=\"heading.default\">\n\t\t\t\t<div class=\"elementor-widget-container\">\n\t\t\t<h3 class=\"elementor-heading-title elementor-size-default\"><a href=\"https:\/\/carelabdivas.com\/sk\/produkty\/care-water-defense\/\">Care Water Defense<\/a><\/h3>\t\t<\/div>\n\t\t\t\t<\/div>\n\t\t\t\t<div class=\"elementor-element elementor-element-56d83fb elementor-invisible elementor-widget elementor-widget-text-editor\" data-id=\"56d83fb\" data-element_type=\"widget\" data-settings=\"{&quot;_animation&quot;:&quot;fadeIn&quot;,&quot;_animation_delay&quot;:200}\" data-widget_type=\"text-editor.default\">\n\t\t\t\t<div class=\"elementor-widget-container\">\n\t\t\t\t\t\t\t<p>Nes\u00fdten\u00fd funk\u010dn\u00fd n\u00e1poj Care Water DEFENSE poskytuje komplexn\u00fa podporu tvojmu imunitn\u00e9mu syst\u00e9mu a celkov\u00e9mu zdraviu. S prebiotickou vl\u00e1kninou, zinkom, sel\u00e9nom, vitam\u00ednom D3 a zmesou \u010fal\u0161\u00edch 6 z\u00e1kladn\u00fdch vitam\u00ednov \u0165a tento nes\u00fdten\u00fd funk\u010dn\u00fd n\u00e1poj \u00fa\u010dinne navedie na cestu za tvoj\u00edm zdrav\u0161\u00edm ja.<\/p><p>Vl\u00e1knina pom\u00f4\u017ee zlep\u0161i\u0165 zdravie tr\u00e1viaceho traktu, zatia\u013e \u010do vysoko \u00fa\u010dinn\u00e1 trojica zinku, sel\u00e9nu a vitam\u00ednu D3 pozit\u00edvne vpl\u00fdva na adapt\u00edvnu aj vroden\u00fa imunitu. N\u00e1\u0161 pr\u00e9miov\u00fd drink s pr\u00edchu\u0165ou gran\u00e1tov\u00e9ho jablka a ibi\u0161teka je skvel\u00fdm partnerom, ktor\u00fd \u0165a udr\u017e\u00ed v pohode a zdrav\u00ed.<\/p>\t\t\t\t\t\t<\/div>\n\t\t\t\t<\/div>\n\t\t\t\t<div class=\"elementor-element elementor-element-97a60da elementor-align-justify elementor-widget__width-initial elementor-invisible elementor-widget elementor-widget-button\" data-id=\"97a60da\" data-element_type=\"widget\" data-settings=\"{&quot;_animation&quot;:&quot;fadeIn&quot;,&quot;_animation_delay&quot;:350}\" data-widget_type=\"button.default\">\n\t\t\t\t<div class=\"elementor-widget-container\">\n\t\t\t\t\t<div class=\"elementor-button-wrapper\">\n\t\t\t<a class=\"elementor-button elementor-button-link elementor-size-sm\" href=\"\/produkty\/care-water-defense\/\">\n\t\t\t\t\t\t<span class=\"elementor-button-content-wrapper\">\n\t\t\t\t\t\t<span class=\"elementor-button-icon\">\n\t\t\t\t<i aria-hidden=\"true\" class=\"fas fa-long-arrow-alt-right\"><\/i>\t\t\t<\/span>\n\t\t\t\t\t\t\t\t\t<span class=\"elementor-button-text\">K\u00fapi\u0165 <\/span>\n\t\t\t\t\t<\/span>\n\t\t\t\t\t<\/a>\n\t\t<\/div>\n\t\t\t\t<\/div>\n\t\t\t\t<\/div>\n\t\t\t\t<\/div>\n\t\t<div class=\"elementor-element elementor-element-b3fb24a e-con-full e-flex e-con e-parent\" data-id=\"b3fb24a\" data-element_type=\"container\">\n\t\t\t\t<div class=\"elementor-element elementor-element-dcd7738 elementor-invisible elementor-widget elementor-widget-image\" data-id=\"dcd7738\" data-element_type=\"widget\" data-settings=\"{&quot;_animation&quot;:&quot;fadeInRight&quot;}\" data-widget_type=\"image.default\">\n\t\t\t\t<div class=\"elementor-widget-container\">\n\t\t\t\t\t\t\t\t\t\t\t\t\t\t<a href=\"\/sk\/produkty\/care-water-defense\/\">\n\t\t\t\t\t\t\t<img decoding=\"async\" src=\"https:\/\/carelabdivas.com\/sk\/wp-content\/uploads\/elementor\/thumbs\/care_lab_divas_waters_waters_defense-qios0dhgmb4m9t4we4wqo13ktmpwhb37q67wejklak.webp\" title=\"care lab divas waters waters defense\" alt=\"care lab divas waters waters defense\" loading=\"lazy\" \/>\t\t\t\t\t\t\t\t<\/a>\n\t\t\t\t\t\t\t\t\t\t\t\t\t<\/div>\n\t\t\t\t<\/div>\n\t\t\t\t<\/div>\n\t\t\t\t\t<\/div>\n\t\t\t\t<\/div>\n\t\t<div class=\"elementor-element elementor-element-5a178a6 e-flex e-con-boxed e-con e-parent\" data-id=\"5a178a6\" data-element_type=\"container\">\n\t\t\t\t\t<div class=\"e-con-inner\">\n\t\t<div class=\"elementor-element elementor-element-f17a824 e-con-full e-flex e-con e-parent\" data-id=\"f17a824\" data-element_type=\"container\">\n\t\t\t\t<div class=\"elementor-element elementor-element-2c91e82 elementor-invisible elementor-widget elementor-widget-image\" data-id=\"2c91e82\" data-element_type=\"widget\" data-settings=\"{&quot;_animation&quot;:&quot;fadeInLeft&quot;}\" data-widget_type=\"image.default\">\n\t\t\t\t<div class=\"elementor-widget-container\">\n\t\t\t\t\t\t\t\t\t\t\t\t\t<img decoding=\"async\" src=\"https:\/\/carelabdivas.com\/sk\/wp-content\/uploads\/elementor\/thumbs\/care-shot-immuno-qf03o7k1qj1xj9fswlgo6ju1k1c4hsslprwu1ctvbg.png\" title=\"care shot immuno\" alt=\"care shot immuno\" loading=\"lazy\" \/>\t\t\t\t\t\t\t\t\t\t\t\t\t<\/div>\n\t\t\t\t<\/div>\n\t\t\t\t<\/div>\n\t\t<div class=\"elementor-element elementor-element-57494c0 e-con-full e-flex e-con e-parent\" data-id=\"57494c0\" data-element_type=\"container\" data-settings=\"{&quot;background_background&quot;:&quot;classic&quot;}\">\n\t\t\t\t<div class=\"elementor-element elementor-element-3512b87 elementor-invisible elementor-widget elementor-widget-heading\" data-id=\"3512b87\" data-element_type=\"widget\" data-settings=\"{&quot;_animation&quot;:&quot;fadeInUp&quot;}\" data-widget_type=\"heading.default\">\n\t\t\t\t<div class=\"elementor-widget-container\">\n\t\t\t<h3 class=\"elementor-heading-title elementor-size-default\"><a href=\"https:\/\/carelabdivas.com\/sk\/produkty\/wellness-soda-grapefruit-a-ibistek\/\">Care Shot Immuno<\/a><\/h3>\t\t<\/div>\n\t\t\t\t<\/div>\n\t\t\t\t<div class=\"elementor-element elementor-element-1bfbdaf elementor-invisible elementor-widget elementor-widget-text-editor\" data-id=\"1bfbdaf\" data-element_type=\"widget\" data-settings=\"{&quot;_animation&quot;:&quot;fadeIn&quot;,&quot;_animation_delay&quot;:200}\" data-widget_type=\"text-editor.default\">\n\t\t\t\t<div class=\"elementor-widget-container\">\n\t\t\t\t\t\t\t<p>Sp\u00f4sobov, ako posilni\u0165 imunitu, je viacero, ale ani jeden z\u00a0nich nie je tak podmaniv\u00fd ako Care Shot IMMUNO. Pr\u00e9miov\u00fd funk\u010dn\u00fd drink ti d\u00e1va mo\u017enos\u0165 ponori\u0165 sa do lahodnej chuti ovocn\u00e9ho pyr\u00e9, ktor\u00e9 harmonicky spolupracuje so siedmimi vedecky overen\u00fdmi zlo\u017ekami na podporu celkov\u00e9ho zdravia a\u00a0imunity.<\/p><p>Postbiotikum IMMUSE\u00ae, ovsen\u00e1 vl\u00e1knina betagluk\u00e1n, MCT olej, vitam\u00edn D3, K2, zinok a\u00a0sel\u00e9n s\u00fa du\u0161ou Care Shot IMMUNO, zatia\u013e \u010do jeho srdce tvor\u00ed luxusn\u00e1 zamatov\u00e1 konzistencia a delik\u00e1tna ovocn\u00e1 chu\u0165. Cesta k\u00a0silnej\u0161ej obranyschopnosti nemus\u00ed pozost\u00e1va\u0165 z mno\u017estva tabletiek. Naopak, m\u00f4\u017ee by\u0165 lemovan\u00e1 pr\u00edjemn\u00fdmi chv\u00ed\u013eami, kedy sa venuje\u0161 iba sebe a vychutn\u00e1\u0161 si n\u00e1\u0161 pr\u00e9miov\u00fd drink. Care Shot IMMUNO m\u00f4\u017ee\u0161 ok\u00fasi\u0165 v\u00a0pr\u00edchuti Malina &amp; Ostru\u017eina &amp; Jazm\u00edn alebo Mango &amp; Mandar\u00ednka &amp; Z\u00e1zvor.<\/p>\t\t\t\t\t\t<\/div>\n\t\t\t\t<\/div>\n\t\t\t\t<div class=\"elementor-element elementor-element-cdac95c elementor-align-justify elementor-widget__width-initial elementor-invisible elementor-widget elementor-widget-button\" data-id=\"cdac95c\" data-element_type=\"widget\" data-settings=\"{&quot;_animation&quot;:&quot;fadeIn&quot;,&quot;_animation_delay&quot;:350}\" data-widget_type=\"button.default\">\n\t\t\t\t<div class=\"elementor-widget-container\">\n\t\t\t\t\t<div class=\"elementor-button-wrapper\">\n\t\t\t<a class=\"elementor-button elementor-size-sm\" role=\"button\">\n\t\t\t\t\t\t<span class=\"elementor-button-content-wrapper\">\n\t\t\t\t\t\t<span class=\"elementor-button-icon\">\n\t\t\t\t<i aria-hidden=\"true\" class=\"fas fa-long-arrow-alt-right\"><\/i>\t\t\t<\/span>\n\t\t\t\t\t\t\t\t\t<span class=\"elementor-button-text\">u\u017e \u010doskoro<\/span>\n\t\t\t\t\t<\/span>\n\t\t\t\t\t<\/a>\n\t\t<\/div>\n\t\t\t\t<\/div>\n\t\t\t\t<\/div>\n\t\t\t\t<\/div>\n\t\t\t\t\t<\/div>\n\t\t\t\t<\/div>\n\t\t<div class=\"elementor-element elementor-element-aeb802e e-flex e-con-boxed e-con e-parent\" data-id=\"aeb802e\" data-element_type=\"container\">\n\t\t\t\t\t<div class=\"e-con-inner\">\n\t\t<div class=\"elementor-element elementor-element-ec50107 e-con-full e-flex e-con e-parent\" data-id=\"ec50107\" data-element_type=\"container\" data-settings=\"{&quot;background_background&quot;:&quot;classic&quot;}\">\n\t\t\t\t<div class=\"elementor-element elementor-element-eb76c11 elementor-invisible elementor-widget elementor-widget-heading\" data-id=\"eb76c11\" data-element_type=\"widget\" data-settings=\"{&quot;_animation&quot;:&quot;fadeInUp&quot;}\" data-widget_type=\"heading.default\">\n\t\t\t\t<div class=\"elementor-widget-container\">\n\t\t\t<h3 class=\"elementor-heading-title elementor-size-default\"><a href=\"https:\/\/carelabdivas.com\/sk\/produkty\/wellness-soda-visna-a-ruza\/\">Care Bar Immunity<\/a><\/h3>\t\t<\/div>\n\t\t\t\t<\/div>\n\t\t\t\t<div class=\"elementor-element elementor-element-a5d3af4 elementor-invisible elementor-widget elementor-widget-text-editor\" data-id=\"a5d3af4\" data-element_type=\"widget\" data-settings=\"{&quot;_animation&quot;:&quot;fadeIn&quot;,&quot;_animation_delay&quot;:200}\" data-widget_type=\"text-editor.default\">\n\t\t\t\t<div class=\"elementor-widget-container\">\n\t\t\t\t\t\t\t<p>Zdrav\u00e9 tr\u00e1venie a&nbsp;siln\u00e1 obranyschopnos\u0165 organizmu s\u00fa dva piliere zdrav\u00e9ho a&nbsp;\u0161\u0165astn\u00e9ho \u017eivota. Ak jedno z&nbsp;nich nefunguje tak, ako by malo, zvy\u010dajne pokrivk\u00e1vaj\u00fa aj \u010fal\u0161ie oblasti. Posilni imunitu delik\u00e1tnou poch\u00fa\u0165kou, ktor\u00e1 je navy\u0161e aj br\u00e1nou k&nbsp;vyv\u00e1\u017een\u00e9mu mikrobi\u00f3mu. V\u010faka unik\u00e1tnej recept\u00fare s&nbsp;obsahom probiot\u00edk, zinku, sel\u00e9nu, vitam\u00ednu D2 a&nbsp;inovat\u00edvneho postbiotika IMMUSE\u00ae je Care Bar IMMUNITY na poli funk\u010dn\u00fdch ty\u010diniek nev\u00eddan\u00fdm javom.<\/p>\n<p>Pr\u00edjemn\u00e9 spojenie marhu\u013eov\u00e9ho d\u017eemu, bazov\u00e9ho kvetu, \u010dokol\u00e1dy a&nbsp;chrumkav\u00fdch mandl\u00ed bude pre tvoje tr\u00e1venie nie\u010d\u00edm podobn\u00fdm, ako je pre tvoju du\u0161u upokojuj\u00face objatie bl\u00edzkeho \u010dloveka. Denn\u00e1 rutina starostlivosti o&nbsp;seba sam\u00e9ho by mala by\u0165 momentom, na ktor\u00fd sa te\u0161\u00ed\u0161, a&nbsp;ktor\u00fd si vychutn\u00e1\u0161. Sk\u00fas to s Care Bar IMMUNITY a&nbsp;uvid\u00ed\u0161, \u017ee aj rutiny je mo\u017en\u00e9 milova\u0165.<\/p>\t\t\t\t\t\t<\/div>\n\t\t\t\t<\/div>\n\t\t\t\t<div class=\"elementor-element elementor-element-e15e082 elementor-align-justify elementor-widget__width-initial elementor-invisible elementor-widget elementor-widget-button\" data-id=\"e15e082\" data-element_type=\"widget\" data-settings=\"{&quot;_animation&quot;:&quot;fadeIn&quot;,&quot;_animation_delay&quot;:350}\" data-widget_type=\"button.default\">\n\t\t\t\t<div class=\"elementor-widget-container\">\n\t\t\t\t\t<div class=\"elementor-button-wrapper\">\n\t\t\t<a class=\"elementor-button elementor-size-sm\" role=\"button\">\n\t\t\t\t\t\t<span class=\"elementor-button-content-wrapper\">\n\t\t\t\t\t\t<span class=\"elementor-button-icon\">\n\t\t\t\t<i aria-hidden=\"true\" class=\"fas fa-long-arrow-alt-right\"><\/i>\t\t\t<\/span>\n\t\t\t\t\t\t\t\t\t<span class=\"elementor-button-text\">u\u017e \u010doskoro<\/span>\n\t\t\t\t\t<\/span>\n\t\t\t\t\t<\/a>\n\t\t<\/div>\n\t\t\t\t<\/div>\n\t\t\t\t<\/div>\n\t\t\t\t<\/div>\n\t\t<div class=\"elementor-element elementor-element-5ac0cd5 e-con-full e-flex e-con e-parent\" data-id=\"5ac0cd5\" data-element_type=\"container\">\n\t\t\t\t<div class=\"elementor-element elementor-element-8fee38f elementor-invisible elementor-widget elementor-widget-image\" data-id=\"8fee38f\" data-element_type=\"widget\" data-settings=\"{&quot;_animation&quot;:&quot;fadeInRight&quot;}\" data-widget_type=\"image.default\">\n\t\t\t\t<div class=\"elementor-widget-container\">\n\t\t\t\t\t\t\t\t\t\t\t\t\t<img decoding=\"async\" src=\"https:\/\/carelabdivas.com\/sk\/wp-content\/uploads\/elementor\/thumbs\/care-bar-immunity-1-qe53x5nkr5dwtaboa5zy2kem23mlbodn9blqh0x3gs.png\" title=\"care bar immunity\" alt=\"care bar immunity\" loading=\"lazy\" \/>\t\t\t\t\t\t\t\t\t\t\t\t\t<\/div>\n\t\t\t\t<\/div>\n\t\t\t\t<\/div>\n\t\t\t\t\t<\/div>\n\t\t\t\t<\/div>\n\t\t<div class=\"elementor-element elementor-element-3341abc e-flex e-con-boxed e-con e-parent\" data-id=\"3341abc\" data-element_type=\"container\">\n\t\t\t\t\t<div class=\"e-con-inner\">\n\t\t\t\t<div class=\"elementor-element elementor-element-e92bf15 elementor-invisible elementor-widget elementor-widget-heading\" data-id=\"e92bf15\" data-element_type=\"widget\" data-settings=\"{&quot;_animation&quot;:&quot;fadeInUp&quot;,&quot;motion_fx_motion_fx_scrolling&quot;:&quot;yes&quot;,&quot;motion_fx_translateY_effect&quot;:&quot;yes&quot;,&quot;motion_fx_translateY_speed&quot;:{&quot;unit&quot;:&quot;px&quot;,&quot;size&quot;:1,&quot;sizes&quot;:[]},&quot;motion_fx_translateY_affectedRange&quot;:{&quot;unit&quot;:&quot;%&quot;,&quot;size&quot;:&quot;&quot;,&quot;sizes&quot;:{&quot;start&quot;:0,&quot;end&quot;:100}},&quot;motion_fx_devices&quot;:[&quot;desktop&quot;,&quot;tablet&quot;,&quot;mobile&quot;]}\" data-widget_type=\"heading.default\">\n\t\t\t\t<div class=\"elementor-widget-container\">\n\t\t\t<h2 class=\"elementor-heading-title elementor-size-default\">Objav \u010fal\u0161ie produkty<\/h2>\t\t<\/div>\n\t\t\t\t<\/div>\n\t\t<div class=\"elementor-element elementor-element-5e29458 e-flex e-con-boxed e-con e-parent\" data-id=\"5e29458\" data-element_type=\"container\">\n\t\t\t\t\t<div class=\"e-con-inner\">\n\t\t<div class=\"elementor-element elementor-element-636457a e-flex e-con-boxed e-con e-parent\" data-id=\"636457a\" data-element_type=\"container\">\n\t\t\t\t\t<div class=\"e-con-inner\">\n\t\t\t\t<div class=\"elementor-element elementor-element-f961358 elementor-widget-mobile__width-inherit elementor-invisible elementor-widget elementor-widget-image\" data-id=\"f961358\" data-element_type=\"widget\" data-settings=\"{&quot;_animation&quot;:&quot;fadeIn&quot;}\" data-widget_type=\"image.default\">\n\t\t\t\t<div class=\"elementor-widget-container\">\n\t\t\t\t\t\t\t\t\t\t\t\t\t<img decoding=\"async\" src=\"https:\/\/carelabdivas.com\/sk\/wp-content\/uploads\/elementor\/thumbs\/care_lab_divas_waters_restore_c-qios0blsukgjnvyn2lvaumwucgb30qh7ajyfj65h6c.webp\" title=\"care lab divas waters restore c\" alt=\"care lab divas waters restore c\" loading=\"lazy\" \/>\t\t\t\t\t\t\t\t\t\t\t\t\t<\/div>\n\t\t\t\t<\/div>\n\t\t\t\t\t<\/div>\n\t\t\t\t<\/div>\n\t\t<div class=\"elementor-element elementor-element-80a6a17 e-flex e-con-boxed e-con e-parent\" data-id=\"80a6a17\" data-element_type=\"container\">\n\t\t\t\t\t<div class=\"e-con-inner\">\n\t\t\t\t<div class=\"elementor-element elementor-element-7ca49df elementor-widget__width-auto animated-slow elementor-invisible elementor-widget elementor-widget-global elementor-global-989598 elementor-widget-button\" data-id=\"7ca49df\" data-element_type=\"widget\" data-settings=\"{&quot;_animation&quot;:&quot;fadeIn&quot;,&quot;_animation_delay&quot;:600,&quot;_animation_tablet&quot;:&quot;none&quot;,&quot;_animation_mobile&quot;:&quot;none&quot;}\" data-widget_type=\"button.default\">\n\t\t\t\t<div class=\"elementor-widget-container\">\n\t\t\t\t\t<div class=\"elementor-button-wrapper\">\n\t\t\t<a class=\"elementor-button elementor-button-link elementor-size-sm\" href=\"\/sk\/produkty\">\n\t\t\t\t\t\t<span class=\"elementor-button-content-wrapper\">\n\t\t\t\t\t\t\t\t\t<span class=\"elementor-button-text\">V\u0161etky produkty<\/span>\n\t\t\t\t\t<\/span>\n\t\t\t\t\t<\/a>\n\t\t<\/div>\n\t\t\t\t<\/div>\n\t\t\t\t<\/div>\n\t\t\t\t<div class=\"elementor-element elementor-element-3c4986c elementor-widget-mobile__width-inherit elementor-invisible elementor-widget elementor-widget-image\" data-id=\"3c4986c\" data-element_type=\"widget\" data-settings=\"{&quot;_animation&quot;:&quot;fadeIn&quot;,&quot;_animation_delay&quot;:200}\" data-widget_type=\"image.default\">\n\t\t\t\t<div class=\"elementor-widget-container\">\n\t\t\t\t\t\t\t\t\t\t\t\t\t\t<a href=\"https:\/\/carelabdivas.com\/sk\/produkty\/care-water-balance\/\">\n\t\t\t\t\t\t\t<img decoding=\"async\" src=\"https:\/\/carelabdivas.com\/sk\/wp-content\/uploads\/elementor\/thumbs\/care_lab_divas_waters_balance_c-qios08saa2cop22qj2nf55mgkaozdn60a5zz3c9np0.webp\" title=\"care lab divas waters balance c\" alt=\"care lab divas waters balance c\" loading=\"lazy\" \/>\t\t\t\t\t\t\t\t<\/a>\n\t\t\t\t\t\t\t\t\t\t\t\t\t<\/div>\n\t\t\t\t<\/div>\n\t\t\t\t\t<\/div>\n\t\t\t\t<\/div>\n\t\t<div class=\"elementor-element elementor-element-6f62188 e-flex e-con-boxed e-con e-parent\" data-id=\"6f62188\" data-element_type=\"container\">\n\t\t\t\t\t<div class=\"e-con-inner\">\n\t\t\t\t<div class=\"elementor-element elementor-element-2c52d2f elementor-widget-mobile__width-inherit elementor-invisible elementor-widget elementor-widget-image\" data-id=\"2c52d2f\" data-element_type=\"widget\" data-settings=\"{&quot;_animation&quot;:&quot;fadeIn&quot;,&quot;_animation_delay&quot;:400}\" data-widget_type=\"image.default\">\n\t\t\t\t<div class=\"elementor-widget-container\">\n\t\t\t\t\t\t\t\t\t\t\t\t\t\t<a href=\"https:\/\/carelabdivas.com\/sk\/produkty\/care-water-brain\/\">\n\t\t\t\t\t\t\t<img decoding=\"async\" src=\"https:\/\/carelabdivas.com\/sk\/wp-content\/uploads\/elementor\/thumbs\/care_lab_divas_waters_brain_c-qios08saa2cop22qj2nf55mgkaozdn60a5zz3c9np0.webp\" title=\"care lab divas waters brain c\" alt=\"care lab divas waters brain c\" loading=\"lazy\" \/>\t\t\t\t\t\t\t\t<\/a>\n\t\t\t\t\t\t\t\t\t\t\t\t\t<\/div>\n\t\t\t\t<\/div>\n\t\t\t\t\t<\/div>\n\t\t\t\t<\/div>\n\t\t\t\t\t<\/div>\n\t\t\t\t<\/div>\n\t\t\t\t\t<\/div>\n\t\t\t\t<\/div>\n\t\t\t\t<\/div>\n\t\t","protected":false},"excerpt":{"rendered":"<p>Vydaj sa na cestu k svojmu zdrav\u0161iemu ja. Podpor imunitu zdravo a&nbsp;chutne V\u0161etky produkty Care Water Defense Nes\u00fdten\u00fd funk\u010dn\u00fd n\u00e1poj Care Water DEFENSE poskytuje komplexn\u00fa podporu tvojmu imunitn\u00e9mu syst\u00e9mu a celkov\u00e9mu zdraviu. S prebiotickou vl\u00e1kninou, zinkom, sel\u00e9nom, vitam\u00ed\u00adnom D3 a zmesou \u010fal\u0161\u00ed\u00adch 6 z\u00e1kladn\u00fdch vitam\u00ed\u00adnov \u0165a tento nes\u00fdten\u00fd funk\u010dn\u00fd n\u00e1poj \u00fa\u010dinne navedie na cestu za [&hellip;]<\/p>\n","protected":false},"author":1,"featured_media":987973,"parent":0,"menu_order":0,"comment_status":"closed","ping_status":"closed","template":"","meta":{"_acf_changed":false,"_seopress_robots_primary_cat":"","_seopress_titles_title":"Posilni imunitu a obranyschopnos\u0165 %%sep%% %%sitetitle%%","_seopress_titles_desc":"Posilni obranyschopnos\u0165 organizmu a na\u0161tartuj svoju imunitu nielen efekt\u00ed\u00advne, ale aj chutne v\u010faka jedn\u00e9mu nov\u00e9mu zdrav\u00e9mu ritu\u00e1lu. ","_seopress_robots_index":"","footnotes":""},"class_list":["post-988197","page","type-page","status-publish","has-post-thumbnail","hentry"],"acf":[],"_links":{"self":[{"href":"https:\/\/carelabdivas.com\/sk\/wp-json\/wp\/v2\/pages\/988197"}],"collection":[{"href":"https:\/\/carelabdivas.com\/sk\/wp-json\/wp\/v2\/pages"}],"about":[{"href":"https:\/\/carelabdivas.com\/sk\/wp-json\/wp\/v2\/types\/page"}],"author":[{"embeddable":true,"href":"https:\/\/carelabdivas.com\/sk\/wp-json\/wp\/v2\/users\/1"}],"replies":[{"embeddable":true,"href":"https:\/\/carelabdivas.com\/sk\/wp-json\/wp\/v2\/comments?post=988197"}],"version-history":[{"count":0,"href":"https:\/\/carelabdivas.com\/sk\/wp-json\/wp\/v2\/pages\/988197\/revisions"}],"wp:featuredmedia":[{"embeddable":true,"href":"https:\/\/carelabdivas.com\/sk\/wp-json\/wp\/v2\/media\/987973"}],"wp:attachment":[{"href":"https:\/\/carelabdivas.com\/sk\/wp-json\/wp\/v2\/media?parent=988197"}],"curies":[{"name":"wp","href":"https:\/\/api.w.org\/{rel}","templated":true}]}}