{"id":988238,"date":"2023-05-19T13:37:39","date_gmt":"2023-05-19T11:37:39","guid":{"rendered":"https:\/\/carelabdivas.com\/sk\/?page_id=988238"},"modified":"2024-07-11T14:13:13","modified_gmt":"2024-07-11T12:13:13","slug":"energia","status":"publish","type":"page","link":"https:\/\/carelabdivas.com\/sk\/energia\/","title":{"rendered":"Energia"},"content":{"rendered":"\t\t<div data-elementor-type=\"wp-page\" data-elementor-id=\"988238\" class=\"elementor elementor-988238\" data-elementor-post-type=\"page\">\n\t\t\t\t<div class=\"elementor-element elementor-element-c4e3a22 e-flex e-con-boxed e-con e-parent\" data-id=\"c4e3a22\" data-element_type=\"container\">\n\t\t\t\t\t<div class=\"e-con-inner\">\n\t\t<div class=\"elementor-element elementor-element-efe57e6 e-flex e-con-boxed e-con e-child\" data-id=\"efe57e6\" data-element_type=\"container\" data-settings=\"{&quot;background_background&quot;:&quot;classic&quot;}\">\n\t\t\t\t\t<div class=\"e-con-inner\">\n\t\t<div class=\"elementor-element elementor-element-d71401f e-con-full e-flex e-con e-child\" data-id=\"d71401f\" data-element_type=\"container\" data-settings=\"{&quot;motion_fx_motion_fx_scrolling&quot;:&quot;yes&quot;,&quot;motion_fx_translateY_effect&quot;:&quot;yes&quot;,&quot;motion_fx_translateY_speed&quot;:{&quot;unit&quot;:&quot;px&quot;,&quot;size&quot;:2,&quot;sizes&quot;:[]},&quot;motion_fx_translateY_affectedRange&quot;:{&quot;unit&quot;:&quot;%&quot;,&quot;size&quot;:&quot;&quot;,&quot;sizes&quot;:{&quot;start&quot;:0,&quot;end&quot;:100}},&quot;motion_fx_devices&quot;:[&quot;desktop&quot;,&quot;tablet&quot;,&quot;mobile&quot;]}\">\n\t\t\t\t<div class=\"elementor-element elementor-element-f0c1759 animated-fast elementor-invisible elementor-widget elementor-widget-heading\" data-id=\"f0c1759\" data-element_type=\"widget\" data-settings=\"{&quot;_animation&quot;:&quot;fadeInDown&quot;,&quot;_animation_delay&quot;:100}\" data-widget_type=\"heading.default\">\n\t\t\t\t<div class=\"elementor-widget-container\">\n\t\t\t<h1 class=\"elementor-heading-title elementor-size-default\">\u017di naplno a&nbsp;s&nbsp;energiou. <\/h1>\t\t<\/div>\n\t\t\t\t<\/div>\n\t\t\t\t<div class=\"elementor-element elementor-element-59a438f animated-fast elementor-invisible elementor-widget elementor-widget-heading\" data-id=\"59a438f\" data-element_type=\"widget\" data-settings=\"{&quot;_animation&quot;:&quot;fadeIn&quot;,&quot;_animation_delay&quot;:1100}\" data-widget_type=\"heading.default\">\n\t\t\t\t<div class=\"elementor-widget-container\">\n\t\t\t<h1 class=\"elementor-heading-title elementor-size-default\">Rozl\u00fa\u010d sa s&nbsp;chronickou <\/h1>\t\t<\/div>\n\t\t\t\t<\/div>\n\t\t\t\t<div class=\"elementor-element elementor-element-4d2de5c animated-fast elementor-invisible elementor-widget elementor-widget-heading\" data-id=\"4d2de5c\" data-element_type=\"widget\" data-settings=\"{&quot;_animation&quot;:&quot;fadeInUp&quot;,&quot;_animation_delay&quot;:600}\" data-widget_type=\"heading.default\">\n\t\t\t\t<div class=\"elementor-widget-container\">\n\t\t\t<h1 class=\"elementor-heading-title elementor-size-default\">\u00fanavou a vy\u010derpan\u00edm<\/h1>\t\t<\/div>\n\t\t\t\t<\/div>\n\t\t\t\t<div class=\"elementor-element elementor-element-22f1d06 elementor-align-justify elementor-widget__width-initial elementor-mobile-align-left elementor-widget-mobile__width-initial elementor-widget-tablet__width-initial elementor-invisible elementor-widget elementor-widget-global elementor-global-988046 elementor-widget-button\" data-id=\"22f1d06\" data-element_type=\"widget\" data-settings=\"{&quot;_animation&quot;:&quot;fadeIn&quot;,&quot;_animation_delay&quot;:350}\" data-widget_type=\"button.default\">\n\t\t\t\t<div class=\"elementor-widget-container\">\n\t\t\t\t\t<div class=\"elementor-button-wrapper\">\n\t\t\t<a class=\"elementor-button elementor-button-link elementor-size-sm\" href=\"\/sk\/produkty\">\n\t\t\t\t\t\t<span class=\"elementor-button-content-wrapper\">\n\t\t\t\t\t\t\t\t\t<span class=\"elementor-button-text\">V\u0161etky produkty<\/span>\n\t\t\t\t\t<\/span>\n\t\t\t\t\t<\/a>\n\t\t<\/div>\n\t\t\t\t<\/div>\n\t\t\t\t<\/div>\n\t\t\t\t<\/div>\n\t\t<div class=\"elementor-element elementor-element-940393f e-flex e-con-boxed e-con e-child\" data-id=\"940393f\" data-element_type=\"container\">\n\t\t\t\t\t<div class=\"e-con-inner\">\n\t\t\t\t<div class=\"elementor-element elementor-element-5f7d4dd elementor-hidden-mobile elementor-invisible elementor-widget elementor-widget-image\" data-id=\"5f7d4dd\" data-element_type=\"widget\" data-settings=\"{&quot;_animation&quot;:&quot;fadeIn&quot;,&quot;_animation_delay&quot;:1000}\" data-widget_type=\"image.default\">\n\t\t\t\t<div class=\"elementor-widget-container\">\n\t\t\t\t\t\t\t\t\t\t\t\t\t<img loading=\"lazy\" decoding=\"async\" width=\"1080\" height=\"1081\" src=\"https:\/\/carelabdivas.com\/sk\/wp-content\/uploads\/2023\/05\/divas-logo-pecat-text-rgb-1200px@300ppi.webp\" class=\"attachment-large size-large wp-image-987742\" alt=\"divas logo pecat text rgb 1200px@300ppi\" srcset=\"https:\/\/carelabdivas.com\/sk\/wp-content\/uploads\/2023\/05\/divas-logo-pecat-text-rgb-1200px@300ppi.webp 1080w, https:\/\/carelabdivas.com\/sk\/wp-content\/uploads\/2023\/05\/divas-logo-pecat-text-rgb-1200px@300ppi-300x300.webp 300w, https:\/\/carelabdivas.com\/sk\/wp-content\/uploads\/2023\/05\/divas-logo-pecat-text-rgb-1200px@300ppi-100x100.webp 100w, https:\/\/carelabdivas.com\/sk\/wp-content\/uploads\/2023\/05\/divas-logo-pecat-text-rgb-1200px@300ppi-600x601.webp 600w, https:\/\/carelabdivas.com\/sk\/wp-content\/uploads\/2023\/05\/divas-logo-pecat-text-rgb-1200px@300ppi-768x769.webp 768w, https:\/\/carelabdivas.com\/sk\/wp-content\/uploads\/2023\/05\/divas-logo-pecat-text-rgb-1200px@300ppi-630x630.webp 630w\" sizes=\"(max-width: 1080px) 100vw, 1080px\" \/>\t\t\t\t\t\t\t\t\t\t\t\t\t<\/div>\n\t\t\t\t<\/div>\n\t\t\t\t<div class=\"elementor-element elementor-element-04a2359 elementor-invisible elementor-widget elementor-widget-image\" data-id=\"04a2359\" data-element_type=\"widget\" data-settings=\"{&quot;_animation&quot;:&quot;fadeInRight&quot;,&quot;_animation_delay&quot;:200}\" data-widget_type=\"image.default\">\n\t\t\t\t<div class=\"elementor-widget-container\">\n\t\t\t\t\t\t\t\t\t\t\t\t\t<img decoding=\"async\" src=\"https:\/\/carelabdivas.com\/sk\/wp-content\/uploads\/elementor\/thumbs\/care_lab_divas_energia-qios050wavdon4pqvxglfc586svdodlek529yfmkqw.webp\" title=\"care lab divas energia\" alt=\"care lab divas energia\" loading=\"lazy\" \/>\t\t\t\t\t\t\t\t\t\t\t\t\t<\/div>\n\t\t\t\t<\/div>\n\t\t\t\t\t<\/div>\n\t\t\t\t<\/div>\n\t\t\t\t\t<\/div>\n\t\t\t\t<\/div>\n\t\t\t\t\t<\/div>\n\t\t\t\t<\/div>\n\t\t<div class=\"elementor-element elementor-element-d542862 elementor-hidden-desktop elementor-hidden-tablet elementor-hidden-mobile e-flex e-con-boxed e-con e-parent\" data-id=\"d542862\" data-element_type=\"container\">\n\t\t\t\t\t<div class=\"e-con-inner\">\n\t\t<div class=\"elementor-element elementor-element-421dcec e-con-full e-flex e-con e-child\" data-id=\"421dcec\" data-element_type=\"container\" data-settings=\"{&quot;background_background&quot;:&quot;classic&quot;}\">\n\t\t\t\t<div class=\"elementor-element elementor-element-ed3906f elementor-invisible elementor-widget elementor-widget-heading\" data-id=\"ed3906f\" data-element_type=\"widget\" data-settings=\"{&quot;_animation&quot;:&quot;fadeInUp&quot;}\" data-widget_type=\"heading.default\">\n\t\t\t\t<div class=\"elementor-widget-container\">\n\t\t\t<h3 class=\"elementor-heading-title elementor-size-default\">Care Water Recharge<\/h3>\t\t<\/div>\n\t\t\t\t<\/div>\n\t\t\t\t<div class=\"elementor-element elementor-element-fae0daa elementor-invisible elementor-widget elementor-widget-text-editor\" data-id=\"fae0daa\" data-element_type=\"widget\" data-settings=\"{&quot;_animation&quot;:&quot;fadeIn&quot;,&quot;_animation_delay&quot;:200}\" data-widget_type=\"text-editor.default\">\n\t\t\t\t<div class=\"elementor-widget-container\">\n\t\t\t\t\t\t\t<p>Jedine\u010dn\u00e1 zmes kofe\u00ednu, koenz\u00fdmu Q10, riboflav\u00ednu a vitam\u00ednov rob\u00ed z nes\u00fdten\u00e9ho drinku Care Water RECHARGE n\u00e1poj, ktor\u00fd ti dod\u00e1 energiu, kedyko\u013evek to potrebuje\u0161.<\/p><p>Ak \u0165a tr\u00e1pi dlhodob\u00e9 vy\u010derpanie, chronick\u00e1 \u00fanava alebo slabos\u0165, Care Water RECHARGE s ovocnou pr\u00edchu\u0165ou mandar\u00ednky a guavy \u0165a v\u010faka svojim klinicky overen\u00fdm ingredienci\u00e1m znova nabije straten\u00fdm el\u00e1nom.<\/p>\t\t\t\t\t\t<\/div>\n\t\t\t\t<\/div>\n\t\t\t\t<div class=\"elementor-element elementor-element-1c3f23b elementor-add-to-cart--layout-stacked elementor-invisible elementor-widget elementor-widget-wc-add-to-cart\" data-id=\"1c3f23b\" data-element_type=\"widget\" data-settings=\"{&quot;_animation&quot;:&quot;fadeInUp&quot;}\" data-widget_type=\"wc-add-to-cart.default\">\n\t\t\t\t<div class=\"elementor-widget-container\">\n\t\t\t\t\t<div class=\"elementor-button-wrapper\">\n\t\t\t<a class=\"elementor-button elementor-size-sm\" role=\"button\">\n\t\t\t\t\t\t<span class=\"elementor-button-content-wrapper\">\n\t\t\t\t\t\t<span class=\"elementor-button-icon\">\n\t\t\t\t<i aria-hidden=\"true\" class=\"fas fa-long-arrow-alt-right\"><\/i>\t\t\t<\/span>\n\t\t\t\t\t\t\t\t\t<span class=\"elementor-button-text\">Prida\u0165 do ko\u0161\u00edka<\/span>\n\t\t\t\t\t<\/span>\n\t\t\t\t\t<\/a>\n\t\t<\/div>\n\t\t\t\t<\/div>\n\t\t\t\t<\/div>\n\t\t\t\t<\/div>\n\t\t<div class=\"elementor-element elementor-element-6a87f60 e-con-full e-flex e-con e-child\" data-id=\"6a87f60\" data-element_type=\"container\">\n\t\t\t\t<div class=\"elementor-element elementor-element-115d43d elementor-invisible elementor-widget elementor-widget-image\" data-id=\"115d43d\" data-element_type=\"widget\" data-settings=\"{&quot;_animation&quot;:&quot;fadeInRight&quot;}\" data-widget_type=\"image.default\">\n\t\t\t\t<div class=\"elementor-widget-container\">\n\t\t\t\t\t\t\t\t\t\t\t\t\t\t<a href=\"\/sk\/produkty\/care-water-recharge\/\">\n\t\t\t\t\t\t\t<img decoding=\"async\" src=\"https:\/\/carelabdivas.com\/sk\/wp-content\/uploads\/elementor\/thumbs\/care_lab_divas_waters_recharche_c-qios0any1t0raz8zulouyjt71h3su7s0ps9fyport8.webp\" title=\"care lab divas waters recharche c\" alt=\"care lab divas waters recharche c\" loading=\"lazy\" \/>\t\t\t\t\t\t\t\t<\/a>\n\t\t\t\t\t\t\t\t\t\t\t\t\t<\/div>\n\t\t\t\t<\/div>\n\t\t\t\t<\/div>\n\t\t\t\t\t<\/div>\n\t\t\t\t<\/div>\n\t\t<div class=\"elementor-element elementor-element-17280f2 e-flex e-con-boxed e-con e-parent\" data-id=\"17280f2\" data-element_type=\"container\">\n\t\t\t\t\t<div class=\"e-con-inner\">\n\t\t<div class=\"elementor-element elementor-element-88475a6 e-con-full e-flex e-con e-child\" data-id=\"88475a6\" data-element_type=\"container\">\n\t\t\t\t<div class=\"elementor-element elementor-element-4b207fa elementor-invisible elementor-widget elementor-widget-image\" data-id=\"4b207fa\" data-element_type=\"widget\" data-settings=\"{&quot;_animation&quot;:&quot;fadeInLeft&quot;}\" data-widget_type=\"image.default\">\n\t\t\t\t<div class=\"elementor-widget-container\">\n\t\t\t\t\t\t\t\t\t\t\t\t\t\t<a href=\"\/sk\/produkty\/care-water-balance\/\">\n\t\t\t\t\t\t\t<img decoding=\"async\" src=\"https:\/\/carelabdivas.com\/sk\/wp-content\/uploads\/elementor\/thumbs\/care_lab_divas_waters_balance_c-qios08s9o4y6nrbq5kvltka9upd2etkk1iyh05rk5o.webp\" title=\"care lab divas waters balance c\" alt=\"care lab divas waters balance c\" loading=\"lazy\" \/>\t\t\t\t\t\t\t\t<\/a>\n\t\t\t\t\t\t\t\t\t\t\t\t\t<\/div>\n\t\t\t\t<\/div>\n\t\t\t\t<\/div>\n\t\t<div class=\"elementor-element elementor-element-ac0266d e-con-full e-flex e-con e-child\" data-id=\"ac0266d\" data-element_type=\"container\" data-settings=\"{&quot;background_background&quot;:&quot;classic&quot;}\">\n\t\t\t\t<div class=\"elementor-element elementor-element-63b8170 elementor-invisible elementor-widget elementor-widget-heading\" data-id=\"63b8170\" data-element_type=\"widget\" data-settings=\"{&quot;_animation&quot;:&quot;fadeInUp&quot;}\" data-widget_type=\"heading.default\">\n\t\t\t\t<div class=\"elementor-widget-container\">\n\t\t\t<h3 class=\"elementor-heading-title elementor-size-default\">Care Water Balance<\/h3>\t\t<\/div>\n\t\t\t\t<\/div>\n\t\t\t\t<div class=\"elementor-element elementor-element-977d6b1 elementor-invisible elementor-widget elementor-widget-text-editor\" data-id=\"977d6b1\" data-element_type=\"widget\" data-settings=\"{&quot;_animation&quot;:&quot;fadeIn&quot;,&quot;_animation_delay&quot;:200}\" data-widget_type=\"text-editor.default\">\n\t\t\t\t<div class=\"elementor-widget-container\">\n\t\t\t\t\t\t\t<p>Podmaniv\u00fd nes\u00fdten\u00fd funk\u010dn\u00fd n\u00e1poj Care Water BALANCE dokonale vyv\u00e1\u017ei tvoje ru\u0161n\u00e9 a stresuj\u00face dni. Morsk\u00e9 magn\u00e9zium, \u017eelezo, vitam\u00edn E a zmes \u010fal\u0161\u00edch \u0161iestich vitam\u00ednov ti pom\u00f4\u017eu bojova\u0165 proti stresu, obnovi\u0165 vn\u00fatorn\u00fa rovnov\u00e1hu, zato\u010di\u0165 s nadmernou \u00fanavou a z\u00e1rove\u0148 prirodzene podporia tvoj nervov\u00fd syst\u00e9m.<\/p><p>V\u010faka klinicky overen\u00fdm zlo\u017ek\u00e1m je Care Water BALANCE skvel\u00fdm spolo\u010dn\u00edkom na pokojn\u00fa relax\u00e1ciu po n\u00e1ro\u010dnom dni.<\/p>\t\t\t\t\t\t<\/div>\n\t\t\t\t<\/div>\n\t\t\t\t<div class=\"elementor-element elementor-element-a5cbf23 elementor-add-to-cart--layout-auto elementor-invisible elementor-widget elementor-widget-wc-add-to-cart\" data-id=\"a5cbf23\" data-element_type=\"widget\" data-settings=\"{&quot;_animation&quot;:&quot;fadeInUp&quot;}\" data-widget_type=\"wc-add-to-cart.default\">\n\t\t\t\t<div class=\"elementor-widget-container\">\n\t\t\t\t\t<div class=\"elementor-button-wrapper\">\n\t\t\t<a rel=\"nofollow\" href=\"?add-to-cart=987745\" data-quantity=\"1\" data-product_id=\"987745\" class=\"product_type_simple add_to_cart_button ajax_add_to_cart elementor-button elementor-size-sm\" role=\"button\">\n\t\t\t\t\t\t<span class=\"elementor-button-content-wrapper\">\n\t\t\t\t\t\t<span class=\"elementor-button-icon\">\n\t\t\t\t<i aria-hidden=\"true\" class=\"fas fa-long-arrow-alt-right\"><\/i>\t\t\t<\/span>\n\t\t\t\t\t\t\t\t\t<span class=\"elementor-button-text\">Prida\u0165 do ko\u0161\u00edka<\/span>\n\t\t\t\t\t<\/span>\n\t\t\t\t\t<\/a>\n\t\t<\/div>\n\t\t\t\t<\/div>\n\t\t\t\t<\/div>\n\t\t\t\t<\/div>\n\t\t\t\t\t<\/div>\n\t\t\t\t<\/div>\n\t\t<div class=\"elementor-element elementor-element-e8a399f e-flex e-con-boxed e-con e-parent\" data-id=\"e8a399f\" data-element_type=\"container\">\n\t\t\t\t\t<div class=\"e-con-inner\">\n\t\t\t\t<div class=\"elementor-element elementor-element-598456e elementor-invisible elementor-widget elementor-widget-heading\" data-id=\"598456e\" data-element_type=\"widget\" data-settings=\"{&quot;_animation&quot;:&quot;fadeInUp&quot;,&quot;motion_fx_motion_fx_scrolling&quot;:&quot;yes&quot;,&quot;motion_fx_translateY_effect&quot;:&quot;yes&quot;,&quot;motion_fx_translateY_speed&quot;:{&quot;unit&quot;:&quot;px&quot;,&quot;size&quot;:1,&quot;sizes&quot;:[]},&quot;motion_fx_translateY_affectedRange&quot;:{&quot;unit&quot;:&quot;%&quot;,&quot;size&quot;:&quot;&quot;,&quot;sizes&quot;:{&quot;start&quot;:0,&quot;end&quot;:100}},&quot;motion_fx_devices&quot;:[&quot;desktop&quot;,&quot;tablet&quot;,&quot;mobile&quot;]}\" data-widget_type=\"heading.default\">\n\t\t\t\t<div class=\"elementor-widget-container\">\n\t\t\t<h2 class=\"elementor-heading-title elementor-size-default\">Objav \u010fal\u0161ie produkty<\/h2>\t\t<\/div>\n\t\t\t\t<\/div>\n\t\t<div class=\"elementor-element elementor-element-d58fe0c e-flex e-con-boxed e-con e-child\" data-id=\"d58fe0c\" data-element_type=\"container\">\n\t\t\t\t\t<div class=\"e-con-inner\">\n\t\t<div class=\"elementor-element elementor-element-c7f9769 e-flex e-con-boxed e-con e-child\" data-id=\"c7f9769\" data-element_type=\"container\">\n\t\t\t\t\t<div class=\"e-con-inner\">\n\t\t\t\t<div class=\"elementor-element elementor-element-bfa4555 elementor-widget-mobile__width-inherit elementor-invisible elementor-widget elementor-widget-image\" data-id=\"bfa4555\" data-element_type=\"widget\" data-settings=\"{&quot;_animation&quot;:&quot;fadeIn&quot;}\" data-widget_type=\"image.default\">\n\t\t\t\t<div class=\"elementor-widget-container\">\n\t\t\t\t\t\t\t\t\t\t\t\t\t\t<a href=\"\/sk\/produkty\/care-water-defense\/\">\n\t\t\t\t\t\t\t<img decoding=\"async\" src=\"https:\/\/carelabdivas.com\/sk\/wp-content\/uploads\/elementor\/thumbs\/care_lab_divas_waters_waters_defense-qios0dhh88j4b3vwrmojzmfrj81tg4onyt9ehq2otw.webp\" title=\"care lab divas waters waters defense\" alt=\"care lab divas waters waters defense\" loading=\"lazy\" \/>\t\t\t\t\t\t\t\t<\/a>\n\t\t\t\t\t\t\t\t\t\t\t\t\t<\/div>\n\t\t\t\t<\/div>\n\t\t\t\t\t<\/div>\n\t\t\t\t<\/div>\n\t\t<div class=\"elementor-element elementor-element-2fc7aaa e-flex e-con-boxed e-con e-child\" data-id=\"2fc7aaa\" data-element_type=\"container\">\n\t\t\t\t\t<div class=\"e-con-inner\">\n\t\t\t\t<div class=\"elementor-element elementor-element-879100c elementor-widget__width-auto animated-slow elementor-invisible elementor-widget elementor-widget-global elementor-global-989598 elementor-widget-button\" data-id=\"879100c\" data-element_type=\"widget\" data-settings=\"{&quot;_animation&quot;:&quot;fadeIn&quot;,&quot;_animation_delay&quot;:600,&quot;_animation_tablet&quot;:&quot;none&quot;,&quot;_animation_mobile&quot;:&quot;none&quot;}\" data-widget_type=\"button.default\">\n\t\t\t\t<div class=\"elementor-widget-container\">\n\t\t\t\t\t<div class=\"elementor-button-wrapper\">\n\t\t\t<a class=\"elementor-button elementor-button-link elementor-size-sm\" href=\"\/sk\/produkty\">\n\t\t\t\t\t\t<span class=\"elementor-button-content-wrapper\">\n\t\t\t\t\t\t\t\t\t<span class=\"elementor-button-text\">V\u0161etky produkty<\/span>\n\t\t\t\t\t<\/span>\n\t\t\t\t\t<\/a>\n\t\t<\/div>\n\t\t\t\t<\/div>\n\t\t\t\t<\/div>\n\t\t\t\t<div class=\"elementor-element elementor-element-5b72b79 elementor-widget-mobile__width-inherit elementor-invisible elementor-widget elementor-widget-image\" data-id=\"5b72b79\" data-element_type=\"widget\" data-settings=\"{&quot;_animation&quot;:&quot;fadeIn&quot;,&quot;_animation_delay&quot;:200}\" data-widget_type=\"image.default\">\n\t\t\t\t<div class=\"elementor-widget-container\">\n\t\t\t\t\t\t\t\t\t\t\t\t\t\t<a href=\"\/sk\/produkty\/care-bubbles-grapefruit-a-ibistek\/\">\n\t\t\t\t\t\t\t<img decoding=\"async\" src=\"https:\/\/carelabdivas.com\/sk\/wp-content\/uploads\/elementor\/thumbs\/care_bubbles_grapefruit_hibiscus_c-1-qios0359524yreaxg07nq71ozzgs3gjm9e327oi0qc.png\" title=\"care bubbles grapefruit a ibi\u0161tek\" alt=\"care bubbles grapefruit a ibi\u0161tek\" loading=\"lazy\" \/>\t\t\t\t\t\t\t\t<\/a>\n\t\t\t\t\t\t\t\t\t\t\t\t\t<\/div>\n\t\t\t\t<\/div>\n\t\t\t\t\t<\/div>\n\t\t\t\t<\/div>\n\t\t<div class=\"elementor-element elementor-element-59eeef7 e-flex e-con-boxed e-con e-child\" data-id=\"59eeef7\" data-element_type=\"container\">\n\t\t\t\t\t<div class=\"e-con-inner\">\n\t\t\t\t<div class=\"elementor-element elementor-element-771556e elementor-widget-mobile__width-inherit elementor-invisible elementor-widget elementor-widget-image\" data-id=\"771556e\" data-element_type=\"widget\" data-settings=\"{&quot;_animation&quot;:&quot;fadeIn&quot;,&quot;_animation_delay&quot;:400}\" data-widget_type=\"image.default\">\n\t\t\t\t<div class=\"elementor-widget-container\">\n\t\t\t\t\t\t\t\t\t\t\t\t\t\t<a href=\"\/sk\/produkty\/care-water-brain\/\">\n\t\t\t\t\t\t\t<img decoding=\"async\" src=\"https:\/\/carelabdivas.com\/sk\/wp-content\/uploads\/elementor\/thumbs\/care_lab_divas_waters_brain_c-qios08saa2cop22qj2nf55mgkaozdn60a5zz3c9np0.webp\" title=\"care lab divas waters brain c\" alt=\"care lab divas waters brain c\" loading=\"lazy\" \/>\t\t\t\t\t\t\t\t<\/a>\n\t\t\t\t\t\t\t\t\t\t\t\t\t<\/div>\n\t\t\t\t<\/div>\n\t\t\t\t\t<\/div>\n\t\t\t\t<\/div>\n\t\t\t\t\t<\/div>\n\t\t\t\t<\/div>\n\t\t\t\t\t<\/div>\n\t\t\t\t<\/div>\n\t\t\t\t<\/div>\n\t\t","protected":false},"excerpt":{"rendered":"<p>\u017di naplno a&nbsp;s&nbsp;energiou. Rozl\u00fa\u010d sa s&nbsp;chronickou \u00fanavou a vy\u010derpan\u00ed\u00adm V\u0161etky produkty Care Water Recharge Jedine\u010dn\u00e1 zmes kofe\u00ed\u00adnu, koenz\u00fdmu Q10, riboflav\u00ed\u00adnu a vitam\u00ed\u00adnov rob\u00ed\u00ad z nes\u00fdten\u00e9ho drinku Care Water RECHARGE n\u00e1poj, ktor\u00fd ti dod\u00e1 energiu, kedyko\u013evek to potrebuje\u0161. Ak \u0165a tr\u00e1pi dlhodob\u00e9 vy\u010derpanie, chronick\u00e1 \u00fanava alebo slabos\u0165, Care Water RECHARGE s ovocnou pr\u00ed\u00adchu\u0165ou mandar\u00ed\u00adnky a guavy [&hellip;]<\/p>\n","protected":false},"author":1,"featured_media":987972,"parent":0,"menu_order":0,"comment_status":"closed","ping_status":"closed","template":"","meta":{"_acf_changed":false,"_seopress_robots_primary_cat":"","_seopress_titles_title":" Dopl\u0148 energiu zdravo a chutne %%sep%% %%sitetitle%%","_seopress_titles_desc":"Zmes kofe\u00ed\u00adnu, koenz\u00fdmu Q10, riboflav\u00ed\u00adnu a vitam\u00ed\u00adnov v Care Water RECHARGE dobije tvoje baterky aj v pr\u00ed\u00adpade dlhodobej \u00fanavy. ","_seopress_robots_index":"","footnotes":""},"class_list":["post-988238","page","type-page","status-publish","has-post-thumbnail","hentry"],"acf":[],"_links":{"self":[{"href":"https:\/\/carelabdivas.com\/sk\/wp-json\/wp\/v2\/pages\/988238"}],"collection":[{"href":"https:\/\/carelabdivas.com\/sk\/wp-json\/wp\/v2\/pages"}],"about":[{"href":"https:\/\/carelabdivas.com\/sk\/wp-json\/wp\/v2\/types\/page"}],"author":[{"embeddable":true,"href":"https:\/\/carelabdivas.com\/sk\/wp-json\/wp\/v2\/users\/1"}],"replies":[{"embeddable":true,"href":"https:\/\/carelabdivas.com\/sk\/wp-json\/wp\/v2\/comments?post=988238"}],"version-history":[{"count":3,"href":"https:\/\/carelabdivas.com\/sk\/wp-json\/wp\/v2\/pages\/988238\/revisions"}],"predecessor-version":[{"id":991623,"href":"https:\/\/carelabdivas.com\/sk\/wp-json\/wp\/v2\/pages\/988238\/revisions\/991623"}],"wp:featuredmedia":[{"embeddable":true,"href":"https:\/\/carelabdivas.com\/sk\/wp-json\/wp\/v2\/media\/987972"}],"wp:attachment":[{"href":"https:\/\/carelabdivas.com\/sk\/wp-json\/wp\/v2\/media?parent=988238"}],"curies":[{"name":"wp","href":"https:\/\/api.w.org\/{rel}","templated":true}]}}