{"id":988659,"date":"2023-05-23T15:21:51","date_gmt":"2023-05-23T13:21:51","guid":{"rendered":"https:\/\/carelabdivas.com\/sk\/?page_id=988659"},"modified":"2025-06-23T08:17:31","modified_gmt":"2025-06-23T06:17:31","slug":"waters","status":"publish","type":"page","link":"https:\/\/carelabdivas.com\/sk\/waters\/","title":{"rendered":"Care Waters"},"content":{"rendered":"\t\t<div data-elementor-type=\"wp-page\" data-elementor-id=\"988659\" class=\"elementor elementor-988659\" data-elementor-post-type=\"page\">\n\t\t\t\t<div class=\"elementor-element elementor-element-8387615 e-con-full e-flex e-con e-parent\" data-id=\"8387615\" data-element_type=\"container\" data-settings=\"{&quot;background_background&quot;:&quot;classic&quot;,&quot;background_motion_fx_motion_fx_scrolling&quot;:&quot;yes&quot;,&quot;background_motion_fx_scale_effect&quot;:&quot;yes&quot;,&quot;background_motion_fx_scale_direction&quot;:&quot;out-in&quot;,&quot;background_motion_fx_scale_speed&quot;:{&quot;unit&quot;:&quot;px&quot;,&quot;size&quot;:4,&quot;sizes&quot;:[]},&quot;background_motion_fx_scale_range&quot;:{&quot;unit&quot;:&quot;%&quot;,&quot;size&quot;:&quot;&quot;,&quot;sizes&quot;:{&quot;start&quot;:20,&quot;end&quot;:80}},&quot;background_motion_fx_devices&quot;:[&quot;desktop&quot;,&quot;tablet&quot;,&quot;mobile&quot;]}\">\n\t\t\t\t<\/div>\n\t\t<div class=\"elementor-element elementor-element-30ef651 e-flex e-con-boxed e-con e-parent\" data-id=\"30ef651\" data-element_type=\"container\">\n\t\t\t\t\t<div class=\"e-con-inner\">\n\t\t<div class=\"elementor-element elementor-element-981b958 e-flex e-con-boxed e-con e-child\" data-id=\"981b958\" data-element_type=\"container\">\n\t\t\t\t\t<div class=\"e-con-inner\">\n\t\t\t\t<div class=\"elementor-element elementor-element-20563d1 elementor-widget__width-initial elementor-widget-mobile__width-initial elementor-invisible elementor-widget elementor-widget-heading\" data-id=\"20563d1\" data-element_type=\"widget\" data-settings=\"{&quot;_animation&quot;:&quot;fadeInUp&quot;}\" data-widget_type=\"heading.default\">\n\t\t\t\t<div class=\"elementor-widget-container\">\n\t\t\t<h2 class=\"elementor-heading-title elementor-size-default\">Pr\u00e9miov\u00e1 n\u00e1pojov\u00e1 starostlivos\u0165 pre tvoje telo a myse\u013e<\/h2>\t\t<\/div>\n\t\t\t\t<\/div>\n\t\t\t\t\t<\/div>\n\t\t\t\t<\/div>\n\t\t<div class=\"elementor-element elementor-element-e60a28b e-flex e-con-boxed e-con e-child\" data-id=\"e60a28b\" data-element_type=\"container\">\n\t\t\t\t\t<div class=\"e-con-inner\">\n\t\t\t\t<div class=\"elementor-element elementor-element-b4dd18e elementor-invisible elementor-widget elementor-widget-text-editor\" data-id=\"b4dd18e\" data-element_type=\"widget\" data-settings=\"{&quot;_animation&quot;:&quot;fadeIn&quot;,&quot;_animation_delay&quot;:200}\" data-widget_type=\"text-editor.default\">\n\t\t\t\t<div class=\"elementor-widget-container\">\n\t\t\t\t\t\t\t<p>Starostlivos\u0165 o teba a tvoje zdravie je u n\u00e1s na prvom mieste. Na\u0161e nes\u00fdten\u00e9 funk\u010dn\u00e9 n\u00e1poje Care Water obsahuj\u00fa klinicky alebo vedecky overen\u00e9 ingrediencie, ktor\u00e9 ti pom\u00f4\u017eu zabojova\u0165 s dlhodobou \u00fanavou, oslabenou imunitou, stresom, alebo podporia fyzick\u00fa obnovu organizmu.<\/p><p>Spoznaj na\u0161e pr\u00e9miov\u00e9 portf\u00f3lio n\u00edzkokalorick\u00fdch n\u00e1pojov, ktor\u00e9 s\u00fa sladen\u00e9 prirodzene a zdravo, iba ovoc\u00edm.<\/p>\t\t\t\t\t\t<\/div>\n\t\t\t\t<\/div>\n\t\t\t\t\t<\/div>\n\t\t\t\t<\/div>\n\t\t\t\t\t<\/div>\n\t\t\t\t<\/div>\n\t\t<div class=\"elementor-element elementor-element-10d2c30 e-flex e-con-boxed e-con e-parent\" data-id=\"10d2c30\" data-element_type=\"container\">\n\t\t\t\t\t<div class=\"e-con-inner\">\n\t\t<div class=\"elementor-element elementor-element-c28e4bf e-con-full e-flex e-con e-child\" data-id=\"c28e4bf\" data-element_type=\"container\" data-settings=\"{&quot;background_background&quot;:&quot;classic&quot;}\">\n\t\t\t\t<div class=\"elementor-element elementor-element-8397d1d elementor-invisible elementor-widget elementor-widget-heading\" data-id=\"8397d1d\" data-element_type=\"widget\" data-settings=\"{&quot;_animation&quot;:&quot;fadeInUp&quot;}\" data-widget_type=\"heading.default\">\n\t\t\t\t<div class=\"elementor-widget-container\">\n\t\t\t<h3 class=\"elementor-heading-title elementor-size-default\"><a href=\"https:\/\/carelabdivas.com\/sk\/produkty\/care-water-balance\/\">Care Water Balance<\/a><\/h3>\t\t<\/div>\n\t\t\t\t<\/div>\n\t\t\t\t<div class=\"elementor-element elementor-element-4756ba0 elementor-invisible elementor-widget elementor-widget-text-editor\" data-id=\"4756ba0\" data-element_type=\"widget\" data-settings=\"{&quot;_animation&quot;:&quot;fadeIn&quot;,&quot;_animation_delay&quot;:200}\" data-widget_type=\"text-editor.default\">\n\t\t\t\t<div class=\"elementor-widget-container\">\n\t\t\t\t\t\t\t<p>Podmaniv\u00fd nes\u00fdten\u00fd funk\u010dn\u00fd n\u00e1poj Care Water BALANCE dokonale vyv\u00e1\u017ei tvoje ru\u0161n\u00e9 a stresuj\u00face dni. Morsk\u00e9 magn\u00e9zium, \u017eelezo, vitam\u00edn E a zmes \u010fal\u0161\u00edch \u0161iestich vitam\u00ednov ti pom\u00f4\u017eu bojova\u0165 proti stresu, obnovi\u0165 vn\u00fatorn\u00fa rovnov\u00e1hu, zato\u010di\u0165 s nadmernou \u00fanavou a z\u00e1rove\u0148 prirodzene podporia tvoj nervov\u00fd syst\u00e9m.<\/p><p>V\u010faka klinicky overen\u00fdm zlo\u017ek\u00e1m je Care Water BALANCE skvel\u00fdm spolo\u010dn\u00edkom na pokojn\u00fa relax\u00e1ciu po n\u00e1ro\u010dnom dni.<\/p>\t\t\t\t\t\t<\/div>\n\t\t\t\t<\/div>\n\t\t\t\t<div class=\"elementor-element elementor-element-be9951a elementor-widget elementor-widget-button\" data-id=\"be9951a\" data-element_type=\"widget\" data-widget_type=\"button.default\">\n\t\t\t\t<div class=\"elementor-widget-container\">\n\t\t\t\t\t<div class=\"elementor-button-wrapper\">\n\t\t\t<a class=\"elementor-button elementor-button-link elementor-size-sm\" href=\"https:\/\/carelabdivas.com\/sk\/produkty\/care-water-balance\/\">\n\t\t\t\t\t\t<span class=\"elementor-button-content-wrapper\">\n\t\t\t\t\t\t\t\t\t<span class=\"elementor-button-text\">Zisti\u0165 viac<\/span>\n\t\t\t\t\t<\/span>\n\t\t\t\t\t<\/a>\n\t\t<\/div>\n\t\t\t\t<\/div>\n\t\t\t\t<\/div>\n\t\t\t\t<\/div>\n\t\t<div class=\"elementor-element elementor-element-960ae0f e-con-full e-flex e-con e-child\" data-id=\"960ae0f\" data-element_type=\"container\">\n\t\t\t\t<div class=\"elementor-element elementor-element-acf1185 elementor-invisible elementor-widget elementor-widget-image\" data-id=\"acf1185\" data-element_type=\"widget\" data-settings=\"{&quot;_animation&quot;:&quot;fadeInRight&quot;}\" data-widget_type=\"image.default\">\n\t\t\t\t<div class=\"elementor-widget-container\">\n\t\t\t\t\t\t\t\t\t\t\t\t\t\t<a href=\"\/sk\/produkty\/care-water-balance\/\">\n\t\t\t\t\t\t\t<img decoding=\"async\" src=\"https:\/\/carelabdivas.com\/sk\/wp-content\/uploads\/elementor\/thumbs\/care_lab_divas_waters_balance_c-qios08s9o4y6nrbq5kvltka9upd2etkk1iyh05rk5o.webp\" title=\"care lab divas waters balance c\" alt=\"care lab divas waters balance c\" loading=\"lazy\" \/>\t\t\t\t\t\t\t\t<\/a>\n\t\t\t\t\t\t\t\t\t\t\t\t\t<\/div>\n\t\t\t\t<\/div>\n\t\t\t\t<\/div>\n\t\t\t\t\t<\/div>\n\t\t\t\t<\/div>\n\t\t<div class=\"elementor-element elementor-element-7c2b599 e-flex e-con-boxed e-con e-parent\" data-id=\"7c2b599\" data-element_type=\"container\">\n\t\t\t\t\t<div class=\"e-con-inner\">\n\t\t<div class=\"elementor-element elementor-element-9ccc76e e-con-full e-flex e-con e-child\" data-id=\"9ccc76e\" data-element_type=\"container\">\n\t\t\t\t<div class=\"elementor-element elementor-element-af564ee elementor-invisible elementor-widget elementor-widget-image\" data-id=\"af564ee\" data-element_type=\"widget\" data-settings=\"{&quot;_animation&quot;:&quot;fadeInLeft&quot;}\" data-widget_type=\"image.default\">\n\t\t\t\t<div class=\"elementor-widget-container\">\n\t\t\t\t\t\t\t\t\t\t\t\t\t\t<a href=\"\/sk\/produkty\/care-water-brain\/\">\n\t\t\t\t\t\t\t<img decoding=\"async\" src=\"https:\/\/carelabdivas.com\/sk\/wp-content\/uploads\/elementor\/thumbs\/care_lab_divas_waters_brain_c-qios08s9o4y6nrbq5kvltka9upd2etkk1iyh05rk5o.webp\" title=\"care lab divas waters brain c\" alt=\"care lab divas waters brain c\" loading=\"lazy\" \/>\t\t\t\t\t\t\t\t<\/a>\n\t\t\t\t\t\t\t\t\t\t\t\t\t<\/div>\n\t\t\t\t<\/div>\n\t\t\t\t<\/div>\n\t\t<div class=\"elementor-element elementor-element-a80145b e-con-full e-flex e-con e-child\" data-id=\"a80145b\" data-element_type=\"container\" data-settings=\"{&quot;background_background&quot;:&quot;classic&quot;}\">\n\t\t\t\t<div class=\"elementor-element elementor-element-a5ddf4e elementor-invisible elementor-widget elementor-widget-heading\" data-id=\"a5ddf4e\" data-element_type=\"widget\" data-settings=\"{&quot;_animation&quot;:&quot;fadeInUp&quot;}\" data-widget_type=\"heading.default\">\n\t\t\t\t<div class=\"elementor-widget-container\">\n\t\t\t<h3 class=\"elementor-heading-title elementor-size-default\"><a href=\"https:\/\/carelabdivas.com\/sk\/produkty\/care-water-brain\/\">Care Water Brain<\/a><\/h3>\t\t<\/div>\n\t\t\t\t<\/div>\n\t\t\t\t<div class=\"elementor-element elementor-element-ac62874 elementor-invisible elementor-widget elementor-widget-text-editor\" data-id=\"ac62874\" data-element_type=\"widget\" data-settings=\"{&quot;_animation&quot;:&quot;fadeIn&quot;,&quot;_animation_delay&quot;:200}\" data-widget_type=\"text-editor.default\">\n\t\t\t\t<div class=\"elementor-widget-container\">\n\t\t\t\t\t\t\t<p>Care Water BRAIN je osvie\u017euj\u00faci nes\u00fdten\u00fd funk\u010dn\u00fd n\u00e1poj s pr\u00edchu\u0165ou pomela a zelen\u00e9ho citr\u00f3na, ktor\u00fd \u0165a udr\u017e\u00ed v strehu aj po\u010das upon\u00e1h\u013ean\u00fdch pracovn\u00fdch dn\u00ed. Vedecky overen\u00e9 zlo\u017eky Care Water BRAIN podporuj\u00fa a stimuluj\u00fa kognit\u00edvnu aktivitu, u\u010denie a celkov\u00e9 s\u00fastredenie pri plnen\u00ed n\u00e1ro\u010dn\u00fdch \u00faloh.<\/p><p>Medzi akt\u00edvne l\u00e1tky, ktor\u00e9 obsahuje, patr\u00ed napr\u00edklad Alpha GPC \u010di Acetyl L-karnit\u00edn. Bez ak\u00fdchko\u013evek konzervantov a umel\u00fdch l\u00e1tok je Care Water BRAIN tou spr\u00e1vnou vo\u013ebou, v\u010faka ktorej pod\u00e1\u0161 skvel\u00fd v\u00fdkon aj v tie najn\u00e1ro\u010dnej\u0161ie dni.<\/p>\t\t\t\t\t\t<\/div>\n\t\t\t\t<\/div>\n\t\t\t\t<div class=\"elementor-element elementor-element-da7ae5c elementor-widget elementor-widget-button\" data-id=\"da7ae5c\" data-element_type=\"widget\" data-widget_type=\"button.default\">\n\t\t\t\t<div class=\"elementor-widget-container\">\n\t\t\t\t\t<div class=\"elementor-button-wrapper\">\n\t\t\t<a class=\"elementor-button elementor-button-link elementor-size-sm\" href=\"https:\/\/carelabdivas.com\/sk\/produkty\/care-water-brain\/\">\n\t\t\t\t\t\t<span class=\"elementor-button-content-wrapper\">\n\t\t\t\t\t\t\t\t\t<span class=\"elementor-button-text\">Zisti\u0165 viac<\/span>\n\t\t\t\t\t<\/span>\n\t\t\t\t\t<\/a>\n\t\t<\/div>\n\t\t\t\t<\/div>\n\t\t\t\t<\/div>\n\t\t\t\t<\/div>\n\t\t\t\t\t<\/div>\n\t\t\t\t<\/div>\n\t\t<div class=\"elementor-element elementor-element-c30e8b9 elementor-hidden-desktop elementor-hidden-tablet elementor-hidden-mobile e-flex e-con-boxed e-con e-parent\" data-id=\"c30e8b9\" data-element_type=\"container\">\n\t\t\t\t\t<div class=\"e-con-inner\">\n\t\t<div class=\"elementor-element elementor-element-4daa92b e-con-full e-flex e-con e-child\" data-id=\"4daa92b\" data-element_type=\"container\" data-settings=\"{&quot;background_background&quot;:&quot;classic&quot;}\">\n\t\t\t\t<div class=\"elementor-element elementor-element-a79e485 elementor-invisible elementor-widget elementor-widget-heading\" data-id=\"a79e485\" data-element_type=\"widget\" data-settings=\"{&quot;_animation&quot;:&quot;fadeInUp&quot;}\" data-widget_type=\"heading.default\">\n\t\t\t\t<div class=\"elementor-widget-container\">\n\t\t\t<h3 class=\"elementor-heading-title elementor-size-default\">Care Water Recharge<\/h3>\t\t<\/div>\n\t\t\t\t<\/div>\n\t\t\t\t<div class=\"elementor-element elementor-element-e2d4561 elementor-invisible elementor-widget elementor-widget-text-editor\" data-id=\"e2d4561\" data-element_type=\"widget\" data-settings=\"{&quot;_animation&quot;:&quot;fadeIn&quot;,&quot;_animation_delay&quot;:200}\" data-widget_type=\"text-editor.default\">\n\t\t\t\t<div class=\"elementor-widget-container\">\n\t\t\t\t\t\t\t<p>Jedine\u010dn\u00e1 zmes kofe\u00ednu, koenz\u00fdmu Q10, riboflav\u00ednu a vitam\u00ednov rob\u00ed z nes\u00fdten\u00e9ho drinku Care Water RECHARGE n\u00e1poj, ktor\u00fd ti dod\u00e1 energiu, kedyko\u013evek to potrebuje\u0161.<\/p><p>Ak \u0165a tr\u00e1pi dlhodob\u00e9 vy\u010derpanie, chronick\u00e1 \u00fanava alebo slabos\u0165, Care Water RECHARGE s ovocnou pr\u00edchu\u0165ou mandar\u00ednky a guavy \u0165a v\u010faka svojim klinicky overen\u00fdm ingredienci\u00e1m znova nabije straten\u00fdm el\u00e1nom.<\/p>\t\t\t\t\t\t<\/div>\n\t\t\t\t<\/div>\n\t\t\t\t<div class=\"elementor-element elementor-element-807e581 elementor-widget elementor-widget-button\" data-id=\"807e581\" data-element_type=\"widget\" data-widget_type=\"button.default\">\n\t\t\t\t<div class=\"elementor-widget-container\">\n\t\t\t\t\t<div class=\"elementor-button-wrapper\">\n\t\t\t<a class=\"elementor-button elementor-size-sm\" role=\"button\">\n\t\t\t\t\t\t<span class=\"elementor-button-content-wrapper\">\n\t\t\t\t\t\t<span class=\"elementor-button-icon\">\n\t\t\t\t<i aria-hidden=\"true\" class=\"fas fa-long-arrow-alt-right\"><\/i>\t\t\t<\/span>\n\t\t\t\t\t\t\t\t\t<span class=\"elementor-button-text\">Zisti\u0165 viac<\/span>\n\t\t\t\t\t<\/span>\n\t\t\t\t\t<\/a>\n\t\t<\/div>\n\t\t\t\t<\/div>\n\t\t\t\t<\/div>\n\t\t\t\t<\/div>\n\t\t<div class=\"elementor-element elementor-element-8a0e8e3 e-con-full e-flex e-con e-child\" data-id=\"8a0e8e3\" data-element_type=\"container\">\n\t\t\t\t<div class=\"elementor-element elementor-element-f3e23c1 elementor-invisible elementor-widget elementor-widget-image\" data-id=\"f3e23c1\" data-element_type=\"widget\" data-settings=\"{&quot;_animation&quot;:&quot;fadeInRight&quot;}\" data-widget_type=\"image.default\">\n\t\t\t\t<div class=\"elementor-widget-container\">\n\t\t\t\t\t\t\t\t\t\t\t\t\t\t<a href=\"\/sk\/produkty\/care-water-recharge\/\">\n\t\t\t\t\t\t\t<img decoding=\"async\" src=\"https:\/\/carelabdivas.com\/sk\/wp-content\/uploads\/elementor\/thumbs\/care_lab_divas_waters_recharche_c-qios0any1t0raz8zulouyjt71h3su7s0ps9fyport8.webp\" title=\"care lab divas waters recharche c\" alt=\"care lab divas waters recharche c\" loading=\"lazy\" \/>\t\t\t\t\t\t\t\t<\/a>\n\t\t\t\t\t\t\t\t\t\t\t\t\t<\/div>\n\t\t\t\t<\/div>\n\t\t\t\t<\/div>\n\t\t\t\t\t<\/div>\n\t\t\t\t<\/div>\n\t\t<div class=\"elementor-element elementor-element-d7659d3 e-flex e-con-boxed e-con e-parent\" data-id=\"d7659d3\" data-element_type=\"container\">\n\t\t\t\t\t<div class=\"e-con-inner\">\n\t\t<div class=\"elementor-element elementor-element-c4045bf e-con-full e-flex e-con e-child\" data-id=\"c4045bf\" data-element_type=\"container\" data-settings=\"{&quot;background_background&quot;:&quot;classic&quot;}\">\n\t\t\t\t<div class=\"elementor-element elementor-element-ac22f17 elementor-invisible elementor-widget elementor-widget-heading\" data-id=\"ac22f17\" data-element_type=\"widget\" data-settings=\"{&quot;_animation&quot;:&quot;fadeInUp&quot;}\" data-widget_type=\"heading.default\">\n\t\t\t\t<div class=\"elementor-widget-container\">\n\t\t\t<h3 class=\"elementor-heading-title elementor-size-default\"><a href=\"https:\/\/carelabdivas.com\/sk\/produkty\/care-water-defense\/\">Care Water Defense<\/a><\/h3>\t\t<\/div>\n\t\t\t\t<\/div>\n\t\t\t\t<div class=\"elementor-element elementor-element-b666fdb elementor-invisible elementor-widget elementor-widget-text-editor\" data-id=\"b666fdb\" data-element_type=\"widget\" data-settings=\"{&quot;_animation&quot;:&quot;fadeIn&quot;,&quot;_animation_delay&quot;:200}\" data-widget_type=\"text-editor.default\">\n\t\t\t\t<div class=\"elementor-widget-container\">\n\t\t\t\t\t\t\t<p>Nes\u00fdten\u00fd funk\u010dn\u00fd n\u00e1poj Care Water DEFENSE poskytuje komplexn\u00fa podporu tvojmu imunitn\u00e9mu syst\u00e9mu a celkov\u00e9mu zdraviu. S prebiotickou vl\u00e1kninou, zinkom, sel\u00e9nom, vitam\u00ednom D3 a zmesou \u010fal\u0161\u00edch 6 z\u00e1kladn\u00fdch vitam\u00ednov \u0165a tento nes\u00fdten\u00fd funk\u010dn\u00fd n\u00e1poj \u00fa\u010dinne navedie na cestu za tvoj\u00edm zdrav\u0161\u00edm ja.<\/p><p>Vl\u00e1knina pom\u00f4\u017ee zlep\u0161i\u0165 zdravie tr\u00e1viaceho traktu, zatia\u013e \u010do vysoko \u00fa\u010dinn\u00e1 trojica zinku, sel\u00e9nu a vitam\u00ednu D3 pozit\u00edvne vpl\u00fdva na adapt\u00edvnu aj vroden\u00fa imunitu. N\u00e1\u0161 pr\u00e9miov\u00fd drink s pr\u00edchu\u0165ou gran\u00e1tov\u00e9ho jablka a ibi\u0161teka je skvel\u00fdm partnerom, ktor\u00fd \u0165a udr\u017e\u00ed v pohode a zdrav\u00ed.<\/p>\t\t\t\t\t\t<\/div>\n\t\t\t\t<\/div>\n\t\t\t\t<div class=\"elementor-element elementor-element-b284787 elementor-widget elementor-widget-button\" data-id=\"b284787\" data-element_type=\"widget\" data-widget_type=\"button.default\">\n\t\t\t\t<div class=\"elementor-widget-container\">\n\t\t\t\t\t<div class=\"elementor-button-wrapper\">\n\t\t\t<a class=\"elementor-button elementor-button-link elementor-size-sm\" href=\"https:\/\/carelabdivas.com\/sk\/produkty\/care-water-defense\/\">\n\t\t\t\t\t\t<span class=\"elementor-button-content-wrapper\">\n\t\t\t\t\t\t\t\t\t<span class=\"elementor-button-text\">Zisti\u0165 viac<\/span>\n\t\t\t\t\t<\/span>\n\t\t\t\t\t<\/a>\n\t\t<\/div>\n\t\t\t\t<\/div>\n\t\t\t\t<\/div>\n\t\t\t\t<\/div>\n\t\t<div class=\"elementor-element elementor-element-cf8dcee e-con-full e-flex e-con e-child\" data-id=\"cf8dcee\" data-element_type=\"container\">\n\t\t\t\t<div class=\"elementor-element elementor-element-6f17675 elementor-invisible elementor-widget elementor-widget-image\" data-id=\"6f17675\" data-element_type=\"widget\" data-settings=\"{&quot;_animation&quot;:&quot;fadeInRight&quot;}\" data-widget_type=\"image.default\">\n\t\t\t\t<div class=\"elementor-widget-container\">\n\t\t\t\t\t\t\t\t\t\t\t\t\t\t<a href=\"\/sk\/produkty\/care-water-defense\/\">\n\t\t\t\t\t\t\t<img decoding=\"async\" src=\"https:\/\/carelabdivas.com\/sk\/wp-content\/uploads\/elementor\/thumbs\/care_lab_divas_waters_waters_defense-qios0dhgmb4m9t4we4wqo13ktmpwhb37q67wejklak.webp\" title=\"care lab divas waters waters defense\" alt=\"care lab divas waters waters defense\" loading=\"lazy\" \/>\t\t\t\t\t\t\t\t<\/a>\n\t\t\t\t\t\t\t\t\t\t\t\t\t<\/div>\n\t\t\t\t<\/div>\n\t\t\t\t<\/div>\n\t\t\t\t\t<\/div>\n\t\t\t\t<\/div>\n\t\t<div class=\"elementor-element elementor-element-77f9edc e-flex e-con-boxed e-con e-parent\" data-id=\"77f9edc\" data-element_type=\"container\">\n\t\t\t\t\t<div class=\"e-con-inner\">\n\t\t\t\t<div class=\"elementor-element elementor-element-e49a36e elementor-invisible elementor-widget elementor-widget-heading\" data-id=\"e49a36e\" data-element_type=\"widget\" data-settings=\"{&quot;_animation&quot;:&quot;fadeInUp&quot;,&quot;motion_fx_motion_fx_scrolling&quot;:&quot;yes&quot;,&quot;motion_fx_translateY_effect&quot;:&quot;yes&quot;,&quot;motion_fx_translateY_speed&quot;:{&quot;unit&quot;:&quot;px&quot;,&quot;size&quot;:1,&quot;sizes&quot;:[]},&quot;motion_fx_translateY_affectedRange&quot;:{&quot;unit&quot;:&quot;%&quot;,&quot;size&quot;:&quot;&quot;,&quot;sizes&quot;:{&quot;start&quot;:0,&quot;end&quot;:100}},&quot;motion_fx_devices&quot;:[&quot;desktop&quot;,&quot;tablet&quot;,&quot;mobile&quot;]}\" data-widget_type=\"heading.default\">\n\t\t\t\t<div class=\"elementor-widget-container\">\n\t\t\t<h2 class=\"elementor-heading-title elementor-size-default\">Objav \u010fal\u0161ie produkty<\/h2>\t\t<\/div>\n\t\t\t\t<\/div>\n\t\t<div class=\"elementor-element elementor-element-da43de9 e-flex e-con-boxed e-con e-child\" data-id=\"da43de9\" data-element_type=\"container\">\n\t\t\t\t\t<div class=\"e-con-inner\">\n\t\t<div class=\"elementor-element elementor-element-8c9cdf6 e-flex e-con-boxed e-con e-child\" data-id=\"8c9cdf6\" data-element_type=\"container\">\n\t\t\t\t\t<div class=\"e-con-inner\">\n\t\t\t\t<div class=\"elementor-element elementor-element-8e3f3bb elementor-widget-mobile__width-inherit elementor-invisible elementor-widget elementor-widget-image\" data-id=\"8e3f3bb\" data-element_type=\"widget\" data-settings=\"{&quot;_animation&quot;:&quot;fadeIn&quot;}\" data-widget_type=\"image.default\">\n\t\t\t\t<div class=\"elementor-widget-container\">\n\t\t\t\t\t\t\t\t\t\t\t\t\t\t<a href=\"\/sk\/produkty\/care-bubbles-visna-a-ruza\/\">\n\t\t\t\t\t\t\t<img decoding=\"async\" src=\"https:\/\/carelabdivas.com\/sk\/wp-content\/uploads\/elementor\/thumbs\/care_lab_divas_bubbles_waters_sour_cherry_c-qios0433bw69309kaimaaot5ldc5b5ncliqjoygmk4.webp\" title=\"care lab divas bubbles waters sour cherry c\" alt=\"care lab divas bubbles waters sour cherry c\" loading=\"lazy\" \/>\t\t\t\t\t\t\t\t<\/a>\n\t\t\t\t\t\t\t\t\t\t\t\t\t<\/div>\n\t\t\t\t<\/div>\n\t\t\t\t\t<\/div>\n\t\t\t\t<\/div>\n\t\t<div class=\"elementor-element elementor-element-29ac125 e-flex e-con-boxed e-con e-child\" data-id=\"29ac125\" data-element_type=\"container\">\n\t\t\t\t\t<div class=\"e-con-inner\">\n\t\t\t\t<div class=\"elementor-element elementor-element-9172282 elementor-widget__width-auto animated-slow elementor-invisible elementor-widget elementor-widget-global elementor-global-989598 elementor-widget-button\" data-id=\"9172282\" data-element_type=\"widget\" data-settings=\"{&quot;_animation&quot;:&quot;fadeIn&quot;,&quot;_animation_delay&quot;:600,&quot;_animation_tablet&quot;:&quot;none&quot;,&quot;_animation_mobile&quot;:&quot;none&quot;}\" data-widget_type=\"button.default\">\n\t\t\t\t<div class=\"elementor-widget-container\">\n\t\t\t\t\t<div class=\"elementor-button-wrapper\">\n\t\t\t<a class=\"elementor-button elementor-button-link elementor-size-sm\" href=\"\/sk\/produkty\">\n\t\t\t\t\t\t<span class=\"elementor-button-content-wrapper\">\n\t\t\t\t\t\t\t\t\t<span class=\"elementor-button-text\">V\u0161etky produkty<\/span>\n\t\t\t\t\t<\/span>\n\t\t\t\t\t<\/a>\n\t\t<\/div>\n\t\t\t\t<\/div>\n\t\t\t\t<\/div>\n\t\t\t\t<div class=\"elementor-element elementor-element-4a370c1 elementor-widget-mobile__width-inherit elementor-invisible elementor-widget elementor-widget-image\" data-id=\"4a370c1\" data-element_type=\"widget\" data-settings=\"{&quot;_animation&quot;:&quot;fadeIn&quot;,&quot;_animation_delay&quot;:200}\" data-widget_type=\"image.default\">\n\t\t\t\t<div class=\"elementor-widget-container\">\n\t\t\t\t\t\t\t\t\t\t\t\t\t\t<a href=\"\/sk\/produkty\/care-bubbles-grapefruit-a-ibistek\/\">\n\t\t\t\t\t\t\t<img decoding=\"async\" src=\"https:\/\/carelabdivas.com\/sk\/wp-content\/uploads\/elementor\/thumbs\/care_lab_divas_bubbles_grapefruit_hibiscus_c-qios0359524yreaxg07nq71ozzgs3gjm9e327oi0qc.webp\" title=\"care lab divas bubbles grapefruit hibiscus c\" alt=\"care lab divas bubbles grapefruit hibiscus c\" loading=\"lazy\" \/>\t\t\t\t\t\t\t\t<\/a>\n\t\t\t\t\t\t\t\t\t\t\t\t\t<\/div>\n\t\t\t\t<\/div>\n\t\t\t\t\t<\/div>\n\t\t\t\t<\/div>\n\t\t<div class=\"elementor-element elementor-element-8474df4 e-flex e-con-boxed e-con e-child\" data-id=\"8474df4\" data-element_type=\"container\">\n\t\t\t\t\t<div class=\"e-con-inner\">\n\t\t\t\t<div class=\"elementor-element elementor-element-6c202b4 elementor-widget-mobile__width-inherit elementor-invisible elementor-widget elementor-widget-image\" data-id=\"6c202b4\" data-element_type=\"widget\" data-settings=\"{&quot;_animation&quot;:&quot;fadeIn&quot;,&quot;_animation_delay&quot;:400}\" data-widget_type=\"image.default\">\n\t\t\t\t<div class=\"elementor-widget-container\">\n\t\t\t\t\t\t\t\t\t\t\t\t\t\t<a href=\"https:\/\/carelabdivas.com\/sk\/produkty\/care-bubbles-jasmin\/\">\n\t\t\t\t\t\t\t<img decoding=\"async\" src=\"https:\/\/carelabdivas.com\/sk\/wp-content\/uploads\/elementor\/thumbs\/bergamot_care-bubbles-scaled-qqi7bg3se8ebhtgotwwd50lvyaqdy7vra7qn0xlwdw.webp\" title=\"care bubbles jasm\u00ed\u00adn\" alt=\"care bubbles jasm\u00ed\u00adn\" loading=\"lazy\" \/>\t\t\t\t\t\t\t\t<\/a>\n\t\t\t\t\t\t\t\t\t\t\t\t\t<\/div>\n\t\t\t\t<\/div>\n\t\t\t\t\t<\/div>\n\t\t\t\t<\/div>\n\t\t\t\t\t<\/div>\n\t\t\t\t<\/div>\n\t\t\t\t\t<\/div>\n\t\t\t\t<\/div>\n\t\t\t\t<\/div>\n\t\t","protected":false},"excerpt":{"rendered":"<p>Pr\u00e9miov\u00e1 n\u00e1pojov\u00e1 starostlivos\u0165 pre tvoje telo a myse\u013e Starostlivos\u0165 o teba a tvoje zdravie je u n\u00e1s na prvom mieste. Na\u0161e nes\u00fdten\u00e9 funk\u010dn\u00e9 n\u00e1poje Care Water obsahuj\u00fa klinicky alebo vedecky overen\u00e9 ingrediencie, ktor\u00e9 ti pom\u00f4\u017eu zabojova\u0165 s dlhodobou \u00fanavou, oslabenou imunitou, stresom, alebo podporia fyzick\u00fa obnovu organizmu. Spoznaj na\u0161e pr\u00e9miov\u00e9 portf\u00f3lio n\u00edzkokalorick\u00fdch n\u00e1pojov, ktor\u00e9 s\u00fa [&hellip;]<\/p>\n","protected":false},"author":1,"featured_media":987987,"parent":0,"menu_order":0,"comment_status":"closed","ping_status":"closed","template":"","meta":{"_acf_changed":false,"_seopress_robots_primary_cat":"","_seopress_titles_title":"Care Water - ka\u017edodenn\u00fd zdrav\u00fd ritu\u00e1l %%sep%% %%sitetitle%%","_seopress_titles_desc":"Nes\u00fdten\u00e9 funk\u010dn\u00e9 n\u00e1poje s obsahom klinicky overen\u00fdch l\u00e1tok zato\u010dia s dlhodobou \u00fanavou, oslabenou imunitou, stresom, alebo podporia fyzick\u00fa obnovu organizmu.","_seopress_robots_index":"","footnotes":""},"class_list":["post-988659","page","type-page","status-publish","has-post-thumbnail","hentry"],"acf":[],"_links":{"self":[{"href":"https:\/\/carelabdivas.com\/sk\/wp-json\/wp\/v2\/pages\/988659"}],"collection":[{"href":"https:\/\/carelabdivas.com\/sk\/wp-json\/wp\/v2\/pages"}],"about":[{"href":"https:\/\/carelabdivas.com\/sk\/wp-json\/wp\/v2\/types\/page"}],"author":[{"embeddable":true,"href":"https:\/\/carelabdivas.com\/sk\/wp-json\/wp\/v2\/users\/1"}],"replies":[{"embeddable":true,"href":"https:\/\/carelabdivas.com\/sk\/wp-json\/wp\/v2\/comments?post=988659"}],"version-history":[{"count":10,"href":"https:\/\/carelabdivas.com\/sk\/wp-json\/wp\/v2\/pages\/988659\/revisions"}],"predecessor-version":[{"id":992983,"href":"https:\/\/carelabdivas.com\/sk\/wp-json\/wp\/v2\/pages\/988659\/revisions\/992983"}],"wp:featuredmedia":[{"embeddable":true,"href":"https:\/\/carelabdivas.com\/sk\/wp-json\/wp\/v2\/media\/987987"}],"wp:attachment":[{"href":"https:\/\/carelabdivas.com\/sk\/wp-json\/wp\/v2\/media?parent=988659"}],"curies":[{"name":"wp","href":"https:\/\/api.w.org\/{rel}","templated":true}]}}