{"id":988661,"date":"2023-05-23T15:32:37","date_gmt":"2023-05-23T13:32:37","guid":{"rendered":"https:\/\/carelabdivas.com\/sk\/?page_id=988661"},"modified":"2025-10-02T14:18:58","modified_gmt":"2025-10-02T12:18:58","slug":"bubbles","status":"publish","type":"page","link":"https:\/\/carelabdivas.com\/sk\/bubbles\/","title":{"rendered":"Wellness Soda"},"content":{"rendered":"\t\t<div data-elementor-type=\"wp-page\" data-elementor-id=\"988661\" class=\"elementor elementor-988661\" data-elementor-post-type=\"page\">\n\t\t\t\t<div class=\"elementor-element elementor-element-2c33d43 e-con-full e-flex e-con e-parent\" data-id=\"2c33d43\" data-element_type=\"container\" data-settings=\"{&quot;background_background&quot;:&quot;classic&quot;,&quot;background_motion_fx_motion_fx_scrolling&quot;:&quot;yes&quot;,&quot;background_motion_fx_scale_effect&quot;:&quot;yes&quot;,&quot;background_motion_fx_scale_direction&quot;:&quot;out-in&quot;,&quot;background_motion_fx_scale_speed&quot;:{&quot;unit&quot;:&quot;px&quot;,&quot;size&quot;:4,&quot;sizes&quot;:[]},&quot;background_motion_fx_scale_range&quot;:{&quot;unit&quot;:&quot;%&quot;,&quot;size&quot;:&quot;&quot;,&quot;sizes&quot;:{&quot;start&quot;:20,&quot;end&quot;:80}},&quot;background_motion_fx_devices&quot;:[&quot;desktop&quot;,&quot;tablet&quot;,&quot;mobile&quot;]}\">\n\t\t\t\t<\/div>\n\t\t<div class=\"elementor-element elementor-element-e0f4efb e-flex e-con-boxed e-con e-parent\" data-id=\"e0f4efb\" data-element_type=\"container\">\n\t\t\t\t\t<div class=\"e-con-inner\">\n\t\t<div class=\"elementor-element elementor-element-cb4b7b0 e-flex e-con-boxed e-con e-child\" data-id=\"cb4b7b0\" data-element_type=\"container\">\n\t\t\t\t\t<div class=\"e-con-inner\">\n\t\t\t\t<div class=\"elementor-element elementor-element-654fc29 elementor-widget__width-initial elementor-widget-mobile__width-initial elementor-invisible elementor-widget elementor-widget-heading\" data-id=\"654fc29\" data-element_type=\"widget\" data-settings=\"{&quot;_animation&quot;:&quot;fadeInUp&quot;}\" data-widget_type=\"heading.default\">\n\t\t\t\t<div class=\"elementor-widget-container\">\n\t\t\t<h2 class=\"elementor-heading-title elementor-size-default\">Ochutnaj bublinky, ktor\u00e9 regeneruj\u00fa<\/h2>\t\t<\/div>\n\t\t\t\t<\/div>\n\t\t\t\t\t<\/div>\n\t\t\t\t<\/div>\n\t\t<div class=\"elementor-element elementor-element-0527915 e-flex e-con-boxed e-con e-child\" data-id=\"0527915\" data-element_type=\"container\">\n\t\t\t\t\t<div class=\"e-con-inner\">\n\t\t\t\t<div class=\"elementor-element elementor-element-5bec527 elementor-invisible elementor-widget elementor-widget-text-editor\" data-id=\"5bec527\" data-element_type=\"widget\" data-settings=\"{&quot;_animation&quot;:&quot;fadeIn&quot;,&quot;_animation_delay&quot;:200}\" data-widget_type=\"text-editor.default\">\n\t\t\t\t<div class=\"elementor-widget-container\">\n\t\t\t\t\t\t\t<p>Wellness Soda, to je komplexn\u00fd wellness pre tvoje telo. Lahodn\u00fd<strong> v\u00fd\u017eivov\u00fd doplnok v plechovke<\/strong> je jedn\u00fdm z najkomplexnej\u0161\u00edch drinkov pre celkov\u00fa regener\u00e1ciu organizmu. Dalo by sa poveda\u0165, \u017ee<b> v jednej plechovke n\u00e1jde\u0161 a\u017e 4 v\u00fd\u017eivov\u00e9 doplnky<\/b> &#8211; veg\u00e1nsky kolag\u00e9n, 74 morsk\u00fdch miner\u00e1lov, koenz\u00fdm Q10 a zmes 6 vitam\u00ednov.&nbsp;<\/p>\n<p>Spoznaj nov\u00fa gener\u00e1ciu v\u00fd\u017eivov\u00fdch doplnkov, ktor\u00e9 nielen funguj\u00fa, ale navy\u0161e aj skvele chutia. Wellness Sodu si m\u00f4\u017ee\u0161 vychutna\u0165 hne\u010f v troch podmaniv\u00fdch pr\u00edchutiach.<\/p>\t\t\t\t\t\t<\/div>\n\t\t\t\t<\/div>\n\t\t\t\t\t<\/div>\n\t\t\t\t<\/div>\n\t\t\t\t\t<\/div>\n\t\t\t\t<\/div>\n\t\t<div class=\"elementor-element elementor-element-b272a46 e-flex e-con-boxed e-con e-parent\" data-id=\"b272a46\" data-element_type=\"container\">\n\t\t\t\t\t<div class=\"e-con-inner\">\n\t\t<div class=\"elementor-element elementor-element-41e0f58 e-con-full e-flex e-con e-child\" data-id=\"41e0f58\" data-element_type=\"container\" data-settings=\"{&quot;background_background&quot;:&quot;classic&quot;}\">\n\t\t\t\t<div class=\"elementor-element elementor-element-417ed76 elementor-invisible elementor-widget elementor-widget-heading\" data-id=\"417ed76\" data-element_type=\"widget\" data-settings=\"{&quot;_animation&quot;:&quot;fadeInUp&quot;}\" data-widget_type=\"heading.default\">\n\t\t\t\t<div class=\"elementor-widget-container\">\n\t\t\t<h3 class=\"elementor-heading-title elementor-size-default\"><a href=\"https:\/\/carelabdivas.com\/sk\/produkty\/care-bubbles-visna-a-ruza\/\">Wellness Soda vi\u0161\u0148a a ru\u017ea<\/a><\/h3>\t\t<\/div>\n\t\t\t\t<\/div>\n\t\t\t\t<div class=\"elementor-element elementor-element-057ae20 elementor-invisible elementor-widget elementor-widget-text-editor\" data-id=\"057ae20\" data-element_type=\"widget\" data-settings=\"{&quot;_animation&quot;:&quot;fadeIn&quot;,&quot;_animation_delay&quot;:200}\" data-widget_type=\"text-editor.default\">\n\t\t\t\t<div class=\"elementor-widget-container\">\n\t\t\t\t\t\t\t<p>V\u00fd\u017eivov\u00fd doplnok v plechovke, Wellness Soda, s podmanivou pr\u00edchu\u0165ou vi\u0161ne a ru\u017ee podporuje imunitu, zdravie kost\u00ed, k\u013abov, poko\u017eky, \u010driev \u010di kardiovaskul\u00e1rneho syst\u00e9mu. Vychutnaj si komplexn\u00fd wellness pre tvoje telo a presved\u010d sa o tom, \u017ee v\u00fd\u017eivov\u00e9 doplnky m\u00f4\u017eu by\u0165 nielen funk\u010dn\u00e9, ale aj skvele chuti\u0165.<\/p><p>Hoci len jedna plechovka Wellness Sody denne predstavuje mimoriadne \u00fa\u010dinn\u00fa a chutn\u00fa cestu k vitalite a celkov\u00e9mu zdraviu.<\/p>\t\t\t\t\t\t<\/div>\n\t\t\t\t<\/div>\n\t\t\t\t<div class=\"elementor-element elementor-element-6481d94 elementor-widget elementor-widget-button\" data-id=\"6481d94\" data-element_type=\"widget\" data-widget_type=\"button.default\">\n\t\t\t\t<div class=\"elementor-widget-container\">\n\t\t\t\t\t<div class=\"elementor-button-wrapper\">\n\t\t\t<a class=\"elementor-button elementor-button-link elementor-size-sm\" href=\"https:\/\/carelabdivas.com\/sk\/produkty\/wellness-soda-visna-a-ruza\/\">\n\t\t\t\t\t\t<span class=\"elementor-button-content-wrapper\">\n\t\t\t\t\t\t\t\t\t<span class=\"elementor-button-text\">Zisti\u0165 viac<\/span>\n\t\t\t\t\t<\/span>\n\t\t\t\t\t<\/a>\n\t\t<\/div>\n\t\t\t\t<\/div>\n\t\t\t\t<\/div>\n\t\t\t\t<\/div>\n\t\t<div class=\"elementor-element elementor-element-ec49d8c e-con-full e-flex e-con e-child\" data-id=\"ec49d8c\" data-element_type=\"container\">\n\t\t\t\t<div class=\"elementor-element elementor-element-c0be614 elementor-invisible elementor-widget elementor-widget-image\" data-id=\"c0be614\" data-element_type=\"widget\" data-settings=\"{&quot;_animation&quot;:&quot;fadeInRight&quot;}\" data-widget_type=\"image.default\">\n\t\t\t\t<div class=\"elementor-widget-container\">\n\t\t\t\t\t\t\t\t\t\t\t\t\t\t<a href=\"\/sk\/produkty\/care-bubbles-visna-a-ruza\/\">\n\t\t\t\t\t\t\t<img decoding=\"async\" src=\"https:\/\/carelabdivas.com\/sk\/wp-content\/uploads\/elementor\/thumbs\/wellness-soda-sour-cherry-web-rcm3e0pm3hx9i0chez8nyepmm2ix20u8ap864lh424.png\" title=\"wellness soda sour cherry\" alt=\"wellness soda sour cherry\" loading=\"lazy\" \/>\t\t\t\t\t\t\t\t<\/a>\n\t\t\t\t\t\t\t\t\t\t\t\t\t<\/div>\n\t\t\t\t<\/div>\n\t\t\t\t<\/div>\n\t\t\t\t\t<\/div>\n\t\t\t\t<\/div>\n\t\t<div class=\"elementor-element elementor-element-9b3b3ad e-flex e-con-boxed e-con e-parent\" data-id=\"9b3b3ad\" data-element_type=\"container\">\n\t\t\t\t\t<div class=\"e-con-inner\">\n\t\t<div class=\"elementor-element elementor-element-aa7d42d e-con-full e-flex e-con e-child\" data-id=\"aa7d42d\" data-element_type=\"container\">\n\t\t\t\t<div class=\"elementor-element elementor-element-2cdf703 elementor-invisible elementor-widget elementor-widget-image\" data-id=\"2cdf703\" data-element_type=\"widget\" data-settings=\"{&quot;_animation&quot;:&quot;fadeInLeft&quot;}\" data-widget_type=\"image.default\">\n\t\t\t\t<div class=\"elementor-widget-container\">\n\t\t\t\t\t\t\t\t\t\t\t\t\t\t<a href=\"\/sk\/produkty\/care-bubbles-grapefruit-a-ibistek\/\">\n\t\t\t\t\t\t\t<img decoding=\"async\" src=\"https:\/\/carelabdivas.com\/sk\/wp-content\/uploads\/elementor\/thumbs\/wellness-soda-grapefruit-web-rcm3f38zvpe0q0si5xwdamziyv8ytm383zz2sxvyz0.png\" title=\"wellness soda grapefruit\" alt=\"wellness soda grapefruit\" loading=\"lazy\" \/>\t\t\t\t\t\t\t\t<\/a>\n\t\t\t\t\t\t\t\t\t\t\t\t\t<\/div>\n\t\t\t\t<\/div>\n\t\t\t\t<\/div>\n\t\t<div class=\"elementor-element elementor-element-8496800 e-con-full e-flex e-con e-child\" data-id=\"8496800\" data-element_type=\"container\" data-settings=\"{&quot;background_background&quot;:&quot;classic&quot;}\">\n\t\t\t\t<div class=\"elementor-element elementor-element-66ce1b9 elementor-invisible elementor-widget elementor-widget-heading\" data-id=\"66ce1b9\" data-element_type=\"widget\" data-settings=\"{&quot;_animation&quot;:&quot;fadeInUp&quot;}\" data-widget_type=\"heading.default\">\n\t\t\t\t<div class=\"elementor-widget-container\">\n\t\t\t<h3 class=\"elementor-heading-title elementor-size-default\"><a href=\"https:\/\/carelabdivas.com\/sk\/produkty\/care-bubbles-grapefruit-a-ibistek\/\">Wellness Soda grapefruit<br>a ibi\u0161tek<\/a><\/h3>\t\t<\/div>\n\t\t\t\t<\/div>\n\t\t\t\t<div class=\"elementor-element elementor-element-95b60ce elementor-invisible elementor-widget elementor-widget-text-editor\" data-id=\"95b60ce\" data-element_type=\"widget\" data-settings=\"{&quot;_animation&quot;:&quot;fadeIn&quot;,&quot;_animation_delay&quot;:200}\" data-widget_type=\"text-editor.default\">\n\t\t\t\t<div class=\"elementor-widget-container\">\n\t\t\t\t\t\t\t<p>Jemne perliv\u00e1 Wellness Soda s pr\u00edchu\u0165ou grapefruitu a ibi\u0161teka podporuje zdrav\u00e9 starnutie, m\u00e1 pozit\u00edvne \u00fa\u010dinky na poko\u017eku, kosti, k\u013aby, tr\u00e1venie, ale aj kardiovaskul\u00e1rny syst\u00e9m \u010di imunitu.\u00a0<\/p><p>Pochutnaj si na v\u00fd\u017eivovom doplnku v plechovke, ktor\u00fd je nielen mimoriadne \u00fa\u010dinn\u00fd, ale navy\u0161e aj skvele chut\u00ed. U\u017e len jedna plechovka denne \u0165a \u00fa\u010dinne navedie na cestu k zdrav\u00e9mu starnutiu a vitalite. .<\/p>\t\t\t\t\t\t<\/div>\n\t\t\t\t<\/div>\n\t\t\t\t<div class=\"elementor-element elementor-element-69d7f76 elementor-widget elementor-widget-button\" data-id=\"69d7f76\" data-element_type=\"widget\" data-widget_type=\"button.default\">\n\t\t\t\t<div class=\"elementor-widget-container\">\n\t\t\t\t\t<div class=\"elementor-button-wrapper\">\n\t\t\t<a class=\"elementor-button elementor-button-link elementor-size-sm\" href=\"https:\/\/carelabdivas.com\/sk\/produkty\/wellness-soda-grapefruit-a-ibistek\/\">\n\t\t\t\t\t\t<span class=\"elementor-button-content-wrapper\">\n\t\t\t\t\t\t\t\t\t<span class=\"elementor-button-text\">Zisti\u0165 viac<\/span>\n\t\t\t\t\t<\/span>\n\t\t\t\t\t<\/a>\n\t\t<\/div>\n\t\t\t\t<\/div>\n\t\t\t\t<\/div>\n\t\t\t\t<\/div>\n\t\t\t\t\t<\/div>\n\t\t\t\t<\/div>\n\t\t<div class=\"elementor-element elementor-element-dc88453 e-flex e-con-boxed e-con e-parent\" data-id=\"dc88453\" data-element_type=\"container\">\n\t\t\t\t\t<div class=\"e-con-inner\">\n\t\t<div class=\"elementor-element elementor-element-552dda2 e-con-full e-flex e-con e-child\" data-id=\"552dda2\" data-element_type=\"container\" data-settings=\"{&quot;background_background&quot;:&quot;classic&quot;}\">\n\t\t\t\t<div class=\"elementor-element elementor-element-56293db elementor-invisible elementor-widget elementor-widget-heading\" data-id=\"56293db\" data-element_type=\"widget\" data-settings=\"{&quot;_animation&quot;:&quot;fadeInUp&quot;}\" data-widget_type=\"heading.default\">\n\t\t\t\t<div class=\"elementor-widget-container\">\n\t\t\t<h3 class=\"elementor-heading-title elementor-size-default\"><a href=\"https:\/\/carelabdivas.com\/sk\/produkty\/care-bubbles-jasmin\/\">Wellness Soda bergamot a jazm\u00edn<\/a><\/h3>\t\t<\/div>\n\t\t\t\t<\/div>\n\t\t\t\t<div class=\"elementor-element elementor-element-b754fe9 elementor-widget elementor-widget-button\" data-id=\"b754fe9\" data-element_type=\"widget\" data-widget_type=\"button.default\">\n\t\t\t\t<div class=\"elementor-widget-container\">\n\t\t\t\t\t<div class=\"elementor-button-wrapper\">\n\t\t\t<a class=\"elementor-button elementor-button-link elementor-size-sm\" href=\"https:\/\/carelabdivas.com\/sk\/produkty\/wellness-soda-jasmin\/\">\n\t\t\t\t\t\t<span class=\"elementor-button-content-wrapper\">\n\t\t\t\t\t\t\t\t\t<span class=\"elementor-button-text\">Zisti\u0165 viac<\/span>\n\t\t\t\t\t<\/span>\n\t\t\t\t\t<\/a>\n\t\t<\/div>\n\t\t\t\t<\/div>\n\t\t\t\t<\/div>\n\t\t\t\t<div class=\"elementor-element elementor-element-ad37795 elementor-invisible elementor-widget elementor-widget-text-editor\" data-id=\"ad37795\" data-element_type=\"widget\" data-settings=\"{&quot;_animation&quot;:&quot;fadeIn&quot;,&quot;_animation_delay&quot;:200}\" data-widget_type=\"text-editor.default\">\n\t\t\t\t<div class=\"elementor-widget-container\">\n\t\t\t\t\t\t\t<p>Wellness Soda s pr\u00edchu\u0165ou bergamot a jazm\u00edn je unik\u00e1tnym v\u00fd\u017eivov\u00fdm doplnkom v plechovke, ktor\u00fd prospieva tvojej imunite, kostiam, k\u013abom, tr\u00e1veniu \u010di poko\u017eke. Vychutnaj si komplexn\u00fd wellness pre tvoje telo v pr\u00edchuti, ak\u00fa inde len tak nen\u00e1jde\u0161,&nbsp;&nbsp;<\/p>\n<p>Bergamot je citrusov\u00e9 ovocie s p\u00f4vodom zo sam\u00e9ho srdca Talianska. Jeho jedine\u010dn\u00e1 v\u00f4\u0148a a chu\u0165 sa stali svetov\u00fdm fenom\u00e9nom. Rovnako ako v pr\u00edpade jazm\u00ednu, ktor\u00fd je zn\u00e1my aj ako kr\u00e1\u013e v\u0161etk\u00fdch v\u00f4n\u00ed.<\/p>\t\t\t\t\t\t<\/div>\n\t\t\t\t<\/div>\n\t\t\t\t<\/div>\n\t\t<div class=\"elementor-element elementor-element-c1e1fbb e-con-full e-flex e-con e-child\" data-id=\"c1e1fbb\" data-element_type=\"container\">\n\t\t\t\t<div class=\"elementor-element elementor-element-199666d elementor-invisible elementor-widget elementor-widget-image\" data-id=\"199666d\" data-element_type=\"widget\" data-settings=\"{&quot;_animation&quot;:&quot;fadeInRight&quot;}\" data-widget_type=\"image.default\">\n\t\t\t\t<div class=\"elementor-widget-container\">\n\t\t\t\t\t\t\t\t\t\t\t\t\t\t<a href=\"\/sk\/produkty\/care-bubbles-jasmin\">\n\t\t\t\t\t\t\t<img decoding=\"async\" src=\"https:\/\/carelabdivas.com\/sk\/wp-content\/uploads\/elementor\/thumbs\/wellness-soda-bergamot-web-rcm3g6q7uqw29n75reyp7d0vx1udswfy9fdgyk9fpo.png\" title=\"wellness soda bergamot\" alt=\"wellness soda bergamot\" loading=\"lazy\" \/>\t\t\t\t\t\t\t\t<\/a>\n\t\t\t\t\t\t\t\t\t\t\t\t\t<\/div>\n\t\t\t\t<\/div>\n\t\t\t\t<\/div>\n\t\t\t\t\t<\/div>\n\t\t\t\t<\/div>\n\t\t<div class=\"elementor-element elementor-element-0dfde80 e-flex e-con-boxed e-con e-parent\" data-id=\"0dfde80\" data-element_type=\"container\">\n\t\t\t\t\t<div class=\"e-con-inner\">\n\t\t\t\t<div class=\"elementor-element elementor-element-2c8b05c elementor-invisible elementor-widget elementor-widget-heading\" data-id=\"2c8b05c\" data-element_type=\"widget\" data-settings=\"{&quot;motion_fx_motion_fx_scrolling&quot;:&quot;yes&quot;,&quot;motion_fx_translateY_effect&quot;:&quot;yes&quot;,&quot;motion_fx_translateY_speed&quot;:{&quot;unit&quot;:&quot;px&quot;,&quot;size&quot;:1,&quot;sizes&quot;:[]},&quot;_animation&quot;:&quot;fadeInUp&quot;,&quot;motion_fx_translateY_affectedRange&quot;:{&quot;unit&quot;:&quot;%&quot;,&quot;size&quot;:&quot;&quot;,&quot;sizes&quot;:{&quot;start&quot;:0,&quot;end&quot;:100}},&quot;motion_fx_devices&quot;:[&quot;desktop&quot;,&quot;tablet&quot;,&quot;mobile&quot;]}\" data-widget_type=\"heading.default\">\n\t\t\t\t<div class=\"elementor-widget-container\">\n\t\t\t<h2 class=\"elementor-heading-title elementor-size-default\">Objav \u010fal\u0161ie produkty<\/h2>\t\t<\/div>\n\t\t\t\t<\/div>\n\t\t<div class=\"elementor-element elementor-element-15746e6 e-flex e-con-boxed e-con e-child\" data-id=\"15746e6\" data-element_type=\"container\">\n\t\t\t\t\t<div class=\"e-con-inner\">\n\t\t<div class=\"elementor-element elementor-element-ea800fa e-flex e-con-boxed e-con e-child\" data-id=\"ea800fa\" data-element_type=\"container\">\n\t\t\t\t\t<div class=\"e-con-inner\">\n\t\t\t\t<div class=\"elementor-element elementor-element-3958b78 elementor-widget-mobile__width-inherit elementor-invisible elementor-widget elementor-widget-image\" data-id=\"3958b78\" data-element_type=\"widget\" data-settings=\"{&quot;_animation&quot;:&quot;fadeIn&quot;}\" data-widget_type=\"image.default\">\n\t\t\t\t<div class=\"elementor-widget-container\">\n\t\t\t\t\t\t\t\t\t\t\t\t\t\t<a href=\"\/sk\/produkty\/care-water-defense\/\">\n\t\t\t\t\t\t\t<img decoding=\"async\" src=\"https:\/\/carelabdivas.com\/sk\/wp-content\/uploads\/elementor\/thumbs\/care_lab_divas_waters_waters_defense-qios0dhh88j4b3vwrmojzmfrj81tg4onyt9ehq2otw.webp\" title=\"care lab divas waters waters defense\" alt=\"care lab divas waters waters defense\" loading=\"lazy\" \/>\t\t\t\t\t\t\t\t<\/a>\n\t\t\t\t\t\t\t\t\t\t\t\t\t<\/div>\n\t\t\t\t<\/div>\n\t\t\t\t\t<\/div>\n\t\t\t\t<\/div>\n\t\t<div class=\"elementor-element elementor-element-3262166 e-flex e-con-boxed e-con e-child\" data-id=\"3262166\" data-element_type=\"container\">\n\t\t\t\t\t<div class=\"e-con-inner\">\n\t\t\t\t<div class=\"elementor-element elementor-element-33716de elementor-widget__width-auto animated-slow elementor-invisible elementor-widget elementor-widget-global elementor-global-989598 elementor-widget-button\" data-id=\"33716de\" data-element_type=\"widget\" data-settings=\"{&quot;_animation&quot;:&quot;fadeIn&quot;,&quot;_animation_delay&quot;:600,&quot;_animation_tablet&quot;:&quot;none&quot;,&quot;_animation_mobile&quot;:&quot;none&quot;}\" data-widget_type=\"button.default\">\n\t\t\t\t<div class=\"elementor-widget-container\">\n\t\t\t\t\t<div class=\"elementor-button-wrapper\">\n\t\t\t<a class=\"elementor-button elementor-button-link elementor-size-sm\" href=\"\/sk\/produkty\">\n\t\t\t\t\t\t<span class=\"elementor-button-content-wrapper\">\n\t\t\t\t\t\t\t\t\t<span class=\"elementor-button-text\">V\u0161etky produkty<\/span>\n\t\t\t\t\t<\/span>\n\t\t\t\t\t<\/a>\n\t\t<\/div>\n\t\t\t\t<\/div>\n\t\t\t\t<\/div>\n\t\t\t\t<div class=\"elementor-element elementor-element-e77f70a elementor-widget-mobile__width-inherit elementor-invisible elementor-widget elementor-widget-image\" data-id=\"e77f70a\" data-element_type=\"widget\" data-settings=\"{&quot;_animation&quot;:&quot;fadeIn&quot;,&quot;_animation_delay&quot;:200}\" data-widget_type=\"image.default\">\n\t\t\t\t<div class=\"elementor-widget-container\">\n\t\t\t\t\t\t\t\t\t\t\t\t\t\t<a href=\"\/sk\/produkty\/care-water-balance\/\">\n\t\t\t\t\t\t\t<img decoding=\"async\" src=\"https:\/\/carelabdivas.com\/sk\/wp-content\/uploads\/elementor\/thumbs\/care_lab_divas_waters_balance_c-qios08saa2cop22qj2nf55mgkaozdn60a5zz3c9np0.webp\" title=\"care lab divas waters balance c\" alt=\"care lab divas waters balance c\" loading=\"lazy\" \/>\t\t\t\t\t\t\t\t<\/a>\n\t\t\t\t\t\t\t\t\t\t\t\t\t<\/div>\n\t\t\t\t<\/div>\n\t\t\t\t\t<\/div>\n\t\t\t\t<\/div>\n\t\t<div class=\"elementor-element elementor-element-dac20f7 e-flex e-con-boxed e-con e-child\" data-id=\"dac20f7\" data-element_type=\"container\">\n\t\t\t\t\t<div class=\"e-con-inner\">\n\t\t\t\t<div class=\"elementor-element elementor-element-ba139d0 elementor-widget-mobile__width-inherit elementor-invisible elementor-widget elementor-widget-image\" data-id=\"ba139d0\" data-element_type=\"widget\" data-settings=\"{&quot;_animation&quot;:&quot;fadeIn&quot;,&quot;_animation_delay&quot;:400}\" data-widget_type=\"image.default\">\n\t\t\t\t<div class=\"elementor-widget-container\">\n\t\t\t\t\t\t\t\t\t\t\t\t\t\t<a href=\"\/sk\/produkty\/care-water-brain\/\">\n\t\t\t\t\t\t\t<img decoding=\"async\" src=\"https:\/\/carelabdivas.com\/sk\/wp-content\/uploads\/elementor\/thumbs\/care_lab_divas_waters_brain_c-qios08saa2cop22qj2nf55mgkaozdn60a5zz3c9np0.webp\" title=\"care lab divas waters brain c\" alt=\"care lab divas waters brain c\" loading=\"lazy\" \/>\t\t\t\t\t\t\t\t<\/a>\n\t\t\t\t\t\t\t\t\t\t\t\t\t<\/div>\n\t\t\t\t<\/div>\n\t\t\t\t\t<\/div>\n\t\t\t\t<\/div>\n\t\t\t\t\t<\/div>\n\t\t\t\t<\/div>\n\t\t\t\t\t<\/div>\n\t\t\t\t<\/div>\n\t\t\t\t<\/div>\n\t\t","protected":false},"excerpt":{"rendered":"<p>Ochutnaj bublinky, ktor\u00e9 regeneruj\u00fa Wellness Soda, to je komplexn\u00fd wellness pre tvoje telo. Lahodn\u00fd v\u00fd\u017eivov\u00fd doplnok v plechovke je jedn\u00fdm z najkomplexnej\u0161\u00edch drinkov pre celkov\u00fa regener\u00e1ciu organizmu. Dalo by sa poveda\u0165, \u017ee v jednej plechovke n\u00e1jde\u0161 a\u017e 4 v\u00fd\u017eivov\u00e9 doplnky &#8211; veg\u00e1nsky kolag\u00e9n, 74 morsk\u00fdch miner\u00e1lov, koenz\u00fdm Q10 a zmes 6 vitam\u00ednov.&nbsp; Spoznaj nov\u00fa gener\u00e1ciu [&hellip;]<\/p>\n","protected":false},"author":1,"featured_media":987989,"parent":0,"menu_order":0,"comment_status":"closed","ping_status":"closed","template":"","meta":{"_acf_changed":false,"_seopress_robots_primary_cat":"","_seopress_titles_title":"Wellness Soda - drink pre regener\u00e1ciu a kr\u00e1su %%sep%% %%sitetitle%%","_seopress_titles_desc":"Wellness Soda je lahodn\u00fdm v\u00fd\u017eivov\u00fdm doplnkom vo forme drinku, ktor\u00fd prospieva kostiam, k\u013abom, poko\u017eke, vlasom, ale aj imunite \u010di tr\u00e1veniu.","_seopress_robots_index":"","footnotes":""},"class_list":["post-988661","page","type-page","status-publish","has-post-thumbnail","hentry"],"acf":[],"_links":{"self":[{"href":"https:\/\/carelabdivas.com\/sk\/wp-json\/wp\/v2\/pages\/988661"}],"collection":[{"href":"https:\/\/carelabdivas.com\/sk\/wp-json\/wp\/v2\/pages"}],"about":[{"href":"https:\/\/carelabdivas.com\/sk\/wp-json\/wp\/v2\/types\/page"}],"author":[{"embeddable":true,"href":"https:\/\/carelabdivas.com\/sk\/wp-json\/wp\/v2\/users\/1"}],"replies":[{"embeddable":true,"href":"https:\/\/carelabdivas.com\/sk\/wp-json\/wp\/v2\/comments?post=988661"}],"version-history":[{"count":23,"href":"https:\/\/carelabdivas.com\/sk\/wp-json\/wp\/v2\/pages\/988661\/revisions"}],"predecessor-version":[{"id":993369,"href":"https:\/\/carelabdivas.com\/sk\/wp-json\/wp\/v2\/pages\/988661\/revisions\/993369"}],"wp:featuredmedia":[{"embeddable":true,"href":"https:\/\/carelabdivas.com\/sk\/wp-json\/wp\/v2\/media\/987989"}],"wp:attachment":[{"href":"https:\/\/carelabdivas.com\/sk\/wp-json\/wp\/v2\/media?parent=988661"}],"curies":[{"name":"wp","href":"https:\/\/api.w.org\/{rel}","templated":true}]}}