{"id":990470,"date":"2023-10-02T12:01:07","date_gmt":"2023-10-02T10:01:07","guid":{"rendered":"https:\/\/carelabdivas.com\/sk\/?page_id=990470"},"modified":"2025-10-02T17:20:33","modified_gmt":"2025-10-02T15:20:33","slug":"care-shot-2","status":"publish","type":"page","link":"https:\/\/carelabdivas.com\/sk\/care-shot-2\/","title":{"rendered":"Care Shot"},"content":{"rendered":"\t\t<div data-elementor-type=\"wp-page\" data-elementor-id=\"990470\" class=\"elementor elementor-990470\" data-elementor-post-type=\"page\">\n\t\t\t\t<div class=\"elementor-element elementor-element-88ac3d7 e-con-full e-flex e-con e-parent\" data-id=\"88ac3d7\" data-element_type=\"container\" data-settings=\"{&quot;background_background&quot;:&quot;classic&quot;,&quot;background_motion_fx_motion_fx_scrolling&quot;:&quot;yes&quot;,&quot;background_motion_fx_scale_effect&quot;:&quot;yes&quot;,&quot;background_motion_fx_scale_direction&quot;:&quot;out-in&quot;,&quot;background_motion_fx_scale_speed&quot;:{&quot;unit&quot;:&quot;px&quot;,&quot;size&quot;:4,&quot;sizes&quot;:[]},&quot;background_motion_fx_scale_range&quot;:{&quot;unit&quot;:&quot;%&quot;,&quot;size&quot;:&quot;&quot;,&quot;sizes&quot;:{&quot;start&quot;:20,&quot;end&quot;:80}},&quot;background_motion_fx_devices&quot;:[&quot;desktop&quot;,&quot;tablet&quot;,&quot;mobile&quot;]}\">\n\t\t\t\t<\/div>\n\t\t<div class=\"elementor-element elementor-element-61df7f4 e-flex e-con-boxed e-con e-parent\" data-id=\"61df7f4\" data-element_type=\"container\">\n\t\t\t\t\t<div class=\"e-con-inner\">\n\t\t<div class=\"elementor-element elementor-element-9252a77 e-flex e-con-boxed e-con e-child\" data-id=\"9252a77\" data-element_type=\"container\">\n\t\t\t\t\t<div class=\"e-con-inner\">\n\t\t\t\t<div class=\"elementor-element elementor-element-c692ee6 elementor-widget__width-initial elementor-widget-mobile__width-initial elementor-invisible elementor-widget elementor-widget-heading\" data-id=\"c692ee6\" data-element_type=\"widget\" data-settings=\"{&quot;_animation&quot;:&quot;fadeInUp&quot;}\" data-widget_type=\"heading.default\">\n\t\t\t\t<div class=\"elementor-widget-container\">\n\t\t\t<h2 class=\"elementor-heading-title elementor-size-default\">Systematick\u00e1 starostlivos\u0165, ktor\u00e1 pohlt\u00ed zmysly<\/h2>\t\t<\/div>\n\t\t\t\t<\/div>\n\t\t\t\t\t<\/div>\n\t\t\t\t<\/div>\n\t\t<div class=\"elementor-element elementor-element-fe02775 e-flex e-con-boxed e-con e-child\" data-id=\"fe02775\" data-element_type=\"container\">\n\t\t\t\t\t<div class=\"e-con-inner\">\n\t\t\t\t<div class=\"elementor-element elementor-element-30cfc21 elementor-invisible elementor-widget elementor-widget-text-editor\" data-id=\"30cfc21\" data-element_type=\"widget\" data-settings=\"{&quot;_animation&quot;:&quot;fadeIn&quot;,&quot;_animation_delay&quot;:200}\" data-widget_type=\"text-editor.default\">\n\t\t\t\t<div class=\"elementor-widget-container\">\n\t\t\t\t\t\t\t<p>Care Shot prekvap\u00ed zmysly hne\u010f trikr\u00e1t. Po otvoren\u00ed ktorejko\u013evek plechovky z produktov\u00e9ho radu ur\u010den\u00e9ho na systematick\u00fa suplement\u00e1ciu \u0165a najprv o\u010dar\u00ed zamatov\u00e1 konzistencia ovocn\u00e9ho pyr\u00e9. Ke\u010f si privonia\u0161, tvoje \u010duchov\u00e9 zmysly pohlad\u00ed v\u00fdnimo\u010dn\u00e1 ovocn\u00e1 v\u00f4\u0148a s t\u00f3nmi koren\u00edn, byliniek \u010di kvetov. A to najlep\u0161ie na z\u00e1ver. Bohat\u00e1 ovocn\u00e1 chu\u0165 so zvodnou pr\u00edmesou bazov\u00e9ho kvetu, \u0161afranu, jazm\u00ednu \u010di levandule je pre chu\u0165ov\u00e9 bunky nev\u0161edn\u00fdm z\u00e1\u017eitkom, ku ktor\u00e9mu sa bude\u0161 chcie\u0165 vraca\u0165.&nbsp;<\/p>\n<p>Care Shot je dokonalou symf\u00f3niou pre zmysly, ktor\u00e1 je obohaten\u00e1 o&nbsp; akt\u00edvne ingrediencie zameran\u00e9 na podporu imunity, ment\u00e1lneho zdravia \u010di regener\u00e1ciu poko\u017eky. Dopraj si jednu plechovku denne a nechaj sa prekvapi\u0165 v\u00fdsledkami. Care Shot je zdrav\u00fdm denn\u00fdm ritu\u00e1lom, ktor\u00fd sa ned\u00e1 nemilova\u0165.&nbsp;<\/p>\n<p><b>Dostupn\u00e9 u\u017e \u010doskoro.&nbsp;<\/b><\/p>\t\t\t\t\t\t<\/div>\n\t\t\t\t<\/div>\n\t\t\t\t\t<\/div>\n\t\t\t\t<\/div>\n\t\t\t\t\t<\/div>\n\t\t\t\t<\/div>\n\t\t<div class=\"elementor-element elementor-element-3305af4 e-flex e-con-boxed e-con e-parent\" data-id=\"3305af4\" data-element_type=\"container\">\n\t\t\t\t\t<div class=\"e-con-inner\">\n\t\t<div class=\"elementor-element elementor-element-3271c54 e-con-full e-flex e-con e-child\" data-id=\"3271c54\" data-element_type=\"container\" data-settings=\"{&quot;background_background&quot;:&quot;classic&quot;}\">\n\t\t\t\t<div class=\"elementor-element elementor-element-3f70387 elementor-widget__width-initial elementor-invisible elementor-widget elementor-widget-heading\" data-id=\"3f70387\" data-element_type=\"widget\" data-settings=\"{&quot;_animation&quot;:&quot;fadeInUp&quot;}\" data-widget_type=\"heading.default\">\n\t\t\t\t<div class=\"elementor-widget-container\">\n\t\t\t<h3 class=\"elementor-heading-title elementor-size-default\">Care Shot Immuno<\/h3>\t\t<\/div>\n\t\t\t\t<\/div>\n\t\t\t\t<div class=\"elementor-element elementor-element-a683535 elementor-invisible elementor-widget elementor-widget-text-editor\" data-id=\"a683535\" data-element_type=\"widget\" data-settings=\"{&quot;_animation&quot;:&quot;fadeIn&quot;,&quot;_animation_delay&quot;:200}\" data-widget_type=\"text-editor.default\">\n\t\t\t\t<div class=\"elementor-widget-container\">\n\t\t\t\t\t\t\t<p>Sp\u00f4sobov, <b>ako posilni\u0165 imunitu<\/b>, je viacero, ale garantujeme ti, \u017ee ani jeden z\u00a0nich nie je tak lahodn\u00fd a\u00a0pr\u00edjemn\u00fd ako Care Shot IMMUNO.<\/p><p>\u00a0Pr\u00e9miov\u00fd funk\u010dn\u00fd drink ti d\u00e1va mo\u017enos\u0165 ponori\u0165 sa do lahodnej chuti ovocn\u00e9ho pyr\u00e9, ktor\u00e9 harmonicky spolupracuje so siedmimi vedecky overen\u00fdmi zlo\u017ekami na podporu tvojho celkov\u00e9ho zdravia a\u00a0imunity.<\/p><p>Postbiotikum IMMUSE\u00ae, ovsen\u00e1 vl\u00e1knina betagluk\u00e1n, vitam\u00edny C, D3, K2, zinok a\u00a0sel\u00e9n s\u00fa du\u0161ou Care Shot IMMUNO, zatia\u013e \u010do jeho srdce tvor\u00ed luxusn\u00e1 zamatov\u00e1 konzistencia a\u00a0podmaniv\u00e1 ovocn\u00e1 chu\u0165, ktorej nebude\u0161 vedie\u0165 odola\u0165. Cesta k\u00a0silnej\u0161ej obranyschopnosti nemus\u00ed pozost\u00e1va\u0165 z mno\u017estva tabletiek. M\u00f4\u017ee vyzera\u0165 aj ako lahodn\u00fd drink, na ktor\u00fd sa bude\u0161 te\u0161i\u0165.\u00a0<\/p><p>Care Shot IMMUNO m\u00f4\u017ee\u0161 ok\u00fasi\u0165 v\u00a0pr\u00edchuti Malina &amp; Ostru\u017eina &amp; Jazm\u00edn alebo Mango &amp; Mandar\u00ednka &amp; Z\u00e1zvor.<\/p>\t\t\t\t\t\t<\/div>\n\t\t\t\t<\/div>\n\t\t\t\t<\/div>\n\t\t<div class=\"elementor-element elementor-element-dc5572b e-con-full e-flex e-con e-child\" data-id=\"dc5572b\" data-element_type=\"container\">\n\t\t\t\t<div class=\"elementor-element elementor-element-1d5c47c elementor-invisible elementor-widget elementor-widget-image\" data-id=\"1d5c47c\" data-element_type=\"widget\" data-settings=\"{&quot;_animation&quot;:&quot;fadeInRight&quot;}\" data-widget_type=\"image.default\">\n\t\t\t\t<div class=\"elementor-widget-container\">\n\t\t\t\t\t\t\t\t\t\t\t\t\t<img decoding=\"async\" src=\"https:\/\/carelabdivas.com\/sk\/wp-content\/uploads\/elementor\/thumbs\/care-shot-immuno-web-rcmcgrdxs97ha9qjh7pzoyfwdw26qbz8jx2dp90h58.png\" title=\"care shot immuno web\" alt=\"care shot immuno web\" loading=\"lazy\" \/>\t\t\t\t\t\t\t\t\t\t\t\t\t<\/div>\n\t\t\t\t<\/div>\n\t\t\t\t<\/div>\n\t\t\t\t\t<\/div>\n\t\t\t\t<\/div>\n\t\t<div class=\"elementor-element elementor-element-3df8761 e-flex e-con-boxed e-con e-parent\" data-id=\"3df8761\" data-element_type=\"container\">\n\t\t\t\t\t<div class=\"e-con-inner\">\n\t\t<div class=\"elementor-element elementor-element-d462a98 e-con-full e-flex e-con e-child\" data-id=\"d462a98\" data-element_type=\"container\">\n\t\t\t\t<div class=\"elementor-element elementor-element-8e71dac elementor-invisible elementor-widget elementor-widget-image\" data-id=\"8e71dac\" data-element_type=\"widget\" data-settings=\"{&quot;_animation&quot;:&quot;fadeInLeft&quot;}\" data-widget_type=\"image.default\">\n\t\t\t\t<div class=\"elementor-widget-container\">\n\t\t\t\t\t\t\t\t\t\t\t\t\t<img decoding=\"async\" src=\"https:\/\/carelabdivas.com\/sk\/wp-content\/uploads\/elementor\/thumbs\/care-shot-calm-rcmchb4jrryi22xv9y95nbgkuzcw7z5lmmrks277ik.png\" title=\"care shot calm\" alt=\"care shot calm\" loading=\"lazy\" \/>\t\t\t\t\t\t\t\t\t\t\t\t\t<\/div>\n\t\t\t\t<\/div>\n\t\t\t\t<\/div>\n\t\t<div class=\"elementor-element elementor-element-94e3919 e-con-full e-flex e-con e-child\" data-id=\"94e3919\" data-element_type=\"container\" data-settings=\"{&quot;background_background&quot;:&quot;classic&quot;}\">\n\t\t\t\t<div class=\"elementor-element elementor-element-f3a685d elementor-invisible elementor-widget elementor-widget-heading\" data-id=\"f3a685d\" data-element_type=\"widget\" data-settings=\"{&quot;_animation&quot;:&quot;fadeInUp&quot;}\" data-widget_type=\"heading.default\">\n\t\t\t\t<div class=\"elementor-widget-container\">\n\t\t\t<h3 class=\"elementor-heading-title elementor-size-default\">Care Shot Calm<\/h3>\t\t<\/div>\n\t\t\t\t<\/div>\n\t\t\t\t<div class=\"elementor-element elementor-element-e26d4f0 elementor-invisible elementor-widget elementor-widget-text-editor\" data-id=\"e26d4f0\" data-element_type=\"widget\" data-settings=\"{&quot;_animation&quot;:&quot;fadeIn&quot;,&quot;_animation_delay&quot;:200}\" data-widget_type=\"text-editor.default\">\n\t\t\t\t<div class=\"elementor-widget-container\">\n\t\t\t\t\t\t\t<p>V na\u0161ich upon\u00e1h\u013ean\u00fdch a \u010dasto stresuj\u00facich \u017eivotoch nesmieme podce\u0148ova\u0165 tie kr\u00e1tke chv\u00edle, kedy m\u00e1me \u010das len sami pre seba. Care Shot CALM ti na to d\u00e1va perfektn\u00fa pr\u00edle\u017eitos\u0165. Starostlivo zvolen\u00e1 zmes klinicky overen\u00fdch l\u00e1tok, ako s\u00fa Cognizin\u00ae Citicoline, L-tryptof\u00e1n, extrakt z rozchodnice ru\u017eovej a glyc\u00edn z neho rob\u00ed ide\u00e1lneho partnera na \u00fa\u013eavu od stresu a pokojn\u00fa relax\u00e1ciu.<\/p><p>Benefity akt\u00edvnych l\u00e1tok sa prirodzene mie\u0161aj\u00fa s upokojuj\u00facimi \u00fa\u010dinkami ovocn\u00e9ho pyr\u00e9 a z Care Shot CALM sa st\u00e1va lahodn\u00fd drink, ktor\u00fd te\u0161\u00ed nielen tvoje chu\u0165ov\u00e9 a \u010duchov\u00e9 zmysly, ale aj ment\u00e1lne zdravie a pohodu. Vychutnaj si ho v pr\u00edchuti: \u010cu\u010doriedka &amp; \u010cierne r\u00edbezle &amp; Levandu\u013ea.<\/p>\t\t\t\t\t\t<\/div>\n\t\t\t\t<\/div>\n\t\t\t\t<\/div>\n\t\t\t\t\t<\/div>\n\t\t\t\t<\/div>\n\t\t<div class=\"elementor-element elementor-element-3d22fc0 e-flex e-con-boxed e-con e-parent\" data-id=\"3d22fc0\" data-element_type=\"container\">\n\t\t\t\t\t<div class=\"e-con-inner\">\n\t\t<div class=\"elementor-element elementor-element-5de65c6 e-con-full e-flex e-con e-child\" data-id=\"5de65c6\" data-element_type=\"container\" data-settings=\"{&quot;background_background&quot;:&quot;classic&quot;}\">\n\t\t\t\t<div class=\"elementor-element elementor-element-cfd55a3 elementor-invisible elementor-widget elementor-widget-heading\" data-id=\"cfd55a3\" data-element_type=\"widget\" data-settings=\"{&quot;_animation&quot;:&quot;fadeInUp&quot;}\" data-widget_type=\"heading.default\">\n\t\t\t\t<div class=\"elementor-widget-container\">\n\t\t\t<h3 class=\"elementor-heading-title elementor-size-default\">Care Shot Skin<\/h3>\t\t<\/div>\n\t\t\t\t<\/div>\n\t\t\t\t<div class=\"elementor-element elementor-element-ff7436d elementor-invisible elementor-widget elementor-widget-text-editor\" data-id=\"ff7436d\" data-element_type=\"widget\" data-settings=\"{&quot;_animation&quot;:&quot;fadeIn&quot;,&quot;_animation_delay&quot;:200}\" data-widget_type=\"text-editor.default\">\n\t\t\t\t<div class=\"elementor-widget-container\">\n\t\t\t\t\t\t\t<p>Skuto\u010dn\u00e1 kr\u00e1sa vych\u00e1dza zvn\u00fatra. Ak s\u00a0t\u00fdm s\u00fahlas\u00ed\u0161, Care Shot SKIN bol vytvoren\u00fd presne pre teba. N\u00e1\u0161 t\u00edm odborn\u00edkov do\u0148 starostlivo vyberal ingrediencie tak, aby ti Care Shot SKIN pomohol k\u00a0\u017eiarivej a\u00a0vit\u00e1lnej pleti, zlep\u0161il jej \u0161trukt\u00faru aj\u00a0ochrann\u00e9 vlastnosti. Preto v\u00a0jeho zlo\u017een\u00ed n\u00e1jde\u0161 tie najzvu\u010dnej\u0161ie men\u00e1 z\u00a0oblasti kr\u00e1sy a\u00a0v\u00fd\u017eivy pleti, ako s\u00fa kolag\u00e9n, elast\u00edn, kyselina hyalur\u00f3nov\u00e1 a\u00a0vitam\u00edn C.<\/p><p>Vyu\u017ei silu vedecky overen\u00fdch ingredienci\u00ed v\u00a0spojen\u00ed s\u00a0prirodzen\u00fdmi benefitmi ovocia a\u00a0z\u00edskaj ple\u0165, po akej t\u00fa\u017ei\u0161. Care Shot SKIN si \u0165a z\u00edska nielen svojimi pozit\u00edvnymi \u00fa\u010dinkami, ale aj n\u00e1dhernou ovocnou chu\u0165ou a\u00a0neodolate\u013enou kvetinovou v\u00f4\u0148ou. Na v\u00fdber m\u00e1\u0161 z\u00a0dvoch zvodn\u00fdch variantov, a\u00a0to \u010cere\u0161\u0148a &amp; Ru\u017eov\u00e1 guava &amp; \u010cere\u0161\u0148ov\u00fd kvet alebo Marhu\u013ea &amp; Mu\u010denka &amp; Bazov\u00fd kvet.<\/p>\t\t\t\t\t\t<\/div>\n\t\t\t\t<\/div>\n\t\t\t\t<\/div>\n\t\t<div class=\"elementor-element elementor-element-63c2af8 e-con-full e-flex e-con e-child\" data-id=\"63c2af8\" data-element_type=\"container\">\n\t\t\t\t<div class=\"elementor-element elementor-element-23333e3 elementor-invisible elementor-widget elementor-widget-image\" data-id=\"23333e3\" data-element_type=\"widget\" data-settings=\"{&quot;_animation&quot;:&quot;fadeInRight&quot;}\" data-widget_type=\"image.default\">\n\t\t\t\t<div class=\"elementor-widget-container\">\n\t\t\t\t\t\t\t\t\t\t\t\t\t<img decoding=\"async\" src=\"https:\/\/carelabdivas.com\/sk\/wp-content\/uploads\/elementor\/thumbs\/care-shot-skin-rcmcuaac4fq0ca3ai26qkjko3hebhjo72uzwakyjm4.png\" title=\"care shot skin\" alt=\"care shot skin\" loading=\"lazy\" \/>\t\t\t\t\t\t\t\t\t\t\t\t\t<\/div>\n\t\t\t\t<\/div>\n\t\t\t\t<\/div>\n\t\t\t\t\t<\/div>\n\t\t\t\t<\/div>\n\t\t<div class=\"elementor-element elementor-element-79ffb2a e-flex e-con-boxed e-con e-parent\" data-id=\"79ffb2a\" data-element_type=\"container\">\n\t\t\t\t\t<div class=\"e-con-inner\">\n\t\t\t\t<div class=\"elementor-element elementor-element-8074a7e elementor-invisible elementor-widget elementor-widget-heading\" data-id=\"8074a7e\" data-element_type=\"widget\" data-settings=\"{&quot;_animation&quot;:&quot;fadeInUp&quot;,&quot;motion_fx_motion_fx_scrolling&quot;:&quot;yes&quot;,&quot;motion_fx_translateY_effect&quot;:&quot;yes&quot;,&quot;motion_fx_translateY_speed&quot;:{&quot;unit&quot;:&quot;px&quot;,&quot;size&quot;:1,&quot;sizes&quot;:[]},&quot;motion_fx_translateY_affectedRange&quot;:{&quot;unit&quot;:&quot;%&quot;,&quot;size&quot;:&quot;&quot;,&quot;sizes&quot;:{&quot;start&quot;:0,&quot;end&quot;:100}},&quot;motion_fx_devices&quot;:[&quot;desktop&quot;,&quot;tablet&quot;,&quot;mobile&quot;]}\" data-widget_type=\"heading.default\">\n\t\t\t\t<div class=\"elementor-widget-container\">\n\t\t\t<h2 class=\"elementor-heading-title elementor-size-default\">Objav \u010fal\u0161ie produkty<\/h2>\t\t<\/div>\n\t\t\t\t<\/div>\n\t\t<div class=\"elementor-element elementor-element-651b213 e-flex e-con-boxed e-con e-child\" data-id=\"651b213\" data-element_type=\"container\">\n\t\t\t\t\t<div class=\"e-con-inner\">\n\t\t<div class=\"elementor-element elementor-element-8b97cad e-flex e-con-boxed e-con e-child\" data-id=\"8b97cad\" data-element_type=\"container\">\n\t\t\t\t\t<div class=\"e-con-inner\">\n\t\t\t\t<div class=\"elementor-element elementor-element-169d73f elementor-widget-mobile__width-inherit elementor-invisible elementor-widget elementor-widget-image\" data-id=\"169d73f\" data-element_type=\"widget\" data-settings=\"{&quot;_animation&quot;:&quot;fadeIn&quot;}\" data-widget_type=\"image.default\">\n\t\t\t\t<div class=\"elementor-widget-container\">\n\t\t\t\t\t\t\t\t\t\t\t\t\t\t<a href=\"\/sk\/produkty\/care-bubbles-visna-a-ruza\/\">\n\t\t\t\t\t\t\t<img decoding=\"async\" src=\"https:\/\/carelabdivas.com\/sk\/wp-content\/uploads\/elementor\/thumbs\/care_lab_divas_bubbles_waters_sour_cherry_c-qios0433bw69309kaimaaot5ldc5b5ncliqjoygmk4.webp\" title=\"care lab divas bubbles waters sour cherry c\" alt=\"care lab divas bubbles waters sour cherry c\" loading=\"lazy\" \/>\t\t\t\t\t\t\t\t<\/a>\n\t\t\t\t\t\t\t\t\t\t\t\t\t<\/div>\n\t\t\t\t<\/div>\n\t\t\t\t\t<\/div>\n\t\t\t\t<\/div>\n\t\t<div class=\"elementor-element elementor-element-3adda34 e-flex e-con-boxed e-con e-child\" data-id=\"3adda34\" data-element_type=\"container\">\n\t\t\t\t\t<div class=\"e-con-inner\">\n\t\t\t\t<div class=\"elementor-element elementor-element-b240ed3 elementor-widget__width-auto animated-slow elementor-invisible elementor-widget elementor-widget-global elementor-global-989598 elementor-widget-button\" data-id=\"b240ed3\" data-element_type=\"widget\" data-settings=\"{&quot;_animation&quot;:&quot;fadeIn&quot;,&quot;_animation_delay&quot;:600,&quot;_animation_tablet&quot;:&quot;none&quot;,&quot;_animation_mobile&quot;:&quot;none&quot;}\" data-widget_type=\"button.default\">\n\t\t\t\t<div class=\"elementor-widget-container\">\n\t\t\t\t\t<div class=\"elementor-button-wrapper\">\n\t\t\t<a class=\"elementor-button elementor-button-link elementor-size-sm\" href=\"\/sk\/produkty\">\n\t\t\t\t\t\t<span class=\"elementor-button-content-wrapper\">\n\t\t\t\t\t\t\t\t\t<span class=\"elementor-button-text\">V\u0161etky produkty<\/span>\n\t\t\t\t\t<\/span>\n\t\t\t\t\t<\/a>\n\t\t<\/div>\n\t\t\t\t<\/div>\n\t\t\t\t<\/div>\n\t\t\t\t<div class=\"elementor-element elementor-element-c3052c9 elementor-widget-mobile__width-inherit elementor-invisible elementor-widget elementor-widget-image\" data-id=\"c3052c9\" data-element_type=\"widget\" data-settings=\"{&quot;_animation&quot;:&quot;fadeIn&quot;,&quot;_animation_delay&quot;:200}\" data-widget_type=\"image.default\">\n\t\t\t\t<div class=\"elementor-widget-container\">\n\t\t\t\t\t\t\t\t\t\t\t\t\t\t<a href=\"\/sk\/produkty\/care-bubbles-grapefruit-a-ibistek\/\">\n\t\t\t\t\t\t\t<img decoding=\"async\" src=\"https:\/\/carelabdivas.com\/sk\/wp-content\/uploads\/elementor\/thumbs\/care_lab_divas_bubbles_grapefruit_hibiscus_c-qios0359524yreaxg07nq71ozzgs3gjm9e327oi0qc.webp\" title=\"care lab divas bubbles grapefruit hibiscus c\" alt=\"care lab divas bubbles grapefruit hibiscus c\" loading=\"lazy\" \/>\t\t\t\t\t\t\t\t<\/a>\n\t\t\t\t\t\t\t\t\t\t\t\t\t<\/div>\n\t\t\t\t<\/div>\n\t\t\t\t\t<\/div>\n\t\t\t\t<\/div>\n\t\t<div class=\"elementor-element elementor-element-90e0dfc e-flex e-con-boxed e-con e-child\" data-id=\"90e0dfc\" data-element_type=\"container\">\n\t\t\t\t\t<div class=\"e-con-inner\">\n\t\t\t\t<div class=\"elementor-element elementor-element-850e21a elementor-widget-mobile__width-inherit elementor-invisible elementor-widget elementor-widget-image\" data-id=\"850e21a\" data-element_type=\"widget\" data-settings=\"{&quot;_animation&quot;:&quot;fadeIn&quot;,&quot;_animation_delay&quot;:400}\" data-widget_type=\"image.default\">\n\t\t\t\t<div class=\"elementor-widget-container\">\n\t\t\t\t\t\t\t\t\t\t\t\t\t\t<a href=\"https:\/\/carelabdivas.com\/sk\/produkty\/care-bubbles-jasmin\/\">\n\t\t\t\t\t\t\t<img decoding=\"async\" src=\"https:\/\/carelabdivas.com\/sk\/wp-content\/uploads\/elementor\/thumbs\/bergamot_care-bubbles-scaled-qqi7bg3se8ebhtgotwwd50lvyaqdy7vra7qn0xlwdw.webp\" title=\"care bubbles jasm\u00ed\u00adn\" alt=\"care bubbles jasm\u00ed\u00adn\" loading=\"lazy\" \/>\t\t\t\t\t\t\t\t<\/a>\n\t\t\t\t\t\t\t\t\t\t\t\t\t<\/div>\n\t\t\t\t<\/div>\n\t\t\t\t\t<\/div>\n\t\t\t\t<\/div>\n\t\t\t\t\t<\/div>\n\t\t\t\t<\/div>\n\t\t\t\t\t<\/div>\n\t\t\t\t<\/div>\n\t\t\t\t<\/div>\n\t\t","protected":false},"excerpt":{"rendered":"<p>Systematick\u00e1 starostlivos\u0165, ktor\u00e1 pohlt\u00ed zmysly Care Shot prekvap\u00ed zmysly hne\u010f trikr\u00e1t. Po otvoren\u00ed ktorejko\u013evek plechovky z produktov\u00e9ho radu ur\u010den\u00e9ho na systematick\u00fa suplement\u00e1ciu \u0165a najprv o\u010dar\u00ed zamatov\u00e1 konzistencia ovocn\u00e9ho pyr\u00e9. Ke\u010f si privonia\u0161, tvoje \u010duchov\u00e9 zmysly pohlad\u00ed v\u00fdnimo\u010dn\u00e1 ovocn\u00e1 v\u00f4\u0148a s t\u00f3nmi koren\u00edn, byliniek \u010di kvetov. A to najlep\u0161ie na z\u00e1ver. Bohat\u00e1 ovocn\u00e1 chu\u0165 so zvodnou [&hellip;]<\/p>\n","protected":false},"author":1,"featured_media":0,"parent":0,"menu_order":0,"comment_status":"closed","ping_status":"closed","template":"","meta":{"_acf_changed":false,"_seopress_robots_primary_cat":"","_seopress_titles_title":"Care Shot - systematick\u00e1 starostlivos\u0165 %%sep%% %%sitetitle%%","_seopress_titles_desc":"Na\u0161tartuj svoju imunitu, pom\u00f4\u017e ment\u00e1lnej pohode \u010di regeneruj ple\u0165. Ochutnaj silu podmaniv\u00fdch funk\u010dn\u00fdch drinkov - Care Shot.","_seopress_robots_index":"","footnotes":""},"class_list":["post-990470","page","type-page","status-publish","hentry"],"acf":[],"_links":{"self":[{"href":"https:\/\/carelabdivas.com\/sk\/wp-json\/wp\/v2\/pages\/990470"}],"collection":[{"href":"https:\/\/carelabdivas.com\/sk\/wp-json\/wp\/v2\/pages"}],"about":[{"href":"https:\/\/carelabdivas.com\/sk\/wp-json\/wp\/v2\/types\/page"}],"author":[{"embeddable":true,"href":"https:\/\/carelabdivas.com\/sk\/wp-json\/wp\/v2\/users\/1"}],"replies":[{"embeddable":true,"href":"https:\/\/carelabdivas.com\/sk\/wp-json\/wp\/v2\/comments?post=990470"}],"version-history":[{"count":21,"href":"https:\/\/carelabdivas.com\/sk\/wp-json\/wp\/v2\/pages\/990470\/revisions"}],"predecessor-version":[{"id":993368,"href":"https:\/\/carelabdivas.com\/sk\/wp-json\/wp\/v2\/pages\/990470\/revisions\/993368"}],"wp:attachment":[{"href":"https:\/\/carelabdivas.com\/sk\/wp-json\/wp\/v2\/media?parent=990470"}],"curies":[{"name":"wp","href":"https:\/\/api.w.org\/{rel}","templated":true}]}}