{"id":990478,"date":"2023-10-02T12:04:38","date_gmt":"2023-10-02T10:04:38","guid":{"rendered":"https:\/\/carelabdivas.com\/sk\/?page_id=990478"},"modified":"2025-10-02T13:37:38","modified_gmt":"2025-10-02T11:37:38","slug":"care-bar","status":"publish","type":"page","link":"https:\/\/carelabdivas.com\/sk\/care-bar\/","title":{"rendered":"Care Bar"},"content":{"rendered":"\t\t<div data-elementor-type=\"wp-page\" data-elementor-id=\"990478\" class=\"elementor elementor-990478\" data-elementor-post-type=\"page\">\n\t\t\t\t<div class=\"elementor-element elementor-element-5b6c169 e-con-full e-flex e-con e-parent\" data-id=\"5b6c169\" data-element_type=\"container\" data-settings=\"{&quot;background_background&quot;:&quot;classic&quot;,&quot;background_motion_fx_motion_fx_scrolling&quot;:&quot;yes&quot;,&quot;background_motion_fx_scale_effect&quot;:&quot;yes&quot;,&quot;background_motion_fx_scale_direction&quot;:&quot;out-in&quot;,&quot;background_motion_fx_scale_speed&quot;:{&quot;unit&quot;:&quot;px&quot;,&quot;size&quot;:4,&quot;sizes&quot;:[]},&quot;background_motion_fx_scale_range&quot;:{&quot;unit&quot;:&quot;%&quot;,&quot;size&quot;:&quot;&quot;,&quot;sizes&quot;:{&quot;start&quot;:20,&quot;end&quot;:80}},&quot;background_motion_fx_devices&quot;:[&quot;desktop&quot;,&quot;tablet&quot;,&quot;mobile&quot;]}\">\n\t\t\t\t<\/div>\n\t\t<div class=\"elementor-element elementor-element-405ba00 e-flex e-con-boxed e-con e-parent\" data-id=\"405ba00\" data-element_type=\"container\">\n\t\t\t\t\t<div class=\"e-con-inner\">\n\t\t<div class=\"elementor-element elementor-element-83cd8bb e-flex e-con-boxed e-con e-child\" data-id=\"83cd8bb\" data-element_type=\"container\">\n\t\t\t\t\t<div class=\"e-con-inner\">\n\t\t\t\t<div class=\"elementor-element elementor-element-5275bd2 elementor-widget__width-initial elementor-widget-mobile__width-initial elementor-invisible elementor-widget elementor-widget-heading\" data-id=\"5275bd2\" data-element_type=\"widget\" data-settings=\"{&quot;_animation&quot;:&quot;fadeInUp&quot;}\" data-widget_type=\"heading.default\">\n\t\t\t\t<div class=\"elementor-widget-container\">\n\t\t\t<h2 class=\"elementor-heading-title elementor-size-default\">Lahodn\u00fd v\u00fd\u017eivov\u00fd doplnok novej gener\u00e1cie<\/h2>\t\t<\/div>\n\t\t\t\t<\/div>\n\t\t\t\t\t<\/div>\n\t\t\t\t<\/div>\n\t\t<div class=\"elementor-element elementor-element-ad1f68f e-flex e-con-boxed e-con e-child\" data-id=\"ad1f68f\" data-element_type=\"container\">\n\t\t\t\t\t<div class=\"e-con-inner\">\n\t\t\t\t<div class=\"elementor-element elementor-element-2d7417a elementor-invisible elementor-widget elementor-widget-text-editor\" data-id=\"2d7417a\" data-element_type=\"widget\" data-settings=\"{&quot;_animation&quot;:&quot;fadeIn&quot;,&quot;_animation_delay&quot;:200}\" data-widget_type=\"text-editor.default\">\n\t\t\t\t<div class=\"elementor-widget-container\">\n\t\t\t\t\t\t\t<p>Doplnok v\u00fd\u017eivy, ktor\u00fd chut\u00ed ako ma\u0161krta? Zabudni na nudn\u00e9 tabletky \u010di pr\u00e1\u0161ky. Ty\u010dinky Care Bar predstavuj\u00fa <strong>v\u00fd\u017eivov\u00fd doplnok novej gener\u00e1cie<\/strong>, ktor\u00fd v sebe sp\u00e1ja chu\u0165 aj \u00fa\u010dinnos\u0165.\u00a0<\/p><p>\u010ci u\u017e potrebuje\u0161 nakopn\u00fa\u0165 <strong>s\u00fastredenie, podpori\u0165 imunitu alebo \u0165a tr\u00e1pi boles\u0165 k\u013abov<\/strong> \u010di probl\u00e9my s pohybom, u n\u00e1s si vyberie\u0161. Ty\u010dinky Care Bar obsahuj\u00fa len klinicky overen\u00e9 l\u00e1tky, ktor\u00fdch \u00fa\u010dinky boli dok\u00e1zan\u00e9 mno\u017estvom \u0161t\u00fadi\u00ed.<\/p><p>Tak, ako je d\u00f4le\u017eit\u00e1 \u00fa\u010dinnos\u0165 na\u0161ich ty\u010diniek, je v\u0161ak pre n\u00e1s podstatn\u00e1 aj ich chu\u0165. Ka\u017ed\u00fa ty\u010dinku tvoria lahodn\u00e9 vrstvy bezlepkov\u00fdch ovsen\u00fdch vlo\u010diek, ke\u0161u pasty, prav\u00e9ho ovocn\u00e9ho d\u017eemu bez ak\u00e9hoko\u013evek balastu a pr\u00e9miovej \u010dokol\u00e1dy.\u00a0<\/p><p>Ochutnaj <strong>prv\u00fa funk\u010dn\u00fa ty\u010dinku s prav\u00fdm d\u017eemom a klinicky overen\u00fdmi l\u00e1tkami<\/strong> a k tabletk\u00e1m sa u\u017e nikdy nevr\u00e1ti\u0161.<\/p>\t\t\t\t\t\t<\/div>\n\t\t\t\t<\/div>\n\t\t\t\t\t<\/div>\n\t\t\t\t<\/div>\n\t\t\t\t\t<\/div>\n\t\t\t\t<\/div>\n\t\t<div class=\"elementor-element elementor-element-d1a06ac e-flex e-con-boxed e-con e-parent\" data-id=\"d1a06ac\" data-element_type=\"container\">\n\t\t\t\t\t<div class=\"e-con-inner\">\n\t\t<div class=\"elementor-element elementor-element-6e4bc04 e-con-full e-flex e-con e-child\" data-id=\"6e4bc04\" data-element_type=\"container\" data-settings=\"{&quot;background_background&quot;:&quot;classic&quot;}\">\n\t\t\t\t<div class=\"elementor-element elementor-element-c1a8bef elementor-invisible elementor-widget elementor-widget-heading\" data-id=\"c1a8bef\" data-element_type=\"widget\" data-settings=\"{&quot;_animation&quot;:&quot;fadeInUp&quot;}\" data-widget_type=\"heading.default\">\n\t\t\t\t<div class=\"elementor-widget-container\">\n\t\t\t<h3 class=\"elementor-heading-title elementor-size-default\">Care Bar NEURIQ<\/h3>\t\t<\/div>\n\t\t\t\t<\/div>\n\t\t\t\t<div class=\"elementor-element elementor-element-4fa409c elementor-invisible elementor-widget elementor-widget-text-editor\" data-id=\"4fa409c\" data-element_type=\"widget\" data-settings=\"{&quot;_animation&quot;:&quot;fadeIn&quot;,&quot;_animation_delay&quot;:200}\" data-widget_type=\"text-editor.default\">\n\t\t\t\t<div class=\"elementor-widget-container\">\n\t\t\t\t\t\t\t<p>Funk\u010dn\u00e1 ty\u010dinka Care Bar NEURIQ obsahuje unik\u00e1tnu zmes akt\u00edvnych l\u00e1tok, ktor\u00e9 dok\u00e1zate\u013ene prospievaj\u00fa pam\u00e4ti, s\u00fastredeniu \u010di pozornosti. V\u00fdnimo\u010dn\u00e9 ingrediencie nielen\u017ee prospievaj\u00fa celkov\u00e9mu mozgov\u00e9mu v\u00fdkonu, ale dokonca m\u00f4\u017eu pom\u00f4c\u0165 zmierni\u0165 z\u00e1budlivos\u0165, ktor\u00e1 je prirodzene spojen\u00e1 so zvy\u0161uj\u00facim sa vekom.<\/p><p>Dokonal\u00e1 f\u00fazia d\u017eemu z\u00a0\u010diernych r\u00edbezl\u00ed, levandule a pr\u00e9miovej horkej \u010dokol\u00e1dy predstavuje z\u00e1\u017eitok, ktor\u00fd si tvoje chu\u0165ov\u00e9 bunky bud\u00fa chcie\u0165 zopakova\u0165.<\/p>\t\t\t\t\t\t<\/div>\n\t\t\t\t<\/div>\n\t\t\t\t<\/div>\n\t\t<div class=\"elementor-element elementor-element-91b292f e-con-full e-flex e-con e-child\" data-id=\"91b292f\" data-element_type=\"container\">\n\t\t\t\t<div class=\"elementor-element elementor-element-05d3e46 elementor-invisible elementor-widget elementor-widget-image\" data-id=\"05d3e46\" data-element_type=\"widget\" data-settings=\"{&quot;_animation&quot;:&quot;fadeInRight&quot;}\" data-widget_type=\"image.default\">\n\t\t\t\t<div class=\"elementor-widget-container\">\n\t\t\t\t\t\t\t\t\t\t\t\t\t<img decoding=\"async\" src=\"https:\/\/carelabdivas.com\/sk\/wp-content\/uploads\/elementor\/thumbs\/care-bar-neuriq-web-rcm336mlb939nu33osmhpn5c35xlbmtmh2hnyrjhsc.png\" title=\"care bar neuriq\" alt=\"care bar neuriq\" loading=\"lazy\" \/>\t\t\t\t\t\t\t\t\t\t\t\t\t<\/div>\n\t\t\t\t<\/div>\n\t\t\t\t<\/div>\n\t\t\t\t\t<\/div>\n\t\t\t\t<\/div>\n\t\t<div class=\"elementor-element elementor-element-c6c7e56 e-flex e-con-boxed e-con e-parent\" data-id=\"c6c7e56\" data-element_type=\"container\">\n\t\t\t\t\t<div class=\"e-con-inner\">\n\t\t<div class=\"elementor-element elementor-element-b0da980 e-con-full e-flex e-con e-child\" data-id=\"b0da980\" data-element_type=\"container\">\n\t\t\t\t<div class=\"elementor-element elementor-element-24a19aa elementor-invisible elementor-widget elementor-widget-image\" data-id=\"24a19aa\" data-element_type=\"widget\" data-settings=\"{&quot;_animation&quot;:&quot;fadeInLeft&quot;}\" data-widget_type=\"image.default\">\n\t\t\t\t<div class=\"elementor-widget-container\">\n\t\t\t\t\t\t\t\t\t\t\t\t\t<img decoding=\"async\" src=\"https:\/\/carelabdivas.com\/sk\/wp-content\/uploads\/elementor\/thumbs\/care-bar-regeneriq-web-rcm3235dc7l847og3bk5sx3z4zc6ccgwbn39t5611o.png\" title=\"care bar regeneriq\" alt=\"care bar regeneriq\" loading=\"lazy\" \/>\t\t\t\t\t\t\t\t\t\t\t\t\t<\/div>\n\t\t\t\t<\/div>\n\t\t\t\t<\/div>\n\t\t<div class=\"elementor-element elementor-element-47904da e-con-full e-flex e-con e-child\" data-id=\"47904da\" data-element_type=\"container\" data-settings=\"{&quot;background_background&quot;:&quot;classic&quot;}\">\n\t\t\t\t<div class=\"elementor-element elementor-element-6436940 elementor-invisible elementor-widget elementor-widget-heading\" data-id=\"6436940\" data-element_type=\"widget\" data-settings=\"{&quot;_animation&quot;:&quot;fadeInUp&quot;}\" data-widget_type=\"heading.default\">\n\t\t\t\t<div class=\"elementor-widget-container\">\n\t\t\t<h3 class=\"elementor-heading-title elementor-size-default\">Care Bar REGENERIQ<\/h3>\t\t<\/div>\n\t\t\t\t<\/div>\n\t\t\t\t<div class=\"elementor-element elementor-element-ff2f35b elementor-invisible elementor-widget elementor-widget-text-editor\" data-id=\"ff2f35b\" data-element_type=\"widget\" data-settings=\"{&quot;_animation&quot;:&quot;fadeIn&quot;,&quot;_animation_delay&quot;:200}\" data-widget_type=\"text-editor.default\">\n\t\t\t\t<div class=\"elementor-widget-container\">\n\t\t\t\t\t\t\t<p>Pom\u00f4\u017e svojim kostiam, k\u013abom a regener\u00e1cii v\u00a0tej najchutnej\u0161ej forme. V\u00fdi\u017evov\u00fd doplnok v ty\u010dinke, Care Bar REGENERIQ, obsahuje kolag\u00e9n typu II, morsk\u00e9 miner\u00e1ly a vitam\u00edn K2, \u010do je ide\u00e1lne kombo pre bezbolestn\u00fd pohyb, regener\u00e1ciu tela po n\u00e1mahe \u010di vitalitu aj v neskor\u0161om veku.\u00a0<\/p><p>A garantujeme ti, \u017ee podmaniv\u00e1 symf\u00f3nia malinov\u00e9ho d\u017eemu, \u010dere\u0161\u0148ov\u00e9ho kvetu a bielej \u010dokol\u00e1dy \u0165a opant\u00e1 rovnako ako benefity, ktor\u00e9 ti t\u00e1to lah\u00f4dka prin\u00e1\u0161a.<\/p>\t\t\t\t\t\t<\/div>\n\t\t\t\t<\/div>\n\t\t\t\t<\/div>\n\t\t\t\t\t<\/div>\n\t\t\t\t<\/div>\n\t\t<div class=\"elementor-element elementor-element-c540768 e-flex e-con-boxed e-con e-parent\" data-id=\"c540768\" data-element_type=\"container\">\n\t\t\t\t\t<div class=\"e-con-inner\">\n\t\t<div class=\"elementor-element elementor-element-8669d47 e-con-full e-flex e-con e-child\" data-id=\"8669d47\" data-element_type=\"container\" data-settings=\"{&quot;background_background&quot;:&quot;classic&quot;}\">\n\t\t\t\t<div class=\"elementor-element elementor-element-4877e22 elementor-invisible elementor-widget elementor-widget-heading\" data-id=\"4877e22\" data-element_type=\"widget\" data-settings=\"{&quot;_animation&quot;:&quot;fadeInUp&quot;}\" data-widget_type=\"heading.default\">\n\t\t\t\t<div class=\"elementor-widget-container\">\n\t\t\t<h3 class=\"elementor-heading-title elementor-size-default\">Care Bar IMMUNIQ<\/h3>\t\t<\/div>\n\t\t\t\t<\/div>\n\t\t\t\t<div class=\"elementor-element elementor-element-a9a25cc elementor-invisible elementor-widget elementor-widget-text-editor\" data-id=\"a9a25cc\" data-element_type=\"widget\" data-settings=\"{&quot;_animation&quot;:&quot;fadeIn&quot;,&quot;_animation_delay&quot;:200}\" data-widget_type=\"text-editor.default\">\n\t\t\t\t<div class=\"elementor-widget-container\">\n\t\t\t\t\t\t\t<p>Zdrav\u00e9 tr\u00e1venie a siln\u00e1 obranyschopnos\u0165 organizmu s\u00fa dva piliere zdrav\u00e9ho a \u0161\u0165astn\u00e9ho \u017eivota. Ak jedno z nich nefunguje tak, ako by malo, zvy\u010dajne pokrivk\u00e1vaj\u00fa aj \u010fal\u0161ie oblasti. Posilni imunitu delik\u00e1tnou poch\u00fa\u0165kou, ktor\u00e1 je navy\u0161e aj br\u00e1nou k vyv\u00e1\u017een\u00e9mu mikrobi\u00f3mu.\u00a0<\/p><p>Sme si ist\u00ed, \u017ee tak ako si tvoje tr\u00e1venie zamiluje starostlivos\u0165 v podobe klinicky overen\u00fdch l\u00e1tok, tak pr\u00edjemn\u00e9 spojenie marhu\u013eov\u00e9ho d\u017eemu, bazov\u00e9ho kvetu a mlie\u010dnej \u010dokol\u00e1dy zas nadmieru pote\u0161\u00ed tvoje chu\u0165ov\u00e9 poh\u00e1riky.<\/p>\t\t\t\t\t\t<\/div>\n\t\t\t\t<\/div>\n\t\t\t\t<\/div>\n\t\t<div class=\"elementor-element elementor-element-187963e e-con-full e-flex e-con e-child\" data-id=\"187963e\" data-element_type=\"container\">\n\t\t\t\t<div class=\"elementor-element elementor-element-1399fc9 elementor-invisible elementor-widget elementor-widget-image\" data-id=\"1399fc9\" data-element_type=\"widget\" data-settings=\"{&quot;_animation&quot;:&quot;fadeInRight&quot;}\" data-widget_type=\"image.default\">\n\t\t\t\t<div class=\"elementor-widget-container\">\n\t\t\t\t\t\t\t\t\t\t\t\t\t<img decoding=\"async\" src=\"https:\/\/carelabdivas.com\/sk\/wp-content\/uploads\/elementor\/thumbs\/care-bar-immuniq_web-rcm34ryqw59rc1rtdzeqfqogbo2zd6590yaa8n6h8s.png\" title=\"care bar immuniq\" alt=\"care bar immuniq\" loading=\"lazy\" \/>\t\t\t\t\t\t\t\t\t\t\t\t\t<\/div>\n\t\t\t\t<\/div>\n\t\t\t\t<\/div>\n\t\t\t\t\t<\/div>\n\t\t\t\t<\/div>\n\t\t<div class=\"elementor-element elementor-element-b3bb1cd e-flex e-con-boxed e-con e-parent\" data-id=\"b3bb1cd\" data-element_type=\"container\">\n\t\t\t\t\t<div class=\"e-con-inner\">\n\t\t\t\t<div class=\"elementor-element elementor-element-39f1d08 elementor-invisible elementor-widget elementor-widget-heading\" data-id=\"39f1d08\" data-element_type=\"widget\" data-settings=\"{&quot;_animation&quot;:&quot;fadeInUp&quot;,&quot;motion_fx_motion_fx_scrolling&quot;:&quot;yes&quot;,&quot;motion_fx_translateY_effect&quot;:&quot;yes&quot;,&quot;motion_fx_translateY_speed&quot;:{&quot;unit&quot;:&quot;px&quot;,&quot;size&quot;:1,&quot;sizes&quot;:[]},&quot;motion_fx_translateY_affectedRange&quot;:{&quot;unit&quot;:&quot;%&quot;,&quot;size&quot;:&quot;&quot;,&quot;sizes&quot;:{&quot;start&quot;:0,&quot;end&quot;:100}},&quot;motion_fx_devices&quot;:[&quot;desktop&quot;,&quot;tablet&quot;,&quot;mobile&quot;]}\" data-widget_type=\"heading.default\">\n\t\t\t\t<div class=\"elementor-widget-container\">\n\t\t\t<h2 class=\"elementor-heading-title elementor-size-default\">Objav \u010fal\u0161ie produkty<\/h2>\t\t<\/div>\n\t\t\t\t<\/div>\n\t\t<div class=\"elementor-element elementor-element-ce61d08 e-flex e-con-boxed e-con e-child\" data-id=\"ce61d08\" data-element_type=\"container\">\n\t\t\t\t\t<div class=\"e-con-inner\">\n\t\t<div class=\"elementor-element elementor-element-029529e e-flex e-con-boxed e-con e-child\" data-id=\"029529e\" data-element_type=\"container\">\n\t\t\t\t\t<div class=\"e-con-inner\">\n\t\t\t\t<div class=\"elementor-element elementor-element-3d35f7e elementor-widget-mobile__width-inherit elementor-invisible elementor-widget elementor-widget-image\" data-id=\"3d35f7e\" data-element_type=\"widget\" data-settings=\"{&quot;_animation&quot;:&quot;fadeIn&quot;}\" data-widget_type=\"image.default\">\n\t\t\t\t<div class=\"elementor-widget-container\">\n\t\t\t\t\t\t\t\t\t\t\t\t\t\t<a href=\"\/sk\/produkty\/care-bubbles-visna-a-ruza\/\">\n\t\t\t\t\t\t\t<img decoding=\"async\" src=\"https:\/\/carelabdivas.com\/sk\/wp-content\/uploads\/elementor\/thumbs\/care_lab_divas_bubbles_waters_sour_cherry_c-qios0433bw69309kaimaaot5ldc5b5ncliqjoygmk4.webp\" title=\"care lab divas bubbles waters sour cherry c\" alt=\"care lab divas bubbles waters sour cherry c\" loading=\"lazy\" \/>\t\t\t\t\t\t\t\t<\/a>\n\t\t\t\t\t\t\t\t\t\t\t\t\t<\/div>\n\t\t\t\t<\/div>\n\t\t\t\t\t<\/div>\n\t\t\t\t<\/div>\n\t\t<div class=\"elementor-element elementor-element-0dd3b06 e-flex e-con-boxed e-con e-child\" data-id=\"0dd3b06\" data-element_type=\"container\">\n\t\t\t\t\t<div class=\"e-con-inner\">\n\t\t\t\t<div class=\"elementor-element elementor-element-8e688d7 elementor-widget__width-auto animated-slow elementor-invisible elementor-widget elementor-widget-global elementor-global-989598 elementor-widget-button\" data-id=\"8e688d7\" data-element_type=\"widget\" data-settings=\"{&quot;_animation&quot;:&quot;fadeIn&quot;,&quot;_animation_delay&quot;:600,&quot;_animation_tablet&quot;:&quot;none&quot;,&quot;_animation_mobile&quot;:&quot;none&quot;}\" data-widget_type=\"button.default\">\n\t\t\t\t<div class=\"elementor-widget-container\">\n\t\t\t\t\t<div class=\"elementor-button-wrapper\">\n\t\t\t<a class=\"elementor-button elementor-button-link elementor-size-sm\" href=\"\/sk\/produkty\">\n\t\t\t\t\t\t<span class=\"elementor-button-content-wrapper\">\n\t\t\t\t\t\t\t\t\t<span class=\"elementor-button-text\">V\u0161etky produkty<\/span>\n\t\t\t\t\t<\/span>\n\t\t\t\t\t<\/a>\n\t\t<\/div>\n\t\t\t\t<\/div>\n\t\t\t\t<\/div>\n\t\t\t\t<div class=\"elementor-element elementor-element-4057378 elementor-widget-mobile__width-inherit elementor-invisible elementor-widget elementor-widget-image\" data-id=\"4057378\" data-element_type=\"widget\" data-settings=\"{&quot;_animation&quot;:&quot;fadeIn&quot;,&quot;_animation_delay&quot;:200}\" data-widget_type=\"image.default\">\n\t\t\t\t<div class=\"elementor-widget-container\">\n\t\t\t\t\t\t\t\t\t\t\t\t\t\t<a href=\"\/sk\/produkty\/care-bubbles-grapefruit-a-ibistek\/\">\n\t\t\t\t\t\t\t<img decoding=\"async\" src=\"https:\/\/carelabdivas.com\/sk\/wp-content\/uploads\/elementor\/thumbs\/care_lab_divas_bubbles_grapefruit_hibiscus_c-qios0359524yreaxg07nq71ozzgs3gjm9e327oi0qc.webp\" title=\"care lab divas bubbles grapefruit hibiscus c\" alt=\"care lab divas bubbles grapefruit hibiscus c\" loading=\"lazy\" \/>\t\t\t\t\t\t\t\t<\/a>\n\t\t\t\t\t\t\t\t\t\t\t\t\t<\/div>\n\t\t\t\t<\/div>\n\t\t\t\t\t<\/div>\n\t\t\t\t<\/div>\n\t\t<div class=\"elementor-element elementor-element-1e0f5fa e-flex e-con-boxed e-con e-child\" data-id=\"1e0f5fa\" data-element_type=\"container\">\n\t\t\t\t\t<div class=\"e-con-inner\">\n\t\t\t\t<div class=\"elementor-element elementor-element-3bc6a6c elementor-widget-mobile__width-inherit elementor-invisible elementor-widget elementor-widget-image\" data-id=\"3bc6a6c\" data-element_type=\"widget\" data-settings=\"{&quot;_animation&quot;:&quot;fadeIn&quot;,&quot;_animation_delay&quot;:400}\" data-widget_type=\"image.default\">\n\t\t\t\t<div class=\"elementor-widget-container\">\n\t\t\t\t\t\t\t\t\t\t\t\t\t\t<a href=\"https:\/\/carelabdivas.com\/sk\/produkty\/care-bubbles-jasmin\/\">\n\t\t\t\t\t\t\t<img decoding=\"async\" src=\"https:\/\/carelabdivas.com\/sk\/wp-content\/uploads\/elementor\/thumbs\/bergamot_care-bubbles-scaled-qqi7bg3se8ebhtgotwwd50lvyaqdy7vra7qn0xlwdw.webp\" title=\"care bubbles jasm\u00ed\u00adn\" alt=\"care bubbles jasm\u00ed\u00adn\" loading=\"lazy\" \/>\t\t\t\t\t\t\t\t<\/a>\n\t\t\t\t\t\t\t\t\t\t\t\t\t<\/div>\n\t\t\t\t<\/div>\n\t\t\t\t\t<\/div>\n\t\t\t\t<\/div>\n\t\t\t\t\t<\/div>\n\t\t\t\t<\/div>\n\t\t\t\t\t<\/div>\n\t\t\t\t<\/div>\n\t\t\t\t<\/div>\n\t\t","protected":false},"excerpt":{"rendered":"<p>Lahodn\u00fd v\u00fd\u017eivov\u00fd doplnok novej gener\u00e1cie Doplnok v\u00fd\u017eivy, ktor\u00fd chut\u00ed ako ma\u0161krta? Zabudni na nudn\u00e9 tabletky \u010di pr\u00e1\u0161ky. Ty\u010dinky Care Bar predstavuj\u00fa v\u00fd\u017eivov\u00fd doplnok novej gener\u00e1cie, ktor\u00fd v sebe sp\u00e1ja chu\u0165 aj \u00fa\u010dinnos\u0165.\u00a0 \u010ci u\u017e potrebuje\u0161 nakopn\u00fa\u0165 s\u00fastredenie, podpori\u0165 imunitu alebo \u0165a tr\u00e1pi boles\u0165 k\u013abov \u010di probl\u00e9my s pohybom, u n\u00e1s si vyberie\u0161. Ty\u010dinky Care Bar [&hellip;]<\/p>\n","protected":false},"author":1,"featured_media":0,"parent":0,"menu_order":0,"comment_status":"closed","ping_status":"closed","template":"","meta":{"_acf_changed":false,"_seopress_robots_primary_cat":"","_seopress_titles_title":"Care Bar - v\u00fd\u017eivov\u00fd doplnok v ty\u010dinke %%sep%% %%sitetitle%%","_seopress_titles_desc":"Ochutnaj v\u00fdnimo\u010dn\u00fa zdrav\u00fa poch\u00fa\u0165ku, ktor\u00e1 m\u00e1 pozit\u00ed\u00advne \u00fa\u010dinky na tr\u00e1venie, imunitu, ment\u00e1lne zdravie \u010di regener\u00e1ciu organizmu.","_seopress_robots_index":"","footnotes":""},"class_list":["post-990478","page","type-page","status-publish","hentry"],"acf":[],"_links":{"self":[{"href":"https:\/\/carelabdivas.com\/sk\/wp-json\/wp\/v2\/pages\/990478"}],"collection":[{"href":"https:\/\/carelabdivas.com\/sk\/wp-json\/wp\/v2\/pages"}],"about":[{"href":"https:\/\/carelabdivas.com\/sk\/wp-json\/wp\/v2\/types\/page"}],"author":[{"embeddable":true,"href":"https:\/\/carelabdivas.com\/sk\/wp-json\/wp\/v2\/users\/1"}],"replies":[{"embeddable":true,"href":"https:\/\/carelabdivas.com\/sk\/wp-json\/wp\/v2\/comments?post=990478"}],"version-history":[{"count":37,"href":"https:\/\/carelabdivas.com\/sk\/wp-json\/wp\/v2\/pages\/990478\/revisions"}],"predecessor-version":[{"id":993323,"href":"https:\/\/carelabdivas.com\/sk\/wp-json\/wp\/v2\/pages\/990478\/revisions\/993323"}],"wp:attachment":[{"href":"https:\/\/carelabdivas.com\/sk\/wp-json\/wp\/v2\/media?parent=990478"}],"curies":[{"name":"wp","href":"https:\/\/api.w.org\/{rel}","templated":true}]}}