{"id":988340,"date":"2023-05-21T12:22:28","date_gmt":"2023-05-21T10:22:28","guid":{"rendered":"https:\/\/carelabdivas.com\/sk\/?post_type=product&#038;p=988340"},"modified":"2025-12-02T14:33:55","modified_gmt":"2025-12-02T13:33:55","slug":"care-water-defense","status":"publish","type":"product","link":"https:\/\/carelabdivas.com\/sk\/produkty\/care-water-defense\/","title":{"rendered":"Care Water DEFENSE"},"content":{"rendered":"\t\t<div data-elementor-type=\"product-post\" data-elementor-id=\"988340\" class=\"elementor elementor-988340\" data-elementor-post-type=\"product\">\n\t\t\t\t\t\t<section class=\"elementor-section elementor-top-section elementor-element elementor-element-3b20f617 elementor-section-boxed elementor-section-height-default elementor-section-height-default\" data-id=\"3b20f617\" data-element_type=\"section\">\n\t\t\t\t\t\t<div class=\"elementor-container elementor-column-gap-default\">\n\t\t\t\t\t<div class=\"elementor-column elementor-col-100 elementor-top-column elementor-element elementor-element-69cacf68\" data-id=\"69cacf68\" data-element_type=\"column\">\n\t\t\t<div class=\"elementor-widget-wrap elementor-element-populated\">\n\t\t\t\t\t\t<div class=\"elementor-element elementor-element-4d0ebb1 elementor-widget elementor-widget-toggle\" data-id=\"4d0ebb1\" data-element_type=\"widget\" data-widget_type=\"toggle.default\">\n\t\t\t\t<div class=\"elementor-widget-container\">\n\t\t\t\t\t<div class=\"elementor-toggle\">\n\t\t\t\t\t\t\t<div class=\"elementor-toggle-item\">\n\t\t\t\t\t<div id=\"elementor-tab-title-8081\" class=\"elementor-tab-title\" data-tab=\"1\" role=\"button\" aria-controls=\"elementor-tab-content-8081\" aria-expanded=\"false\">\n\t\t\t\t\t\t\t\t\t\t\t\t<span class=\"elementor-toggle-icon elementor-toggle-icon-right\" aria-hidden=\"true\">\n\t\t\t\t\t\t\t\t\t\t\t\t\t\t\t<span class=\"elementor-toggle-icon-closed\"><i class=\"fas fa-plus\"><\/i><\/span>\n\t\t\t\t\t\t\t\t<span class=\"elementor-toggle-icon-opened\"><i class=\"elementor-toggle-icon-opened fas fa-minus\"><\/i><\/span>\n\t\t\t\t\t\t\t\t\t\t\t\t\t<\/span>\n\t\t\t\t\t\t\t\t\t\t\t\t<a class=\"elementor-toggle-title\" tabindex=\"0\">Detaily<\/a>\n\t\t\t\t\t<\/div>\n\n\t\t\t\t\t<div id=\"elementor-tab-content-8081\" class=\"elementor-tab-content elementor-clearfix\" data-tab=\"1\" role=\"region\" aria-labelledby=\"elementor-tab-title-8081\"><p><span style=\"font-weight: 400;\">Ak ti skuto\u010dne z\u00e1le\u017e\u00ed na celkovom zdrav\u00ed, pohode, <strong>bezprobl\u00e9movom tr\u00e1ven\u00ed a silnej obranyschopnosti organizmu<\/strong>, Care Water DEFENSE je pre teba jasnou vo\u013ebou.<\/span><\/p><p><span style=\"font-weight: 400;\">Unik\u00e1tne zlo\u017eenie Care Water DEFENSE obsahuje:\u00a0<\/span><\/p><ul><li style=\"font-weight: 400;\" aria-level=\"1\"><span style=\"font-weight: 400;\"><strong>zmes prebiotickej vl\u00e1kniny<\/strong> &#8211; \u00fa\u010dinne vy\u017eivuje zdrav\u00e9 probiotik\u00e1 v \u010dreve a pozit\u00edvne vpl\u00fdva na tr\u00e1venie, \u010do je nevyhnutn\u00e9 pre efekt\u00edvne fungovanie imunitn\u00e9ho syst\u00e9mu.<\/span><\/li><li style=\"font-weight: 400;\" aria-level=\"1\"><span style=\"font-weight: 400;\"><strong>kombin\u00e1ciu zinku, sel\u00e9nu a vitam\u00ednu D3<\/strong> &#8211;\u00a0 <span style=\"font-family: var( --e-global-typography-vamtam_primary_font-font-family ), Playfair Display; font-size: var( --e-global-typography-vamtam_primary_font-font-size ); font-style: var( --e-global-typography-vamtam_primary_font-font-style ); text-transform: var( --e-global-typography-vamtam_primary_font-text-transform ); background-color: var( --e-global-color-vamtam_accent_3 ); color: var( --e-global-color-vamtam_accent_2 );\">vysoko \u00fa\u010dinn\u00ed trojica, ktor\u00e1 preuk\u00e1zate\u013ene moduluje adapt\u00edvnu aj vroden\u00fa imunitu.<\/span><\/span><\/li><li style=\"font-weight: 400;\" aria-level=\"1\"><span style=\"font-weight: 400;\"><strong>unik\u00e1tnu CARE LAB vitam\u00ednov\u00fa zmes<\/strong> (vitam\u00edny C, B3, B5, B6, B9 a B12) &#8211; <span style=\"font-family: var( --e-global-typography-vamtam_primary_font-font-family ), Playfair Display; font-size: var( --e-global-typography-vamtam_primary_font-font-size ); font-style: var( --e-global-typography-vamtam_primary_font-font-style ); text-transform: var( --e-global-typography-vamtam_primary_font-text-transform ); background-color: var( --e-global-color-vamtam_accent_3 ); color: var( --e-global-color-vamtam_accent_2 );\">zohr\u00e1va d\u00f4le\u017eit\u00fa \u00falohu pri posil\u0148ovan\u00ed imunitn\u00e9ho syst\u00e9mu a podpore metabolick\u00fdch a regula\u010dn\u00fdch procesov.\u00a0<br \/><br \/><\/span><\/span><\/li><\/ul><p><span style=\"font-weight: 400;\">Na\u0161\u00edm cie\u013eom je vyr\u00e1ba\u0165 \u00fa\u010dinn\u00e9 n\u00e1poje, ktor\u00fa s\u00fa skuto\u010dn\u00fdm pr\u00ednosom pre tvoje zdravie a nijako neza\u0165a\u017eia tvoj organizmus. Preto aj nes\u00fdten\u00fd drink Care Water DEFENSE <\/span><b>neobsahuje \u017eiadne umel\u00e9 konzerva\u010dn\u00e9 l\u00e1tky a je prirodzene sladen\u00fd iba ovoc\u00edm<\/b><span style=\"font-weight: 400;\">.\u00a0<\/span><\/p><p><span style=\"font-weight: 400;\">Vychutnaj si delik\u00e1tnu chu\u0165 gran\u00e1tov\u00e9ho jablka a ibi\u0161teka a z\u00e1rove\u0148 \u00fa\u010dinne posilni obranyschopnos\u0165 svojho organizmu.\u00a0Je to jednoduch\u00e9 a\u00a0s\u00a0na\u0161ou Care Water aj mimoriadne chutn\u00e9!<\/span><\/p><\/div>\n\t\t\t\t<\/div>\n\t\t\t\t\t\t\t<div class=\"elementor-toggle-item\">\n\t\t\t\t\t<div id=\"elementor-tab-title-8082\" class=\"elementor-tab-title\" data-tab=\"2\" role=\"button\" aria-controls=\"elementor-tab-content-8082\" aria-expanded=\"false\">\n\t\t\t\t\t\t\t\t\t\t\t\t<span class=\"elementor-toggle-icon elementor-toggle-icon-right\" aria-hidden=\"true\">\n\t\t\t\t\t\t\t\t\t\t\t\t\t\t\t<span class=\"elementor-toggle-icon-closed\"><i class=\"fas fa-plus\"><\/i><\/span>\n\t\t\t\t\t\t\t\t<span class=\"elementor-toggle-icon-opened\"><i class=\"elementor-toggle-icon-opened fas fa-minus\"><\/i><\/span>\n\t\t\t\t\t\t\t\t\t\t\t\t\t<\/span>\n\t\t\t\t\t\t\t\t\t\t\t\t<a class=\"elementor-toggle-title\" tabindex=\"0\">Ingrediencie<\/a>\n\t\t\t\t\t<\/div>\n\n\t\t\t\t\t<div id=\"elementor-tab-content-8082\" class=\"elementor-tab-content elementor-clearfix\" data-tab=\"2\" role=\"region\" aria-labelledby=\"elementor-tab-title-8082\"><p><strong>Zlo\u017eenie:<\/strong> <span class=\"NormalTextRun SCXW247914912 BCX0\">pramenit\u00e1 <\/span><span class=\"NormalTextRun SCXW247914912 BCX0\">voda (95%), <\/span><span class=\"NormalTextRun SCXW247914912 BCX0\">ovocn\u00fd<\/span><span class=\"NormalTextRun SCXW247914912 BCX0\">\u00a0extrakt (<\/span><span class=\"NormalTextRun SCXW247914912 BCX0\">karob<\/span><span class=\"NormalTextRun SCXW247914912 BCX0\">, jablko), <\/span><span class=\"NormalTextRun SCXW247914912 BCX0\">citr\u00f3nov\u00e1 \u0161\u0165<\/span><span class=\"NormalTextRun SCXW247914912 BCX0\">ava<\/span><span class=\"NormalTextRun SCXW247914912 BCX0\"> z <\/span><span class=\"NormalTextRun SCXW247914912 BCX0\">koncentr\u00e1tu<\/span><span class=\"NormalTextRun SCXW247914912 BCX0\"> (2%), antioxidant: kyselina <\/span><span class=\"NormalTextRun SCXW247914912 BCX0\">askorbov\u00e1,<\/span><span class=\"NormalTextRun SCXW247914912 BCX0\">\u00a0<\/span><span class=\"NormalTextRun SCXW247914912 BCX0\">inul\u00edn<\/span><span class=\"NormalTextRun SCXW247914912 BCX0\"> z \u010d<\/span><span class=\"NormalTextRun SCXW247914912 BCX0\">akanky<\/span><span class=\"NormalTextRun SCXW247914912 BCX0\">, zmes <\/span><span class=\"NormalTextRun SCXW247914912 BCX0\">vitam\u00ednov<\/span><span class=\"NormalTextRun SCXW247914912 BCX0\"> (<\/span><span class=\"NormalTextRun SCXW247914912 BCX0\">Vitam\u00edn<\/span><span class=\"NormalTextRun SCXW247914912 BCX0\"> C, <\/span><span class=\"NormalTextRun SCXW247914912 BCX0\">Niac\u00edn<\/span><span class=\"NormalTextRun SCXW247914912 BCX0\">, Kyselina <\/span><span class=\"NormalTextRun SCXW247914912 BCX0\">pantot\u00e9nov\u00e1,<\/span><span class=\"NormalTextRun SCXW247914912 BCX0\">\u00a0<\/span><span class=\"NormalTextRun SCXW247914912 BCX0\">Vitam\u00edn<\/span><span class=\"NormalTextRun SCXW247914912 BCX0\"> B6, Kyselina <\/span><span class=\"NormalTextRun SCXW247914912 BCX0\">listov\u00e1<\/span><span class=\"NormalTextRun SCXW247914912 BCX0\">, <\/span><span class=\"NormalTextRun SCXW247914912 BCX0\">Vitam\u00edn<\/span><span class=\"NormalTextRun SCXW247914912 BCX0\"> B12), <\/span><span class=\"NormalTextRun SCXW247914912 BCX0\">Vitam\u00edn<\/span><span class=\"NormalTextRun SCXW247914912 BCX0\"> D3, zinok, <\/span><span class=\"NormalTextRun SCXW247914912 BCX0\">sel\u00e9n<\/span><span class=\"NormalTextRun SCXW247914912 BCX0\">, <\/span><span class=\"NormalTextRun SCXW247914912 BCX0\">pr\u00edrodn\u00e9<\/span><span class=\"NormalTextRun SCXW247914912 BCX0\">\u00a0<\/span><span class=\"NormalTextRun SCXW247914912 BCX0\">ar\u00f3my<\/span><span class=\"NormalTextRun SCXW247914912 BCX0\">. <\/span><\/p><\/div>\n\t\t\t\t<\/div>\n\t\t\t\t\t\t\t\t<\/div>\n\t\t\t\t<\/div>\n\t\t\t\t<\/div>\n\t\t\t\t\t<\/div>\n\t\t<\/div>\n\t\t\t\t\t<\/div>\n\t\t<\/section>\n\t\t\t\t<\/div>\n\t\t","protected":false},"excerpt":{"rendered":"<p><span style=\"font-weight: 400;\">Nes\u00fdten\u00fd funk\u010dn\u00fd n\u00e1poj Care Water DEFENSE poskytuje <\/span><b>komplexn\u00fa podporu tvojmu imunitn\u00e9mu syst\u00e9mu, tr\u00e1veniu a celkov\u00e9mu zdraviu<\/b><span style=\"font-weight: 400;\">. S prebiotickou vl\u00e1kninou, zinkom, sel\u00e9nom, vitam\u00ed\u00adnom D3 a zmesou \u010fal\u0161\u00ed\u00adch 6 z\u00e1kladn\u00fdch vitam\u00ed\u00adnov \u0165a tento nes\u00fdten\u00fd funk\u010dn\u00fd n\u00e1poj \u00fa\u010dinne navedie na cestu za tvoj\u00ed\u00adm zdrav\u0161\u00ed\u00adm ja.<\/span><\/p>\n<p><span style=\"font-weight: 400;\">Vl\u00e1knina pom\u00f4\u017ee zlep\u0161i\u0165 zdravie tr\u00e1viaceho traktu, zatia\u013e \u010do vysoko \u00fa\u010dinn\u00e1 trojica zinku, sel\u00e9nu a vitam\u00ed\u00adnu D3 pozit\u00ed\u00advne vpl\u00fdva na adapt\u00ed\u00advnu aj vroden\u00fa imunitu. Vychutnaj si zdrav\u00fd, n\u00ed\u00adzkokalorick\u00fd drink s lahodnou pr\u00ed\u00adchu\u0165ou gran\u00e1tov\u00e9ho jablka a ibi\u0161teka.<\/span><\/p>\n","protected":false},"featured_media":990290,"template":"","meta":{"_acf_changed":false,"_seopress_robots_primary_cat":"none","_seopress_titles_title":"Care Water DEFENSE %%sep%% %%sitetitle%%","_seopress_titles_desc":"Pr\u00e9miov\u00fd funk\u010dn\u00fd drink s pr\u00ed\u00adchu\u0165ou gran\u00e1tov\u00e9ho jablka a ibi\u0161teka je skvelou vo\u013ebou, ak chce\u0161 posilni\u0165 imunitu a zdrav\u00e9 tr\u00e1venie.","_seopress_robots_index":"","footnotes":""},"product_cat":[115],"product_tag":[],"class_list":{"0":"post-988340","1":"product","2":"type-product","3":"status-publish","4":"has-post-thumbnail","6":"product_cat-care-waters","8":"first","9":"instock","10":"taxable","11":"shipping-taxable","12":"purchasable","13":"product-type-simple"},"acf":[],"_links":{"self":[{"href":"https:\/\/carelabdivas.com\/sk\/wp-json\/wp\/v2\/product\/988340"}],"collection":[{"href":"https:\/\/carelabdivas.com\/sk\/wp-json\/wp\/v2\/product"}],"about":[{"href":"https:\/\/carelabdivas.com\/sk\/wp-json\/wp\/v2\/types\/product"}],"version-history":[{"count":7,"href":"https:\/\/carelabdivas.com\/sk\/wp-json\/wp\/v2\/product\/988340\/revisions"}],"predecessor-version":[{"id":991805,"href":"https:\/\/carelabdivas.com\/sk\/wp-json\/wp\/v2\/product\/988340\/revisions\/991805"}],"wp:featuredmedia":[{"embeddable":true,"href":"https:\/\/carelabdivas.com\/sk\/wp-json\/wp\/v2\/media\/990290"}],"wp:attachment":[{"href":"https:\/\/carelabdivas.com\/sk\/wp-json\/wp\/v2\/media?parent=988340"}],"wp:term":[{"taxonomy":"product_cat","embeddable":true,"href":"https:\/\/carelabdivas.com\/sk\/wp-json\/wp\/v2\/product_cat?post=988340"},{"taxonomy":"product_tag","embeddable":true,"href":"https:\/\/carelabdivas.com\/sk\/wp-json\/wp\/v2\/product_tag?post=988340"}],"curies":[{"name":"wp","href":"https:\/\/api.w.org\/{rel}","templated":true}]}}