{"id":988520,"date":"2023-05-22T11:43:48","date_gmt":"2023-05-22T09:43:48","guid":{"rendered":"https:\/\/carelabdivas.com\/sk\/?post_type=product&#038;p=988520"},"modified":"2026-03-17T19:53:15","modified_gmt":"2026-03-17T18:53:15","slug":"care-water-brain","status":"publish","type":"product","link":"https:\/\/carelabdivas.com\/sk\/produkty\/care-water-brain\/","title":{"rendered":"Care Water BRAIN"},"content":{"rendered":"\t\t<div data-elementor-type=\"product-post\" data-elementor-id=\"988520\" class=\"elementor elementor-988520\" data-elementor-post-type=\"product\">\n\t\t\t\t\t\t<section class=\"elementor-section elementor-top-section elementor-element elementor-element-4b12a2a4 elementor-section-boxed elementor-section-height-default elementor-section-height-default\" data-id=\"4b12a2a4\" data-element_type=\"section\">\n\t\t\t\t\t\t<div class=\"elementor-container elementor-column-gap-default\">\n\t\t\t\t\t<div class=\"elementor-column elementor-col-100 elementor-top-column elementor-element elementor-element-2c2e4a69\" data-id=\"2c2e4a69\" data-element_type=\"column\">\n\t\t\t<div class=\"elementor-widget-wrap elementor-element-populated\">\n\t\t\t\t\t\t<div class=\"elementor-element elementor-element-51d34ea6 elementor-widget__width-initial elementor-widget elementor-widget-toggle\" data-id=\"51d34ea6\" data-element_type=\"widget\" data-widget_type=\"toggle.default\">\n\t\t\t\t<div class=\"elementor-widget-container\">\n\t\t\t\t\t<div class=\"elementor-toggle\">\n\t\t\t\t\t\t\t<div class=\"elementor-toggle-item\">\n\t\t\t\t\t<div id=\"elementor-tab-title-1371\" class=\"elementor-tab-title\" data-tab=\"1\" role=\"button\" aria-controls=\"elementor-tab-content-1371\" aria-expanded=\"false\">\n\t\t\t\t\t\t\t\t\t\t\t\t<span class=\"elementor-toggle-icon elementor-toggle-icon-right\" aria-hidden=\"true\">\n\t\t\t\t\t\t\t\t\t\t\t\t\t\t\t<span class=\"elementor-toggle-icon-closed\"><i class=\"fas fa-plus\"><\/i><\/span>\n\t\t\t\t\t\t\t\t<span class=\"elementor-toggle-icon-opened\"><i class=\"elementor-toggle-icon-opened fas fa-minus\"><\/i><\/span>\n\t\t\t\t\t\t\t\t\t\t\t\t\t<\/span>\n\t\t\t\t\t\t\t\t\t\t\t\t<a class=\"elementor-toggle-title\" tabindex=\"0\">Detaily<\/a>\n\t\t\t\t\t<\/div>\n\n\t\t\t\t\t<div id=\"elementor-tab-content-1371\" class=\"elementor-tab-content elementor-clearfix\" data-tab=\"1\" role=\"region\" aria-labelledby=\"elementor-tab-title-1371\"><p>H\u013ead\u00e1\u0161 \u00fa\u010dinn\u00fd sp\u00f4sob, ako podpori\u0165 pam\u00e4\u0165, pozornos\u0165, u\u010denie \u010di s\u00fastredenie? Care Water BRAIN je odpove\u010fou. V osvie\u017euj\u00facom nootropickom drinku n\u00e1jde\u0161:<\/p><ul><li aria-level=\"1\"><b>Citikol\u00edn (Cognizin<em>\u00ae <\/em>Citicoline)<\/b><span style=\"font-weight: 400;\"> &#8211; podporuje ment\u00e1lnu energiu, koncentr\u00e1ciu a pam\u00e4\u0165. Ide o klinicky sk\u00faman\u00fa\u00a0 a overen\u00fa formu citikol\u00ednu, ktor\u00e1 pom\u00e1ha zlep\u0161ova\u0165 funkciu mozgu a du\u0161evn\u00fd v\u00fdkon.<\/span><\/li><li aria-level=\"1\"><b>Acetyl L-karnit\u00edn<\/b> &#8211;\u00a0podporuje energetick\u00fd metabolizmus v mozgu, zvy\u0161uje hladinu neurotransmiterov a pom\u00e1ha regulova\u0165 \u00fa\u010dinky stresu na mozog.<\/li><li style=\"font-weight: 400;\" aria-level=\"1\"><span style=\"font-weight: 400;\"><strong>vitam\u00edn E &#8211; <\/strong>\u00fa\u010dinn\u00fd antioxidant potrebn\u00fd na ochranu buniek.<\/span><\/li><li style=\"font-weight: 400;\" aria-level=\"1\"><span style=\"font-weight: 400;\"><strong>unik\u00e1tnu CARE LAB vitam\u00ednov\u00fa zmes<\/strong> (vitam\u00edny C, B3, B5, B6, B9 a B12) &#8211; vitam\u00edny zohr\u00e1vaj\u00fa k\u013e\u00fa\u010dov\u00fa \u00falohu pri funkcii nervov\u00e9ho syst\u00e9mu a mozgu. Vitam\u00edny B3, B6, B9 a B12 s\u00fa tie\u017e obzvl\u00e1\u0161\u0165 d\u00f4le\u017eit\u00e9 pre pozornos\u0165, vn\u00edmanie, zdravie a celkov\u00fd v\u00fdvoj mozgu a nervov.<\/span><\/li><\/ul><div>\u00a0<\/div><p>T\u00e1to unik\u00e1tna kombin\u00e1cia funk\u010dn\u00fdch l\u00e1tok skuto\u010dne dok\u00e1\u017ee podpori\u0165 tvoju myse\u013e a mozog vo viacer\u00fdch oh\u013eadoch.\u00a0\u00a0<\/p><p><b>Starostlivos\u0165 o\u00a0teba a\u00a0tvoje zdravie je u\u00a0n\u00e1s v CARE LAB Divas na prvom mieste.<\/b> Preto v\u00a0na\u0161ich n\u00e1pojoch nen\u00e1jde\u0161 ni\u010d in\u00e9 ako zdraviu prospe\u0161n\u00e9 l\u00e1tky. Rovnako ako v\u0161etky produkty z\u00a0n\u00e1\u0161ho portf\u00f3lia aj Care Water BRAIN je <b>sladen\u00fd iba ovoc\u00edm a neobsahuje \u017eiadne umel\u00e9 a konzerva\u010dn\u00e9 l\u00e1tky a je aj n\u00edzkokalorick\u00fd.<\/b>\u00a0<\/p><\/div>\n\t\t\t\t<\/div>\n\t\t\t\t\t\t\t<div class=\"elementor-toggle-item\">\n\t\t\t\t\t<div id=\"elementor-tab-title-1372\" class=\"elementor-tab-title\" data-tab=\"2\" role=\"button\" aria-controls=\"elementor-tab-content-1372\" aria-expanded=\"false\">\n\t\t\t\t\t\t\t\t\t\t\t\t<span class=\"elementor-toggle-icon elementor-toggle-icon-right\" aria-hidden=\"true\">\n\t\t\t\t\t\t\t\t\t\t\t\t\t\t\t<span class=\"elementor-toggle-icon-closed\"><i class=\"fas fa-plus\"><\/i><\/span>\n\t\t\t\t\t\t\t\t<span class=\"elementor-toggle-icon-opened\"><i class=\"elementor-toggle-icon-opened fas fa-minus\"><\/i><\/span>\n\t\t\t\t\t\t\t\t\t\t\t\t\t<\/span>\n\t\t\t\t\t\t\t\t\t\t\t\t<a class=\"elementor-toggle-title\" tabindex=\"0\">Ingrediencie<\/a>\n\t\t\t\t\t<\/div>\n\n\t\t\t\t\t<div id=\"elementor-tab-content-1372\" class=\"elementor-tab-content elementor-clearfix\" data-tab=\"2\" role=\"region\" aria-labelledby=\"elementor-tab-title-1372\"><p><strong>Zlo\u017eenie:<\/strong> <span class=\"NormalTextRun SpellingErrorV2Themed SCXW42770921 BCX0\">pramenit\u00e1 <\/span><span class=\"NormalTextRun SCXW42770921 BCX0\">voda (94%), <\/span><span class=\"NormalTextRun SpellingErrorV2Themed SCXW42770921 BCX0\">ovocn\u00fd <\/span><span class=\"NormalTextRun SCXW42770921 BCX0\">extrakt (<\/span><span class=\"NormalTextRun SpellingErrorV2Themed SCXW42770921 BCX0\">karob<\/span><span class=\"NormalTextRun SCXW42770921 BCX0\">, jablko), <\/span><span class=\"NormalTextRun SpellingErrorV2Themed SCXW42770921 BCX0\">citr\u00f3nov\u00e1<\/span><span class=\"NormalTextRun SCXW42770921 BCX0\">\u00a0\u0161\u0165<\/span><span class=\"NormalTextRun SpellingErrorV2Themed SCXW42770921 BCX0\">ava<\/span><span class=\"NormalTextRun SCXW42770921 BCX0\"> z <\/span><span class=\"NormalTextRun SpellingErrorV2Themed SCXW42770921 BCX0\">koncentr\u00e1tu<\/span><span class=\"NormalTextRun SCXW42770921 BCX0\"> (2%), <\/span><span class=\"NormalTextRun SpellingErrorV2Themed SCXW42770921 BCX0\">pomaran\u010dov\u00e1 \u0161\u0165<\/span><span class=\"NormalTextRun SpellingErrorV2Themed SCXW42770921 BCX0\">ava<\/span><span class=\"NormalTextRun SCXW42770921 BCX0\"> z <\/span><span class=\"NormalTextRun SpellingErrorV2Themed SCXW42770921 BCX0\">koncentr\u00e1tu<\/span><span class=\"NormalTextRun SCXW42770921 BCX0\"> (1%), antioxidant: kyselina <\/span><span class=\"NormalTextRun SpellingErrorV2Themed SCXW42770921 BCX0\">askorbov\u00e1, <\/span><span class=\"NormalTextRun SpellingErrorV2Themed SCXW42770921 BCX0\">Alpha<\/span><span class=\"NormalTextRun SCXW42770921 BCX0\"> GPC, <\/span><span class=\"NormalTextRun SpellingErrorV2Themed SCXW42770921 BCX0\">Acetyl<\/span> <span class=\"NormalTextRun SpellingErrorV2Themed SCXW42770921 BCX0\">L-karnit\u00edn<\/span><span class=\"NormalTextRun SCXW42770921 BCX0\">, zmes <\/span><span class=\"NormalTextRun SpellingErrorV2Themed SCXW42770921 BCX0\">vitam\u00ednov<\/span><span class=\"NormalTextRun SCXW42770921 BCX0\"> (<\/span><span class=\"NormalTextRun SpellingErrorV2Themed SCXW42770921 BCX0\">Vitam\u00edn<\/span><span class=\"NormalTextRun SCXW42770921 BCX0\"> C, <\/span><span class=\"NormalTextRun SpellingErrorV2Themed SCXW42770921 BCX0\">Niac\u00edn<\/span><span class=\"NormalTextRun SCXW42770921 BCX0\">, Kyselina <\/span><span class=\"NormalTextRun SpellingErrorV2Themed SCXW42770921 BCX0\">pantot\u00e9nov\u00e1<\/span><span class=\"NormalTextRun SCXW42770921 BCX0\">, <\/span><span class=\"NormalTextRun SpellingErrorV2Themed SCXW42770921 BCX0\">Vitam\u00edn<\/span><span class=\"NormalTextRun SCXW42770921 BCX0\"> B6, <\/span><span class=\"NormalTextRun SpellingErrorV2Themed SCXW42770921 BCX0\">Vitam\u00edn<\/span><span class=\"NormalTextRun SCXW42770921 BCX0\"> B12, Kyselina <\/span><span class=\"NormalTextRun SpellingErrorV2Themed SCXW42770921 BCX0\">listov\u00e1<\/span><span class=\"NormalTextRun SCXW42770921 BCX0\">), <\/span><span class=\"NormalTextRun SpellingErrorV2Themed SCXW42770921 BCX0\">Vitam\u00edn<\/span><span class=\"NormalTextRun SCXW42770921 BCX0\"> E, <\/span><span class=\"NormalTextRun SpellingErrorV2Themed SCXW42770921 BCX0\">pr\u00edrodn\u00e9 <\/span><span class=\"NormalTextRun SpellingErrorV2Themed SCXW42770921 BCX0\">ar\u00f3my<\/span><span class=\"NormalTextRun SCXW42770921 BCX0\">. <\/span><\/p><\/div>\n\t\t\t\t<\/div>\n\t\t\t\t\t\t\t\t<\/div>\n\t\t\t\t<\/div>\n\t\t\t\t<\/div>\n\t\t\t\t\t<\/div>\n\t\t<\/div>\n\t\t\t\t\t<\/div>\n\t\t<\/section>\n\t\t\t\t<\/div>\n\t\t","protected":false},"excerpt":{"rendered":"<p><span style=\"font-weight: 400;\">Osvie\u017euj\u00faci nes\u00fdten\u00fd funk\u010dn\u00fd n\u00e1poj Care Water BRAIN \u0165a udr\u017e\u00ed\u00ad v strehu aj po\u010das t\u00fdch najn\u00e1ro\u010dnej\u0161\u00ed\u00adch dn\u00ed\u00ad. Medzi akt\u00ed\u00advne l\u00e1tky, ktor\u00e9 obsahuje, patr\u00ed\u00ad aj<\/span><b> citikol\u00edn (Cognizin<em>\u00ae<\/em> Citicoline) \u010di Acetyl L-karnit\u00ed\u00adn<\/b><span style=\"font-weight: 400;\">, ktor\u00e9 podporuj\u00fa a <\/span><b>stimuluj\u00fa kognit\u00ed\u00advnu aktivitu, u\u010denie, pam\u00e4\u0165, pozornos\u0165 a celkov\u00e9 s\u00fastredenie pri plnen\u00ed\u00ad n\u00e1ro\u010dn\u00fdch \u00faloh<\/b><span style=\"font-weight: 400;\">.<\/span><\/p>\n<p><span style=\"font-weight: 400;\">Bez konzervantov a umel\u00fdch pr\u00ed\u00adsad je Care Water BRAIN s pr\u00ed\u00adchu\u0165ou pomela a zelen\u00e9ho citr\u00f3na skvelou n\u00ed\u00adzkokalorickou vo\u013ebou pre tvoje upon\u00e1h\u013ean\u00e9 pracovn\u00e9 dni, ke\u010f potrebuje\u0161 poda\u0165 skvel\u00fd v\u00fdkon.<\/span><\/p>\n","protected":false},"featured_media":990268,"template":"","meta":{"_acf_changed":false,"_seopress_robots_primary_cat":"none","_seopress_titles_title":"Care Water BRAIN %%sep%% %%sitetitle%%","_seopress_titles_desc":"Care Water Brain sme \u0161peci\u00e1lne vyvinuli pre podporu tvojej kognit\u00ed\u00advnej aktivity, u\u010denia a celkov\u00e9ho s\u00fastredenia po\u010das n\u00e1ro\u010dn\u00fdch pracovn\u00fdch dn\u00ed\u00ad.\u00a0","_seopress_robots_index":"","footnotes":""},"product_cat":[115],"product_tag":[],"class_list":{"0":"post-988520","1":"product","2":"type-product","3":"status-publish","4":"has-post-thumbnail","6":"product_cat-care-waters","8":"first","9":"outofstock","10":"taxable","11":"shipping-taxable","12":"purchasable","13":"product-type-simple"},"acf":[],"_links":{"self":[{"href":"https:\/\/carelabdivas.com\/sk\/wp-json\/wp\/v2\/product\/988520"}],"collection":[{"href":"https:\/\/carelabdivas.com\/sk\/wp-json\/wp\/v2\/product"}],"about":[{"href":"https:\/\/carelabdivas.com\/sk\/wp-json\/wp\/v2\/types\/product"}],"version-history":[{"count":10,"href":"https:\/\/carelabdivas.com\/sk\/wp-json\/wp\/v2\/product\/988520\/revisions"}],"predecessor-version":[{"id":993032,"href":"https:\/\/carelabdivas.com\/sk\/wp-json\/wp\/v2\/product\/988520\/revisions\/993032"}],"wp:featuredmedia":[{"embeddable":true,"href":"https:\/\/carelabdivas.com\/sk\/wp-json\/wp\/v2\/media\/990268"}],"wp:attachment":[{"href":"https:\/\/carelabdivas.com\/sk\/wp-json\/wp\/v2\/media?parent=988520"}],"wp:term":[{"taxonomy":"product_cat","embeddable":true,"href":"https:\/\/carelabdivas.com\/sk\/wp-json\/wp\/v2\/product_cat?post=988520"},{"taxonomy":"product_tag","embeddable":true,"href":"https:\/\/carelabdivas.com\/sk\/wp-json\/wp\/v2\/product_tag?post=988520"}],"curies":[{"name":"wp","href":"https:\/\/api.w.org\/{rel}","templated":true}]}}