{"id":988539,"date":"2023-05-23T12:19:08","date_gmt":"2023-05-23T10:19:08","guid":{"rendered":"https:\/\/carelabdivas.com\/sk\/?post_type=product&#038;p=988539"},"modified":"2026-03-17T19:53:15","modified_gmt":"2026-03-17T18:53:15","slug":"wellness-soda-grapefruit-a-ibistek","status":"publish","type":"product","link":"https:\/\/carelabdivas.com\/sk\/produkty\/wellness-soda-grapefruit-a-ibistek\/","title":{"rendered":"Wellness Soda Grapefruit &#038; Ibi\u0161tek"},"content":{"rendered":"\t\t<div data-elementor-type=\"product-post\" data-elementor-id=\"988539\" class=\"elementor elementor-988539\" data-elementor-post-type=\"product\">\n\t\t\t\t\t\t<section class=\"elementor-section elementor-top-section elementor-element elementor-element-5d9cc147 elementor-section-boxed elementor-section-height-default elementor-section-height-default\" data-id=\"5d9cc147\" data-element_type=\"section\">\n\t\t\t\t\t\t<div class=\"elementor-container elementor-column-gap-default\">\n\t\t\t\t\t<div class=\"elementor-column elementor-col-100 elementor-top-column elementor-element elementor-element-483f7f49\" data-id=\"483f7f49\" data-element_type=\"column\">\n\t\t\t<div class=\"elementor-widget-wrap elementor-element-populated\">\n\t\t\t\t\t\t<div class=\"elementor-element elementor-element-137a99c4 elementor-widget elementor-widget-toggle\" data-id=\"137a99c4\" data-element_type=\"widget\" data-widget_type=\"toggle.default\">\n\t\t\t\t<div class=\"elementor-widget-container\">\n\t\t\t\t\t<div class=\"elementor-toggle\">\n\t\t\t\t\t\t\t<div class=\"elementor-toggle-item\">\n\t\t\t\t\t<div id=\"elementor-tab-title-3261\" class=\"elementor-tab-title\" data-tab=\"1\" role=\"button\" aria-controls=\"elementor-tab-content-3261\" aria-expanded=\"false\">\n\t\t\t\t\t\t\t\t\t\t\t\t<span class=\"elementor-toggle-icon elementor-toggle-icon-right\" aria-hidden=\"true\">\n\t\t\t\t\t\t\t\t\t\t\t\t\t\t\t<span class=\"elementor-toggle-icon-closed\"><i class=\"fas fa-plus\"><\/i><\/span>\n\t\t\t\t\t\t\t\t<span class=\"elementor-toggle-icon-opened\"><i class=\"elementor-toggle-icon-opened fas fa-minus\"><\/i><\/span>\n\t\t\t\t\t\t\t\t\t\t\t\t\t<\/span>\n\t\t\t\t\t\t\t\t\t\t\t\t<a class=\"elementor-toggle-title\" tabindex=\"0\">Detaily<\/a>\n\t\t\t\t\t<\/div>\n\n\t\t\t\t\t<div id=\"elementor-tab-content-3261\" class=\"elementor-tab-content elementor-clearfix\" data-tab=\"1\" role=\"region\" aria-labelledby=\"elementor-tab-title-3261\"><p><span style=\"font-weight: 400;\">Komplexn\u00fd wellness pre tvoje telo v jednom lahodnom drinku. V\u010faka unik\u00e1tnemu zlo\u017eeniu s vedecky a klinicky overen\u00fdmi ingredienciami<\/span> je na\u0161a <b>Wellness Soda jedn\u00fdm z najkomplexnej\u0161\u00edch n\u00e1pojov pre celkov\u00fa regener\u00e1ciu organizmu na trhu<\/b><span style=\"font-weight: 400;\">.\u00a0<\/span><\/p><p><span style=\"font-weight: 400;\">V ka\u017edej plechovke Wellness Sody n\u00e1jde\u0161:\u00a0<\/span><\/p><ul><li style=\"font-weight: 400;\" aria-level=\"1\"><span style=\"font-weight: 400;\">prv\u00fa veg\u00e1nsku alternat\u00edvu koleg\u00e9nu,<\/span><\/li><li style=\"font-weight: 400;\" aria-level=\"1\"><span style=\"font-weight: 400;\">koenz\u00fdm Q10,<\/span><\/li><li style=\"font-weight: 400;\" aria-level=\"1\"><span style=\"font-weight: 400;\">74 morsk\u00fdch miner\u00e1lov,<\/span><\/li><li style=\"font-weight: 400;\" aria-level=\"1\"><span style=\"font-weight: 400;\">unik\u00e1tnu CARE LAB vitam\u00ednov\u00fa zmes (vitam\u00edny C, B3, B5, B6, B9 a B12).<\/span><\/li><\/ul><p><strong><br \/>\u010c\u00edm s\u00fa ingrediencie v\u00fdnimo\u010dn\u00e9 a ak\u00e9 s\u00fa ich \u00fa\u010dinky?<\/strong><\/p><p>Srdce Wellness Sody tvor\u00ed <span style=\"font-weight: bold;\">prv\u00e1 veg\u00e1nska alternat\u00edva kolag\u00e9nu<\/span>. T\u00e1to patentovan\u00e1 recept\u00fara rastlinn\u00e9ho p\u00f4vodu m\u00e1 toto\u017en\u00fd profil 20-tich aminokysel\u00edn s \u013eudsk\u00fdm kolag\u00e9nom typu 1. Ke\u010f\u017ee sme telu u\u0161etrili \u0161tiepenie klasick\u00e9ho kolag\u00e9nu na aminokyseliny, na\u0161a rastlinn\u00e1 alternat\u00edva je pre telo \u013eah\u0161ie vyu\u017eite\u013en\u00e1 ako ktor\u00fdko\u013evek in\u00fd kolag\u00e9n \u017eivo\u010d\u00ed\u0161neho p\u00f4vodu a je tie\u017e <b>\u00fa\u010dinnej\u0161ia<\/b>.<\/p><p><span style=\"font-weight: bold;\">Koenz\u00fdm Q10\u00a0<\/span>zas pon\u00faka okrem antioxida\u010dn\u00fdch \u00fa\u010dinkov aj overen\u00e9 benefity pre kardiovaskul\u00e1rny syst\u00e9m \u010di celkov\u00fa energiu.<\/p><p><span style=\"font-weight: 400;\">Wellness Soda tie\u017e obsahuje<\/span><b>\u00a074 morsk\u00fdch miner\u00e1lov<\/b><span style=\"font-weight: 400;\">, ktor\u00fdch pozit\u00edvne \u00fa\u010dinky na zdravie kost\u00ed, k\u013abov a \u010driev boli dok\u00e1zan\u00e9 desiatkami klinick\u00fdch a vedeck\u00fdch \u0161t\u00fadi\u00ed. Morsk\u00e9 miner\u00e1ly poch\u00e1dzaj\u00fa zo starostlivo spracovan\u00fdch morsk\u00fdch rias zozbieran\u00fdch zo sam\u00e9ho dna Atlantiku.<\/span><\/p><p><span style=\"font-weight: 400;\">Na\u0161a unik\u00e1tna CARE LAB <\/span><b>vitam\u00ednov\u00e1 zmes <\/b><span style=\"font-weight: 400;\">zah\u0155\u0148aj\u00faca vitam\u00edny C, B3, B5, B6, B9 a B12 je k\u013e\u00fa\u010dov\u00e1 pre zdrav\u00e9 \u017eivotn\u00e9 procesy, metabolizmus, du\u0161evn\u00fa a fyzick\u00fa v\u00fdkonnos\u0165 a celkov\u00fa vitalitu.<\/span><\/p><p><span style=\"font-family: var( --e-global-typography-vamtam_primary_font-font-family ), Playfair Display; font-size: var( --e-global-typography-vamtam_primary_font-font-size ); font-style: var( --e-global-typography-vamtam_primary_font-font-style ); text-transform: var( --e-global-typography-vamtam_primary_font-text-transform ); background-color: var( --e-global-color-vamtam_accent_3 ); color: var( --e-global-color-vamtam_accent_2 );\">Pravideln\u00e1 konzum\u00e1cia Wellness Sody s obsahom aminokysel\u00edn, miner\u00e1lov, vitam\u00ednov a antioxidantov podporuje regener\u00e1ciu organizmu, vitalitu a zdrav\u00e9 starnutie. A navy\u0161e, je to <strong>v\u00fd\u017eivov\u00fd doplnok, ktor\u00fd aj v\u00fdborne chut\u00ed.\u00a0<\/strong><\/span><\/p><\/div>\n\t\t\t\t<\/div>\n\t\t\t\t\t\t\t<div class=\"elementor-toggle-item\">\n\t\t\t\t\t<div id=\"elementor-tab-title-3262\" class=\"elementor-tab-title\" data-tab=\"2\" role=\"button\" aria-controls=\"elementor-tab-content-3262\" aria-expanded=\"false\">\n\t\t\t\t\t\t\t\t\t\t\t\t<span class=\"elementor-toggle-icon elementor-toggle-icon-right\" aria-hidden=\"true\">\n\t\t\t\t\t\t\t\t\t\t\t\t\t\t\t<span class=\"elementor-toggle-icon-closed\"><i class=\"fas fa-plus\"><\/i><\/span>\n\t\t\t\t\t\t\t\t<span class=\"elementor-toggle-icon-opened\"><i class=\"elementor-toggle-icon-opened fas fa-minus\"><\/i><\/span>\n\t\t\t\t\t\t\t\t\t\t\t\t\t<\/span>\n\t\t\t\t\t\t\t\t\t\t\t\t<a class=\"elementor-toggle-title\" tabindex=\"0\">Ingrediencie<\/a>\n\t\t\t\t\t<\/div>\n\n\t\t\t\t\t<div id=\"elementor-tab-content-3262\" class=\"elementor-tab-content elementor-clearfix\" data-tab=\"2\" role=\"region\" aria-labelledby=\"elementor-tab-title-3262\"><p><strong>Objem:<\/strong> 330 ml<\/p><p><strong>Odpor\u00fa\u010dan\u00e1 denn\u00e1 d\u00e1vka:<\/strong> 330 ml (1 balenie)<\/p><p><strong>Zlo\u017eenie:\u00a0<\/strong>voda, oxid uhli\u010dit\u00fd, ovocn\u00fd extrakt (karob, jablko), hroznov\u00e1 \u0161\u0165ava z koncentr\u00e1tu 7 %, grapefruitov\u00e1 \u0161\u0165ava z koncentr\u00e1tu 5%, citr\u00f3nov\u00e1 \u0161\u0165ava z koncentr\u00e1tu\u00a0 3%, antioxidant: kyselina askorbov\u00e1, VeCollal<span lang=\"SK-SK\" xml:lang=\"SK-SK\" data-contrast=\"auto\">\u00ae (zmes aminokysel\u00edn Glyc\u00edn, L-Prol\u00edn, L-Alan\u00edn, Centella Asiatica, Kyselina L-Aspar\u00e1gov\u00e1, Kyselina L-Glutamov\u00e1, L-Argin\u00edn, L-Ser\u00edn, L-Leuc\u00edn, L-Val\u00edn, L-Treon\u00edn, L-Glutam\u00edn, L-Lyz\u00edn, kyselina askorbov\u00e1, L-Izoleuc\u00edn, L-Fenylalan\u00edn, L-Tyroz\u00edn, L-Metion\u00edn, L-Histid\u00edn, L-Cyste\u00edn, Panax Ginseng, L-Tryptof\u00e1n), Aquamin<span class=\"TextRun SCXW192927192 BCX0\" lang=\"SK-SK\" xml:lang=\"SK-SK\" data-contrast=\"auto\"><span class=\"NormalTextRun SCXW192927192 BCX0\">\u00ae (pr\u00edrodn\u00fd multi-miner\u00e1lny komplex), zmes vitam\u00ednov (Vitam\u00edn C, Niac\u00edn, Kyselina pantot\u00e9nov\u00e1, Vitam\u00edn B6, Kyselina listov\u00e1, Vitam\u00edn B12), Koenz\u00fdm Q10 (0,012%), pr\u00edrodn\u00e9 ar\u00f3my.\u00a0<\/span><\/span><\/span><\/p><\/div>\n\t\t\t\t<\/div>\n\t\t\t\t\t\t\t\t<\/div>\n\t\t\t\t<\/div>\n\t\t\t\t<\/div>\n\t\t\t\t\t<\/div>\n\t\t<\/div>\n\t\t\t\t\t<\/div>\n\t\t<\/section>\n\t\t\t\t<\/div>\n\t\t","protected":false},"excerpt":{"rendered":"<p><span style=\"font-weight: 400;\">Jemne perliv\u00e1 Wellness Soda s pr\u00ed\u00adchu\u0165ou grapefruitu a ibi\u0161teka je jedn\u00fdm z najkomplexnej\u0161\u00edch drinkov pre celkov\u00fa regener\u00e1ciu organizmu.<\/span><b> Podporuje zdrav\u00e9 starnutie, m\u00e1 pozit\u00ed\u00advne \u00fa\u010dinky na poko\u017eku, kosti, k\u013aby, \u010drev\u00e1, kardiovaskul\u00e1rny syst\u00e9m \u010di imunitu<span style=\"font-weight: 400;\">.<\/span><\/b><span style=\"font-weight: 400;\"> V\u00fd\u017eivov\u00fd doplnok v plechovke, Wellness Soda, \u0165a presved\u010d\u00ed o tom, \u017ee v\u00fd\u017eivov\u00e9 doplnky m\u00f4\u017eu by\u0165 nielen mimoriadne \u00fa\u010dinn\u00e9, ale navy\u0161e aj skvele chuti\u0165.\u00a0<\/span><\/p>\n<p><span style=\"font-weight: 400;\">Dovo\u013e Wellness Sode, aby sa stala tvoj\u00ed\u00adm nov\u00fdm denn\u00fdm ritu\u00e1lom. U\u017e len jedna plechovka denne \u0165a navedie na cestu k zdrav\u00e9mu starnutiu a vitalite aj v neskor\u0161om veku.<\/span><\/p>\n","protected":false},"featured_media":993081,"template":"","meta":{"_acf_changed":false,"_seopress_robots_primary_cat":"none","_seopress_titles_title":"Wellness Soda - grapefruit a ibi\u0161tek %%sep%% %%sitetitle%%","_seopress_titles_desc":"V\u00fd\u017eivov\u00fd doplnok s veg\u00e1nskym kolag\u00e9nom, miner\u00e1lmi a vitam\u00ednmi - Wellness Soda, prospieva imunite, kostiam, k\u013abom, poko\u017eke aj tr\u00e1veniu.","_seopress_robots_index":"","footnotes":""},"product_cat":[116],"product_tag":[],"class_list":{"0":"post-988539","1":"product","2":"type-product","3":"status-publish","4":"has-post-thumbnail","6":"product_cat-wellness-soda","8":"first","9":"instock","10":"taxable","11":"shipping-taxable","12":"purchasable","13":"product-type-simple"},"acf":[],"_links":{"self":[{"href":"https:\/\/carelabdivas.com\/sk\/wp-json\/wp\/v2\/product\/988539"}],"collection":[{"href":"https:\/\/carelabdivas.com\/sk\/wp-json\/wp\/v2\/product"}],"about":[{"href":"https:\/\/carelabdivas.com\/sk\/wp-json\/wp\/v2\/types\/product"}],"version-history":[{"count":10,"href":"https:\/\/carelabdivas.com\/sk\/wp-json\/wp\/v2\/product\/988539\/revisions"}],"predecessor-version":[{"id":993164,"href":"https:\/\/carelabdivas.com\/sk\/wp-json\/wp\/v2\/product\/988539\/revisions\/993164"}],"wp:featuredmedia":[{"embeddable":true,"href":"https:\/\/carelabdivas.com\/sk\/wp-json\/wp\/v2\/media\/993081"}],"wp:attachment":[{"href":"https:\/\/carelabdivas.com\/sk\/wp-json\/wp\/v2\/media?parent=988539"}],"wp:term":[{"taxonomy":"product_cat","embeddable":true,"href":"https:\/\/carelabdivas.com\/sk\/wp-json\/wp\/v2\/product_cat?post=988539"},{"taxonomy":"product_tag","embeddable":true,"href":"https:\/\/carelabdivas.com\/sk\/wp-json\/wp\/v2\/product_tag?post=988539"}],"curies":[{"name":"wp","href":"https:\/\/api.w.org\/{rel}","templated":true}]}}