{"id":988544,"date":"2023-05-23T12:42:52","date_gmt":"2023-05-23T10:42:52","guid":{"rendered":"https:\/\/carelabdivas.com\/sk\/?post_type=product&#038;p=988544"},"modified":"2025-08-25T13:03:10","modified_gmt":"2025-08-25T11:03:10","slug":"wellness-soda-visna-a-ruza","status":"publish","type":"product","link":"https:\/\/carelabdivas.com\/sk\/produkty\/wellness-soda-visna-a-ruza\/","title":{"rendered":"Wellness Soda Vi\u0161\u0148a &#038; Ru\u017ea"},"content":{"rendered":"\t\t<div data-elementor-type=\"product-post\" data-elementor-id=\"988544\" class=\"elementor elementor-988544\" data-elementor-post-type=\"product\">\n\t\t\t\t\t\t<section class=\"elementor-section elementor-top-section elementor-element elementor-element-38dc7665 elementor-section-boxed elementor-section-height-default elementor-section-height-default\" data-id=\"38dc7665\" data-element_type=\"section\">\n\t\t\t\t\t\t<div class=\"elementor-container elementor-column-gap-default\">\n\t\t\t\t\t<div class=\"elementor-column elementor-col-100 elementor-top-column elementor-element elementor-element-376344f4\" data-id=\"376344f4\" data-element_type=\"column\">\n\t\t\t<div class=\"elementor-widget-wrap elementor-element-populated\">\n\t\t\t\t\t\t<div class=\"elementor-element elementor-element-6145db9 elementor-widget elementor-widget-toggle\" data-id=\"6145db9\" data-element_type=\"widget\" data-widget_type=\"toggle.default\">\n\t\t\t\t<div class=\"elementor-widget-container\">\n\t\t\t\t\t<div class=\"elementor-toggle\">\n\t\t\t\t\t\t\t<div class=\"elementor-toggle-item\">\n\t\t\t\t\t<div id=\"elementor-tab-title-1011\" class=\"elementor-tab-title\" data-tab=\"1\" role=\"button\" aria-controls=\"elementor-tab-content-1011\" aria-expanded=\"false\">\n\t\t\t\t\t\t\t\t\t\t\t\t<span class=\"elementor-toggle-icon elementor-toggle-icon-right\" aria-hidden=\"true\">\n\t\t\t\t\t\t\t\t\t\t\t\t\t\t\t<span class=\"elementor-toggle-icon-closed\"><i class=\"fas fa-plus\"><\/i><\/span>\n\t\t\t\t\t\t\t\t<span class=\"elementor-toggle-icon-opened\"><i class=\"elementor-toggle-icon-opened fas fa-minus\"><\/i><\/span>\n\t\t\t\t\t\t\t\t\t\t\t\t\t<\/span>\n\t\t\t\t\t\t\t\t\t\t\t\t<a class=\"elementor-toggle-title\" tabindex=\"0\">Detaily<\/a>\n\t\t\t\t\t<\/div>\n\n\t\t\t\t\t<div id=\"elementor-tab-content-1011\" class=\"elementor-tab-content elementor-clearfix\" data-tab=\"1\" role=\"region\" aria-labelledby=\"elementor-tab-title-1011\"><p><span style=\"font-weight: 400;\">Wellness Soda Vi\u0161\u0148a &amp; Ru\u017ea je<strong> v\u00fd\u017eivov\u00fd doplnok v plechovke<\/strong> s unik\u00e1tnou recept\u00farou plnou klinicky a vedecky overen\u00fdch zlo\u017eiek. Pr\u00e1ve jej zlo\u017eenie rob\u00ed z Wellness Sody <\/span><b>jeden z najkomplexnej\u0161\u00edch n\u00e1pojov pre celkov\u00fa regener\u00e1ciu organizmu.\u00a0<\/b><\/p><p><span style=\"font-weight: 400;\">V ka\u017edej plechovke Wellness Sody n\u00e1jde\u0161:\u00a0<\/span><\/p><ul><li style=\"font-weight: 400;\" aria-level=\"1\"><span style=\"font-weight: 400;\">prv\u00fa veg\u00e1nsku alternat\u00edvu koleg\u00e9nu,<\/span><\/li><li style=\"font-weight: 400;\" aria-level=\"1\"><span style=\"font-weight: 400;\">koenz\u00fdm Q10,<\/span><\/li><li style=\"font-weight: 400;\" aria-level=\"1\"><span style=\"font-weight: 400;\">74 morsk\u00fdch miner\u00e1lov,<\/span><\/li><li style=\"font-weight: 400;\" aria-level=\"1\"><span style=\"font-weight: 400;\">unik\u00e1tnu CARE LAB vitam\u00ednov\u00fa zmes (vitam\u00edny C, B3, B5, B6, B9 a B12).<\/span><\/li><li aria-level=\"1\">\u00a0<\/li><\/ul><div><b>\u010c\u00edm s\u00fa tieto ingrediencie v\u00fdnimo\u010dn\u00e9 a ak\u00e9 s\u00fa ich \u00fa\u010dinky?<\/b><\/div><div>\u00a0<\/div><div><p>Srdce Wellness Sody tvor\u00ed <span style=\"font-weight: bold;\">prv\u00e1 veg\u00e1nska alternat\u00edva kolag\u00e9nu<\/span>. T\u00e1to patentovan\u00e1 recept\u00fara rastlinn\u00e9ho p\u00f4vodu m\u00e1 na rozdiel od \u017eivo\u010d\u00ed\u0161neho kolag\u00e9nu zhodn\u00fd profil 20-tich aminokysel\u00edn s \u013eudsk\u00fdm kolag\u00e9nom typu 1. Z\u00e1rove\u0148, ke\u010f\u017ee sme telu u\u0161etrili \u0161tiepenie klasick\u00e9ho kolag\u00e9nu na aminokyseliny, <strong>veg\u00e1nska alternat\u00edva je \u00fa\u010dinnej\u0161ia<\/strong> a \u013eah\u0161ie vstrebate\u013en\u00e1 ako ktor\u00fdko\u013evek in\u00fd kolag\u00e9n \u017eivo\u010d\u00ed\u0161neho p\u00f4vodu. Rastlinn\u00fd kolag\u00e9n prospieva tvojim kostiam, k\u013abom, nechtom, poko\u017eke, ale aj vlasom.<\/p><p><span style=\"font-weight: bold;\">Koenz\u00fdm Q10<\/span>, ako \u010fal\u0161ia z akt\u00edvnych zlo\u017eiek Wellness Sody, pon\u00faka okrem antioxida\u010dn\u00fdch \u00fa\u010dinkov aj overen\u00e9 benefity pre kardiovaskul\u00e1rny syst\u00e9m \u010di celkov\u00fa energiu<\/p><p><span style=\"font-weight: 400;\">Wellness Soda okrem toho obsahuje <\/span><b>a\u017e 74 morsk\u00fdch miner\u00e1lov<\/b><span style=\"font-weight: 400;\">, ktor\u00fdch pozit\u00edvne \u00fa\u010dinky na zdravie kost\u00ed, k\u013abov a \u010driev boli zdokumentovan\u00e9 desiatkami klinick\u00fdch a vedeck\u00fdch \u0161t\u00fadi\u00ed. Morsk\u00e9 miner\u00e1ly poch\u00e1dzaj\u00fa zo starostlivo spracovan\u00fdch\u00a0 morsk\u00fdch rias zozbieran\u00fdch zo sam\u00e9ho dna Atlantiku.<\/span><\/p><p><span style=\"font-weight: 400;\">Jedine\u010dn\u00e1 CARE LAB <\/span><b>vitam\u00ednov\u00e1 zmes<\/b><span style=\"font-weight: 400;\"> (C, B3, B5, B6, B9 a B12), ktor\u00e1 sa nach\u00e1dza vo v\u0161etk\u00fdch na\u0161ich produktoch, je rozhoduj\u00faca pre zdrav\u00e9 \u017eivotn\u00e9 procesy, metabolizmus, du\u0161evn\u00fa a fyzick\u00fa v\u00fdkonnos\u0165 a celkov\u00fa vitalitu.<\/span><\/p><\/div><p>Pravideln\u00e1 konzum\u00e1cia Wellness Sody <b>zvy\u0161uje prirodzen\u00fa produkciu kolag\u00e9nu v tele a podporuje \u0165a na ceste k zdrav\u00e9mu starnutiu a dlhovekosti<\/b>.<\/p><\/div>\n\t\t\t\t<\/div>\n\t\t\t\t\t\t\t<div class=\"elementor-toggle-item\">\n\t\t\t\t\t<div id=\"elementor-tab-title-1012\" class=\"elementor-tab-title\" data-tab=\"2\" role=\"button\" aria-controls=\"elementor-tab-content-1012\" aria-expanded=\"false\">\n\t\t\t\t\t\t\t\t\t\t\t\t<span class=\"elementor-toggle-icon elementor-toggle-icon-right\" aria-hidden=\"true\">\n\t\t\t\t\t\t\t\t\t\t\t\t\t\t\t<span class=\"elementor-toggle-icon-closed\"><i class=\"fas fa-plus\"><\/i><\/span>\n\t\t\t\t\t\t\t\t<span class=\"elementor-toggle-icon-opened\"><i class=\"elementor-toggle-icon-opened fas fa-minus\"><\/i><\/span>\n\t\t\t\t\t\t\t\t\t\t\t\t\t<\/span>\n\t\t\t\t\t\t\t\t\t\t\t\t<a class=\"elementor-toggle-title\" tabindex=\"0\">Ingrediencie<\/a>\n\t\t\t\t\t<\/div>\n\n\t\t\t\t\t<div id=\"elementor-tab-content-1012\" class=\"elementor-tab-content elementor-clearfix\" data-tab=\"2\" role=\"region\" aria-labelledby=\"elementor-tab-title-1012\"><p><strong>Objem:<\/strong> 330 ml<\/p>\n<p><strong>Odpor\u00fa\u010dan\u00e1 denn\u00e1 d\u00e1vka:<\/strong> 330 ml (1 balenie)<\/p>\n<p><strong>Zlo\u017eenie<\/strong>: voda, oxid uhli\u010dit\u00fd, ovocn\u00fd extrakt (karob, jablko), vi\u0161\u0148ov\u00e1 \u0161\u0165ava z koncentr\u00e1tu 10%, citr\u00f3nov\u00e1 \u0161\u0165ava z koncentr\u00e1tu 2%, jablkov\u00e1 \u0161\u0165ava z koncentr\u00e1tu 3%, antioxidant: kyselina askorbov\u00e1, VeCollal<span class=\"TextRun SCXW187829205 BCX0\" lang=\"SK-SK\" xml:lang=\"SK-SK\" data-contrast=\"auto\"><span class=\"NormalTextRun SCXW187829205 BCX0\">\u00ae (zmes aminokysel\u00edn Glyc\u00edn, L-Prol\u00edn, L-Alan\u00edn, Centella Asiatica, Kyselina L-Aspar\u00e1gov\u00e1, Kyselina L-Glutamov\u00e1, L-Argin\u00edn, L-Ser\u00edn, L-Leuc\u00edn, L-Val\u00edn, L-Treon\u00edn, L-Glutam\u00edn, L-Lyz\u00edn, kyselina askorbov\u00e1, L-Izoleuc\u00edn, L-Fenylalan\u00edn, L-Tyroz\u00edn, L-Metion\u00edn, L-Histid\u00edn, L-Cyste\u00edn, Panax Ginseng, L-Tryptof\u00e1n), Aquamin\u00ae (pr\u00edrodn\u00fd multi-miner\u00e1lny komplex), zmes vitam\u00ednov (Vitam\u00edn C, Niac\u00edn, Kyselina pantot\u00e9nov\u00e1, Vitam\u00edn B6, Kyselina listov\u00e1, Vitam\u00edn B12), Koenz\u00fdm Q10 (0,012 %), pr\u00edrodn\u00e9 ar\u00f3my.<\/span><\/span><\/p><\/div>\n\t\t\t\t<\/div>\n\t\t\t\t\t\t\t\t<\/div>\n\t\t\t\t<\/div>\n\t\t\t\t<\/div>\n\t\t\t\t\t<\/div>\n\t\t<\/div>\n\t\t\t\t\t<\/div>\n\t\t<\/section>\n\t\t\t\t<\/div>\n\t\t","protected":false},"excerpt":{"rendered":"<p><span style=\"font-weight: 400;\">Komplexn\u00fd drink pre tvoj wellness &#8211; jemne perliv\u00e1 Wellness Soda s o\u010daruj\u00facou pr\u00ed\u00adchu\u0165ou vi\u0161ne a ru\u017ee <b>podporuje imunitu, zdrav\u00e9 starnutie, zdravie kost\u00ed\u00ad, k\u013abov, poko\u017eky, \u010driev \u010di kardiovaskul\u00e1rneho syst\u00e9mu<\/b>.\u00a0 Srdce na\u0161ej Wellness Sody tvor\u00ed veg\u00e1nsky kolag\u00e9n, koenz\u00fdm Q10, 74 morsk\u00fdch miner\u00e1lov a zmes 6 zdraviu prospe\u0161n\u00fdch vitam\u00ed\u00adnov. <\/span><span style=\"font-weight: 400;\">Dopraj si jednu plechovku denne, ktor\u00e1 predstavuje \u00fa\u010dinn\u00fa cestu k vitalite a celkov\u00e9mu zdraviu. <\/span><\/p>\n","protected":false},"featured_media":993079,"template":"","meta":{"_acf_changed":false,"_seopress_robots_primary_cat":"none","_seopress_titles_title":"Wellness Soda %%sep%% Vi\u0161\u0148a a ru\u017ea %%sep%% %%sitetitle%%","_seopress_titles_desc":"V\u00fd\u017eivov\u00fd doplnok m\u00f4\u017ee by\u0165 nielen \u00fa\u010dinn\u00fd, ale dok\u00e1\u017ee aj skvele chuti\u0165. Presved\u010d sa o tom s na\u0161ou Wellness Sodou, ktor\u00e1 prospieva tvojim kostiam, k\u013abom, poko\u017eke aj imunite.","_seopress_robots_index":"","footnotes":""},"product_cat":[116],"product_tag":[],"class_list":{"0":"post-988544","1":"product","2":"type-product","3":"status-publish","4":"has-post-thumbnail","6":"product_cat-wellness-soda","8":"first","9":"outofstock","10":"taxable","11":"shipping-taxable","12":"purchasable","13":"product-type-simple"},"acf":[],"_links":{"self":[{"href":"https:\/\/carelabdivas.com\/sk\/wp-json\/wp\/v2\/product\/988544"}],"collection":[{"href":"https:\/\/carelabdivas.com\/sk\/wp-json\/wp\/v2\/product"}],"about":[{"href":"https:\/\/carelabdivas.com\/sk\/wp-json\/wp\/v2\/types\/product"}],"version-history":[{"count":10,"href":"https:\/\/carelabdivas.com\/sk\/wp-json\/wp\/v2\/product\/988544\/revisions"}],"predecessor-version":[{"id":993139,"href":"https:\/\/carelabdivas.com\/sk\/wp-json\/wp\/v2\/product\/988544\/revisions\/993139"}],"wp:featuredmedia":[{"embeddable":true,"href":"https:\/\/carelabdivas.com\/sk\/wp-json\/wp\/v2\/media\/993079"}],"wp:attachment":[{"href":"https:\/\/carelabdivas.com\/sk\/wp-json\/wp\/v2\/media?parent=988544"}],"wp:term":[{"taxonomy":"product_cat","embeddable":true,"href":"https:\/\/carelabdivas.com\/sk\/wp-json\/wp\/v2\/product_cat?post=988544"},{"taxonomy":"product_tag","embeddable":true,"href":"https:\/\/carelabdivas.com\/sk\/wp-json\/wp\/v2\/product_tag?post=988544"}],"curies":[{"name":"wp","href":"https:\/\/api.w.org\/{rel}","templated":true}]}}