{"id":991496,"date":"2024-07-02T08:04:26","date_gmt":"2024-07-02T06:04:26","guid":{"rendered":"https:\/\/carelabdivas.com\/sk\/?post_type=product&#038;p=991496"},"modified":"2025-08-25T13:02:12","modified_gmt":"2025-08-25T11:02:12","slug":"wellness-soda-jasmin","status":"publish","type":"product","link":"https:\/\/carelabdivas.com\/sk\/produkty\/wellness-soda-jasmin\/","title":{"rendered":"Wellness Soda Bergamot &#038; Jazm\u00edn"},"content":{"rendered":"\t\t<div data-elementor-type=\"product-post\" data-elementor-id=\"991496\" class=\"elementor elementor-991496\" data-elementor-post-type=\"product\">\n\t\t\t\t\t\t<section class=\"elementor-section elementor-top-section elementor-element elementor-element-38dc7665 elementor-section-boxed elementor-section-height-default elementor-section-height-default\" data-id=\"38dc7665\" data-element_type=\"section\">\n\t\t\t\t\t\t<div class=\"elementor-container elementor-column-gap-default\">\n\t\t\t\t\t<div class=\"elementor-column elementor-col-100 elementor-top-column elementor-element elementor-element-376344f4\" data-id=\"376344f4\" data-element_type=\"column\">\n\t\t\t<div class=\"elementor-widget-wrap elementor-element-populated\">\n\t\t\t\t\t\t<div class=\"elementor-element elementor-element-6145db9 elementor-widget elementor-widget-toggle\" data-id=\"6145db9\" data-element_type=\"widget\" data-widget_type=\"toggle.default\">\n\t\t\t\t<div class=\"elementor-widget-container\">\n\t\t\t\t\t<div class=\"elementor-toggle\">\n\t\t\t\t\t\t\t<div class=\"elementor-toggle-item\">\n\t\t\t\t\t<div id=\"elementor-tab-title-1011\" class=\"elementor-tab-title\" data-tab=\"1\" role=\"button\" aria-controls=\"elementor-tab-content-1011\" aria-expanded=\"false\">\n\t\t\t\t\t\t\t\t\t\t\t\t<span class=\"elementor-toggle-icon elementor-toggle-icon-right\" aria-hidden=\"true\">\n\t\t\t\t\t\t\t\t\t\t\t\t\t\t\t<span class=\"elementor-toggle-icon-closed\"><i class=\"fas fa-plus\"><\/i><\/span>\n\t\t\t\t\t\t\t\t<span class=\"elementor-toggle-icon-opened\"><i class=\"elementor-toggle-icon-opened fas fa-minus\"><\/i><\/span>\n\t\t\t\t\t\t\t\t\t\t\t\t\t<\/span>\n\t\t\t\t\t\t\t\t\t\t\t\t<a class=\"elementor-toggle-title\" tabindex=\"0\">Detaily<\/a>\n\t\t\t\t\t<\/div>\n\n\t\t\t\t\t<div id=\"elementor-tab-content-1011\" class=\"elementor-tab-content elementor-clearfix\" data-tab=\"1\" role=\"region\" aria-labelledby=\"elementor-tab-title-1011\"><p>Lahodn\u00fd v\u00fd\u017eivov\u00fd doplnok v plechovke &#8211; Wellness Soda je jedn\u00fdm z najkomplexnej\u0161\u00edch drinkov pre celkov\u00fa regener\u00e1ciu organizmu na trhu.\u00a0<\/p><p>V\u010faka svojej unik\u00e1tnej recept\u00fare s vedecky a klinicky overen\u00fdmi ingredienciami \u00fa\u010dinne <strong>podporuje zdrav\u00e9 starnutie, vitalitu<\/strong>, m\u00e1 pozit\u00edvne \u00fa\u010dinky na <strong>zdravie kost\u00ed, k\u013abov, vlasov, kardiovaskul\u00e1rneho syst\u00e9mu, tr\u00e1venie \u010di imunitu<\/strong>. Benefity pre kr\u00e1snu <strong>poko\u017eku, ple\u0165 a vlasy<\/strong> s\u00fa takisto v\u00edtan\u00fdm efektom, ktor\u00fd sa dostav\u00ed pri pravidelnom u\u017e\u00edvan\u00ed jednej plechovky denne.\u00a0<\/p><p>\u010co n\u00e1jde\u0161 v ka\u017edej plechovke Wellness Sody?\u00a0<\/p><ul><li><strong>Prv\u00e1 veg\u00e1nska alternat\u00edva kolag\u00e9nu<\/strong>,\u00a0<\/li><li><strong>koenz\u00fdm Q10<\/strong>,<\/li><li><strong>74 morks\u00fdch miner\u00e1lov<\/strong>,<\/li><li><strong>unik\u00e1tna CARE LAB vitam\u00ednov\u00e1 zmes<\/strong> (vitma\u00edny C, B3, B5, B6, B9 a B12).<br \/><br \/><\/li><\/ul><p>Dopraj si pravideln\u00fa a lahodn\u00fa starostlivos\u0165 s obsahom aminokysel\u00edn, miner\u00e1lov, vitam\u00ednov a antioxidantov, ktor\u00e1 \u0165a \u00fa\u010dinne navedie k zdrav\u00e9mu starnutiu a vitalite aj v neskor\u0161om veku.\u00a0<\/p><\/div>\n\t\t\t\t<\/div>\n\t\t\t\t\t\t\t<div class=\"elementor-toggle-item\">\n\t\t\t\t\t<div id=\"elementor-tab-title-1012\" class=\"elementor-tab-title\" data-tab=\"2\" role=\"button\" aria-controls=\"elementor-tab-content-1012\" aria-expanded=\"false\">\n\t\t\t\t\t\t\t\t\t\t\t\t<span class=\"elementor-toggle-icon elementor-toggle-icon-right\" aria-hidden=\"true\">\n\t\t\t\t\t\t\t\t\t\t\t\t\t\t\t<span class=\"elementor-toggle-icon-closed\"><i class=\"fas fa-plus\"><\/i><\/span>\n\t\t\t\t\t\t\t\t<span class=\"elementor-toggle-icon-opened\"><i class=\"elementor-toggle-icon-opened fas fa-minus\"><\/i><\/span>\n\t\t\t\t\t\t\t\t\t\t\t\t\t<\/span>\n\t\t\t\t\t\t\t\t\t\t\t\t<a class=\"elementor-toggle-title\" tabindex=\"0\">Ingrediencie<\/a>\n\t\t\t\t\t<\/div>\n\n\t\t\t\t\t<div id=\"elementor-tab-content-1012\" class=\"elementor-tab-content elementor-clearfix\" data-tab=\"2\" role=\"region\" aria-labelledby=\"elementor-tab-title-1012\"><p><strong>Objem:<\/strong> 330 ml<\/p><p><strong>Odpor\u00fa\u010dan\u00e1 denn\u00e1 d\u00e1vka:<\/strong> 330 ml (1 balenie)<\/p><p><b>Zlo\u017eenie: <\/b><span style=\"font-weight: 400;\">voda, oxid uhli\u010dit\u00fd, ovocn\u00fd extrakt (karob, jablko), hroznov\u00e1 \u0161\u0165ava z koncentr\u00e1tu 6%, citr\u00f3nov\u00e1 \u0161\u0165ava z koncentr\u00e1tu 5%, pomaran\u010dov\u00e1 \u0161\u0165ava z koncentr\u00e1tu 4%, antioxidant: kyselina askorbov\u00e1, VeCollal\u00ae (zmes aminokysel\u00edn Glyc\u00edn, L-Prol\u00edn, L-Alan\u00edn, Centella Asiatica, Kyselina L-Aspar\u00e1gov\u00e1, Kyselina L-Glutamov\u00e1, L-Argin\u00edn, L-Ser\u00edn, L-Leuc\u00edn, L-Val\u00edn, L-Treon\u00edn, L-Glutam\u00edn, L-Lyz\u00edn, kyselina askorbov\u00e1, L-Izoleuc\u00edn, L-Fenylalan\u00edn, L-Tyroz\u00edn, L-Metion\u00edn, L-Histid\u00edn, L-Cyste\u00edn, Panax Ginseng, L-Tryptof\u00e1n), Aquamin\u00ae (pr\u00edrodn\u00fd multi-miner\u00e1lny komplex), zmes vitam\u00ednov (Vitam\u00edn C, Niac\u00edn, Kyselina pantot\u00e9nov\u00e1, Vitam\u00edn B6, Kyselina listov\u00e1, Vitam\u00edn B12), Koenz\u00fdm Q10 (0,012%), pr\u00edrodn\u00e9 ar\u00f3my. <\/span><\/p><\/div>\n\t\t\t\t<\/div>\n\t\t\t\t\t\t\t\t<\/div>\n\t\t\t\t<\/div>\n\t\t\t\t<\/div>\n\t\t\t\t\t<\/div>\n\t\t<\/div>\n\t\t\t\t\t<\/div>\n\t\t<\/section>\n\t\t\t\t<\/div>\n\t\t","protected":false},"excerpt":{"rendered":"<p>V\u00fd\u017eivov\u00fd doplnok v plechovke, Wellness Soda, s pr\u00edchu\u0165ou bergamot a jazm\u00edn je pr\u00e9miov\u00fd sp\u00f4sob starostlivosti o tvoje telo a myse\u013e. Presved\u010d sa o tom, \u017ee v\u00fd\u017eivov\u00e9 doplnky m\u00f4\u017eu by\u0165 nielen \u00fa\u010dinn\u00e9, ale aj skvele chuti\u0165. Wellness Soda poskytuje<strong> benefity pre tvoje kosti, k\u013aby, nechty, poko\u017eku, vlasy, ale aj tr\u00e1venie, imunitu \u010di kardiovaskul\u00e1rny syst\u00e9m<\/strong>.<\/p>\n<p>To v\u0161etko v\u010faka klinicky overen\u00fdm l\u00e1tkam, ktor\u00e9 Wellness Soda obsahuje.\u00a0<span style=\"font-weight: 400;\">Ak t\u00fa\u017ei\u0161 po pr\u00e9miovej starostlivosti a nie\u010dom skuto\u010dne v\u00fdnimo\u010dnom, plechovka Wellness Sody je tou spr\u00e1vnou vo\u013ebou. <\/span><\/p>\n","protected":false},"featured_media":993084,"template":"","meta":{"_acf_changed":false,"_seopress_robots_primary_cat":"none","_seopress_titles_title":"Wellness Soda %%sep%% Bergamot a jazm\u00ed\u00adn %%sep%% %%sitetitle%%","_seopress_titles_desc":"Jemne perliv\u00fd v\u00fd\u017eivov\u00fd doplnok v plechovke, Wellness Soda, podporuje imunitu, zdrav\u00e9 starnutie, zdravie kost\u00ed\u00ad, k\u013abov aj poko\u017eky.","_seopress_robots_index":"","footnotes":""},"product_cat":[116],"product_tag":[],"class_list":{"0":"post-991496","1":"product","2":"type-product","3":"status-publish","4":"has-post-thumbnail","6":"product_cat-wellness-soda","8":"first","9":"outofstock","10":"taxable","11":"shipping-taxable","12":"purchasable","13":"product-type-simple"},"acf":[],"_links":{"self":[{"href":"https:\/\/carelabdivas.com\/sk\/wp-json\/wp\/v2\/product\/991496"}],"collection":[{"href":"https:\/\/carelabdivas.com\/sk\/wp-json\/wp\/v2\/product"}],"about":[{"href":"https:\/\/carelabdivas.com\/sk\/wp-json\/wp\/v2\/types\/product"}],"version-history":[{"count":10,"href":"https:\/\/carelabdivas.com\/sk\/wp-json\/wp\/v2\/product\/991496\/revisions"}],"predecessor-version":[{"id":993163,"href":"https:\/\/carelabdivas.com\/sk\/wp-json\/wp\/v2\/product\/991496\/revisions\/993163"}],"wp:featuredmedia":[{"embeddable":true,"href":"https:\/\/carelabdivas.com\/sk\/wp-json\/wp\/v2\/media\/993084"}],"wp:attachment":[{"href":"https:\/\/carelabdivas.com\/sk\/wp-json\/wp\/v2\/media?parent=991496"}],"wp:term":[{"taxonomy":"product_cat","embeddable":true,"href":"https:\/\/carelabdivas.com\/sk\/wp-json\/wp\/v2\/product_cat?post=991496"},{"taxonomy":"product_tag","embeddable":true,"href":"https:\/\/carelabdivas.com\/sk\/wp-json\/wp\/v2\/product_tag?post=991496"}],"curies":[{"name":"wp","href":"https:\/\/api.w.org\/{rel}","templated":true}]}}