{"id":993263,"date":"2025-10-02T09:40:24","date_gmt":"2025-10-02T07:40:24","guid":{"rendered":"https:\/\/carelabdivas.com\/sk\/?post_type=product&#038;p=993263"},"modified":"2026-02-09T18:07:28","modified_gmt":"2026-02-09T17:07:28","slug":"immuniq","status":"publish","type":"product","link":"https:\/\/carelabdivas.com\/sk\/produkty\/immuniq\/","title":{"rendered":"Care Bar IMMUNIQ"},"content":{"rendered":"\t\t<div data-elementor-type=\"product-post\" data-elementor-id=\"993263\" class=\"elementor elementor-993263\" data-elementor-post-type=\"product\">\n\t\t\t\t\t\t<section class=\"elementor-section elementor-top-section elementor-element elementor-element-727cb1e elementor-section-boxed elementor-section-height-default elementor-section-height-default\" data-id=\"727cb1e\" data-element_type=\"section\">\n\t\t\t\t\t\t<div class=\"elementor-container elementor-column-gap-default\">\n\t\t\t\t\t<div class=\"elementor-column elementor-col-100 elementor-top-column elementor-element elementor-element-9a6e313\" data-id=\"9a6e313\" data-element_type=\"column\">\n\t\t\t<div class=\"elementor-widget-wrap elementor-element-populated\">\n\t\t\t\t\t\t<div class=\"elementor-element elementor-element-b793a2b elementor-widget__width-initial elementor-widget elementor-widget-toggle\" data-id=\"b793a2b\" data-element_type=\"widget\" data-widget_type=\"toggle.default\">\n\t\t\t\t<div class=\"elementor-widget-container\">\n\t\t\t\t\t<div class=\"elementor-toggle\">\n\t\t\t\t\t\t\t<div class=\"elementor-toggle-item\">\n\t\t\t\t\t<div id=\"elementor-tab-title-1921\" class=\"elementor-tab-title\" data-tab=\"1\" role=\"button\" aria-controls=\"elementor-tab-content-1921\" aria-expanded=\"false\">\n\t\t\t\t\t\t\t\t\t\t\t\t<span class=\"elementor-toggle-icon elementor-toggle-icon-right\" aria-hidden=\"true\">\n\t\t\t\t\t\t\t\t\t\t\t\t\t\t\t<span class=\"elementor-toggle-icon-closed\"><i class=\"fas fa-plus\"><\/i><\/span>\n\t\t\t\t\t\t\t\t<span class=\"elementor-toggle-icon-opened\"><i class=\"elementor-toggle-icon-opened fas fa-minus\"><\/i><\/span>\n\t\t\t\t\t\t\t\t\t\t\t\t\t<\/span>\n\t\t\t\t\t\t\t\t\t\t\t\t<a class=\"elementor-toggle-title\" tabindex=\"0\">Detaily<\/a>\n\t\t\t\t\t<\/div>\n\n\t\t\t\t\t<div id=\"elementor-tab-content-1921\" class=\"elementor-tab-content elementor-clearfix\" data-tab=\"1\" role=\"region\" aria-labelledby=\"elementor-tab-title-1921\"><p>Ty\u010dinka s marhu\u013eov\u00fdm ovocn\u00fdm lekv\u00e1rom a s pr\u00edchu\u0165ou bazov\u00e9ho kvetu, m\u00e1\u010dan\u00e1 v mlie\u010dnej<br \/>\u010dokol\u00e1de so sladidlom, s pridan\u00fdmi akt\u00edvnymi l\u00e1tkami IMMUSE\u00ae Lactococcus lactis,<br \/>Bacillus subtilis, zinok, sel\u00e9n a vitam\u00ednom D3. Obsahuje cukry a sladidlo. V\u00fd\u017eivov\u00fd doplnok<br \/>vo forme d\u00e1vky, ty\u010dinky. Odpor\u00fa\u010dan\u00e1 denn\u00e1 d\u00e1vka: 50g (1 balenie).<\/p><\/div>\n\t\t\t\t<\/div>\n\t\t\t\t\t\t\t<div class=\"elementor-toggle-item\">\n\t\t\t\t\t<div id=\"elementor-tab-title-1922\" class=\"elementor-tab-title\" data-tab=\"2\" role=\"button\" aria-controls=\"elementor-tab-content-1922\" aria-expanded=\"false\">\n\t\t\t\t\t\t\t\t\t\t\t\t<span class=\"elementor-toggle-icon elementor-toggle-icon-right\" aria-hidden=\"true\">\n\t\t\t\t\t\t\t\t\t\t\t\t\t\t\t<span class=\"elementor-toggle-icon-closed\"><i class=\"fas fa-plus\"><\/i><\/span>\n\t\t\t\t\t\t\t\t<span class=\"elementor-toggle-icon-opened\"><i class=\"elementor-toggle-icon-opened fas fa-minus\"><\/i><\/span>\n\t\t\t\t\t\t\t\t\t\t\t\t\t<\/span>\n\t\t\t\t\t\t\t\t\t\t\t\t<a class=\"elementor-toggle-title\" tabindex=\"0\">Ingrediencie<\/a>\n\t\t\t\t\t<\/div>\n\n\t\t\t\t\t<div id=\"elementor-tab-content-1922\" class=\"elementor-tab-content elementor-clearfix\" data-tab=\"2\" role=\"region\" aria-labelledby=\"elementor-tab-title-1922\"><p><strong>Zlo\u017eenie<\/strong>: mlie\u010dna \u010dokol\u00e1da so sladidlom 22 % (sladidlo: maltitoly, kakaov\u00e9 maslo,<br \/>su\u0161en\u00e9 plnotu\u010dn\u00e9 mlieko, kakaov\u00e1 hmota, kakaov\u00fd pr\u00e1\u0161ok so zn\u00ed\u017een\u00fdm mno\u017estvom<br \/>tuku, emulg\u00e1tor: repkov\u00fd lecit\u00edn, pr\u00edrodn\u00e1 vanilkov\u00e1 ar\u00f3ma), marhu\u013eov\u00fd ovocn\u00fd lekv\u00e1r<br \/>22% (marhu\u013eov\u00e1 ovocn\u00e1 zlo\u017eka (koncentrovan\u00e9 marhu\u013eov\u00e9 a jablkov\u00e9 pyr\u00e9) 39%,<br \/>cukor, gluk\u00f3zov\u00fd sirup, pr\u00edrodn\u00e1 ar\u00f3ma), dat\u013eov\u00e1 pasta, bezglut\u00e9nov\u00e9 ovsen\u00e9 vlo\u010dky,<br \/>vl\u00e1knina z \u010dakanky, pasta z pra\u017een\u00fdch ke\u0161u orechov, kokosov\u00fd pr\u00e1\u0161ok, kakaov\u00e9<br \/>maslo, ry\u017eov\u00fd ochuten\u00fd extrud\u00e1t (ry\u017eov\u00e1 krupica, cukor, jedl\u00e1 so\u013e, repkov\u00fd olej),<br \/>drven\u00e9 mandle, akt\u00edvne l\u00e1tky [Lactococcus lactis, Bacillus subtilis CNCM I-2745,<br \/>zinok (gluk\u00f3nan zino\u010dnat\u00fd), sel\u00e9n (seleni\u010ditan sodn\u00fd), vitam\u00edn D3 (cholekalciferol)],<br \/>pr\u00edrodn\u00e1 ar\u00f3ma.<\/p><p>M\u00f4\u017ee obsahova\u0165 ara\u0161idy a in\u00e9 orechy. M\u00f4\u017ee obsahova\u0165 mal\u00e9 \u010dasti k\u00f4stok, \u0161krup\u00edn a in\u00e9 pr\u00edmesi rastlinn\u00e9ho p\u00f4vodu. Upozornenia: Neprekra\u010dujte odpor\u00fa\u010dan\u00fa denn\u00fa d\u00e1vku. V\u00fd\u017eivov\u00e9 doplnky sa nesm\u00fa pou\u017e\u00edva\u0165 ako n\u00e1hrada za rozmanit\u00fa stravu. Uchov\u00e1vajte mimo dosahu mal\u00fdch det\u00ed. Dbajte na d\u00f4le\u017eitos\u0165 pestrej a vyv\u00e1\u017eenej stravy a zdrav\u00e9ho \u017eivotn\u00e9ho \u0161t\u00fdlu. Minim\u00e1lna trvanlivos\u0165 do: vi\u010f obal. Chr\u00e1\u0148te pred priamym slne\u010dn\u00fdm \u017eiaren\u00edm. Skladujte v suchu, pri teplote do +25\u00b0C. Po otvoren\u00ed ihne\u010f spotrebujte.<\/p><\/div>\n\t\t\t\t<\/div>\n\t\t\t\t\t\t\t\t<\/div>\n\t\t\t\t<\/div>\n\t\t\t\t<\/div>\n\t\t\t\t\t<\/div>\n\t\t<\/div>\n\t\t\t\t\t<\/div>\n\t\t<\/section>\n\t\t\t\t<\/div>\n\t\t","protected":false},"excerpt":{"rendered":"<p><em><strong>Pre imunitu a zdrav\u00e9 tr\u00e1venie:<\/strong><\/em><\/p>\n<p>Care Bar IMMUNIQ kombinuje sladkos\u0165 marhu\u013eov\u00e9ho d\u017eemu, jemn\u00fa mlie\u010dnu \u010dokol\u00e1du a v\u00f4\u0148u bazov\u00e9ho kvetu do snacku, ktor\u00fd nielen chut\u00ed, ale aj posil\u0148uje tvoje zdravie. Obsahuje postbiotikum IMMUSE\u00ae, probiotik\u00e1, zinok, sel\u00e9n a vitam\u00edn D3, ktor\u00e9 spolo\u010dne podporuj\u00fa <strong>rovnov\u00e1hu \u010drevnej mikrofl\u00f3ry a spr\u00e1vne fungovanie imunitn\u00e9ho syst\u00e9mu<\/strong>.<\/p>\n<p>Vhodn\u00e1 pre ka\u017edodenn\u00fa podporu imunity &#8211; chutn\u00e1 alternat\u00edva ku kapsul\u00e1m a tabletk\u00e1m, ktor\u00fa si tvoje telo zamiluje. Ochutnaj v\u00fd\u017eivov\u00fd doplnok novej gener\u00e1cie.<\/p>\n","protected":false},"featured_media":993264,"template":"","meta":{"_acf_changed":false,"_seopress_robots_primary_cat":"none","_seopress_titles_title":"Care Bar IMMUNIQ%%sep%% %%sitetitle%%","_seopress_titles_desc":"","_seopress_robots_index":"","footnotes":""},"product_cat":[353],"product_tag":[],"class_list":{"0":"post-993263","1":"product","2":"type-product","3":"status-publish","4":"has-post-thumbnail","6":"product_cat-care-bar","8":"first","9":"instock","10":"taxable","11":"shipping-taxable","12":"purchasable","13":"product-type-simple"},"acf":[],"_links":{"self":[{"href":"https:\/\/carelabdivas.com\/sk\/wp-json\/wp\/v2\/product\/993263"}],"collection":[{"href":"https:\/\/carelabdivas.com\/sk\/wp-json\/wp\/v2\/product"}],"about":[{"href":"https:\/\/carelabdivas.com\/sk\/wp-json\/wp\/v2\/types\/product"}],"version-history":[{"count":7,"href":"https:\/\/carelabdivas.com\/sk\/wp-json\/wp\/v2\/product\/993263\/revisions"}],"predecessor-version":[{"id":993309,"href":"https:\/\/carelabdivas.com\/sk\/wp-json\/wp\/v2\/product\/993263\/revisions\/993309"}],"wp:featuredmedia":[{"embeddable":true,"href":"https:\/\/carelabdivas.com\/sk\/wp-json\/wp\/v2\/media\/993264"}],"wp:attachment":[{"href":"https:\/\/carelabdivas.com\/sk\/wp-json\/wp\/v2\/media?parent=993263"}],"wp:term":[{"taxonomy":"product_cat","embeddable":true,"href":"https:\/\/carelabdivas.com\/sk\/wp-json\/wp\/v2\/product_cat?post=993263"},{"taxonomy":"product_tag","embeddable":true,"href":"https:\/\/carelabdivas.com\/sk\/wp-json\/wp\/v2\/product_tag?post=993263"}],"curies":[{"name":"wp","href":"https:\/\/api.w.org\/{rel}","templated":true}]}}